{"id":83823,"date":"2023-01-17T07:10:41","date_gmt":"2023-01-17T07:10:41","guid":{"rendered":"https:\/\/ebenezer-oe.org\/zostan-naszym-partnerem\/wolontariusz\/"},"modified":"2025-12-09T13:46:36","modified_gmt":"2025-12-09T13:46:36","slug":"wolontariusz","status":"publish","type":"page","link":"https:\/\/ebenezer-oe.org\/pl\/zostan-naszym-partnerem\/wolontariusz\/","title":{"rendered":"Wolontariusz"},"content":{"rendered":"\n\n\t<p>Je\u015bli chcia\u0142by\u015b w tym czasie wspom\u00f3c nasz\u0105 prac\u0119 na Ukrainie i w ca\u0142ej Europie Wschodniej, kliknij przycisk po prawej stronie, aby wyrazi\u0107 swoje zainteresowanie.<\/p>\n\t\t\t<a href=\"https:\/\/ebenezer-oe.org\/ukraine-in-crisis\/#ukraine-volunteering\" target=\"_self\">\n\t\t\t\t\t\t\tWyra\u017a zainteresowanie wolontariatem na Ukrainie\n\t\t\t\t\t<\/a>\n<h1>\n\t\t\tMo\u017cliwo\u015bci do Wolontariuszy\t<\/h1>\n\t<p><em>Jako dobrzy szafarze r\u00f3\u017cnorakiej \u0142aski Bo\u017cej s\u0142u\u017ccie sobie nawzajem tym darem, jaki ka\u017cdy otrzyma\u0142. <\/em><\/p>\n<p><em>(1 Piotra 4, 10)<\/em><\/p>\n\t<h2>Mamy wiele mo\u017cliwo\u015bci w r\u00f3\u017cnych cz\u0119\u015bciach \u015bwiata dla os\u00f3b powo\u0142anych do s\u0142u\u017cby jako wolontariusze&#8230;<\/h2>\n\t<p>Ka\u017cdego roku dziesi\u0105tki tysi\u0119cy \u017byd\u00f3w ze wszystkich cz\u0119\u015bci \u015bwiata podejmuje donios\u0142\u0105 decyzj\u0119 o opuszczeniu swojego kraju i przeprowadzce do Izraela, czyli \u201edokonaniu Aliji&#8221;.<\/p>\n<p>Mo\u017ce to by\u0107 trudny proces, zw\u0142aszcza w niekt\u00f3rych cz\u0119\u015bciach \u015bwiata. Aby im pom\u00f3c, nasi wolontariusze towarzysz\u0105 im i pomagaj\u0105 na r\u00f3\u017cne sposoby. <\/p>\n\t<p>Decyduj\u0105c si\u0119 na s\u0142u\u017cb\u0119 w ramach Ebenezer Operacja Exodus da ci mo\u017cliwo\u015b\u0107 wykorzystania dar\u00f3w i umiej\u0119tno\u015bci otrzymanych od Boga, aby osobi\u015bcie zaanga\u017cowa\u0107 si\u0119 w Alij\u0119 narodu \u017cydowskiego. To niesamowity czas, w kt\u00f3rym wielu odkry\u0142o, \u017ce ich \u017cycie zmieni\u0142o si\u0119 w spos\u00f3b, kt\u00f3rego nie mogli sobie wyobrazi\u0107, chocia\u017c potrzebna jest r\u00f3wnie\u017c wytrwa\u0142o\u015b\u0107, gdy zadania s\u0105 m\u0119cz\u0105ce lub budzik dzwoni w nieodpowiednich momentach.<\/p>\n<p>Nie trzeba dodawa\u0107, \u017ce je\u015bli zdecydujesz si\u0119 na s\u0142u\u017cb\u0119 u nas, musisz nauczy\u0107 si\u0119 pracowa\u0107 jako cz\u0142onek zespo\u0142u.<\/p>\n<h2>\n\t\t\t\u015awiadectwa:\t<\/h2>\n\t\t\t\t<img decoding=\"async\" data-src=\"https:\/\/ebenezeroe.wpengine.com\/wp-content\/uploads\/2021\/05\/vol-mex-daniela-150x150.jpg\" alt=\"vol-mex-daniela\" itemprop=\"image\" title=\"vol-mex-daniela\" onerror=\"this.style.display='none'\" src=\"data:image\/svg+xml;base64,PHN2ZyB3aWR0aD0iMSIgaGVpZ2h0PSIxIiB4bWxucz0iaHR0cDovL3d3dy53My5vcmcvMjAwMC9zdmciPjwvc3ZnPg==\" class=\"lazyload\" style=\"--smush-placeholder-width: 150px; --smush-placeholder-aspect-ratio: 150\/150;\" \/>\n\t<p>Daniela<\/p>\n\t<p>Wolontariat w Argentynie<\/p>\n\t<p>\u201e<i>Sp\u0119dzi\u0142am 6 miesi\u0119cy w pi\u0119knej Argentynie, przemawiaj\u0105c w ko\u015bcio\u0142ach i rozmawiaj\u0105c z \u017bydami o Aliji. Moje zrozumienie mi\u0142o\u015bci Boga do Jego ludu znacz\u0105co wzros\u0142o. Jestem Meksykank\u0105, wi\u0119c pomy\u015bla\u0142am, \u017ce przebywanie w hiszpa\u0144skoj\u0119zycznym kraju b\u0119dzie \u0142atwe. Jednak by\u0142y wyzwania, ale sprawi\u0142y, \u017ce zda\u0142am sobie spraw\u0119, \u017ce praktyczna mi\u0142o\u015b\u0107 zmienia ludzi a Jego mi\u0142o\u015b\u0107 do narodu \u017cydowskiego te\u017c zmieni\u0142a mnie&#8221;.<\/i><\/p>\n\t\t\t\t<img decoding=\"async\" data-src=\"https:\/\/ebenezeroe.wpengine.com\/wp-content\/uploads\/2021\/05\/vol-scot-guy-150x150.jpg\" alt=\"vol-scot-guy\" itemprop=\"image\" title=\"vol-scot-guy\" onerror=\"this.style.display='none'\" src=\"data:image\/svg+xml;base64,PHN2ZyB3aWR0aD0iMSIgaGVpZ2h0PSIxIiB4bWxucz0iaHR0cDovL3d3dy53My5vcmcvMjAwMC9zdmciPjwvc3ZnPg==\" class=\"lazyload\" style=\"--smush-placeholder-width: 150px; --smush-placeholder-aspect-ratio: 150\/150;\" \/>\n\t<p>Guy<\/p>\n\t<p>Wolontariat na Ukrainie<\/p>\n\t<p>\u201e<i>M\u00f3j czas wolontariatu ujawni\u0142 \u015bwi\u0119to\u015b\u0107 i Bo\u017ce duchowe rzeczy, kt\u00f3re mog\u0105 si\u0119 wydarzy\u0107 poprzez praktyczne, pozornie zwyczajne, codzienne zadania; jak pomaganie \u017bydom na lotnisku. Masz wp\u0142yw na innych, b\u0119d\u0105c jedynie narz\u0119dziem w r\u0119ku Boga, aby przez ciebie i twoje czyny okaza\u0142 Swoj\u0105 mi\u0142o\u015b\u0107 i charakter. Bycie \u201etam&#8221; to wszystko, czego Pan potrzebuje, aby dzia\u0142a\u0107.<\/i>&#8222;<\/p>\n\t\t\t\t<img decoding=\"async\" data-src=\"https:\/\/ebenezeroe.wpengine.com\/wp-content\/uploads\/2021\/05\/vol-fr-sarah-150x150.jpg\" alt=\"vol-fr-sarah\" itemprop=\"image\" title=\"vol-fr-sarah\" onerror=\"this.style.display='none'\" src=\"data:image\/svg+xml;base64,PHN2ZyB3aWR0aD0iMSIgaGVpZ2h0PSIxIiB4bWxucz0iaHR0cDovL3d3dy53My5vcmcvMjAwMC9zdmciPjwvc3ZnPg==\" class=\"lazyload\" style=\"--smush-placeholder-width: 150px; --smush-placeholder-aspect-ratio: 150\/150;\" \/>\n\t<p>Sarah<\/p>\n\t<p>Wolontariat na FSU<\/p>\n\t<p>\u201e<i>S\u0142ysza\u0142am, jak cz\u0142onek zespo\u0142u z FSU opowiada o swojej pracy z tak\u0105 rado\u015bci\u0105 i wiedzia\u0142am, \u017ce musz\u0119 pom\u00f3c! Mimo wielu pyta\u0144 wiedzia\u0142am, \u017ce to jest to, co chc\u0119 zrobi\u0107 i B\u00f3g to potwierdzi\u0142. Ka\u017cdego dnia czu\u0142am si\u0119 bli\u017cej Niego. Moja podr\u00f3\u017c ca\u0142kowicie zmieni\u0142a moje \u017cycie &#8211; B\u00f3g sta\u0142 si\u0119 moim priorytetem, a teraz, kiedy czytam Bibli\u0119, rozumiem Jego plan dla narodu \u017cydowskiego, poniewa\u017c by\u0142am tam, aby to zobaczy\u0107!<\/i><\/p>\n<h1>\n\t\t\tB\u0119dzie to dla nas rado\u015bci\u0105, kiedy skontaktujesz si\u0119 z nami.\t<\/h1>\n\t<p>Je\u015bli chcesz si\u0119 zaanga\u017cowa\u0107 i czujesz, \u017ce B\u00f3g wzywa Ci\u0119 do po\u015bwi\u0119cenia czasu na wolontariat, skontaktuj si\u0119 z nami. Daj nam kr\u00f3tkie \u015bwiadectwo o tym, jak B\u00f3g przem\u00f3wi\u0142 do twojego serca i jakie umiej\u0119tno\u015bci i zdolno\u015bci mo\u017cesz zaoferowa\u0107.<\/p>\n\t\t\t<a href=\"https:\/\/ebenezer-oe.org\/pl\/skontaktuj-sie-z-nami\/\" target=\"_self\">\n\t\t\t\t\t\t\tWolontariat\n\t\t\t\t\t<\/a>\n\t<p>(Prawdopodobnie, ze wzgl\u0119du na ograniczenia w podr\u00f3\u017cowaniu spowodowane przez pandemi\u0119 Covid, pocz\u0105tkowo b\u0119dziemy mogli zaoferowa\u0107 Ci sta\u017c jedynie w Twoim kraju, ale mamy nadziej\u0119, \u017ce wkr\u00f3tce si\u0119 to zmieni. Prosimy aby\u015b sprawdzi\u0142 bie\u017c\u0105c\u0105 sytuacj\u0119 gdy b\u0119dziesz <a href=\"https:\/\/ebenezeroe.wpengine.com\/pl\/skontaktuj-sie-z-nami\/\">kontaktowa\u0107 si\u0119 z nami<\/a>.)<\/p>\n\n","protected":false},"excerpt":{"rendered":"<p>Je\u015bli chcia\u0142by\u015b w tym czasie wspom\u00f3c nasz\u0105 prac\u0119 na Ukrainie i w ca\u0142ej Europie Wschodniej, kliknij przycisk po prawej stronie, aby wyrazi\u0107 swoje zainteresowanie. Wyra\u017a zainteresowanie wolontariatem na Ukrainie Mo\u017cliwo\u015bci do Wolontariuszy Jako dobrzy szafarze r\u00f3\u017cnorakiej \u0142aski Bo\u017cej s\u0142u\u017ccie sobie nawzajem tym darem, jaki ka\u017cdy otrzyma\u0142. (1 Piotra 4, 10) Mamy wiele mo\u017cliwo\u015bci w r\u00f3\u017cnych&hellip;<\/p>\n","protected":false},"author":1,"featured_media":0,"parent":83809,"menu_order":2,"comment_status":"closed","ping_status":"closed","template":"","meta":{"footnotes":""},"class_list":["post-83823","page","type-page","status-publish","hentry"],"yoast_head":"<!-- This site is optimized with the Yoast SEO plugin v27.2 - https:\/\/yoast.com\/product\/yoast-seo-wordpress\/ -->\n<title>Wolontariusz - Ebenezer Operation Exodus<\/title>\n<meta name=\"robots\" content=\"index, follow, max-snippet:-1, max-image-preview:large, max-video-preview:-1\" \/>\n<link rel=\"canonical\" href=\"https:\/\/ebenezer-oe.org\/pl\/zostan-naszym-partnerem\/wolontariusz\/\" \/>\n<meta property=\"og:locale\" content=\"pl_PL\" \/>\n<meta property=\"og:type\" content=\"article\" \/>\n<meta property=\"og:title\" content=\"Wolontariusz - Ebenezer Operation Exodus\" \/>\n<meta property=\"og:description\" content=\"Je\u015bli chcia\u0142by\u015b w tym czasie wspom\u00f3c nasz\u0105 prac\u0119 na Ukrainie i w ca\u0142ej Europie Wschodniej, kliknij przycisk po prawej stronie, aby wyrazi\u0107 swoje zainteresowanie. Wyra\u017a zainteresowanie wolontariatem na Ukrainie Mo\u017cliwo\u015bci do Wolontariuszy Jako dobrzy szafarze r\u00f3\u017cnorakiej \u0142aski Bo\u017cej s\u0142u\u017ccie sobie nawzajem tym darem, jaki ka\u017cdy otrzyma\u0142. (1 Piotra 4, 10) Mamy wiele mo\u017cliwo\u015bci w r\u00f3\u017cnych&hellip;\" \/>\n<meta property=\"og:url\" content=\"https:\/\/ebenezer-oe.org\/pl\/zostan-naszym-partnerem\/wolontariusz\/\" \/>\n<meta property=\"og:site_name\" content=\"Ebenezer Operation Exodus\" \/>\n<meta property=\"article:publisher\" content=\"https:\/\/www.facebook.com\/EbenezerInt\" \/>\n<meta property=\"article:modified_time\" content=\"2025-12-09T13:46:36+00:00\" \/>\n<meta property=\"og:image\" content=\"https:\/\/ebenezeroe.wpengine.com\/wp-content\/uploads\/2021\/05\/vol-mex-daniela-150x150.jpg\" \/>\n<meta name=\"twitter:card\" content=\"summary_large_image\" \/>\n<meta name=\"twitter:label1\" content=\"Szacowany czas czytania\" \/>\n\t<meta name=\"twitter:data1\" content=\"3 minuty\" \/>\n<script type=\"application\/ld+json\" class=\"yoast-schema-graph\">{\"@context\":\"https:\/\/schema.org\",\"@graph\":[{\"@type\":\"WebPage\",\"@id\":\"https:\/\/ebenezer-oe.org\/pl\/zostan-naszym-partnerem\/wolontariusz\/\",\"url\":\"https:\/\/ebenezer-oe.org\/pl\/zostan-naszym-partnerem\/wolontariusz\/\",\"name\":\"Wolontariusz - Ebenezer Operation Exodus\",\"isPartOf\":{\"@id\":\"https:\/\/ebenezer-oe.org\/#website\"},\"primaryImageOfPage\":{\"@id\":\"https:\/\/ebenezer-oe.org\/pl\/zostan-naszym-partnerem\/wolontariusz\/#primaryimage\"},\"image\":{\"@id\":\"https:\/\/ebenezer-oe.org\/pl\/zostan-naszym-partnerem\/wolontariusz\/#primaryimage\"},\"thumbnailUrl\":\"https:\/\/ebenezeroe.wpengine.com\/wp-content\/uploads\/2021\/05\/vol-mex-daniela-150x150.jpg\",\"datePublished\":\"2023-01-17T07:10:41+00:00\",\"dateModified\":\"2025-12-09T13:46:36+00:00\",\"breadcrumb\":{\"@id\":\"https:\/\/ebenezer-oe.org\/pl\/zostan-naszym-partnerem\/wolontariusz\/#breadcrumb\"},\"inLanguage\":\"pl-PL\",\"potentialAction\":[{\"@type\":\"ReadAction\",\"target\":[\"https:\/\/ebenezer-oe.org\/pl\/zostan-naszym-partnerem\/wolontariusz\/\"]}]},{\"@type\":\"ImageObject\",\"inLanguage\":\"pl-PL\",\"@id\":\"https:\/\/ebenezer-oe.org\/pl\/zostan-naszym-partnerem\/wolontariusz\/#primaryimage\",\"url\":\"https:\/\/ebenezeroe.wpengine.com\/wp-content\/uploads\/2021\/05\/vol-mex-daniela-150x150.jpg\",\"contentUrl\":\"https:\/\/ebenezeroe.wpengine.com\/wp-content\/uploads\/2021\/05\/vol-mex-daniela-150x150.jpg\"},{\"@type\":\"BreadcrumbList\",\"@id\":\"https:\/\/ebenezer-oe.org\/pl\/zostan-naszym-partnerem\/wolontariusz\/#breadcrumb\",\"itemListElement\":[{\"@type\":\"ListItem\",\"position\":1,\"name\":\"Home\",\"item\":\"https:\/\/ebenezer-oe.org\/pl\/\"},{\"@type\":\"ListItem\",\"position\":2,\"name\":\"Zosta\u0144 naszym partnerem\",\"item\":\"https:\/\/ebenezer-oe.org\/pl\/zostan-naszym-partnerem\/\"},{\"@type\":\"ListItem\",\"position\":3,\"name\":\"Wolontariusz\"}]},{\"@type\":\"WebSite\",\"@id\":\"https:\/\/ebenezer-oe.org\/#website\",\"url\":\"https:\/\/ebenezer-oe.org\/\",\"name\":\"Ebenezer - Operation Exodus\",\"description\":\"\",\"publisher\":{\"@id\":\"https:\/\/ebenezer-oe.org\/#organization\"},\"potentialAction\":[{\"@type\":\"SearchAction\",\"target\":{\"@type\":\"EntryPoint\",\"urlTemplate\":\"https:\/\/ebenezer-oe.org\/?s={search_term_string}\"},\"query-input\":{\"@type\":\"PropertyValueSpecification\",\"valueRequired\":true,\"valueName\":\"search_term_string\"}}],\"inLanguage\":\"pl-PL\"},{\"@type\":\"Organization\",\"@id\":\"https:\/\/ebenezer-oe.org\/#organization\",\"name\":\"Ebenezer - Operation Exodus\",\"url\":\"https:\/\/ebenezer-oe.org\/\",\"logo\":{\"@type\":\"ImageObject\",\"inLanguage\":\"pl-PL\",\"@id\":\"https:\/\/ebenezer-oe.org\/#\/schema\/logo\/image\/\",\"url\":\"https:\/\/ebenezeroe.wpengine.com\/wp-content\/uploads\/2020\/09\/Logo_EOE_EN_Colour-Horizontal.png\",\"contentUrl\":\"https:\/\/ebenezeroe.wpengine.com\/wp-content\/uploads\/2020\/09\/Logo_EOE_EN_Colour-Horizontal.png\",\"width\":1922,\"height\":928,\"caption\":\"Ebenezer - Operation Exodus\"},\"image\":{\"@id\":\"https:\/\/ebenezer-oe.org\/#\/schema\/logo\/image\/\"},\"sameAs\":[\"https:\/\/www.facebook.com\/EbenezerInt\",\"https:\/\/www.instagram.com\/ebenezer_oe_eng\/\",\"https:\/\/www.youtube.com\/channel\/UC6qGHrKKeamFVz95Vd8LR1g\"]}]}<\/script>\n<!-- \/ Yoast SEO plugin. -->","yoast_head_json":{"title":"Wolontariusz - Ebenezer Operation Exodus","robots":{"index":"index","follow":"follow","max-snippet":"max-snippet:-1","max-image-preview":"max-image-preview:large","max-video-preview":"max-video-preview:-1"},"canonical":"https:\/\/ebenezer-oe.org\/pl\/zostan-naszym-partnerem\/wolontariusz\/","og_locale":"pl_PL","og_type":"article","og_title":"Wolontariusz - Ebenezer Operation Exodus","og_description":"Je\u015bli chcia\u0142by\u015b w tym czasie wspom\u00f3c nasz\u0105 prac\u0119 na Ukrainie i w ca\u0142ej Europie Wschodniej, kliknij przycisk po prawej stronie, aby wyrazi\u0107 swoje zainteresowanie. Wyra\u017a zainteresowanie wolontariatem na Ukrainie Mo\u017cliwo\u015bci do Wolontariuszy Jako dobrzy szafarze r\u00f3\u017cnorakiej \u0142aski Bo\u017cej s\u0142u\u017ccie sobie nawzajem tym darem, jaki ka\u017cdy otrzyma\u0142. (1 Piotra 4, 10) Mamy wiele mo\u017cliwo\u015bci w r\u00f3\u017cnych&hellip;","og_url":"https:\/\/ebenezer-oe.org\/pl\/zostan-naszym-partnerem\/wolontariusz\/","og_site_name":"Ebenezer Operation Exodus","article_publisher":"https:\/\/www.facebook.com\/EbenezerInt","article_modified_time":"2025-12-09T13:46:36+00:00","og_image":[{"url":"https:\/\/ebenezeroe.wpengine.com\/wp-content\/uploads\/2021\/05\/vol-mex-daniela-150x150.jpg","type":"","width":"","height":""}],"twitter_card":"summary_large_image","twitter_misc":{"Szacowany czas czytania":"3 minuty"},"schema":{"@context":"https:\/\/schema.org","@graph":[{"@type":"WebPage","@id":"https:\/\/ebenezer-oe.org\/pl\/zostan-naszym-partnerem\/wolontariusz\/","url":"https:\/\/ebenezer-oe.org\/pl\/zostan-naszym-partnerem\/wolontariusz\/","name":"Wolontariusz - Ebenezer Operation Exodus","isPartOf":{"@id":"https:\/\/ebenezer-oe.org\/#website"},"primaryImageOfPage":{"@id":"https:\/\/ebenezer-oe.org\/pl\/zostan-naszym-partnerem\/wolontariusz\/#primaryimage"},"image":{"@id":"https:\/\/ebenezer-oe.org\/pl\/zostan-naszym-partnerem\/wolontariusz\/#primaryimage"},"thumbnailUrl":"https:\/\/ebenezeroe.wpengine.com\/wp-content\/uploads\/2021\/05\/vol-mex-daniela-150x150.jpg","datePublished":"2023-01-17T07:10:41+00:00","dateModified":"2025-12-09T13:46:36+00:00","breadcrumb":{"@id":"https:\/\/ebenezer-oe.org\/pl\/zostan-naszym-partnerem\/wolontariusz\/#breadcrumb"},"inLanguage":"pl-PL","potentialAction":[{"@type":"ReadAction","target":["https:\/\/ebenezer-oe.org\/pl\/zostan-naszym-partnerem\/wolontariusz\/"]}]},{"@type":"ImageObject","inLanguage":"pl-PL","@id":"https:\/\/ebenezer-oe.org\/pl\/zostan-naszym-partnerem\/wolontariusz\/#primaryimage","url":"https:\/\/ebenezeroe.wpengine.com\/wp-content\/uploads\/2021\/05\/vol-mex-daniela-150x150.jpg","contentUrl":"https:\/\/ebenezeroe.wpengine.com\/wp-content\/uploads\/2021\/05\/vol-mex-daniela-150x150.jpg"},{"@type":"BreadcrumbList","@id":"https:\/\/ebenezer-oe.org\/pl\/zostan-naszym-partnerem\/wolontariusz\/#breadcrumb","itemListElement":[{"@type":"ListItem","position":1,"name":"Home","item":"https:\/\/ebenezer-oe.org\/pl\/"},{"@type":"ListItem","position":2,"name":"Zosta\u0144 naszym partnerem","item":"https:\/\/ebenezer-oe.org\/pl\/zostan-naszym-partnerem\/"},{"@type":"ListItem","position":3,"name":"Wolontariusz"}]},{"@type":"WebSite","@id":"https:\/\/ebenezer-oe.org\/#website","url":"https:\/\/ebenezer-oe.org\/","name":"Ebenezer - Operation Exodus","description":"","publisher":{"@id":"https:\/\/ebenezer-oe.org\/#organization"},"potentialAction":[{"@type":"SearchAction","target":{"@type":"EntryPoint","urlTemplate":"https:\/\/ebenezer-oe.org\/?s={search_term_string}"},"query-input":{"@type":"PropertyValueSpecification","valueRequired":true,"valueName":"search_term_string"}}],"inLanguage":"pl-PL"},{"@type":"Organization","@id":"https:\/\/ebenezer-oe.org\/#organization","name":"Ebenezer - Operation Exodus","url":"https:\/\/ebenezer-oe.org\/","logo":{"@type":"ImageObject","inLanguage":"pl-PL","@id":"https:\/\/ebenezer-oe.org\/#\/schema\/logo\/image\/","url":"https:\/\/ebenezeroe.wpengine.com\/wp-content\/uploads\/2020\/09\/Logo_EOE_EN_Colour-Horizontal.png","contentUrl":"https:\/\/ebenezeroe.wpengine.com\/wp-content\/uploads\/2020\/09\/Logo_EOE_EN_Colour-Horizontal.png","width":1922,"height":928,"caption":"Ebenezer - Operation Exodus"},"image":{"@id":"https:\/\/ebenezer-oe.org\/#\/schema\/logo\/image\/"},"sameAs":["https:\/\/www.facebook.com\/EbenezerInt","https:\/\/www.instagram.com\/ebenezer_oe_eng\/","https:\/\/www.youtube.com\/channel\/UC6qGHrKKeamFVz95Vd8LR1g"]}]}},"_links":{"self":[{"href":"https:\/\/ebenezer-oe.org\/pl\/wp-json\/wp\/v2\/pages\/83823","targetHints":{"allow":["GET"]}}],"collection":[{"href":"https:\/\/ebenezer-oe.org\/pl\/wp-json\/wp\/v2\/pages"}],"about":[{"href":"https:\/\/ebenezer-oe.org\/pl\/wp-json\/wp\/v2\/types\/page"}],"author":[{"embeddable":true,"href":"https:\/\/ebenezer-oe.org\/pl\/wp-json\/wp\/v2\/users\/1"}],"replies":[{"embeddable":true,"href":"https:\/\/ebenezer-oe.org\/pl\/wp-json\/wp\/v2\/comments?post=83823"}],"version-history":[{"count":0,"href":"https:\/\/ebenezer-oe.org\/pl\/wp-json\/wp\/v2\/pages\/83823\/revisions"}],"up":[{"embeddable":true,"href":"https:\/\/ebenezer-oe.org\/pl\/wp-json\/wp\/v2\/pages\/83809"}],"wp:attachment":[{"href":"https:\/\/ebenezer-oe.org\/pl\/wp-json\/wp\/v2\/media?parent=83823"}],"curies":[{"name":"wp","href":"https:\/\/api.w.org\/{rel}","templated":true}]}}