{"id":100979,"date":"2023-06-13T15:58:36","date_gmt":"2023-06-13T15:58:36","guid":{"rendered":"https:\/\/ebenezer-oe.org\/conferencia-internacional-2024\/"},"modified":"2024-10-03T16:37:33","modified_gmt":"2024-10-03T16:37:33","slug":"conferencia-internacional-2024","status":"publish","type":"page","link":"https:\/\/ebenezer-oe.org\/pt-br\/conferencia-internacional-2024\/","title":{"rendered":"CONFER\u00caNCIA INTERNACIONAL 2024"},"content":{"rendered":"\n\n\t<p>Reservas abertas agora!<\/p>\n\t<p>CONFER\u00caNCIA INTERNACIONAL EBENEZER<\/p>\n<p>Jerusal\u00e9m 17 a 22 de novembro de 2024<\/p>\n\t<p>Luz na escurid\u00e3o<\/p>\n\t<p>&#8220;Disp\u00f5e-te, resplandece, porque vem a tua luz, e a gl\u00f3ria do SENHOR nasce sobre ti. Porque eis que as trevas cobrem a terra, e a escurid\u00e3o, os povos; mas sobre ti aparece resplendente o SENHOR, e a sua gl\u00f3ria se v\u00ea sobre ti.&#8221;<\/p>\n<p>Isa\u00edas 60:1-2<\/p>\n<p><strong>Convidamos voc\u00ea a se juntar a n\u00f3s em Jerusal\u00e9m<\/strong> para nossa Confer\u00eancia Internacional. O tema \u00e9 &#8216;Luz na Escurid\u00e3o&#8217;. Ser\u00e1 um tempo para n\u00f3s virmos das na\u00e7\u00f5es e nos unirmos na cidade do grande Rei.<\/p>\n<p>Um aspecto de fazer parte de um minist\u00e9rio de<i>aliyah <\/i> \u00e9 que podemos ver diariamente com nossos pr\u00f3prios olhos como a palavra de DEUS \u00e9 real. <strong>Em 2022, nossas equipes ajudaram quase 50 Judeus por dia a voltar para Israel e isso s\u00f3 foi poss\u00edvel por causa da fidelidade de Deus.<\/strong> Alguns Crist\u00e3os est\u00e3o desesperados por causa de todas as not\u00edcias negativas ao redor do mundo e uma escurid\u00e3o aparentemente crescente, mas queremos agradecer por ELE nos permitir continuar aben\u00e7oando outros.<\/p>\n<p>Ouviremos testemunhos de como o SENHOR est\u00e1 usando os crentes que v\u00eam de um lugar de intercess\u00e3o para a a\u00e7\u00e3o. Por meio do ensino b\u00edblico, testemunhos, ora\u00e7\u00e3o e comunh\u00e3o, queremos permitir que o Esp\u00edrito Santo nos aproxime de Deus e fortale\u00e7a nossa f\u00e9, para que estejamos equipados para sermos vitoriosos onde quer que ELE nos coloque.<\/p>\n<p>Nossos principais palestrantes da \u00c1sia, Israel e Europa compartilhar\u00e3o como a palavra de DEUS \u00e9 o guia em tempos de escurid\u00e3o e como podemos ter certeza de que nosso envolvimento em aben\u00e7oar Israel n\u00e3o ser\u00e1 em v\u00e3o, mas trar\u00e1 frutos eternos para a gl\u00f3ria DELE! <strong>A lideran\u00e7a da Eben\u00e9zer est\u00e1 ansiosa para conhec\u00ea-lo em Si\u00e3o!<\/strong><\/p>\n\t\t\t\t<img decoding=\"async\" data-src=\"https:\/\/ebenezeroe.wpengine.com\/wp-content\/uploads\/2023\/05\/item_97480.png\" alt=\"item_97480\" itemprop=\"image\" title=\"item_97480\" onerror=\"this.style.display='none'\" src=\"data:image\/svg+xml;base64,PHN2ZyB3aWR0aD0iMSIgaGVpZ2h0PSIxIiB4bWxucz0iaHR0cDovL3d3dy53My5vcmcvMjAwMC9zdmciPjwvc3ZnPg==\" class=\"lazyload\" \/>\n\t<p>Shalom e b\u00ean\u00e7\u00e3os<\/p>\n\t<p>Johannes Barthel<\/p>\n\t<p>ALOJAMENTO<\/p>\n\t<p>As reuni\u00f5es da Confer\u00eancia ser\u00e3o realizadas no Hotel Ramada mas tem v\u00e1rias op\u00e7\u00f5es de alojamento: <\/p>\n\t\t\t\t<img decoding=\"async\" data-src=\"https:\/\/ebenezeroe.wpengine.com\/wp-content\/uploads\/2023\/05\/Screenshot-2023-05-15-at-14.26.57.png\" alt=\"Screenshot 2023-05-15 at 14.26.57\" itemprop=\"image\" title=\"Screenshot 2023-05-15 at 14.26.57\" onerror=\"this.style.display='none'\" src=\"data:image\/svg+xml;base64,PHN2ZyB3aWR0aD0iMSIgaGVpZ2h0PSIxIiB4bWxucz0iaHR0cDovL3d3dy53My5vcmcvMjAwMC9zdmciPjwvc3ZnPg==\" class=\"lazyload\" \/>\n<p><strong>1. Encontre sua pr\u00f3pria acomoda\u00e7\u00e3o<\/strong><\/p>\n<p>Taxa de confer\u00eancia incluindo almo\u00e7o e intervalos para caf\u00e9 por $480 \/ \u00a3380. Esta op\u00e7\u00e3o d\u00e1 a voc\u00ea a liberdade de escolher qualquer acomoda\u00e7\u00e3o noturna em Jerusal\u00e9m que desejar<\/p>\n<ul>\n\n<\/ul>\n<p><strong>2. Hotel Real<\/strong><\/p>\n<p>3* pens\u00e3o completa incluindo a taxa de confer\u00eancia no Royal Hotel: $995 \/ \u00a3790 em quarto duplo ou $1445 \/ \u00a31,150 em quarto individual: <\/p>\n<p><em>Royal Hotel Jerusalem 6 Ze&#8217;ev Vilnay Street Jerusalem, 91033, Israel<\/em><\/p>\n\t\t\t<a href=\"https:\/\/goo.gl\/maps\/fA3XP2H6d7ZU3kqFA\" target=\"_blank\" rel=\"noopener\">\n\t\t\t\t\t\t\tRoyal Hotel no Google Maps \n\t\t\t\t\t<\/a>\n\t\t\t<a href=\"https:\/\/royaljerusalemhotel.com\" target=\"_blank\" rel=\"noopener\">\n\t\t\t\t\t\t\tSite do Royal Hotel\n\t\t\t\t\t<\/a>\n<strong>3. Ramada By Wyndham<\/strong><br \/>\n<br \/>\n4* pens\u00e3o completa, incluindo a taxa de confer\u00eancia, no Ramada Hotel: $1.200 \/ \u00a3955 num quarto duplo ou $1.825 \/ \u00a31450 num quarto individual:\n<em>Ramada By Wyndham<br \/>\n6 Ze&#8217;ev Vilnay Street, Gesher Rupin, Jerusalem, 91033, Israel<\/em>\n\t\t\t<a href=\"https:\/\/goo.gl\/maps\/sW7jfviJety94Hf29\" target=\"_blank\" rel=\"noopener\">\n\t\t\t\t\t\t\tRamada Hotel nos mapas do Google \n\t\t\t\t\t<\/a>\n\t\t\t<a href=\"https:\/\/jerusalemramadahotel.com\/en\" target=\"_blank\" rel=\"noopener\">\n\t\t\t\t\t\t\tSite do Hotel Ramada\n\t\t\t\t\t<\/a>\n\t<p>Ambos os hot\u00e9is compartilham as mesmas instala\u00e7\u00f5es recreativas e est\u00e3o localizados no mesmo complexo. Eles est\u00e3o a uma curta dist\u00e2ncia do Knesset (Parlamento israelense), da Suprema Corte, da Universidade Hebraica, do Museu de Israel, do Museu Biblelands, do Museu de Ci\u00eancias de Bloomfield e da Esta\u00e7\u00e3o Rodovi\u00e1ria Central de Jerusal\u00e9m.<\/p>\n\t<p>PROGRAMA\u00c7\u00c3O DA CONFER\u00caNCIA<\/p>\n<p>Para todos os h\u00f3spedes do hotel: Come\u00e7amos com o jantar no domingo, 17 de novembro, e terminamos com o caf\u00e9 da manh\u00e3 na sexta-feira, 22 de novembro. A confer\u00eancia em si come\u00e7a \u00e0s 09h30 da manh\u00e3 de segunda-feira e teremos a \u00faltima reuni\u00e3o na quinta-feira \u00e0 noite.<\/p>\n<p><br \/>Vamos confirmar o programa completo mais perto da data.<\/p>\n\t<p>E QUANTO AOS CANCELAMENTOS?<\/p>\n\t<p>Desde a COVID e 7 de outubro, os hot\u00e9is em Israel s\u00e3o favor\u00e1veis \u00e0 concess\u00e3o de reembolsos em caso de altera\u00e7\u00e3o da situa\u00e7\u00e3o relativamente \u00e0 guerra. Esperamos que tal n\u00e3o seja necess\u00e1rio, mas mant\u00ea-lo-emos informado caso haja alguma altera\u00e7\u00e3o.<\/p>\n<p>&nbsp;<\/p>\n\t<p>SEGURO DE VIAGEM<\/p>\n<p>Sabemos que muitas companhias de seguros de viagem n\u00e3o cobrem as viagens a Israel nesta altura. Foi-nos recomendada uma empresa israelita, a SAR EL, que est\u00e1 a oferecer seguros de sa\u00fade para turistas.<\/p>\n<p>Se estiver interessado em obter mais informa\u00e7\u00f5es ou abrir um seguro com este fornecedor, pode faz\u00ea-lo atrav\u00e9s dos bot\u00f5es abaixo.<\/p>\n\t\t\t<a href=\"https:\/\/ebenezer-oe.org\/wp-content\/uploads\/2024\/05\/MEDICAL-INSURANCE-FOR-TOURISTS-IN-ISRAEL-Tour-care-summary-of-coverage-SAR-EL.pdf\" target=\"_blank\" rel=\"noopener\">\n\t\t\t\t\t\t\tSaiba mais sobre o seguro SAR EL\n\t\t\t\t\t<\/a>\n\t\t\t<a href=\"https:\/\/forms.iforms.co.il\/Show_form\/5b2kb892\" target=\"_blank\" rel=\"noopener\">\n\t\t\t\t\t\t\tAbrir um pedido \n\t\t\t\t\t<\/a>\n\t<p>VIAGEM<\/p>\n\t<p>A nossa equipa em Israel preparou um documento de viagem com instru\u00e7\u00f5es desde o aeroporto Ben Gurion at\u00e9 ao alojamento fornecido nos hot\u00e9is Royal e Ramada.<\/p>\n\t\t\t<a href=\"https:\/\/ebenezer-oe.org\/wp-content\/uploads\/2024\/10\/Directions-Tel-Aviv-Ben-Gurion-Airport-to-Hotel-1.pdf\" target=\"_blank\" rel=\"noopener\">\n\t\t\t\t\t\t\tInstru\u00e7\u00f5es de viagem\n\t\t\t\t\t<\/a>\n\t<p>RESERVA<\/p>\n<p>Sua inscri\u00e7\u00e3o s\u00f3 \u00e9 v\u00e1lida com um adiantamento de 100 USD, que n\u00e3o pode ser reembolsado (exceto pelo cancelamento da confer\u00eancia por nossa parte). O pagamento final deve ser feito at\u00e9 15 de agosto de 2024. <\/p>\n<p>Para inscri\u00e7\u00f5es ap\u00f3s 15 de agosto de 2024, certifique-se de que temos quartos dispon\u00edveis antes de reservar.<\/p>\n\t\t\t<a href=\"https:\/\/docs.google.com\/forms\/d\/e\/1FAIpQLSfvvlBJCrgTALJ7_yKfzO7jojIvS8E-ubzICiA_-ASOCSOtoQ\/viewform?usp=sf_link\" target=\"_blank\" rel=\"noopener\">\n\t\t\t\t\t\t\tFormul\u00e1rio de reserva\n\t\t\t\t\t<\/a>\n\t<p>CONTATO<\/p>\n<p>Para qualquer esclarecimento adicional, envie-nos um e-mail para <a href=\"mailto:conference@ebenezer-oe.org\"><em>conference@ebenezer-oe.org<\/em><\/a><em>,<\/em> ou contacte o seu Escrit\u00f3rio Nacional.<\/p>\n<p>&nbsp;<\/p>\n\n","protected":false},"excerpt":{"rendered":"<p>Reservas abertas agora! CONFER\u00caNCIA INTERNACIONAL EBENEZER Jerusal\u00e9m 17 a 22 de novembro de 2024 Luz na escurid\u00e3o &#8220;Disp\u00f5e-te, resplandece, porque vem a tua luz, e a gl\u00f3ria do SENHOR nasce sobre ti. Porque eis que as trevas cobrem a terra, e a escurid\u00e3o, os povos; mas sobre ti aparece resplendente o SENHOR, e a sua&hellip;<\/p>\n","protected":false},"author":2,"featured_media":0,"parent":0,"menu_order":0,"comment_status":"closed","ping_status":"closed","template":"","meta":{"footnotes":""},"class_list":["post-100979","page","type-page","status-publish","hentry"],"yoast_head":"<!-- This site is optimized with the Yoast SEO plugin v27.2 - https:\/\/yoast.com\/product\/yoast-seo-wordpress\/ -->\n<title>CONFER\u00caNCIA INTERNACIONAL 2024 - Ebenezer Operation Exodus<\/title>\n<meta name=\"robots\" content=\"index, follow, max-snippet:-1, max-image-preview:large, max-video-preview:-1\" \/>\n<link rel=\"canonical\" href=\"https:\/\/ebenezer-oe.org\/pt-br\/conferencia-internacional-2024\/\" \/>\n<meta property=\"og:locale\" content=\"pt_BR\" \/>\n<meta property=\"og:type\" content=\"article\" \/>\n<meta property=\"og:title\" content=\"CONFER\u00caNCIA INTERNACIONAL 2024 - Ebenezer Operation Exodus\" \/>\n<meta property=\"og:description\" content=\"Reservas abertas agora! CONFER\u00caNCIA INTERNACIONAL EBENEZER Jerusal\u00e9m 17 a 22 de novembro de 2024 Luz na escurid\u00e3o &#8220;Disp\u00f5e-te, resplandece, porque vem a tua luz, e a gl\u00f3ria do SENHOR nasce sobre ti. Porque eis que as trevas cobrem a terra, e a escurid\u00e3o, os povos; mas sobre ti aparece resplendente o SENHOR, e a sua&hellip;\" \/>\n<meta property=\"og:url\" content=\"https:\/\/ebenezer-oe.org\/pt-br\/conferencia-internacional-2024\/\" \/>\n<meta property=\"og:site_name\" content=\"Ebenezer Operation Exodus\" \/>\n<meta property=\"article:publisher\" content=\"https:\/\/www.facebook.com\/EbenezerInt\" \/>\n<meta property=\"article:modified_time\" content=\"2024-10-03T16:37:33+00:00\" \/>\n<meta property=\"og:image\" content=\"https:\/\/ebenezeroe.wpengine.com\/wp-content\/uploads\/2023\/05\/item_97480.png\" \/>\n<meta name=\"twitter:card\" content=\"summary_large_image\" \/>\n<meta name=\"twitter:label1\" content=\"Est. tempo de leitura\" \/>\n\t<meta name=\"twitter:data1\" content=\"4 minutos\" \/>\n<script type=\"application\/ld+json\" class=\"yoast-schema-graph\">{\"@context\":\"https:\/\/schema.org\",\"@graph\":[{\"@type\":\"WebPage\",\"@id\":\"https:\/\/ebenezer-oe.org\/pt-br\/conferencia-internacional-2024\/\",\"url\":\"https:\/\/ebenezer-oe.org\/pt-br\/conferencia-internacional-2024\/\",\"name\":\"CONFER\u00caNCIA INTERNACIONAL 2024 - Ebenezer Operation Exodus\",\"isPartOf\":{\"@id\":\"https:\/\/ebenezer-oe.org\/#website\"},\"primaryImageOfPage\":{\"@id\":\"https:\/\/ebenezer-oe.org\/pt-br\/conferencia-internacional-2024\/#primaryimage\"},\"image\":{\"@id\":\"https:\/\/ebenezer-oe.org\/pt-br\/conferencia-internacional-2024\/#primaryimage\"},\"thumbnailUrl\":\"https:\/\/ebenezeroe.wpengine.com\/wp-content\/uploads\/2023\/05\/item_97480.png\",\"datePublished\":\"2023-06-13T15:58:36+00:00\",\"dateModified\":\"2024-10-03T16:37:33+00:00\",\"breadcrumb\":{\"@id\":\"https:\/\/ebenezer-oe.org\/pt-br\/conferencia-internacional-2024\/#breadcrumb\"},\"inLanguage\":\"pt-BR\",\"potentialAction\":[{\"@type\":\"ReadAction\",\"target\":[\"https:\/\/ebenezer-oe.org\/pt-br\/conferencia-internacional-2024\/\"]}]},{\"@type\":\"ImageObject\",\"inLanguage\":\"pt-BR\",\"@id\":\"https:\/\/ebenezer-oe.org\/pt-br\/conferencia-internacional-2024\/#primaryimage\",\"url\":\"https:\/\/ebenezeroe.wpengine.com\/wp-content\/uploads\/2023\/05\/item_97480.png\",\"contentUrl\":\"https:\/\/ebenezeroe.wpengine.com\/wp-content\/uploads\/2023\/05\/item_97480.png\"},{\"@type\":\"BreadcrumbList\",\"@id\":\"https:\/\/ebenezer-oe.org\/pt-br\/conferencia-internacional-2024\/#breadcrumb\",\"itemListElement\":[{\"@type\":\"ListItem\",\"position\":1,\"name\":\"Home\",\"item\":\"https:\/\/ebenezer-oe.org\/pt-br\/\"},{\"@type\":\"ListItem\",\"position\":2,\"name\":\"CONFER\u00caNCIA INTERNACIONAL 2024\"}]},{\"@type\":\"WebSite\",\"@id\":\"https:\/\/ebenezer-oe.org\/#website\",\"url\":\"https:\/\/ebenezer-oe.org\/\",\"name\":\"Ebenezer - Operation Exodus\",\"description\":\"\",\"publisher\":{\"@id\":\"https:\/\/ebenezer-oe.org\/#organization\"},\"potentialAction\":[{\"@type\":\"SearchAction\",\"target\":{\"@type\":\"EntryPoint\",\"urlTemplate\":\"https:\/\/ebenezer-oe.org\/?s={search_term_string}\"},\"query-input\":{\"@type\":\"PropertyValueSpecification\",\"valueRequired\":true,\"valueName\":\"search_term_string\"}}],\"inLanguage\":\"pt-BR\"},{\"@type\":\"Organization\",\"@id\":\"https:\/\/ebenezer-oe.org\/#organization\",\"name\":\"Ebenezer - Operation Exodus\",\"url\":\"https:\/\/ebenezer-oe.org\/\",\"logo\":{\"@type\":\"ImageObject\",\"inLanguage\":\"pt-BR\",\"@id\":\"https:\/\/ebenezer-oe.org\/#\/schema\/logo\/image\/\",\"url\":\"https:\/\/ebenezeroe.wpengine.com\/wp-content\/uploads\/2020\/09\/Logo_EOE_EN_Colour-Horizontal.png\",\"contentUrl\":\"https:\/\/ebenezeroe.wpengine.com\/wp-content\/uploads\/2020\/09\/Logo_EOE_EN_Colour-Horizontal.png\",\"width\":1922,\"height\":928,\"caption\":\"Ebenezer - Operation Exodus\"},\"image\":{\"@id\":\"https:\/\/ebenezer-oe.org\/#\/schema\/logo\/image\/\"},\"sameAs\":[\"https:\/\/www.facebook.com\/EbenezerInt\",\"https:\/\/www.instagram.com\/ebenezer_oe_eng\/\",\"https:\/\/www.youtube.com\/channel\/UC6qGHrKKeamFVz95Vd8LR1g\"]}]}<\/script>\n<!-- \/ Yoast SEO plugin. -->","yoast_head_json":{"title":"CONFER\u00caNCIA INTERNACIONAL 2024 - Ebenezer Operation Exodus","robots":{"index":"index","follow":"follow","max-snippet":"max-snippet:-1","max-image-preview":"max-image-preview:large","max-video-preview":"max-video-preview:-1"},"canonical":"https:\/\/ebenezer-oe.org\/pt-br\/conferencia-internacional-2024\/","og_locale":"pt_BR","og_type":"article","og_title":"CONFER\u00caNCIA INTERNACIONAL 2024 - Ebenezer Operation Exodus","og_description":"Reservas abertas agora! CONFER\u00caNCIA INTERNACIONAL EBENEZER Jerusal\u00e9m 17 a 22 de novembro de 2024 Luz na escurid\u00e3o &#8220;Disp\u00f5e-te, resplandece, porque vem a tua luz, e a gl\u00f3ria do SENHOR nasce sobre ti. Porque eis que as trevas cobrem a terra, e a escurid\u00e3o, os povos; mas sobre ti aparece resplendente o SENHOR, e a sua&hellip;","og_url":"https:\/\/ebenezer-oe.org\/pt-br\/conferencia-internacional-2024\/","og_site_name":"Ebenezer Operation Exodus","article_publisher":"https:\/\/www.facebook.com\/EbenezerInt","article_modified_time":"2024-10-03T16:37:33+00:00","og_image":[{"url":"https:\/\/ebenezeroe.wpengine.com\/wp-content\/uploads\/2023\/05\/item_97480.png","type":"","width":"","height":""}],"twitter_card":"summary_large_image","twitter_misc":{"Est. tempo de leitura":"4 minutos"},"schema":{"@context":"https:\/\/schema.org","@graph":[{"@type":"WebPage","@id":"https:\/\/ebenezer-oe.org\/pt-br\/conferencia-internacional-2024\/","url":"https:\/\/ebenezer-oe.org\/pt-br\/conferencia-internacional-2024\/","name":"CONFER\u00caNCIA INTERNACIONAL 2024 - Ebenezer Operation Exodus","isPartOf":{"@id":"https:\/\/ebenezer-oe.org\/#website"},"primaryImageOfPage":{"@id":"https:\/\/ebenezer-oe.org\/pt-br\/conferencia-internacional-2024\/#primaryimage"},"image":{"@id":"https:\/\/ebenezer-oe.org\/pt-br\/conferencia-internacional-2024\/#primaryimage"},"thumbnailUrl":"https:\/\/ebenezeroe.wpengine.com\/wp-content\/uploads\/2023\/05\/item_97480.png","datePublished":"2023-06-13T15:58:36+00:00","dateModified":"2024-10-03T16:37:33+00:00","breadcrumb":{"@id":"https:\/\/ebenezer-oe.org\/pt-br\/conferencia-internacional-2024\/#breadcrumb"},"inLanguage":"pt-BR","potentialAction":[{"@type":"ReadAction","target":["https:\/\/ebenezer-oe.org\/pt-br\/conferencia-internacional-2024\/"]}]},{"@type":"ImageObject","inLanguage":"pt-BR","@id":"https:\/\/ebenezer-oe.org\/pt-br\/conferencia-internacional-2024\/#primaryimage","url":"https:\/\/ebenezeroe.wpengine.com\/wp-content\/uploads\/2023\/05\/item_97480.png","contentUrl":"https:\/\/ebenezeroe.wpengine.com\/wp-content\/uploads\/2023\/05\/item_97480.png"},{"@type":"BreadcrumbList","@id":"https:\/\/ebenezer-oe.org\/pt-br\/conferencia-internacional-2024\/#breadcrumb","itemListElement":[{"@type":"ListItem","position":1,"name":"Home","item":"https:\/\/ebenezer-oe.org\/pt-br\/"},{"@type":"ListItem","position":2,"name":"CONFER\u00caNCIA INTERNACIONAL 2024"}]},{"@type":"WebSite","@id":"https:\/\/ebenezer-oe.org\/#website","url":"https:\/\/ebenezer-oe.org\/","name":"Ebenezer - Operation Exodus","description":"","publisher":{"@id":"https:\/\/ebenezer-oe.org\/#organization"},"potentialAction":[{"@type":"SearchAction","target":{"@type":"EntryPoint","urlTemplate":"https:\/\/ebenezer-oe.org\/?s={search_term_string}"},"query-input":{"@type":"PropertyValueSpecification","valueRequired":true,"valueName":"search_term_string"}}],"inLanguage":"pt-BR"},{"@type":"Organization","@id":"https:\/\/ebenezer-oe.org\/#organization","name":"Ebenezer - Operation Exodus","url":"https:\/\/ebenezer-oe.org\/","logo":{"@type":"ImageObject","inLanguage":"pt-BR","@id":"https:\/\/ebenezer-oe.org\/#\/schema\/logo\/image\/","url":"https:\/\/ebenezeroe.wpengine.com\/wp-content\/uploads\/2020\/09\/Logo_EOE_EN_Colour-Horizontal.png","contentUrl":"https:\/\/ebenezeroe.wpengine.com\/wp-content\/uploads\/2020\/09\/Logo_EOE_EN_Colour-Horizontal.png","width":1922,"height":928,"caption":"Ebenezer - Operation Exodus"},"image":{"@id":"https:\/\/ebenezer-oe.org\/#\/schema\/logo\/image\/"},"sameAs":["https:\/\/www.facebook.com\/EbenezerInt","https:\/\/www.instagram.com\/ebenezer_oe_eng\/","https:\/\/www.youtube.com\/channel\/UC6qGHrKKeamFVz95Vd8LR1g"]}]}},"_links":{"self":[{"href":"https:\/\/ebenezer-oe.org\/pt-br\/wp-json\/wp\/v2\/pages\/100979","targetHints":{"allow":["GET"]}}],"collection":[{"href":"https:\/\/ebenezer-oe.org\/pt-br\/wp-json\/wp\/v2\/pages"}],"about":[{"href":"https:\/\/ebenezer-oe.org\/pt-br\/wp-json\/wp\/v2\/types\/page"}],"author":[{"embeddable":true,"href":"https:\/\/ebenezer-oe.org\/pt-br\/wp-json\/wp\/v2\/users\/2"}],"replies":[{"embeddable":true,"href":"https:\/\/ebenezer-oe.org\/pt-br\/wp-json\/wp\/v2\/comments?post=100979"}],"version-history":[{"count":0,"href":"https:\/\/ebenezer-oe.org\/pt-br\/wp-json\/wp\/v2\/pages\/100979\/revisions"}],"wp:attachment":[{"href":"https:\/\/ebenezer-oe.org\/pt-br\/wp-json\/wp\/v2\/media?parent=100979"}],"curies":[{"name":"wp","href":"https:\/\/api.w.org\/{rel}","templated":true}]}}