{"id":103534,"date":"2023-10-23T13:26:29","date_gmt":"2023-10-23T13:26:29","guid":{"rendered":"https:\/\/ebenezer-oe.org\/israel-em-guerra\/"},"modified":"2023-10-23T13:26:29","modified_gmt":"2023-10-23T13:26:29","slug":"israel-em-guerra","status":"publish","type":"page","link":"https:\/\/ebenezer-oe.org\/pt-br\/israel-em-guerra\/","title":{"rendered":"Israel em guerra"},"content":{"rendered":"","protected":false},"excerpt":{"rendered":"","protected":false},"author":2,"featured_media":0,"parent":0,"menu_order":0,"comment_status":"closed","ping_status":"closed","template":"","meta":{"footnotes":""},"class_list":["post-103534","page","type-page","status-publish","hentry"],"yoast_head":"<!-- This site is optimized with the Yoast SEO plugin v27.2 - https:\/\/yoast.com\/product\/yoast-seo-wordpress\/ -->\n<title>Israel em guerra - Ebenezer Operation Exodus<\/title>\n<meta name=\"description\" content=\"No s\u00e1bado, dia 7 de outubro, \u00e0s 6h30 da manh\u00e3, hora local, os israelitas foram acordados com o som de sirenes. N\u00f3s, apoiantes de Ebenezer de mais de 50 na\u00e7\u00f5es, estamos a rezar e a apoiar Israel...\" \/>\n<meta name=\"robots\" content=\"index, follow, max-snippet:-1, max-image-preview:large, max-video-preview:-1\" \/>\n<link rel=\"canonical\" href=\"https:\/\/ebenezer-oe.org\/pt-br\/israel-em-guerra\/\" \/>\n<meta property=\"og:locale\" content=\"pt_BR\" \/>\n<meta property=\"og:type\" content=\"article\" \/>\n<meta property=\"og:title\" content=\"Israel em guerra - Ebenezer Operation Exodus\" \/>\n<meta property=\"og:description\" content=\"No s\u00e1bado, dia 7 de outubro, \u00e0s 6h30 da manh\u00e3, hora local, os israelitas foram acordados com o som de sirenes. N\u00f3s, apoiantes de Ebenezer de mais de 50 na\u00e7\u00f5es, estamos a rezar e a apoiar Israel...\" \/>\n<meta property=\"og:url\" content=\"https:\/\/ebenezer-oe.org\/pt-br\/israel-em-guerra\/\" \/>\n<meta property=\"og:site_name\" content=\"Ebenezer Operation Exodus\" \/>\n<meta property=\"article:publisher\" content=\"https:\/\/www.facebook.com\/EbenezerInt\" \/>\n<meta name=\"twitter:card\" content=\"summary_large_image\" \/>\n<script type=\"application\/ld+json\" class=\"yoast-schema-graph\">{\"@context\":\"https:\/\/schema.org\",\"@graph\":[{\"@type\":\"WebPage\",\"@id\":\"https:\/\/ebenezer-oe.org\/pt-br\/israel-em-guerra\/\",\"url\":\"https:\/\/ebenezer-oe.org\/pt-br\/israel-em-guerra\/\",\"name\":\"Israel em guerra - Ebenezer Operation Exodus\",\"isPartOf\":{\"@id\":\"https:\/\/ebenezer-oe.org\/#website\"},\"datePublished\":\"2023-10-23T13:26:29+00:00\",\"description\":\"No s\u00e1bado, dia 7 de outubro, \u00e0s 6h30 da manh\u00e3, hora local, os israelitas foram acordados com o som de sirenes. N\u00f3s, apoiantes de Ebenezer de mais de 50 na\u00e7\u00f5es, estamos a rezar e a apoiar Israel...\",\"breadcrumb\":{\"@id\":\"https:\/\/ebenezer-oe.org\/pt-br\/israel-em-guerra\/#breadcrumb\"},\"inLanguage\":\"pt-BR\",\"potentialAction\":[{\"@type\":\"ReadAction\",\"target\":[\"https:\/\/ebenezer-oe.org\/pt-br\/israel-em-guerra\/\"]}]},{\"@type\":\"BreadcrumbList\",\"@id\":\"https:\/\/ebenezer-oe.org\/pt-br\/israel-em-guerra\/#breadcrumb\",\"itemListElement\":[{\"@type\":\"ListItem\",\"position\":1,\"name\":\"Home\",\"item\":\"https:\/\/ebenezer-oe.org\/pt-br\/\"},{\"@type\":\"ListItem\",\"position\":2,\"name\":\"Israel em guerra\"}]},{\"@type\":\"WebSite\",\"@id\":\"https:\/\/ebenezer-oe.org\/#website\",\"url\":\"https:\/\/ebenezer-oe.org\/\",\"name\":\"Ebenezer - Operation Exodus\",\"description\":\"\",\"publisher\":{\"@id\":\"https:\/\/ebenezer-oe.org\/#organization\"},\"potentialAction\":[{\"@type\":\"SearchAction\",\"target\":{\"@type\":\"EntryPoint\",\"urlTemplate\":\"https:\/\/ebenezer-oe.org\/?s={search_term_string}\"},\"query-input\":{\"@type\":\"PropertyValueSpecification\",\"valueRequired\":true,\"valueName\":\"search_term_string\"}}],\"inLanguage\":\"pt-BR\"},{\"@type\":\"Organization\",\"@id\":\"https:\/\/ebenezer-oe.org\/#organization\",\"name\":\"Ebenezer - Operation Exodus\",\"url\":\"https:\/\/ebenezer-oe.org\/\",\"logo\":{\"@type\":\"ImageObject\",\"inLanguage\":\"pt-BR\",\"@id\":\"https:\/\/ebenezer-oe.org\/#\/schema\/logo\/image\/\",\"url\":\"https:\/\/ebenezeroe.wpengine.com\/wp-content\/uploads\/2020\/09\/Logo_EOE_EN_Colour-Horizontal.png\",\"contentUrl\":\"https:\/\/ebenezeroe.wpengine.com\/wp-content\/uploads\/2020\/09\/Logo_EOE_EN_Colour-Horizontal.png\",\"width\":1922,\"height\":928,\"caption\":\"Ebenezer - Operation Exodus\"},\"image\":{\"@id\":\"https:\/\/ebenezer-oe.org\/#\/schema\/logo\/image\/\"},\"sameAs\":[\"https:\/\/www.facebook.com\/EbenezerInt\",\"https:\/\/www.instagram.com\/ebenezer_oe_eng\/\",\"https:\/\/www.youtube.com\/channel\/UC6qGHrKKeamFVz95Vd8LR1g\"]}]}<\/script>\n<!-- \/ Yoast SEO plugin. -->","yoast_head_json":{"title":"Israel em guerra - Ebenezer Operation Exodus","description":"No s\u00e1bado, dia 7 de outubro, \u00e0s 6h30 da manh\u00e3, hora local, os israelitas foram acordados com o som de sirenes. N\u00f3s, apoiantes de Ebenezer de mais de 50 na\u00e7\u00f5es, estamos a rezar e a apoiar Israel...","robots":{"index":"index","follow":"follow","max-snippet":"max-snippet:-1","max-image-preview":"max-image-preview:large","max-video-preview":"max-video-preview:-1"},"canonical":"https:\/\/ebenezer-oe.org\/pt-br\/israel-em-guerra\/","og_locale":"pt_BR","og_type":"article","og_title":"Israel em guerra - Ebenezer Operation Exodus","og_description":"No s\u00e1bado, dia 7 de outubro, \u00e0s 6h30 da manh\u00e3, hora local, os israelitas foram acordados com o som de sirenes. N\u00f3s, apoiantes de Ebenezer de mais de 50 na\u00e7\u00f5es, estamos a rezar e a apoiar Israel...","og_url":"https:\/\/ebenezer-oe.org\/pt-br\/israel-em-guerra\/","og_site_name":"Ebenezer Operation Exodus","article_publisher":"https:\/\/www.facebook.com\/EbenezerInt","twitter_card":"summary_large_image","schema":{"@context":"https:\/\/schema.org","@graph":[{"@type":"WebPage","@id":"https:\/\/ebenezer-oe.org\/pt-br\/israel-em-guerra\/","url":"https:\/\/ebenezer-oe.org\/pt-br\/israel-em-guerra\/","name":"Israel em guerra - Ebenezer Operation Exodus","isPartOf":{"@id":"https:\/\/ebenezer-oe.org\/#website"},"datePublished":"2023-10-23T13:26:29+00:00","description":"No s\u00e1bado, dia 7 de outubro, \u00e0s 6h30 da manh\u00e3, hora local, os israelitas foram acordados com o som de sirenes. N\u00f3s, apoiantes de Ebenezer de mais de 50 na\u00e7\u00f5es, estamos a rezar e a apoiar Israel...","breadcrumb":{"@id":"https:\/\/ebenezer-oe.org\/pt-br\/israel-em-guerra\/#breadcrumb"},"inLanguage":"pt-BR","potentialAction":[{"@type":"ReadAction","target":["https:\/\/ebenezer-oe.org\/pt-br\/israel-em-guerra\/"]}]},{"@type":"BreadcrumbList","@id":"https:\/\/ebenezer-oe.org\/pt-br\/israel-em-guerra\/#breadcrumb","itemListElement":[{"@type":"ListItem","position":1,"name":"Home","item":"https:\/\/ebenezer-oe.org\/pt-br\/"},{"@type":"ListItem","position":2,"name":"Israel em guerra"}]},{"@type":"WebSite","@id":"https:\/\/ebenezer-oe.org\/#website","url":"https:\/\/ebenezer-oe.org\/","name":"Ebenezer - Operation Exodus","description":"","publisher":{"@id":"https:\/\/ebenezer-oe.org\/#organization"},"potentialAction":[{"@type":"SearchAction","target":{"@type":"EntryPoint","urlTemplate":"https:\/\/ebenezer-oe.org\/?s={search_term_string}"},"query-input":{"@type":"PropertyValueSpecification","valueRequired":true,"valueName":"search_term_string"}}],"inLanguage":"pt-BR"},{"@type":"Organization","@id":"https:\/\/ebenezer-oe.org\/#organization","name":"Ebenezer - Operation Exodus","url":"https:\/\/ebenezer-oe.org\/","logo":{"@type":"ImageObject","inLanguage":"pt-BR","@id":"https:\/\/ebenezer-oe.org\/#\/schema\/logo\/image\/","url":"https:\/\/ebenezeroe.wpengine.com\/wp-content\/uploads\/2020\/09\/Logo_EOE_EN_Colour-Horizontal.png","contentUrl":"https:\/\/ebenezeroe.wpengine.com\/wp-content\/uploads\/2020\/09\/Logo_EOE_EN_Colour-Horizontal.png","width":1922,"height":928,"caption":"Ebenezer - Operation Exodus"},"image":{"@id":"https:\/\/ebenezer-oe.org\/#\/schema\/logo\/image\/"},"sameAs":["https:\/\/www.facebook.com\/EbenezerInt","https:\/\/www.instagram.com\/ebenezer_oe_eng\/","https:\/\/www.youtube.com\/channel\/UC6qGHrKKeamFVz95Vd8LR1g"]}]}},"_links":{"self":[{"href":"https:\/\/ebenezer-oe.org\/pt-br\/wp-json\/wp\/v2\/pages\/103534","targetHints":{"allow":["GET"]}}],"collection":[{"href":"https:\/\/ebenezer-oe.org\/pt-br\/wp-json\/wp\/v2\/pages"}],"about":[{"href":"https:\/\/ebenezer-oe.org\/pt-br\/wp-json\/wp\/v2\/types\/page"}],"author":[{"embeddable":true,"href":"https:\/\/ebenezer-oe.org\/pt-br\/wp-json\/wp\/v2\/users\/2"}],"replies":[{"embeddable":true,"href":"https:\/\/ebenezer-oe.org\/pt-br\/wp-json\/wp\/v2\/comments?post=103534"}],"version-history":[{"count":0,"href":"https:\/\/ebenezer-oe.org\/pt-br\/wp-json\/wp\/v2\/pages\/103534\/revisions"}],"wp:attachment":[{"href":"https:\/\/ebenezer-oe.org\/pt-br\/wp-json\/wp\/v2\/media?parent=103534"}],"curies":[{"name":"wp","href":"https:\/\/api.w.org\/{rel}","templated":true}]}}