{"id":108378,"date":"2024-05-28T13:31:15","date_gmt":"2024-05-28T13:31:15","guid":{"rendered":"https:\/\/ebenezer-oe.org\/as-aventuras-de-ebi\/"},"modified":"2026-01-07T06:53:02","modified_gmt":"2026-01-07T06:53:02","slug":"as-aventuras-de-ebi","status":"publish","type":"page","link":"https:\/\/ebenezer-oe.org\/pt-br\/as-aventuras-de-ebi\/","title":{"rendered":"As Aventuras de Ebi"},"content":{"rendered":"\n\n\t\t\t\t<img decoding=\"async\" data-src=\"https:\/\/ebenezer-oe.org\/wp-content\/uploads\/2024\/03\/Ebi-Name-Font-1.png\" alt=\"Ebi - Name Font\" itemprop=\"image\" height=\"1080\" width=\"1920\" title=\"Ebi - Name Font\" onerror=\"this.style.display='none'\" src=\"data:image\/svg+xml;base64,PHN2ZyB3aWR0aD0iMSIgaGVpZ2h0PSIxIiB4bWxucz0iaHR0cDovL3d3dy53My5vcmcvMjAwMC9zdmciPjwvc3ZnPg==\" class=\"lazyload\" style=\"--smush-placeholder-width: 1920px; --smush-placeholder-aspect-ratio: 1920\/1080;\" \/>\n\t<h2>Ol\u00e1, meu nome \u00e9 Ebi<\/h2>\n\t<p>Meu melhor amigo, David, \u00e9 judeu. Ele me contou que sua fam\u00edlia est\u00e1 planejando se mudar para Israel e que \u00e9 uma decis\u00e3o importante que vem de Deus! Tenho tantas perguntas a fazer&#8230; Ent\u00e3o David disse que me apresentar\u00e1 a muitos de seus amigos e tamb\u00e9m a alguns Crist\u00e3os que est\u00e3o ajudando sua fam\u00edlia a se mudar, para que eu possa descobrir por que isso \u00e9 algo t\u00e3o especial. Vai ser uma aventura!<\/p>\n\t\t\t\t<img decoding=\"async\" data-src=\"https:\/\/ebenezer-oe.org\/wp-content\/uploads\/2024\/03\/Ebi-David.jpg\" alt=\"Ebi &amp; David\" itemprop=\"image\" height=\"1080\" width=\"1080\" title=\"Ebi &amp; David\" onerror=\"this.style.display='none'\" src=\"data:image\/svg+xml;base64,PHN2ZyB3aWR0aD0iMSIgaGVpZ2h0PSIxIiB4bWxucz0iaHR0cDovL3d3dy53My5vcmcvMjAwMC9zdmciPjwvc3ZnPg==\" class=\"lazyload\" style=\"--smush-placeholder-width: 1080px; --smush-placeholder-aspect-ratio: 1080\/1080;\" \/>\n\t<h2>Pronto para uma aventura?<\/h2>\n\t\t<iframe title=\"My name is Ebi! | God loves Israel\" width=\"500\" height=\"281\" data-src=\"https:\/\/www.youtube.com\/embed\/po8AWV32Z5g?feature=oembed\" frameborder=\"0\" allow=\"accelerometer; autoplay; clipboard-write; encrypted-media; gyroscope; picture-in-picture; web-share\" referrerpolicy=\"strict-origin-when-cross-origin\" allowfullscreen src=\"data:image\/svg+xml;base64,PHN2ZyB3aWR0aD0iMSIgaGVpZ2h0PSIxIiB4bWxucz0iaHR0cDovL3d3dy53My5vcmcvMjAwMC9zdmciPjwvc3ZnPg==\" class=\"lazyload\" data-load-mode=\"1\"><\/iframe>\t\n\t<h2><b>De Pastorzinho a Rei<\/b><\/h2>\n\t\t<iframe title=\"From Shepherd boy to King - The story of David | Ebi&#039;s Adventures\" width=\"500\" height=\"281\" data-src=\"https:\/\/www.youtube.com\/embed\/i5rzPmuxWrw?feature=oembed\" frameborder=\"0\" allow=\"accelerometer; autoplay; clipboard-write; encrypted-media; gyroscope; picture-in-picture; web-share\" referrerpolicy=\"strict-origin-when-cross-origin\" allowfullscreen src=\"data:image\/svg+xml;base64,PHN2ZyB3aWR0aD0iMSIgaGVpZ2h0PSIxIiB4bWxucz0iaHR0cDovL3d3dy53My5vcmcvMjAwMC9zdmciPjwvc3ZnPg==\" class=\"lazyload\" data-load-mode=\"1\"><\/iframe>\t\n\t<p>Hora da hist\u00f3ria<\/p>\n\t\t\t\t<a href=\"https:\/\/ebenezer-oe.org\/wp-content\/uploads\/2026\/01\/POR-EBI-Issue-4-2025.pdf\"  target=\"_blank\" rel=\"noopener\"  itemprop=\"url\">\n\t\t\t\t<img decoding=\"async\" data-src=\"https:\/\/ebenezer-oe.org\/wp-content\/uploads\/2025\/10\/background-3.jpg\" alt=\"background-3\" itemprop=\"image\" height=\"2000\" width=\"1414\" title=\"background-3\" onerror=\"this.style.display='none'\" src=\"data:image\/svg+xml;base64,PHN2ZyB3aWR0aD0iMSIgaGVpZ2h0PSIxIiB4bWxucz0iaHR0cDovL3d3dy53My5vcmcvMjAwMC9zdmciPjwvc3ZnPg==\" class=\"lazyload\" style=\"--smush-placeholder-width: 1414px; --smush-placeholder-aspect-ratio: 1414\/2000;\" \/>\n\t\t\t\t<\/a>\n\t<p>Baixe as atividades!<\/p>\n\t<p><i>Assim que o PDF for aberto em uma p\u00e1gina separada do seu navegador de Internet, imprima ou salve. <\/i><\/p>\n\t<h2><b>Raabe e os Espi\u00f5es<\/b><\/h2>\n\t\t<iframe title=\"Rahab and the Spies | Ebi&#039;s Adventures\" width=\"500\" height=\"281\" data-src=\"https:\/\/www.youtube.com\/embed\/gPRjglFNFCA?start=1&#038;feature=oembed\" frameborder=\"0\" allow=\"accelerometer; autoplay; clipboard-write; encrypted-media; gyroscope; picture-in-picture; web-share\" referrerpolicy=\"strict-origin-when-cross-origin\" allowfullscreen src=\"data:image\/svg+xml;base64,PHN2ZyB3aWR0aD0iMSIgaGVpZ2h0PSIxIiB4bWxucz0iaHR0cDovL3d3dy53My5vcmcvMjAwMC9zdmciPjwvc3ZnPg==\" class=\"lazyload\" data-load-mode=\"1\"><\/iframe>\t\n\t<p>Hora da hist\u00f3ria<\/p>\n\t\t\t\t<a href=\"https:\/\/ebenezer-oe.org\/wp-content\/uploads\/2026\/01\/POR-EBI-Issue-03-Storytime-1.pdf\"  target=\"_blank\" rel=\"noopener\"  itemprop=\"url\">\n\t\t\t\t<img decoding=\"async\" data-src=\"https:\/\/ebenezer-oe.org\/wp-content\/uploads\/2025\/07\/Childrens-Issue-3-2025.jpg\" alt=\"Childrens Issue 3 2025\" itemprop=\"image\" height=\"2000\" width=\"1414\" title=\"Childrens Issue 3 2025\" onerror=\"this.style.display='none'\" src=\"data:image\/svg+xml;base64,PHN2ZyB3aWR0aD0iMSIgaGVpZ2h0PSIxIiB4bWxucz0iaHR0cDovL3d3dy53My5vcmcvMjAwMC9zdmciPjwvc3ZnPg==\" class=\"lazyload\" style=\"--smush-placeholder-width: 1414px; --smush-placeholder-aspect-ratio: 1414\/2000;\" \/>\n\t\t\t\t<\/a>\n\t<p>Baixe as atividades!<\/p>\n\t<p><i>Assim que o PDF for aberto em uma p\u00e1gina separada do seu navegador de Internet, imprima ou salve. <\/i><\/p>\n\t<h2>Mudan\u00e7a Para Um Novo Lar<\/h2>\n\t\t<iframe title=\"Abraham moves to a new home! | Ebi&#039;s Adventures\" width=\"500\" height=\"281\" data-src=\"https:\/\/www.youtube.com\/embed\/khkQoLWY-Wg?feature=oembed\" frameborder=\"0\" allow=\"accelerometer; autoplay; clipboard-write; encrypted-media; gyroscope; picture-in-picture; web-share\" referrerpolicy=\"strict-origin-when-cross-origin\" allowfullscreen src=\"data:image\/svg+xml;base64,PHN2ZyB3aWR0aD0iMSIgaGVpZ2h0PSIxIiB4bWxucz0iaHR0cDovL3d3dy53My5vcmcvMjAwMC9zdmciPjwvc3ZnPg==\" class=\"lazyload\" data-load-mode=\"1\"><\/iframe> \t\n\t<p>Hora da hist\u00f3ria<\/p>\n\t\t\t\t<a href=\"https:\/\/ebenezer-oe.org\/wp-content\/uploads\/2025\/06\/Ebi-Issue-2-2025-POR.pdf%20\"  target=\"_blank\" rel=\"noopener\"  itemprop=\"url\">\n\t\t\t\t<img decoding=\"async\" data-src=\"https:\/\/ebenezer-oe.org\/wp-content\/uploads\/2025\/06\/POR-2-2025.jpg\" alt=\"POR 2 2025\" itemprop=\"image\" height=\"2000\" width=\"1414\" title=\"POR 2 2025\" onerror=\"this.style.display='none'\" src=\"data:image\/svg+xml;base64,PHN2ZyB3aWR0aD0iMSIgaGVpZ2h0PSIxIiB4bWxucz0iaHR0cDovL3d3dy53My5vcmcvMjAwMC9zdmciPjwvc3ZnPg==\" class=\"lazyload\" style=\"--smush-placeholder-width: 1414px; --smush-placeholder-aspect-ratio: 1414\/2000;\" \/>\n\t\t\t\t<\/a>\n\t<p>Baixe as atividades!<\/p>\n\t<p><i>Assim que o PDF for aberto em uma p\u00e1gina separada do seu navegador de Internet, imprima ou salve. <\/i><\/p>\n\t<h2>Vista De Stephen A Israel<\/h2>\n\t\t<iframe title=\"Stephen&#039;s visit to Israel | Ebi&#039;s Adventures\" width=\"500\" height=\"281\" data-src=\"https:\/\/www.youtube.com\/embed\/gMfGRwg4E3E?feature=oembed\" frameborder=\"0\" allow=\"accelerometer; autoplay; clipboard-write; encrypted-media; gyroscope; picture-in-picture; web-share\" referrerpolicy=\"strict-origin-when-cross-origin\" allowfullscreen src=\"data:image\/svg+xml;base64,PHN2ZyB3aWR0aD0iMSIgaGVpZ2h0PSIxIiB4bWxucz0iaHR0cDovL3d3dy53My5vcmcvMjAwMC9zdmciPjwvc3ZnPg==\" class=\"lazyload\" data-load-mode=\"1\"><\/iframe>\t\n\t<p>Hora da hist\u00f3ria<\/p>\n\t\t\t\t<a href=\"https:\/\/ebenezer-oe.org\/wp-content\/uploads\/2025\/06\/Ebi-Issue-1-2025-POR.pdf%20\"  target=\"_blank\" rel=\"noopener\"  itemprop=\"url\">\n\t\t\t\t<img decoding=\"async\" data-src=\"https:\/\/ebenezer-oe.org\/wp-content\/uploads\/2025\/06\/POR-1-2025.jpg\" alt=\"POR 1 2025\" itemprop=\"image\" height=\"2000\" width=\"1414\" title=\"POR 1 2025\" onerror=\"this.style.display='none'\" src=\"data:image\/svg+xml;base64,PHN2ZyB3aWR0aD0iMSIgaGVpZ2h0PSIxIiB4bWxucz0iaHR0cDovL3d3dy53My5vcmcvMjAwMC9zdmciPjwvc3ZnPg==\" class=\"lazyload\" style=\"--smush-placeholder-width: 1414px; --smush-placeholder-aspect-ratio: 1414\/2000;\" \/>\n\t\t\t\t<\/a>\n\t<p>Baixe as atividades!<\/p>\n\t<p><i>Assim que o PDF for aberto em uma p\u00e1gina separada do seu navegador de Internet, imprima ou salve. <\/i><\/p>\n\t<h2>Novo Amigos Em Israel<\/h2>\n\t\t<iframe title=\"New friends in Israel! | Ebi&#039;s Adventures\" width=\"500\" height=\"281\" data-src=\"https:\/\/www.youtube.com\/embed\/xquEjC22ICk?feature=oembed\" frameborder=\"0\" allow=\"accelerometer; autoplay; clipboard-write; encrypted-media; gyroscope; picture-in-picture; web-share\" referrerpolicy=\"strict-origin-when-cross-origin\" allowfullscreen src=\"data:image\/svg+xml;base64,PHN2ZyB3aWR0aD0iMSIgaGVpZ2h0PSIxIiB4bWxucz0iaHR0cDovL3d3dy53My5vcmcvMjAwMC9zdmciPjwvc3ZnPg==\" class=\"lazyload\" data-load-mode=\"1\"><\/iframe>\t\n\t<p>Hora da hist\u00f3ria<\/p>\n\t\t\t\t<a href=\"https:\/\/ebenezer-oe.org\/wp-content\/uploads\/2024\/12\/Ebi-Issue-4-POR.pdf%20\"  target=\"_blank\" rel=\"noopener\"  itemprop=\"url\">\n\t\t\t\t<img decoding=\"async\" data-src=\"https:\/\/ebenezer-oe.org\/wp-content\/uploads\/2024\/12\/Portugues.jpg\" alt=\"Portugues\" itemprop=\"image\" height=\"2000\" width=\"1414\" title=\"Portugues\" onerror=\"this.style.display='none'\" src=\"data:image\/svg+xml;base64,PHN2ZyB3aWR0aD0iMSIgaGVpZ2h0PSIxIiB4bWxucz0iaHR0cDovL3d3dy53My5vcmcvMjAwMC9zdmciPjwvc3ZnPg==\" class=\"lazyload\" style=\"--smush-placeholder-width: 1414px; --smush-placeholder-aspect-ratio: 1414\/2000;\" \/>\n\t\t\t\t<\/a>\n\t<p>Baixe as atividades!<\/p>\n\t<p><i>Assim que o PDF for aberto em uma p\u00e1gina separada do seu navegador de Internet, imprima ou salve. <\/i><\/p>\n\t<h2>Amigos de Davi<\/h2>\n\t\t<iframe title=\"David&#039;s Friends | Ebi&#039;s Adventures\" width=\"500\" height=\"281\" data-src=\"https:\/\/www.youtube.com\/embed\/f6kPM2lEwMs?feature=oembed\" frameborder=\"0\" allow=\"accelerometer; autoplay; clipboard-write; encrypted-media; gyroscope; picture-in-picture; web-share\" referrerpolicy=\"strict-origin-when-cross-origin\" allowfullscreen src=\"data:image\/svg+xml;base64,PHN2ZyB3aWR0aD0iMSIgaGVpZ2h0PSIxIiB4bWxucz0iaHR0cDovL3d3dy53My5vcmcvMjAwMC9zdmciPjwvc3ZnPg==\" class=\"lazyload\" data-load-mode=\"1\"><\/iframe>\t\n\t<p>Hora da hist\u00f3ria<\/p>\n\t\t\t\t<a href=\"https:\/\/ebenezer-oe.org\/wp-content\/uploads\/2024\/09\/Ebi-Issue-2-POR.pdf\"  target=\"_blank\" rel=\"noopener\"  itemprop=\"url\">\n\t\t\t\t<img decoding=\"async\" data-src=\"https:\/\/ebenezer-oe.org\/wp-content\/uploads\/2024\/09\/3-1.jpg\" alt=\"3\" itemprop=\"image\" height=\"2000\" width=\"1414\" title=\"3\" onerror=\"this.style.display='none'\" src=\"data:image\/svg+xml;base64,PHN2ZyB3aWR0aD0iMSIgaGVpZ2h0PSIxIiB4bWxucz0iaHR0cDovL3d3dy53My5vcmcvMjAwMC9zdmciPjwvc3ZnPg==\" class=\"lazyload\" style=\"--smush-placeholder-width: 1414px; --smush-placeholder-aspect-ratio: 1414\/2000;\" \/>\n\t\t\t\t<\/a>\n\t<p>Baixe as atividades!<\/p>\n\t<p><i>Assim que o PDF for aberto em uma p\u00e1gina separada do seu navegador de Internet, imprima ou salve. <\/i><\/p>\n\t<h2>O sonho de Talia<\/h2>\n\t\t<iframe title=\"Talia&#039;s Dream | Making Aliyah to Israel!\" width=\"500\" height=\"281\" data-src=\"https:\/\/www.youtube.com\/embed\/7kDzz2Fz2GU?feature=oembed\" frameborder=\"0\" allow=\"accelerometer; autoplay; clipboard-write; encrypted-media; gyroscope; picture-in-picture; web-share\" referrerpolicy=\"strict-origin-when-cross-origin\" allowfullscreen src=\"data:image\/svg+xml;base64,PHN2ZyB3aWR0aD0iMSIgaGVpZ2h0PSIxIiB4bWxucz0iaHR0cDovL3d3dy53My5vcmcvMjAwMC9zdmciPjwvc3ZnPg==\" class=\"lazyload\" data-load-mode=\"1\"><\/iframe>\t\n\t<p>Hora da hist\u00f3ria<\/p>\n\t\t\t\t<a href=\"https:\/\/ebenezer-oe.org\/wp-content\/uploads\/2024\/05\/EOE-Ebi-Kids-Issue-1-POR.pdf\"  target=\"_blank\" rel=\"noopener\"  itemprop=\"url\">\n\t\t\t\t<img decoding=\"async\" data-src=\"https:\/\/ebenezer-oe.org\/wp-content\/uploads\/2024\/05\/Por-Ebi.jpg\" alt=\"Por - Ebi\" itemprop=\"image\" height=\"2000\" width=\"1414\" title=\"Por - Ebi\" onerror=\"this.style.display='none'\" src=\"data:image\/svg+xml;base64,PHN2ZyB3aWR0aD0iMSIgaGVpZ2h0PSIxIiB4bWxucz0iaHR0cDovL3d3dy53My5vcmcvMjAwMC9zdmciPjwvc3ZnPg==\" class=\"lazyload\" style=\"--smush-placeholder-width: 1414px; --smush-placeholder-aspect-ratio: 1414\/2000;\" \/>\n\t\t\t\t<\/a>\n\t<p>Baixe as atividades!<\/p>\n\t<p><i>Assim que o PDF for aberto em uma p\u00e1gina separada do seu navegador de Internet, imprima ou salve. <\/i><\/p>\n\t<h2>Subscrever o canal da Ebi no YouTube<\/h2>\n\t\t\t<a href=\"https:\/\/www.youtube.com\/@ebisadventures\" target=\"_blank\" rel=\"noopener\">\n\t\t\t\t\t\tVisite o nosso canal\n\t\t\t\t\t<\/a>\n\t\t\t\t<img decoding=\"async\" data-src=\"https:\/\/ebenezer-oe.org\/wp-content\/uploads\/2024\/04\/Finnish-2.png\" alt=\"Finnish-2\" itemprop=\"image\" height=\"1080\" width=\"1080\" title=\"Finnish-2\" onerror=\"this.style.display='none'\" src=\"data:image\/svg+xml;base64,PHN2ZyB3aWR0aD0iMSIgaGVpZ2h0PSIxIiB4bWxucz0iaHR0cDovL3d3dy53My5vcmcvMjAwMC9zdmciPjwvc3ZnPg==\" class=\"lazyload\" style=\"--smush-placeholder-width: 1080px; --smush-placeholder-aspect-ratio: 1080\/1080;\" \/>\n\t<h2>Onde est\u00e1 Ebi?<\/h2>\n\t<p>Ebi est\u00e1 escondido em algum lugar nessas imagens, voc\u00ea consegue encontr\u00e1-lo?<\/p>\n\t\t\t\t<img decoding=\"async\" data-src=\"https:\/\/ebenezer-oe.org\/wp-content\/uploads\/2024\/03\/1-2-scaled.jpg\" alt=\"1\" itemprop=\"image\" height=\"2560\" width=\"1810\" title=\"1\" onerror=\"this.style.display='none'\" src=\"data:image\/svg+xml;base64,PHN2ZyB3aWR0aD0iMSIgaGVpZ2h0PSIxIiB4bWxucz0iaHR0cDovL3d3dy53My5vcmcvMjAwMC9zdmciPjwvc3ZnPg==\" class=\"lazyload\" style=\"--smush-placeholder-width: 1810px; --smush-placeholder-aspect-ratio: 1810\/2560;\" \/>\n\t\t\t\t<img decoding=\"async\" data-src=\"https:\/\/ebenezer-oe.org\/wp-content\/uploads\/2024\/03\/3-2-scaled.jpg\" alt=\"3\" itemprop=\"image\" height=\"2560\" width=\"1810\" title=\"3\" onerror=\"this.style.display='none'\" src=\"data:image\/svg+xml;base64,PHN2ZyB3aWR0aD0iMSIgaGVpZ2h0PSIxIiB4bWxucz0iaHR0cDovL3d3dy53My5vcmcvMjAwMC9zdmciPjwvc3ZnPg==\" class=\"lazyload\" style=\"--smush-placeholder-width: 1810px; --smush-placeholder-aspect-ratio: 1810\/2560;\" \/>\n\t\t\t\t<img decoding=\"async\" data-src=\"https:\/\/ebenezer-oe.org\/wp-content\/uploads\/2024\/03\/2-2-scaled.jpg\" alt=\"2\" itemprop=\"image\" height=\"2560\" width=\"1810\" title=\"2\" onerror=\"this.style.display='none'\" src=\"data:image\/svg+xml;base64,PHN2ZyB3aWR0aD0iMSIgaGVpZ2h0PSIxIiB4bWxucz0iaHR0cDovL3d3dy53My5vcmcvMjAwMC9zdmciPjwvc3ZnPg==\" class=\"lazyload\" style=\"--smush-placeholder-width: 1810px; --smush-placeholder-aspect-ratio: 1810\/2560;\" \/>\n\t<p><em>Para baixar essas planilhas, clique com o bot\u00e3o direito na imagem e selecione &#8216;baixar&#8217; ou &#8216;salvar como&#8217;. Voc\u00ea pode ent\u00e3o salvar esses documentos em seu computador e imprimi-los conforme necess\u00e1rio.<\/em><\/p>\n\t<p>Precisa de ajuda para baixar os recursos?<\/p>\n\t<p>Envie-nos um e-mail e informe quais recursos voc\u00ea deseja acessar. Poderemos envi\u00e1-los diretamente para voc\u00ea.<\/p>\n\t\t\t<a href=\"mailto:ruth.linnell@ebeneze-oe.org\" target=\"_self\">\n\t\t\t\t\t\t\tE-mail para recursos\n\t\t\t\t\t<\/a>\n\n","protected":false},"excerpt":{"rendered":"<p>Ol\u00e1, meu nome \u00e9 Ebi Meu melhor amigo, David, \u00e9 judeu. Ele me contou que sua fam\u00edlia est\u00e1 planejando se mudar para Israel e que \u00e9 uma decis\u00e3o importante que vem de Deus! Tenho tantas perguntas a fazer&#8230; Ent\u00e3o David disse que me apresentar\u00e1 a muitos de seus amigos e tamb\u00e9m a alguns Crist\u00e3os que&hellip;<\/p>\n","protected":false},"author":2,"featured_media":0,"parent":0,"menu_order":0,"comment_status":"closed","ping_status":"closed","template":"","meta":{"footnotes":""},"class_list":["post-108378","page","type-page","status-publish","hentry"],"yoast_head":"<!-- This site is optimized with the Yoast SEO plugin v27.2 - https:\/\/yoast.com\/product\/yoast-seo-wordpress\/ -->\n<title>As Aventuras de Ebi - Ebenezer Operation Exodus<\/title>\n<meta name=\"description\" content=\"Acompanhe as aventuras de Ebi enquanto ele aprende sobre o amor de Deus por Israel e porque \u00e9 que o povo judeu se est\u00e1 a mudar para Israel!\" \/>\n<meta name=\"robots\" content=\"index, follow, max-snippet:-1, max-image-preview:large, max-video-preview:-1\" \/>\n<link rel=\"canonical\" href=\"https:\/\/ebenezer-oe.org\/pt-br\/as-aventuras-de-ebi\/\" \/>\n<meta property=\"og:locale\" content=\"pt_BR\" \/>\n<meta property=\"og:type\" content=\"article\" \/>\n<meta property=\"og:title\" content=\"As Aventuras de Ebi - Ebenezer Operation Exodus\" \/>\n<meta property=\"og:description\" content=\"Acompanhe as aventuras de Ebi enquanto ele aprende sobre o amor de Deus por Israel e porque \u00e9 que o povo judeu se est\u00e1 a mudar para Israel!\" \/>\n<meta property=\"og:url\" content=\"https:\/\/ebenezer-oe.org\/pt-br\/as-aventuras-de-ebi\/\" \/>\n<meta property=\"og:site_name\" content=\"Ebenezer Operation Exodus\" \/>\n<meta property=\"article:publisher\" content=\"https:\/\/www.facebook.com\/EbenezerInt\" \/>\n<meta property=\"article:modified_time\" content=\"2026-01-07T06:53:02+00:00\" \/>\n<meta property=\"og:image\" content=\"https:\/\/ebenezer-oe.org\/wp-content\/uploads\/2024\/03\/Ebi-Name-Font-1.png\" \/>\n<meta name=\"twitter:card\" content=\"summary_large_image\" \/>\n<meta name=\"twitter:label1\" content=\"Est. tempo de leitura\" \/>\n\t<meta name=\"twitter:data1\" content=\"2 minutos\" \/>\n<script type=\"application\/ld+json\" class=\"yoast-schema-graph\">{\"@context\":\"https:\/\/schema.org\",\"@graph\":[{\"@type\":\"WebPage\",\"@id\":\"https:\/\/ebenezer-oe.org\/pt-br\/as-aventuras-de-ebi\/\",\"url\":\"https:\/\/ebenezer-oe.org\/pt-br\/as-aventuras-de-ebi\/\",\"name\":\"As Aventuras de Ebi - Ebenezer Operation Exodus\",\"isPartOf\":{\"@id\":\"https:\/\/ebenezer-oe.org\/#website\"},\"primaryImageOfPage\":{\"@id\":\"https:\/\/ebenezer-oe.org\/pt-br\/as-aventuras-de-ebi\/#primaryimage\"},\"image\":{\"@id\":\"https:\/\/ebenezer-oe.org\/pt-br\/as-aventuras-de-ebi\/#primaryimage\"},\"thumbnailUrl\":\"https:\/\/ebenezer-oe.org\/wp-content\/uploads\/2024\/03\/Ebi-Name-Font-1.png\",\"datePublished\":\"2024-05-28T13:31:15+00:00\",\"dateModified\":\"2026-01-07T06:53:02+00:00\",\"description\":\"Acompanhe as aventuras de Ebi enquanto ele aprende sobre o amor de Deus por Israel e porque \u00e9 que o povo judeu se est\u00e1 a mudar para Israel!\",\"breadcrumb\":{\"@id\":\"https:\/\/ebenezer-oe.org\/pt-br\/as-aventuras-de-ebi\/#breadcrumb\"},\"inLanguage\":\"pt-BR\",\"potentialAction\":[{\"@type\":\"ReadAction\",\"target\":[\"https:\/\/ebenezer-oe.org\/pt-br\/as-aventuras-de-ebi\/\"]}]},{\"@type\":\"ImageObject\",\"inLanguage\":\"pt-BR\",\"@id\":\"https:\/\/ebenezer-oe.org\/pt-br\/as-aventuras-de-ebi\/#primaryimage\",\"url\":\"https:\/\/ebenezer-oe.org\/wp-content\/uploads\/2024\/03\/Ebi-Name-Font-1.png\",\"contentUrl\":\"https:\/\/ebenezer-oe.org\/wp-content\/uploads\/2024\/03\/Ebi-Name-Font-1.png\"},{\"@type\":\"BreadcrumbList\",\"@id\":\"https:\/\/ebenezer-oe.org\/pt-br\/as-aventuras-de-ebi\/#breadcrumb\",\"itemListElement\":[{\"@type\":\"ListItem\",\"position\":1,\"name\":\"Home\",\"item\":\"https:\/\/ebenezer-oe.org\/pt-br\/\"},{\"@type\":\"ListItem\",\"position\":2,\"name\":\"As Aventuras de Ebi\"}]},{\"@type\":\"WebSite\",\"@id\":\"https:\/\/ebenezer-oe.org\/#website\",\"url\":\"https:\/\/ebenezer-oe.org\/\",\"name\":\"Ebenezer - Operation Exodus\",\"description\":\"\",\"publisher\":{\"@id\":\"https:\/\/ebenezer-oe.org\/#organization\"},\"potentialAction\":[{\"@type\":\"SearchAction\",\"target\":{\"@type\":\"EntryPoint\",\"urlTemplate\":\"https:\/\/ebenezer-oe.org\/?s={search_term_string}\"},\"query-input\":{\"@type\":\"PropertyValueSpecification\",\"valueRequired\":true,\"valueName\":\"search_term_string\"}}],\"inLanguage\":\"pt-BR\"},{\"@type\":\"Organization\",\"@id\":\"https:\/\/ebenezer-oe.org\/#organization\",\"name\":\"Ebenezer - Operation Exodus\",\"url\":\"https:\/\/ebenezer-oe.org\/\",\"logo\":{\"@type\":\"ImageObject\",\"inLanguage\":\"pt-BR\",\"@id\":\"https:\/\/ebenezer-oe.org\/#\/schema\/logo\/image\/\",\"url\":\"https:\/\/ebenezeroe.wpengine.com\/wp-content\/uploads\/2020\/09\/Logo_EOE_EN_Colour-Horizontal.png\",\"contentUrl\":\"https:\/\/ebenezeroe.wpengine.com\/wp-content\/uploads\/2020\/09\/Logo_EOE_EN_Colour-Horizontal.png\",\"width\":1922,\"height\":928,\"caption\":\"Ebenezer - Operation Exodus\"},\"image\":{\"@id\":\"https:\/\/ebenezer-oe.org\/#\/schema\/logo\/image\/\"},\"sameAs\":[\"https:\/\/www.facebook.com\/EbenezerInt\",\"https:\/\/www.instagram.com\/ebenezer_oe_eng\/\",\"https:\/\/www.youtube.com\/channel\/UC6qGHrKKeamFVz95Vd8LR1g\"]}]}<\/script>\n<!-- \/ Yoast SEO plugin. -->","yoast_head_json":{"title":"As Aventuras de Ebi - Ebenezer Operation Exodus","description":"Acompanhe as aventuras de Ebi enquanto ele aprende sobre o amor de Deus por Israel e porque \u00e9 que o povo judeu se est\u00e1 a mudar para Israel!","robots":{"index":"index","follow":"follow","max-snippet":"max-snippet:-1","max-image-preview":"max-image-preview:large","max-video-preview":"max-video-preview:-1"},"canonical":"https:\/\/ebenezer-oe.org\/pt-br\/as-aventuras-de-ebi\/","og_locale":"pt_BR","og_type":"article","og_title":"As Aventuras de Ebi - Ebenezer Operation Exodus","og_description":"Acompanhe as aventuras de Ebi enquanto ele aprende sobre o amor de Deus por Israel e porque \u00e9 que o povo judeu se est\u00e1 a mudar para Israel!","og_url":"https:\/\/ebenezer-oe.org\/pt-br\/as-aventuras-de-ebi\/","og_site_name":"Ebenezer Operation Exodus","article_publisher":"https:\/\/www.facebook.com\/EbenezerInt","article_modified_time":"2026-01-07T06:53:02+00:00","og_image":[{"url":"https:\/\/ebenezer-oe.org\/wp-content\/uploads\/2024\/03\/Ebi-Name-Font-1.png","type":"","width":"","height":""}],"twitter_card":"summary_large_image","twitter_misc":{"Est. tempo de leitura":"2 minutos"},"schema":{"@context":"https:\/\/schema.org","@graph":[{"@type":"WebPage","@id":"https:\/\/ebenezer-oe.org\/pt-br\/as-aventuras-de-ebi\/","url":"https:\/\/ebenezer-oe.org\/pt-br\/as-aventuras-de-ebi\/","name":"As Aventuras de Ebi - Ebenezer Operation Exodus","isPartOf":{"@id":"https:\/\/ebenezer-oe.org\/#website"},"primaryImageOfPage":{"@id":"https:\/\/ebenezer-oe.org\/pt-br\/as-aventuras-de-ebi\/#primaryimage"},"image":{"@id":"https:\/\/ebenezer-oe.org\/pt-br\/as-aventuras-de-ebi\/#primaryimage"},"thumbnailUrl":"https:\/\/ebenezer-oe.org\/wp-content\/uploads\/2024\/03\/Ebi-Name-Font-1.png","datePublished":"2024-05-28T13:31:15+00:00","dateModified":"2026-01-07T06:53:02+00:00","description":"Acompanhe as aventuras de Ebi enquanto ele aprende sobre o amor de Deus por Israel e porque \u00e9 que o povo judeu se est\u00e1 a mudar para Israel!","breadcrumb":{"@id":"https:\/\/ebenezer-oe.org\/pt-br\/as-aventuras-de-ebi\/#breadcrumb"},"inLanguage":"pt-BR","potentialAction":[{"@type":"ReadAction","target":["https:\/\/ebenezer-oe.org\/pt-br\/as-aventuras-de-ebi\/"]}]},{"@type":"ImageObject","inLanguage":"pt-BR","@id":"https:\/\/ebenezer-oe.org\/pt-br\/as-aventuras-de-ebi\/#primaryimage","url":"https:\/\/ebenezer-oe.org\/wp-content\/uploads\/2024\/03\/Ebi-Name-Font-1.png","contentUrl":"https:\/\/ebenezer-oe.org\/wp-content\/uploads\/2024\/03\/Ebi-Name-Font-1.png"},{"@type":"BreadcrumbList","@id":"https:\/\/ebenezer-oe.org\/pt-br\/as-aventuras-de-ebi\/#breadcrumb","itemListElement":[{"@type":"ListItem","position":1,"name":"Home","item":"https:\/\/ebenezer-oe.org\/pt-br\/"},{"@type":"ListItem","position":2,"name":"As Aventuras de Ebi"}]},{"@type":"WebSite","@id":"https:\/\/ebenezer-oe.org\/#website","url":"https:\/\/ebenezer-oe.org\/","name":"Ebenezer - Operation Exodus","description":"","publisher":{"@id":"https:\/\/ebenezer-oe.org\/#organization"},"potentialAction":[{"@type":"SearchAction","target":{"@type":"EntryPoint","urlTemplate":"https:\/\/ebenezer-oe.org\/?s={search_term_string}"},"query-input":{"@type":"PropertyValueSpecification","valueRequired":true,"valueName":"search_term_string"}}],"inLanguage":"pt-BR"},{"@type":"Organization","@id":"https:\/\/ebenezer-oe.org\/#organization","name":"Ebenezer - Operation Exodus","url":"https:\/\/ebenezer-oe.org\/","logo":{"@type":"ImageObject","inLanguage":"pt-BR","@id":"https:\/\/ebenezer-oe.org\/#\/schema\/logo\/image\/","url":"https:\/\/ebenezeroe.wpengine.com\/wp-content\/uploads\/2020\/09\/Logo_EOE_EN_Colour-Horizontal.png","contentUrl":"https:\/\/ebenezeroe.wpengine.com\/wp-content\/uploads\/2020\/09\/Logo_EOE_EN_Colour-Horizontal.png","width":1922,"height":928,"caption":"Ebenezer - Operation Exodus"},"image":{"@id":"https:\/\/ebenezer-oe.org\/#\/schema\/logo\/image\/"},"sameAs":["https:\/\/www.facebook.com\/EbenezerInt","https:\/\/www.instagram.com\/ebenezer_oe_eng\/","https:\/\/www.youtube.com\/channel\/UC6qGHrKKeamFVz95Vd8LR1g"]}]}},"_links":{"self":[{"href":"https:\/\/ebenezer-oe.org\/pt-br\/wp-json\/wp\/v2\/pages\/108378","targetHints":{"allow":["GET"]}}],"collection":[{"href":"https:\/\/ebenezer-oe.org\/pt-br\/wp-json\/wp\/v2\/pages"}],"about":[{"href":"https:\/\/ebenezer-oe.org\/pt-br\/wp-json\/wp\/v2\/types\/page"}],"author":[{"embeddable":true,"href":"https:\/\/ebenezer-oe.org\/pt-br\/wp-json\/wp\/v2\/users\/2"}],"replies":[{"embeddable":true,"href":"https:\/\/ebenezer-oe.org\/pt-br\/wp-json\/wp\/v2\/comments?post=108378"}],"version-history":[{"count":0,"href":"https:\/\/ebenezer-oe.org\/pt-br\/wp-json\/wp\/v2\/pages\/108378\/revisions"}],"wp:attachment":[{"href":"https:\/\/ebenezer-oe.org\/pt-br\/wp-json\/wp\/v2\/media?parent=108378"}],"curies":[{"name":"wp","href":"https:\/\/api.w.org\/{rel}","templated":true}]}}