{"id":42756,"date":"2021-10-11T11:27:22","date_gmt":"2021-10-11T11:27:22","guid":{"rendered":"https:\/\/ebenezer-oe.org\/sobre-nos\/"},"modified":"2023-07-26T08:33:37","modified_gmt":"2023-07-26T08:33:37","slug":"sobre-nos","status":"publish","type":"page","link":"https:\/\/ebenezer-oe.org\/pt-br\/sobre-nos\/","title":{"rendered":"Sobre n\u00f3s"},"content":{"rendered":"\n<h2>\n\t\tQuem somos\n\t<\/h2>\n\t<p>Nossa vis\u00e3o \u00e9 ser servos e intercessores do Senhor, para ajudar o povo Judeu a retornar \u00e0 Terra de Israel de todas as na\u00e7\u00f5es e para proclamar os prop\u00f3sitos do reino de Deus para o seu retorno.<\/p>\n\t\t\t\t\t<a href=\"#\" id=\"fl-accordion--label-0\" tabindex=\"0\" aria-controls=\"fl-accordion--panel-0\">N\u00f3s Acreditamos<\/a>\n\t\t\t\t\t\t\t\t\t\t\t<a href=\"#\" id=\"fl-accordion--icon-0\" tabindex=\"0\" aria-controls=\"fl-accordion--panel-0\"><i>Expand<\/i><\/a>\n\t\t\t\t\t<p><strong>N\u00d3S ACREDITAMOS:<\/strong><\/p>\n<ul>\n<li>Em um Deus consistindo de Pai, Filho e Esp\u00edrito Santo. <em>Marcos 12:29, Mateus 28:19<\/em><\/li>\n<li>Jesus \u00e9 o filho unig\u00eanito de Deus Pai.<em> Salmo 2: 7, Jo\u00e3o 3:16<\/em><\/li>\n<li>A salva\u00e7\u00e3o (justifica\u00e7\u00e3o) \u00e9 atrav\u00e9s da f\u00e9 no sacrif\u00edcio expiat\u00f3rio de Jesus Cristo <em>Ef\u00e9sios 2: 8, Lucas 24: 46-47<\/em><\/li>\n<li>O Esp\u00edrito Santo habita em todos os crentes e d\u00e1 poder para o servi\u00e7o. <em>Jo\u00e3o 14: 23b, Atos 1: 8<\/em><\/li>\n<li>As Escrituras s\u00e3o divinamente inspiradas 2 <em>Tim\u00f3teo 3: 16-17<\/em><\/li>\n<li>A Igreja, o corpo do Messias consiste de todos os crentes, nascidos do Esp\u00edrito de Deus pela gra\u00e7a por meio da f\u00e9 em Jesus Cristo. <em>Ef\u00e9sios 2: 8, 13-22<\/em><\/li>\n<li>Deus tem um prop\u00f3sito espiritual prof\u00e9tico para o retorno do povo Judeu \u00e0 Terra que Ele lhes prometeu.<em> Jeremias 32: 37-41, Ezequiel 37:14<\/em><\/li>\n<li>Jesus um dia retornar\u00e1 fisicamente \u00e0 terra e reinar\u00e1 de Jerusal\u00e9m. <em>Zacarias 14: 4, Atos 1:11<\/em><\/li>\n<\/ul>\n\t\t\t\t<a href=\"https:\/\/ebenezer-oe.org\/pt-br\/sobre-nos\/nossa-historia\/\" target=\"_self\" itemprop=\"url\" rel=\"noopener\">\n\t\t\t\t<img decoding=\"async\" data-src=\"https:\/\/ebenezer-oe.org\/wp-content\/uploads\/2021\/04\/Untitled-design-27.png\" alt=\"Untitled design-27\" itemprop=\"image\" height=\"800\" width=\"1200\" title=\"Untitled design-27\" onerror=\"this.style.display='none'\" src=\"data:image\/svg+xml;base64,PHN2ZyB3aWR0aD0iMSIgaGVpZ2h0PSIxIiB4bWxucz0iaHR0cDovL3d3dy53My5vcmcvMjAwMC9zdmciPjwvc3ZnPg==\" class=\"lazyload\" style=\"--smush-placeholder-width: 1200px; --smush-placeholder-aspect-ratio: 1200\/800;\" \/>\n\t\t\t\t<\/a>\n<h3>\n\t\t<a href=\"https:\/\/ebenezeroe.wpengine.com\/pt-br\/sobre-nos\/nossa-historia\/\" title=\"Nossa Hist\u00f3ria\" target=\"_self\" rel=\"noopener\">\n\t\tNossa Hist\u00f3ria\n\t\t<\/a>\n\t<\/h3>\n\t<p>Nosso minist\u00e9rio foi concebido em uma confer\u00eancia de ora\u00e7\u00e3o em Jerusal\u00e9m durante a Guerra do Golfo em 1991. A lideran\u00e7a da confer\u00eancia sentiu que Deus estava dizendo que agora \u00e9 a hora de ajudar o povo Judeu a voltar para casa.<\/p>\n<p>Foi assim que o minist\u00e9rio come\u00e7ou e continua &#8230;<\/p>\n\t\t\t<a href=\"https:\/\/ebenezer-oe.org\/pt-br\/sobre-nos\/nossa-historia\/\" target=\"_self\" rel=\"noopener\">\n\t\t\t\t\t\t\tDescubra mais\n\t\t\t\t\t<\/a>\n\t\t\t\t<a href=\"https:\/\/ebenezer-oe.org\/pt-br\/sobre-nos\/por-que-aliyah\/\" target=\"_self\" itemprop=\"url\" rel=\"noopener\">\n\t\t\t\t<img decoding=\"async\" data-src=\"https:\/\/ebenezer-oe.org\/wp-content\/uploads\/2021\/02\/BringingHisPeopleHome-opt.png\" alt=\"BringingHisPeopleHome-opt\" itemprop=\"image\" height=\"800\" width=\"1200\" title=\"BringingHisPeopleHome-opt\" onerror=\"this.style.display='none'\" src=\"data:image\/svg+xml;base64,PHN2ZyB3aWR0aD0iMSIgaGVpZ2h0PSIxIiB4bWxucz0iaHR0cDovL3d3dy53My5vcmcvMjAwMC9zdmciPjwvc3ZnPg==\" class=\"lazyload\" style=\"--smush-placeholder-width: 1200px; --smush-placeholder-aspect-ratio: 1200\/800;\" \/>\n\t\t\t\t<\/a>\n<h4>\n\t\t<a href=\"https:\/\/ebenezeroe.wpengine.com\/pt-br\/sobre-nos\/por-que-aliyah\/\" title=\"Por Que Aliyah?\" target=\"_self\" rel=\"noopener\">\n\t\tPor Que Aliyah?\n\t\t<\/a>\n\t<\/h4>\n\t<p>Aliyah \u00e9 o retorno do povo judeu a uma terra da qual foram separados h\u00e1 cerca de dois mil anos. Desde ent\u00e3o, todos os anos, o brinde da P\u00e1scoa, &#8216;Pr\u00f3ximo Ano em Jerusal\u00e9m&#8217; expressa esta esperan\u00e7a e sonho. <\/p>\n<p>Temos sido chamados para ajudar por v\u00e1rios motivos &#8230;<\/p>\n\t\t\t<a href=\"https:\/\/ebenezer-oe.org\/pt-br\/sobre-nos\/por-que-aliyah\/\" target=\"_self\" rel=\"noopener\">\n\t\t\t\t\t\t\tDescubra mais\n\t\t\t\t\t<\/a>\n\t\t\t\t<a href=\"https:\/\/ebenezer-oe.org\/pt-br\/sobre-nos\/fundacao-de-oracao\/\" target=\"_self\" itemprop=\"url\" rel=\"noopener\">\n\t\t\t\t<img decoding=\"async\" data-src=\"https:\/\/ebenezer-oe.org\/wp-content\/uploads\/2021\/02\/Gebet-als-Grundlage-opt.png\" alt=\"Gebet-als-Grundlage-opt\" itemprop=\"image\" height=\"800\" width=\"1200\" title=\"Gebet-als-Grundlage-opt\" onerror=\"this.style.display='none'\" src=\"data:image\/svg+xml;base64,PHN2ZyB3aWR0aD0iMSIgaGVpZ2h0PSIxIiB4bWxucz0iaHR0cDovL3d3dy53My5vcmcvMjAwMC9zdmciPjwvc3ZnPg==\" class=\"lazyload\" style=\"--smush-placeholder-width: 1200px; --smush-placeholder-aspect-ratio: 1200\/800;\" \/>\n\t\t\t\t<\/a>\n<h3>\n\t\t<a href=\"https:\/\/ebenezeroe.wpengine.com\/pt-br\/sobre-nos\/fundacao-de-oracao\/\" title=\"Funda\u00e7\u00e3o De Ora\u00e7\u00e3o\" target=\"_self\" rel=\"noopener\">\n\t\tFunda\u00e7\u00e3o De Ora\u00e7\u00e3o\n\t\t<\/a>\n\t<\/h3>\n\t<p>Nascemos em ora\u00e7\u00e3o e a lideran\u00e7a sente que a ora\u00e7\u00e3o deve ser a base de todas as nossas atividades &#8230;<\/p>\n\t\t\t<a href=\"https:\/\/ebenezer-oe.org\/pt-br\/sobre-nos\/fundacao-de-oracao\/\" target=\"_self\" rel=\"noopener\">\n\t\t\t\t\t\t\tDescubra mais\n\t\t\t\t\t<\/a>\n\t\t\t\t<a href=\"https:\/\/ebenezer-oe.org\/pt-br\/sobre-nos\/nosso-trabalho\/\" target=\"_self\" itemprop=\"url\" rel=\"noopener\">\n\t\t\t\t<img decoding=\"async\" data-src=\"https:\/\/ebenezer-oe.org\/wp-content\/uploads\/2021\/02\/haifa-house.png\" alt=\"haifa-house\" itemprop=\"image\" height=\"800\" width=\"1200\" title=\"haifa-house\" onerror=\"this.style.display='none'\" src=\"data:image\/svg+xml;base64,PHN2ZyB3aWR0aD0iMSIgaGVpZ2h0PSIxIiB4bWxucz0iaHR0cDovL3d3dy53My5vcmcvMjAwMC9zdmciPjwvc3ZnPg==\" class=\"lazyload\" style=\"--smush-placeholder-width: 1200px; --smush-placeholder-aspect-ratio: 1200\/800;\" \/>\n\t\t\t\t<\/a>\n<h3>\n\t\t<a href=\"https:\/\/ebenezeroe.wpengine.com\/pt-br\/sobre-nos\/nosso-trabalho\/\" title=\"Nosso Trabalho\" target=\"_self\" rel=\"noopener\">\n\t\tNosso Trabalho\n\t\t<\/a>\n\t<\/h3>\n\t<p>Nosso trabalho envolve ajudar o maior n\u00famero poss\u00edvel de Judeus a imigrar para Israel. Tamb\u00e9m fornecemos ajuda humanit\u00e1ria quando necess\u00e1rio e ajuda financeira e pr\u00e1tica no processo de Aliyah &#8230;<\/p>\n\t\t\t<a href=\"https:\/\/ebenezer-oe.org\/pt-br\/sobre-nos\/nosso-trabalho\/\" target=\"_self\" rel=\"noopener\">\n\t\t\t\t\t\t\tDescubra mais\n\t\t\t\t\t<\/a>\n\t\t\t\t<a href=\"https:\/\/ebenezer-oe.org\/pt-br\/sobre-nos\/ensino\/\" target=\"_self\" itemprop=\"url\" rel=\"noopener\">\n\t\t\t\t<img decoding=\"async\" data-src=\"https:\/\/ebenezer-oe.org\/wp-content\/uploads\/2021\/02\/28891158955_18d819e8e6_opt.png\" alt=\"28891158955_18d819e8e6_opt\" itemprop=\"image\" height=\"800\" width=\"1200\" title=\"28891158955_18d819e8e6_opt\" onerror=\"this.style.display='none'\" src=\"data:image\/svg+xml;base64,PHN2ZyB3aWR0aD0iMSIgaGVpZ2h0PSIxIiB4bWxucz0iaHR0cDovL3d3dy53My5vcmcvMjAwMC9zdmciPjwvc3ZnPg==\" class=\"lazyload\" style=\"--smush-placeholder-width: 1200px; --smush-placeholder-aspect-ratio: 1200\/800;\" \/>\n\t\t\t\t<\/a>\n<h3>\n\t\t<a href=\"https:\/\/ebenezeroe.wpengine.com\/pt-br\/sobre-nos\/ensino\/\" title=\"Ensino\" target=\"_self\" rel=\"noopener\">\n\t\tEnsino\n\t\t<\/a>\n\t<\/h3>\n\t<p>Um dos nossos objetivos \u00e9 promover um entendimento na Igreja da import\u00e2ncia do povo Judeu nos prop\u00f3sitos eternos de Deus &#8230;.<\/p>\n\t\t\t<a href=\"https:\/\/ebenezer-oe.org\/pt-br\/sobre-nos\/ensino\/\" target=\"_self\" rel=\"noopener\">\n\t\t\t\t\t\t\tDescubra mais\n\t\t\t\t\t<\/a>\n\n","protected":false},"excerpt":{"rendered":"<p>Quem somos Nossa vis\u00e3o \u00e9 ser servos e intercessores do Senhor, para ajudar o povo Judeu a retornar \u00e0 Terra de Israel de todas as na\u00e7\u00f5es e para proclamar os prop\u00f3sitos do reino de Deus para o seu retorno. N\u00f3s Acreditamos Expand N\u00d3S ACREDITAMOS: Em um Deus consistindo de Pai, Filho e Esp\u00edrito Santo. Marcos&hellip;<\/p>\n","protected":false},"author":1,"featured_media":0,"parent":0,"menu_order":0,"comment_status":"closed","ping_status":"closed","template":"","meta":{"footnotes":""},"class_list":["post-42756","page","type-page","status-publish","hentry"],"yoast_head":"<!-- This site is optimized with the Yoast SEO plugin v27.4 - https:\/\/yoast.com\/product\/yoast-seo-wordpress\/ -->\n<title>Sobre n\u00f3s - Ebenezer Operation Exodus<\/title>\n<meta name=\"robots\" content=\"index, follow, max-snippet:-1, max-image-preview:large, max-video-preview:-1\" \/>\n<link rel=\"canonical\" href=\"https:\/\/ebenezer-oe.org\/pt-br\/sobre-nos\/\" \/>\n<meta property=\"og:locale\" content=\"pt_BR\" \/>\n<meta property=\"og:type\" content=\"article\" \/>\n<meta property=\"og:title\" content=\"Sobre n\u00f3s - Ebenezer Operation Exodus\" \/>\n<meta property=\"og:description\" content=\"Quem somos Nossa vis\u00e3o \u00e9 ser servos e intercessores do Senhor, para ajudar o povo Judeu a retornar \u00e0 Terra de Israel de todas as na\u00e7\u00f5es e para proclamar os prop\u00f3sitos do reino de Deus para o seu retorno. N\u00f3s Acreditamos Expand N\u00d3S ACREDITAMOS: Em um Deus consistindo de Pai, Filho e Esp\u00edrito Santo. Marcos&hellip;\" \/>\n<meta property=\"og:url\" content=\"https:\/\/ebenezer-oe.org\/pt-br\/sobre-nos\/\" \/>\n<meta property=\"og:site_name\" content=\"Ebenezer Operation Exodus\" \/>\n<meta property=\"article:publisher\" content=\"https:\/\/www.facebook.com\/EbenezerInt\" \/>\n<meta property=\"article:modified_time\" content=\"2023-07-26T08:33:37+00:00\" \/>\n<meta property=\"og:image\" content=\"https:\/\/ebenezer-oe.org\/wp-content\/uploads\/2021\/04\/Untitled-design-27.png\" \/>\n<meta name=\"twitter:card\" content=\"summary_large_image\" \/>\n<meta name=\"twitter:label1\" content=\"Est. tempo de leitura\" \/>\n\t<meta name=\"twitter:data1\" content=\"2 minutos\" \/>\n<script type=\"application\/ld+json\" class=\"yoast-schema-graph\">{\"@context\":\"https:\\\/\\\/schema.org\",\"@graph\":[{\"@type\":\"WebPage\",\"@id\":\"https:\\\/\\\/ebenezer-oe.org\\\/pt-br\\\/sobre-nos\\\/\",\"url\":\"https:\\\/\\\/ebenezer-oe.org\\\/pt-br\\\/sobre-nos\\\/\",\"name\":\"Sobre n\u00f3s - Ebenezer Operation Exodus\",\"isPartOf\":{\"@id\":\"https:\\\/\\\/ebenezer-oe.org\\\/#website\"},\"primaryImageOfPage\":{\"@id\":\"https:\\\/\\\/ebenezer-oe.org\\\/pt-br\\\/sobre-nos\\\/#primaryimage\"},\"image\":{\"@id\":\"https:\\\/\\\/ebenezer-oe.org\\\/pt-br\\\/sobre-nos\\\/#primaryimage\"},\"thumbnailUrl\":\"https:\\\/\\\/ebenezer-oe.org\\\/wp-content\\\/uploads\\\/2021\\\/04\\\/Untitled-design-27.png\",\"datePublished\":\"2021-10-11T11:27:22+00:00\",\"dateModified\":\"2023-07-26T08:33:37+00:00\",\"breadcrumb\":{\"@id\":\"https:\\\/\\\/ebenezer-oe.org\\\/pt-br\\\/sobre-nos\\\/#breadcrumb\"},\"inLanguage\":\"pt-BR\",\"potentialAction\":[{\"@type\":\"ReadAction\",\"target\":[\"https:\\\/\\\/ebenezer-oe.org\\\/pt-br\\\/sobre-nos\\\/\"]}]},{\"@type\":\"ImageObject\",\"inLanguage\":\"pt-BR\",\"@id\":\"https:\\\/\\\/ebenezer-oe.org\\\/pt-br\\\/sobre-nos\\\/#primaryimage\",\"url\":\"https:\\\/\\\/ebenezer-oe.org\\\/wp-content\\\/uploads\\\/2021\\\/04\\\/Untitled-design-27.png\",\"contentUrl\":\"https:\\\/\\\/ebenezer-oe.org\\\/wp-content\\\/uploads\\\/2021\\\/04\\\/Untitled-design-27.png\"},{\"@type\":\"BreadcrumbList\",\"@id\":\"https:\\\/\\\/ebenezer-oe.org\\\/pt-br\\\/sobre-nos\\\/#breadcrumb\",\"itemListElement\":[{\"@type\":\"ListItem\",\"position\":1,\"name\":\"Home\",\"item\":\"https:\\\/\\\/ebenezer-oe.org\\\/pt-br\\\/\"},{\"@type\":\"ListItem\",\"position\":2,\"name\":\"Sobre n\u00f3s\"}]},{\"@type\":\"WebSite\",\"@id\":\"https:\\\/\\\/ebenezer-oe.org\\\/#website\",\"url\":\"https:\\\/\\\/ebenezer-oe.org\\\/\",\"name\":\"Ebenezer - Operation Exodus\",\"description\":\"\",\"publisher\":{\"@id\":\"https:\\\/\\\/ebenezer-oe.org\\\/#organization\"},\"potentialAction\":[{\"@type\":\"SearchAction\",\"target\":{\"@type\":\"EntryPoint\",\"urlTemplate\":\"https:\\\/\\\/ebenezer-oe.org\\\/?s={search_term_string}\"},\"query-input\":{\"@type\":\"PropertyValueSpecification\",\"valueRequired\":true,\"valueName\":\"search_term_string\"}}],\"inLanguage\":\"pt-BR\"},{\"@type\":\"Organization\",\"@id\":\"https:\\\/\\\/ebenezer-oe.org\\\/#organization\",\"name\":\"Ebenezer - Operation Exodus\",\"url\":\"https:\\\/\\\/ebenezer-oe.org\\\/\",\"logo\":{\"@type\":\"ImageObject\",\"inLanguage\":\"pt-BR\",\"@id\":\"https:\\\/\\\/ebenezer-oe.org\\\/#\\\/schema\\\/logo\\\/image\\\/\",\"url\":\"https:\\\/\\\/ebenezeroe.wpengine.com\\\/wp-content\\\/uploads\\\/2020\\\/09\\\/Logo_EOE_EN_Colour-Horizontal.png\",\"contentUrl\":\"https:\\\/\\\/ebenezeroe.wpengine.com\\\/wp-content\\\/uploads\\\/2020\\\/09\\\/Logo_EOE_EN_Colour-Horizontal.png\",\"width\":1922,\"height\":928,\"caption\":\"Ebenezer - Operation Exodus\"},\"image\":{\"@id\":\"https:\\\/\\\/ebenezer-oe.org\\\/#\\\/schema\\\/logo\\\/image\\\/\"},\"sameAs\":[\"https:\\\/\\\/www.facebook.com\\\/EbenezerInt\",\"https:\\\/\\\/www.instagram.com\\\/ebenezer_oe_eng\\\/\",\"https:\\\/\\\/www.youtube.com\\\/channel\\\/UC6qGHrKKeamFVz95Vd8LR1g\"]}]}<\/script>\n<!-- \/ Yoast SEO plugin. -->","yoast_head_json":{"title":"Sobre n\u00f3s - Ebenezer Operation Exodus","robots":{"index":"index","follow":"follow","max-snippet":"max-snippet:-1","max-image-preview":"max-image-preview:large","max-video-preview":"max-video-preview:-1"},"canonical":"https:\/\/ebenezer-oe.org\/pt-br\/sobre-nos\/","og_locale":"pt_BR","og_type":"article","og_title":"Sobre n\u00f3s - Ebenezer Operation Exodus","og_description":"Quem somos Nossa vis\u00e3o \u00e9 ser servos e intercessores do Senhor, para ajudar o povo Judeu a retornar \u00e0 Terra de Israel de todas as na\u00e7\u00f5es e para proclamar os prop\u00f3sitos do reino de Deus para o seu retorno. N\u00f3s Acreditamos Expand N\u00d3S ACREDITAMOS: Em um Deus consistindo de Pai, Filho e Esp\u00edrito Santo. Marcos&hellip;","og_url":"https:\/\/ebenezer-oe.org\/pt-br\/sobre-nos\/","og_site_name":"Ebenezer Operation Exodus","article_publisher":"https:\/\/www.facebook.com\/EbenezerInt","article_modified_time":"2023-07-26T08:33:37+00:00","og_image":[{"url":"https:\/\/ebenezer-oe.org\/wp-content\/uploads\/2021\/04\/Untitled-design-27.png","type":"","width":"","height":""}],"twitter_card":"summary_large_image","twitter_misc":{"Est. tempo de leitura":"2 minutos"},"schema":{"@context":"https:\/\/schema.org","@graph":[{"@type":"WebPage","@id":"https:\/\/ebenezer-oe.org\/pt-br\/sobre-nos\/","url":"https:\/\/ebenezer-oe.org\/pt-br\/sobre-nos\/","name":"Sobre n\u00f3s - Ebenezer Operation Exodus","isPartOf":{"@id":"https:\/\/ebenezer-oe.org\/#website"},"primaryImageOfPage":{"@id":"https:\/\/ebenezer-oe.org\/pt-br\/sobre-nos\/#primaryimage"},"image":{"@id":"https:\/\/ebenezer-oe.org\/pt-br\/sobre-nos\/#primaryimage"},"thumbnailUrl":"https:\/\/ebenezer-oe.org\/wp-content\/uploads\/2021\/04\/Untitled-design-27.png","datePublished":"2021-10-11T11:27:22+00:00","dateModified":"2023-07-26T08:33:37+00:00","breadcrumb":{"@id":"https:\/\/ebenezer-oe.org\/pt-br\/sobre-nos\/#breadcrumb"},"inLanguage":"pt-BR","potentialAction":[{"@type":"ReadAction","target":["https:\/\/ebenezer-oe.org\/pt-br\/sobre-nos\/"]}]},{"@type":"ImageObject","inLanguage":"pt-BR","@id":"https:\/\/ebenezer-oe.org\/pt-br\/sobre-nos\/#primaryimage","url":"https:\/\/ebenezer-oe.org\/wp-content\/uploads\/2021\/04\/Untitled-design-27.png","contentUrl":"https:\/\/ebenezer-oe.org\/wp-content\/uploads\/2021\/04\/Untitled-design-27.png"},{"@type":"BreadcrumbList","@id":"https:\/\/ebenezer-oe.org\/pt-br\/sobre-nos\/#breadcrumb","itemListElement":[{"@type":"ListItem","position":1,"name":"Home","item":"https:\/\/ebenezer-oe.org\/pt-br\/"},{"@type":"ListItem","position":2,"name":"Sobre n\u00f3s"}]},{"@type":"WebSite","@id":"https:\/\/ebenezer-oe.org\/#website","url":"https:\/\/ebenezer-oe.org\/","name":"Ebenezer - Operation Exodus","description":"","publisher":{"@id":"https:\/\/ebenezer-oe.org\/#organization"},"potentialAction":[{"@type":"SearchAction","target":{"@type":"EntryPoint","urlTemplate":"https:\/\/ebenezer-oe.org\/?s={search_term_string}"},"query-input":{"@type":"PropertyValueSpecification","valueRequired":true,"valueName":"search_term_string"}}],"inLanguage":"pt-BR"},{"@type":"Organization","@id":"https:\/\/ebenezer-oe.org\/#organization","name":"Ebenezer - Operation Exodus","url":"https:\/\/ebenezer-oe.org\/","logo":{"@type":"ImageObject","inLanguage":"pt-BR","@id":"https:\/\/ebenezer-oe.org\/#\/schema\/logo\/image\/","url":"https:\/\/ebenezeroe.wpengine.com\/wp-content\/uploads\/2020\/09\/Logo_EOE_EN_Colour-Horizontal.png","contentUrl":"https:\/\/ebenezeroe.wpengine.com\/wp-content\/uploads\/2020\/09\/Logo_EOE_EN_Colour-Horizontal.png","width":1922,"height":928,"caption":"Ebenezer - Operation Exodus"},"image":{"@id":"https:\/\/ebenezer-oe.org\/#\/schema\/logo\/image\/"},"sameAs":["https:\/\/www.facebook.com\/EbenezerInt","https:\/\/www.instagram.com\/ebenezer_oe_eng\/","https:\/\/www.youtube.com\/channel\/UC6qGHrKKeamFVz95Vd8LR1g"]}]}},"_links":{"self":[{"href":"https:\/\/ebenezer-oe.org\/pt-br\/wp-json\/wp\/v2\/pages\/42756","targetHints":{"allow":["GET"]}}],"collection":[{"href":"https:\/\/ebenezer-oe.org\/pt-br\/wp-json\/wp\/v2\/pages"}],"about":[{"href":"https:\/\/ebenezer-oe.org\/pt-br\/wp-json\/wp\/v2\/types\/page"}],"author":[{"embeddable":true,"href":"https:\/\/ebenezer-oe.org\/pt-br\/wp-json\/wp\/v2\/users\/1"}],"replies":[{"embeddable":true,"href":"https:\/\/ebenezer-oe.org\/pt-br\/wp-json\/wp\/v2\/comments?post=42756"}],"version-history":[{"count":0,"href":"https:\/\/ebenezer-oe.org\/pt-br\/wp-json\/wp\/v2\/pages\/42756\/revisions"}],"wp:attachment":[{"href":"https:\/\/ebenezer-oe.org\/pt-br\/wp-json\/wp\/v2\/media?parent=42756"}],"curies":[{"name":"wp","href":"https:\/\/api.w.org\/{rel}","templated":true}]}}