{"id":44916,"date":"2021-10-15T05:03:54","date_gmt":"2021-10-15T05:03:54","guid":{"rendered":"https:\/\/ebenezer-oe.org\/doe\/"},"modified":"2024-02-19T09:18:35","modified_gmt":"2024-02-19T09:18:35","slug":"doe","status":"publish","type":"page","link":"https:\/\/ebenezer-oe.org\/pt-br\/doe\/","title":{"rendered":"Doe"},"content":{"rendered":"\n\n\t<h2>Doe<\/h2>\n\t<p>&nbsp;<\/p>\n<p>&nbsp;<\/p>\n\t<p>O minist\u00e9rio de Ebenezer Operation Exodus funciona em todos os continentes e em mais de 55 pa\u00edses.<\/p>\n<p>Se voc\u00ea gostaria de ser nosso parceiro contribuindo financeiramente, ficar\u00edamos muito gratos.<\/p>\n\t<p>H\u00e1 v\u00e1rias maneiras de se fazer isso:<\/p>\n\t\t<h3><a href=\"https:\/\/www.paypal.com\/donate?token=VlI0Sg6zXkYiT2CSdhpZMff9szrsGZOzeOsavd6MzdVzp__VwgdIIdboSYnBS_EGM9vhCNVeD0VHCCDR\" target=\"_self\" rel=\"noopener\">Paypal &amp; Cart\u00e3o<\/a><\/h3><p>D\u00ea atrav\u00e9s de uma conta Paypal ou usando seu cart\u00e3o banc\u00e1rio.<\/p>\n<p>Caso se aplique o aux\u00edlio para presentes (somente no Reino Unido), favor deixar uma nota nas instru\u00e7\u00f5es especiais<\/p>\n\t\t\t<a href=\"https:\/\/www.paypal.com\/donate?hosted_button_id=LYA8PTHMA4ZGN\" target=\"_blank\" rel=\"noopener\">\n\t\t\t\t\t\t\tD\u00ea Hoje\n\t\t\t\t\t<\/a>\n\t\t<h3><a href=\"https:\/\/ebenezeroe.wpengine.com\/pt-br\/contate-nos\/\" target=\"_self\" rel=\"noopener\">Transfer\u00eancia banc\u00e1ria<\/a><\/h3>Nossa conta banc\u00e1ria para doa\u00e7\u00f5es:\nAssocia\u00e7\u00e3o Opera\u00e7\u00e3o \u00caxodo Eben\u00e9zer\nBRADESCO\nAG 1835\nCC 450-2\nTED ou DOC CNPJ 12.184.327\/000140\nPIX 12.184.327\/0001-40\n<p>&nbsp;<\/p>\n\t\t<h3><a href=\"https:\/\/secured.israelgives.org\/donate\/Operation_Exodus_Israel?_branch_match_id=486075015344824811\" target=\"_self\" rel=\"noopener\">Israel d\u00e1<\/a><\/h3><p>Clique no bot\u00e3o abaixo para ir para o site do Israel Gives.<\/p>\n\t\t\t<a href=\"https:\/\/secured.israelgives.org\/donate\/Operation_Exodus_Israel?_branch_match_id=486075015344824811\" target=\"_blank\" rel=\"noopener\">\n\t\t\t\t\t\t\tIsrael d\u00e1\n\t\t\t\t\t<\/a>\n\t<p>Se voc\u00ea \u00e9 um contribuinte do Reino Unido e gostaria de doar sua doa\u00e7\u00e3o, voc\u00ea pode aumentar o valor doado sem nenhum custo extra para si mesmo&#8230;<\/p>\n\t\t<h3><a href=\"https:\/\/www.cafonline.org\/my-personal-giving\/start-giving\/donate-now\" target=\"_self\" rel=\"noopener\">CAF<\/a><\/h3><p>Ofere\u00e7a seu presente sob o esquema de presente-ajuda. Siga o link e pesquise o Fundo de Ajuda Ebenezer.<\/p>\n\t\t\t<a href=\"https:\/\/www.cafonline.org\/my-personal-giving\/start-giving\/donate-now\" target=\"_blank\" rel=\"noopener\">\n\t\t\t\t\t\t\tDoe\n\t\t\t\t\t<\/a>\n\n","protected":false},"excerpt":{"rendered":"<p>Doe &nbsp; &nbsp; O minist\u00e9rio de Ebenezer Operation Exodus funciona em todos os continentes e em mais de 55 pa\u00edses. Se voc\u00ea gostaria de ser nosso parceiro contribuindo financeiramente, ficar\u00edamos muito gratos. H\u00e1 v\u00e1rias maneiras de se fazer isso: Paypal &amp; Cart\u00e3o D\u00ea atrav\u00e9s de uma conta Paypal ou usando seu cart\u00e3o banc\u00e1rio. Caso se&hellip;<\/p>\n","protected":false},"author":1,"featured_media":0,"parent":0,"menu_order":0,"comment_status":"closed","ping_status":"closed","template":"","meta":{"footnotes":""},"class_list":["post-44916","page","type-page","status-publish","hentry"],"yoast_head":"<!-- This site is optimized with the Yoast SEO plugin v27.4 - https:\/\/yoast.com\/product\/yoast-seo-wordpress\/ -->\n<title>Doe - Ebenezer Operation Exodus<\/title>\n<meta name=\"robots\" content=\"index, follow, max-snippet:-1, max-image-preview:large, max-video-preview:-1\" \/>\n<link rel=\"canonical\" href=\"https:\/\/ebenezer-oe.org\/pt-br\/doe\/\" \/>\n<meta property=\"og:locale\" content=\"pt_BR\" \/>\n<meta property=\"og:type\" content=\"article\" \/>\n<meta property=\"og:title\" content=\"Doe - Ebenezer Operation Exodus\" \/>\n<meta property=\"og:description\" content=\"Doe &nbsp; &nbsp; O minist\u00e9rio de Ebenezer Operation Exodus funciona em todos os continentes e em mais de 55 pa\u00edses. Se voc\u00ea gostaria de ser nosso parceiro contribuindo financeiramente, ficar\u00edamos muito gratos. H\u00e1 v\u00e1rias maneiras de se fazer isso: Paypal &amp; Cart\u00e3o D\u00ea atrav\u00e9s de uma conta Paypal ou usando seu cart\u00e3o banc\u00e1rio. Caso se&hellip;\" \/>\n<meta property=\"og:url\" content=\"https:\/\/ebenezer-oe.org\/pt-br\/doe\/\" \/>\n<meta property=\"og:site_name\" content=\"Ebenezer Operation Exodus\" \/>\n<meta property=\"article:publisher\" content=\"https:\/\/www.facebook.com\/EbenezerInt\" \/>\n<meta property=\"article:modified_time\" content=\"2024-02-19T09:18:35+00:00\" \/>\n<meta name=\"twitter:card\" content=\"summary_large_image\" \/>\n<meta name=\"twitter:label1\" content=\"Est. tempo de leitura\" \/>\n\t<meta name=\"twitter:data1\" content=\"1 minuto\" \/>\n<script type=\"application\/ld+json\" class=\"yoast-schema-graph\">{\"@context\":\"https:\\\/\\\/schema.org\",\"@graph\":[{\"@type\":\"WebPage\",\"@id\":\"https:\\\/\\\/ebenezer-oe.org\\\/pt-br\\\/doe\\\/\",\"url\":\"https:\\\/\\\/ebenezer-oe.org\\\/pt-br\\\/doe\\\/\",\"name\":\"Doe - Ebenezer Operation Exodus\",\"isPartOf\":{\"@id\":\"https:\\\/\\\/ebenezer-oe.org\\\/#website\"},\"datePublished\":\"2021-10-15T05:03:54+00:00\",\"dateModified\":\"2024-02-19T09:18:35+00:00\",\"breadcrumb\":{\"@id\":\"https:\\\/\\\/ebenezer-oe.org\\\/pt-br\\\/doe\\\/#breadcrumb\"},\"inLanguage\":\"pt-BR\",\"potentialAction\":[{\"@type\":\"ReadAction\",\"target\":[\"https:\\\/\\\/ebenezer-oe.org\\\/pt-br\\\/doe\\\/\"]}]},{\"@type\":\"BreadcrumbList\",\"@id\":\"https:\\\/\\\/ebenezer-oe.org\\\/pt-br\\\/doe\\\/#breadcrumb\",\"itemListElement\":[{\"@type\":\"ListItem\",\"position\":1,\"name\":\"Home\",\"item\":\"https:\\\/\\\/ebenezer-oe.org\\\/pt-br\\\/\"},{\"@type\":\"ListItem\",\"position\":2,\"name\":\"Doe\"}]},{\"@type\":\"WebSite\",\"@id\":\"https:\\\/\\\/ebenezer-oe.org\\\/#website\",\"url\":\"https:\\\/\\\/ebenezer-oe.org\\\/\",\"name\":\"Ebenezer - Operation Exodus\",\"description\":\"\",\"publisher\":{\"@id\":\"https:\\\/\\\/ebenezer-oe.org\\\/#organization\"},\"potentialAction\":[{\"@type\":\"SearchAction\",\"target\":{\"@type\":\"EntryPoint\",\"urlTemplate\":\"https:\\\/\\\/ebenezer-oe.org\\\/?s={search_term_string}\"},\"query-input\":{\"@type\":\"PropertyValueSpecification\",\"valueRequired\":true,\"valueName\":\"search_term_string\"}}],\"inLanguage\":\"pt-BR\"},{\"@type\":\"Organization\",\"@id\":\"https:\\\/\\\/ebenezer-oe.org\\\/#organization\",\"name\":\"Ebenezer - Operation Exodus\",\"url\":\"https:\\\/\\\/ebenezer-oe.org\\\/\",\"logo\":{\"@type\":\"ImageObject\",\"inLanguage\":\"pt-BR\",\"@id\":\"https:\\\/\\\/ebenezer-oe.org\\\/#\\\/schema\\\/logo\\\/image\\\/\",\"url\":\"https:\\\/\\\/ebenezeroe.wpengine.com\\\/wp-content\\\/uploads\\\/2020\\\/09\\\/Logo_EOE_EN_Colour-Horizontal.png\",\"contentUrl\":\"https:\\\/\\\/ebenezeroe.wpengine.com\\\/wp-content\\\/uploads\\\/2020\\\/09\\\/Logo_EOE_EN_Colour-Horizontal.png\",\"width\":1922,\"height\":928,\"caption\":\"Ebenezer - Operation Exodus\"},\"image\":{\"@id\":\"https:\\\/\\\/ebenezer-oe.org\\\/#\\\/schema\\\/logo\\\/image\\\/\"},\"sameAs\":[\"https:\\\/\\\/www.facebook.com\\\/EbenezerInt\",\"https:\\\/\\\/www.instagram.com\\\/ebenezer_oe_eng\\\/\",\"https:\\\/\\\/www.youtube.com\\\/channel\\\/UC6qGHrKKeamFVz95Vd8LR1g\"]}]}<\/script>\n<!-- \/ Yoast SEO plugin. -->","yoast_head_json":{"title":"Doe - Ebenezer Operation Exodus","robots":{"index":"index","follow":"follow","max-snippet":"max-snippet:-1","max-image-preview":"max-image-preview:large","max-video-preview":"max-video-preview:-1"},"canonical":"https:\/\/ebenezer-oe.org\/pt-br\/doe\/","og_locale":"pt_BR","og_type":"article","og_title":"Doe - Ebenezer Operation Exodus","og_description":"Doe &nbsp; &nbsp; O minist\u00e9rio de Ebenezer Operation Exodus funciona em todos os continentes e em mais de 55 pa\u00edses. Se voc\u00ea gostaria de ser nosso parceiro contribuindo financeiramente, ficar\u00edamos muito gratos. H\u00e1 v\u00e1rias maneiras de se fazer isso: Paypal &amp; Cart\u00e3o D\u00ea atrav\u00e9s de uma conta Paypal ou usando seu cart\u00e3o banc\u00e1rio. Caso se&hellip;","og_url":"https:\/\/ebenezer-oe.org\/pt-br\/doe\/","og_site_name":"Ebenezer Operation Exodus","article_publisher":"https:\/\/www.facebook.com\/EbenezerInt","article_modified_time":"2024-02-19T09:18:35+00:00","twitter_card":"summary_large_image","twitter_misc":{"Est. tempo de leitura":"1 minuto"},"schema":{"@context":"https:\/\/schema.org","@graph":[{"@type":"WebPage","@id":"https:\/\/ebenezer-oe.org\/pt-br\/doe\/","url":"https:\/\/ebenezer-oe.org\/pt-br\/doe\/","name":"Doe - Ebenezer Operation Exodus","isPartOf":{"@id":"https:\/\/ebenezer-oe.org\/#website"},"datePublished":"2021-10-15T05:03:54+00:00","dateModified":"2024-02-19T09:18:35+00:00","breadcrumb":{"@id":"https:\/\/ebenezer-oe.org\/pt-br\/doe\/#breadcrumb"},"inLanguage":"pt-BR","potentialAction":[{"@type":"ReadAction","target":["https:\/\/ebenezer-oe.org\/pt-br\/doe\/"]}]},{"@type":"BreadcrumbList","@id":"https:\/\/ebenezer-oe.org\/pt-br\/doe\/#breadcrumb","itemListElement":[{"@type":"ListItem","position":1,"name":"Home","item":"https:\/\/ebenezer-oe.org\/pt-br\/"},{"@type":"ListItem","position":2,"name":"Doe"}]},{"@type":"WebSite","@id":"https:\/\/ebenezer-oe.org\/#website","url":"https:\/\/ebenezer-oe.org\/","name":"Ebenezer - Operation Exodus","description":"","publisher":{"@id":"https:\/\/ebenezer-oe.org\/#organization"},"potentialAction":[{"@type":"SearchAction","target":{"@type":"EntryPoint","urlTemplate":"https:\/\/ebenezer-oe.org\/?s={search_term_string}"},"query-input":{"@type":"PropertyValueSpecification","valueRequired":true,"valueName":"search_term_string"}}],"inLanguage":"pt-BR"},{"@type":"Organization","@id":"https:\/\/ebenezer-oe.org\/#organization","name":"Ebenezer - Operation Exodus","url":"https:\/\/ebenezer-oe.org\/","logo":{"@type":"ImageObject","inLanguage":"pt-BR","@id":"https:\/\/ebenezer-oe.org\/#\/schema\/logo\/image\/","url":"https:\/\/ebenezeroe.wpengine.com\/wp-content\/uploads\/2020\/09\/Logo_EOE_EN_Colour-Horizontal.png","contentUrl":"https:\/\/ebenezeroe.wpengine.com\/wp-content\/uploads\/2020\/09\/Logo_EOE_EN_Colour-Horizontal.png","width":1922,"height":928,"caption":"Ebenezer - Operation Exodus"},"image":{"@id":"https:\/\/ebenezer-oe.org\/#\/schema\/logo\/image\/"},"sameAs":["https:\/\/www.facebook.com\/EbenezerInt","https:\/\/www.instagram.com\/ebenezer_oe_eng\/","https:\/\/www.youtube.com\/channel\/UC6qGHrKKeamFVz95Vd8LR1g"]}]}},"_links":{"self":[{"href":"https:\/\/ebenezer-oe.org\/pt-br\/wp-json\/wp\/v2\/pages\/44916","targetHints":{"allow":["GET"]}}],"collection":[{"href":"https:\/\/ebenezer-oe.org\/pt-br\/wp-json\/wp\/v2\/pages"}],"about":[{"href":"https:\/\/ebenezer-oe.org\/pt-br\/wp-json\/wp\/v2\/types\/page"}],"author":[{"embeddable":true,"href":"https:\/\/ebenezer-oe.org\/pt-br\/wp-json\/wp\/v2\/users\/1"}],"replies":[{"embeddable":true,"href":"https:\/\/ebenezer-oe.org\/pt-br\/wp-json\/wp\/v2\/comments?post=44916"}],"version-history":[{"count":0,"href":"https:\/\/ebenezer-oe.org\/pt-br\/wp-json\/wp\/v2\/pages\/44916\/revisions"}],"wp:attachment":[{"href":"https:\/\/ebenezer-oe.org\/pt-br\/wp-json\/wp\/v2\/media?parent=44916"}],"curies":[{"name":"wp","href":"https:\/\/api.w.org\/{rel}","templated":true}]}}