{"id":47491,"date":"2021-12-03T09:39:32","date_gmt":"2021-12-03T09:39:32","guid":{"rendered":"https:\/\/ebenezer-oe.org\/no-seu-pais\/"},"modified":"2025-08-05T13:55:17","modified_gmt":"2025-08-05T13:55:17","slug":"no-seu-pais","status":"publish","type":"page","link":"https:\/\/ebenezer-oe.org\/pt-br\/no-seu-pais\/","title":{"rendered":"No seu pa\u00eds"},"content":{"rendered":"\n<h2>\n\t\t\tNo seu pa\u00eds\t<\/h2>\n\t<p>Descubra o que est\u00e1 acontecendo em seu pa\u00eds.<\/p>\n\t<p>Nosso minist\u00e9rio tem sido internacional desde o in\u00edcio em Jerusal\u00e9m 1991, quando 120 intercessores de v\u00e1rias na\u00e7\u00f5es se reuniram para orar por Israel.<\/p>\n\t<p>Trabalhamos em cerca de 60 na\u00e7\u00f5es em 6 continentes e investimos na constru\u00e7\u00e3o de relacionamentos entre essas na\u00e7\u00f5es.<\/p>\n<h2>\n\t\t\tEuropa\t<\/h2>\n\t\t\t\t<a href=\"https:\/\/ebenezer.be\"  target=\"_blank\" rel=\"noopener\"  itemprop=\"url\">\n\t\t\t\t<img decoding=\"async\" data-src=\"https:\/\/ebenezer-oe.org\/wp-content\/uploads\/2023\/09\/belgium.png\" alt=\"belgium\" itemprop=\"image\" height=\"1080\" width=\"1080\" title=\"belgium\" onerror=\"this.style.display='none'\" src=\"data:image\/svg+xml;base64,PHN2ZyB3aWR0aD0iMSIgaGVpZ2h0PSIxIiB4bWxucz0iaHR0cDovL3d3dy53My5vcmcvMjAwMC9zdmciPjwvc3ZnPg==\" class=\"lazyload\" style=\"--smush-placeholder-width: 1080px; --smush-placeholder-aspect-ratio: 1080\/1080;\" \/>\n\t\t\t\t<\/a>\n<h2>\n\t\t\tMikrodalga\t<\/h2>\n\t\t\t\t<a href=\"https:\/\/ebenezer-oe.org\/cyprus\/\"  target=\"_self\" itemprop=\"url\">\n\t\t\t\t<img decoding=\"async\" data-src=\"https:\/\/ebenezer-oe.org\/wp-content\/uploads\/2022\/11\/Website-Transparent-background-13.png\" alt=\"Website Transparent background-13\" itemprop=\"image\" height=\"1080\" width=\"1080\" title=\"Website Transparent background-13\" onerror=\"this.style.display='none'\" src=\"data:image\/svg+xml;base64,PHN2ZyB3aWR0aD0iMSIgaGVpZ2h0PSIxIiB4bWxucz0iaHR0cDovL3d3dy53My5vcmcvMjAwMC9zdmciPjwvc3ZnPg==\" class=\"lazyload\" style=\"--smush-placeholder-width: 1080px; --smush-placeholder-aspect-ratio: 1080\/1080;\" \/>\n\t\t\t\t<\/a>\n<h2>\n\t\t<a href=\"https:\/\/ebenezeroe.wpengine.com\/cyprus\/\" title=\"Chipre\"  target=\"_self\">\n\t\t\tChipre\t\t<\/a>\n\t<\/h2>\n\t\t\t\t<a href=\"http:\/\/alyah.net\"  target=\"_blank\" rel=\"noopener\"  itemprop=\"url\">\n\t\t\t\t<img decoding=\"async\" data-src=\"https:\/\/ebenezeroe.wpengine.com\/wp-content\/uploads\/2021\/08\/9.png\" alt=\"9\" itemprop=\"image\" title=\"9\" onerror=\"this.style.display='none'\" src=\"data:image\/svg+xml;base64,PHN2ZyB3aWR0aD0iMSIgaGVpZ2h0PSIxIiB4bWxucz0iaHR0cDovL3d3dy53My5vcmcvMjAwMC9zdmciPjwvc3ZnPg==\" class=\"lazyload\" \/>\n\t\t\t\t<\/a>\n<h2>\n\t\t\tFrankrike\t<\/h2>\n\t\t\t\t<a href=\"http:\/\/ebenezer-oe.org\/nl\/nederland\/\"  target=\"_self\" itemprop=\"url\">\n\t\t\t\t<img decoding=\"async\" data-src=\"https:\/\/ebenezer-oe.org\/wp-content\/uploads\/2022\/11\/Website-Transparent-background-14.png\" alt=\"Website Transparent background-14\" itemprop=\"image\" height=\"1080\" width=\"1080\" title=\"Website Transparent background-14\" onerror=\"this.style.display='none'\" src=\"data:image\/svg+xml;base64,PHN2ZyB3aWR0aD0iMSIgaGVpZ2h0PSIxIiB4bWxucz0iaHR0cDovL3d3dy53My5vcmcvMjAwMC9zdmciPjwvc3ZnPg==\" class=\"lazyload\" style=\"--smush-placeholder-width: 1080px; --smush-placeholder-aspect-ratio: 1080\/1080;\" \/>\n\t\t\t\t<\/a>\n<h2>\n\t\t\tPa\u00edses Baixos\t<\/h2>\n\t\t\t\t<a href=\"https:\/\/sites.google.com\/view\/ebenezer-emergenzy-fund-norge\/start\"  target=\"_blank\" rel=\"noopener\"  itemprop=\"url\">\n\t\t\t\t<img decoding=\"async\" data-src=\"https:\/\/ebenezeroe.wpengine.com\/wp-content\/uploads\/2021\/10\/Website-Transparent-background.png\" alt=\"Website Transparent background\" itemprop=\"image\" title=\"Website Transparent background\" onerror=\"this.style.display='none'\" src=\"data:image\/svg+xml;base64,PHN2ZyB3aWR0aD0iMSIgaGVpZ2h0PSIxIiB4bWxucz0iaHR0cDovL3d3dy53My5vcmcvMjAwMC9zdmciPjwvc3ZnPg==\" class=\"lazyload\" \/>\n\t\t\t\t<\/a>\n<h2>\n\t\t\tNoruega\t<\/h2>\n\t\t\t\t<a href=\"https:\/\/ebenezer-oe.org\/de\/schweiz\/\"  target=\"_self\" itemprop=\"url\">\n\t\t\t\t<img decoding=\"async\" data-src=\"https:\/\/ebenezer-oe.org\/wp-content\/uploads\/2023\/09\/switzerland-2.png\" alt=\"switzerland-2\" itemprop=\"image\" height=\"1080\" width=\"1080\" title=\"switzerland-2\" onerror=\"this.style.display='none'\" src=\"data:image\/svg+xml;base64,PHN2ZyB3aWR0aD0iMSIgaGVpZ2h0PSIxIiB4bWxucz0iaHR0cDovL3d3dy53My5vcmcvMjAwMC9zdmciPjwvc3ZnPg==\" class=\"lazyload\" style=\"--smush-placeholder-width: 1080px; --smush-placeholder-aspect-ratio: 1080\/1080;\" \/>\n\t\t\t\t<\/a>\n<h2>\n\t\t\tSu\u00ed\u00e7a\t<\/h2>\n\t\t\t\t<a href=\"https:\/\/ebenezer-oe.org\/uk\/\"  target=\"_self\" itemprop=\"url\">\n\t\t\t\t<img decoding=\"async\" data-src=\"https:\/\/ebenezer-oe.org\/wp-content\/uploads\/2021\/06\/Untitled-design-51.png\" alt=\"Untitled design-51\" itemprop=\"image\" height=\"1080\" width=\"1080\" title=\"Untitled design-51\" onerror=\"this.style.display='none'\" src=\"data:image\/svg+xml;base64,PHN2ZyB3aWR0aD0iMSIgaGVpZ2h0PSIxIiB4bWxucz0iaHR0cDovL3d3dy53My5vcmcvMjAwMC9zdmciPjwvc3ZnPg==\" class=\"lazyload\" style=\"--smush-placeholder-width: 1080px; --smush-placeholder-aspect-ratio: 1080\/1080;\" \/>\n\t\t\t\t<\/a>\n<h2>\n\t\t\tStorbritannien och Irland\t<\/h2>\n\t\t\t\t<a href=\"https:\/\/ebenezer-oe.org\/de\/deutschland\/\"  target=\"_self\" itemprop=\"url\">\n\t\t\t\t<img decoding=\"async\" data-src=\"https:\/\/ebenezer-oe.org\/wp-content\/uploads\/2023\/10\/germany-.png\" alt=\"germany\" itemprop=\"image\" height=\"1080\" width=\"1080\" title=\"germany\" onerror=\"this.style.display='none'\" src=\"data:image\/svg+xml;base64,PHN2ZyB3aWR0aD0iMSIgaGVpZ2h0PSIxIiB4bWxucz0iaHR0cDovL3d3dy53My5vcmcvMjAwMC9zdmciPjwvc3ZnPg==\" class=\"lazyload\" style=\"--smush-placeholder-width: 1080px; --smush-placeholder-aspect-ratio: 1080\/1080;\" \/>\n\t\t\t\t<\/a>\n<h2>\n\t\t\tAlemanha\t<\/h2>\n\t\t\t\t<a href=\"https:\/\/ebenezer-oe.org\/sv\/sverige\/\"  target=\"_self\" itemprop=\"url\">\n\t\t\t\t<img decoding=\"async\" data-src=\"https:\/\/ebenezer-oe.org\/wp-content\/uploads\/2025\/08\/Sweden.png\" alt=\"Sweden\" itemprop=\"image\" height=\"1080\" width=\"1080\" title=\"Sweden\" onerror=\"this.style.display='none'\" src=\"data:image\/svg+xml;base64,PHN2ZyB3aWR0aD0iMSIgaGVpZ2h0PSIxIiB4bWxucz0iaHR0cDovL3d3dy53My5vcmcvMjAwMC9zdmciPjwvc3ZnPg==\" class=\"lazyload\" style=\"--smush-placeholder-width: 1080px; --smush-placeholder-aspect-ratio: 1080\/1080;\" \/>\n\t\t\t\t<\/a>\n<h2>\n\t\t\tSu\u00e9cia\t<\/h2>\n<h2>\n\t\t\tAm\u00e9ricas\t<\/h2>\n\t\t\t\t<a href=\"https:\/\/operationexodus.ca\"  target=\"_blank\" rel=\"noopener\"  itemprop=\"url\">\n\t\t\t\t<img decoding=\"async\" data-src=\"https:\/\/ebenezeroe.wpengine.com\/wp-content\/uploads\/2021\/08\/4.png\" alt=\"4\" itemprop=\"image\" title=\"4\" onerror=\"this.style.display='none'\" src=\"data:image\/svg+xml;base64,PHN2ZyB3aWR0aD0iMSIgaGVpZ2h0PSIxIiB4bWxucz0iaHR0cDovL3d3dy53My5vcmcvMjAwMC9zdmciPjwvc3ZnPg==\" class=\"lazyload\" \/>\n\t\t\t\t<\/a>\n<h2>\n\t\t\tKanada\t<\/h2>\n\t\t\t\t<a href=\"https:\/\/ebenezer-oe.org\/es\/america-latina\/\"  target=\"_self\" itemprop=\"url\">\n\t\t\t\t<img decoding=\"async\" data-src=\"https:\/\/ebenezer-oe.org\/wp-content\/uploads\/2023\/09\/Website-Transparent-background-3.png\" alt=\"Website Transparent background-3\" itemprop=\"image\" height=\"1080\" width=\"1080\" title=\"Website Transparent background-3\" onerror=\"this.style.display='none'\" src=\"data:image\/svg+xml;base64,PHN2ZyB3aWR0aD0iMSIgaGVpZ2h0PSIxIiB4bWxucz0iaHR0cDovL3d3dy53My5vcmcvMjAwMC9zdmciPjwvc3ZnPg==\" class=\"lazyload\" style=\"--smush-placeholder-width: 1080px; --smush-placeholder-aspect-ratio: 1080\/1080;\" \/>\n\t\t\t\t<\/a>\n<h2>\n\t\t\tAm\u00e9rica Latina\t<\/h2>\n\t\t\t\t<a href=\"https:\/\/ebenezer-oe.org\/es\/mexico\/\"  target=\"_self\" itemprop=\"url\">\n\t\t\t\t<img decoding=\"async\" data-src=\"https:\/\/ebenezer-oe.org\/wp-content\/uploads\/2022\/10\/Website-Transparent-background-8.png\" alt=\"Website Transparent background-8\" itemprop=\"image\" height=\"1080\" width=\"1080\" title=\"Website Transparent background-8\" onerror=\"this.style.display='none'\" src=\"data:image\/svg+xml;base64,PHN2ZyB3aWR0aD0iMSIgaGVpZ2h0PSIxIiB4bWxucz0iaHR0cDovL3d3dy53My5vcmcvMjAwMC9zdmciPjwvc3ZnPg==\" class=\"lazyload\" style=\"--smush-placeholder-width: 1080px; --smush-placeholder-aspect-ratio: 1080\/1080;\" \/>\n\t\t\t\t<\/a>\n<h2>\n\t\t\tM\u00e9xico\t<\/h2>\n\t\t\t\t<a href=\"https:\/\/operationexodususa.org\"  target=\"_blank\" rel=\"noopener\"  itemprop=\"url\">\n\t\t\t\t<img decoding=\"async\" data-src=\"https:\/\/ebenezeroe.wpengine.com\/wp-content\/uploads\/2021\/08\/5.png\" alt=\"5\" itemprop=\"image\" title=\"5\" onerror=\"this.style.display='none'\" src=\"data:image\/svg+xml;base64,PHN2ZyB3aWR0aD0iMSIgaGVpZ2h0PSIxIiB4bWxucz0iaHR0cDovL3d3dy53My5vcmcvMjAwMC9zdmciPjwvc3ZnPg==\" class=\"lazyload\" \/>\n\t\t\t\t<\/a>\n<h2>\n\t\t\tEUA\t<\/h2>\n<h2>\n\t\t\tIsrael\t<\/h2>\n\t\t\t\t<a href=\"https:\/\/ebenezer.org.il\"  target=\"_blank\" rel=\"noopener\"  itemprop=\"url\">\n\t\t\t\t<img decoding=\"async\" data-src=\"https:\/\/ebenezeroe.wpengine.com\/wp-content\/uploads\/2021\/12\/Website-Transparent-background-3.png\" alt=\"Website Transparent background-3\" itemprop=\"image\" title=\"Website Transparent background-3\" onerror=\"this.style.display='none'\" src=\"data:image\/svg+xml;base64,PHN2ZyB3aWR0aD0iMSIgaGVpZ2h0PSIxIiB4bWxucz0iaHR0cDovL3d3dy53My5vcmcvMjAwMC9zdmciPjwvc3ZnPg==\" class=\"lazyload\" \/>\n\t\t\t\t<\/a>\n<h2>\n\t\t\tIsrael\t<\/h2>\n<h2>\n\t\t\t\u00c1sia Pac\u00edfico\t<\/h2>\n\t\t\t\t<a href=\"https:\/\/www.eoeaspac.org\/australia-1\"  target=\"_blank\" rel=\"noopener\"  itemprop=\"url\">\n\t\t\t\t<img decoding=\"async\" data-src=\"https:\/\/ebenezeroe.wpengine.com\/wp-content\/uploads\/2021\/08\/6.png\" alt=\"6\" itemprop=\"image\" title=\"6\" onerror=\"this.style.display='none'\" src=\"data:image\/svg+xml;base64,PHN2ZyB3aWR0aD0iMSIgaGVpZ2h0PSIxIiB4bWxucz0iaHR0cDovL3d3dy53My5vcmcvMjAwMC9zdmciPjwvc3ZnPg==\" class=\"lazyload\" \/>\n\t\t\t\t<\/a>\n<h2>\n\t\t\tAustralien\t<\/h2>\n\t\t\t\t<a href=\"https:\/\/www.eoeaspac.org\/new-zealand\"  target=\"_blank\" rel=\"noopener\"  itemprop=\"url\">\n\t\t\t\t<img decoding=\"async\" data-src=\"https:\/\/ebenezeroe.wpengine.com\/wp-content\/uploads\/2021\/08\/7.png\" alt=\"7\" itemprop=\"image\" title=\"7\" onerror=\"this.style.display='none'\" src=\"data:image\/svg+xml;base64,PHN2ZyB3aWR0aD0iMSIgaGVpZ2h0PSIxIiB4bWxucz0iaHR0cDovL3d3dy53My5vcmcvMjAwMC9zdmciPjwvc3ZnPg==\" class=\"lazyload\" \/>\n\t\t\t\t<\/a>\n<h2>\n\t\t\tNya Zeeland\t<\/h2>\n\t\t\t\t<a href=\"https:\/\/www.eoeaspac.org\/singapore\"  target=\"_blank\" rel=\"noopener\"  itemprop=\"url\">\n\t\t\t\t<img decoding=\"async\" data-src=\"https:\/\/ebenezeroe.wpengine.com\/wp-content\/uploads\/2021\/08\/8.png\" alt=\"8\" itemprop=\"image\" title=\"8\" onerror=\"this.style.display='none'\" src=\"data:image\/svg+xml;base64,PHN2ZyB3aWR0aD0iMSIgaGVpZ2h0PSIxIiB4bWxucz0iaHR0cDovL3d3dy53My5vcmcvMjAwMC9zdmciPjwvc3ZnPg==\" class=\"lazyload\" \/>\n\t\t\t\t<\/a>\n<h2>\n\t\t\tCingapura\t<\/h2>\n\t\t\t\t<a href=\"https:\/\/www.eoeaspac.org\/philippines\"  target=\"_blank\" rel=\"noopener\"  itemprop=\"url\">\n\t\t\t\t<img decoding=\"async\" data-src=\"https:\/\/ebenezer-oe.org\/wp-content\/uploads\/2023\/09\/phillipines.png\" alt=\"phillipines\" itemprop=\"image\" height=\"1080\" width=\"1080\" title=\"phillipines\" onerror=\"this.style.display='none'\" src=\"data:image\/svg+xml;base64,PHN2ZyB3aWR0aD0iMSIgaGVpZ2h0PSIxIiB4bWxucz0iaHR0cDovL3d3dy53My5vcmcvMjAwMC9zdmciPjwvc3ZnPg==\" class=\"lazyload\" style=\"--smush-placeholder-width: 1080px; --smush-placeholder-aspect-ratio: 1080\/1080;\" \/>\n\t\t\t\t<\/a>\n<h2>\n\t\t\tFilipinas\t<\/h2>\n\t\t\t\t<a href=\"https:\/\/www.eoeaspac.org\/asia-pacific\"  target=\"_blank\" rel=\"noopener\"  itemprop=\"url\">\n\t\t\t\t<img decoding=\"async\" data-src=\"https:\/\/ebenezer-oe.org\/wp-content\/uploads\/2023\/09\/asia-pacific.png\" alt=\"asia pacific\" itemprop=\"image\" height=\"1080\" width=\"1080\" title=\"asia pacific\" onerror=\"this.style.display='none'\" src=\"data:image\/svg+xml;base64,PHN2ZyB3aWR0aD0iMSIgaGVpZ2h0PSIxIiB4bWxucz0iaHR0cDovL3d3dy53My5vcmcvMjAwMC9zdmciPjwvc3ZnPg==\" class=\"lazyload\" style=\"--smush-placeholder-width: 1080px; --smush-placeholder-aspect-ratio: 1080\/1080;\" \/>\n\t\t\t\t<\/a>\n<h2>\n\t\t\tOutros pa\u00edses da \u00c1sia-Pac\u00edfico\t<\/h2>\n<h2>\n\t\t\t\u00c1frica\t<\/h2>\n\t\t\t\t<a href=\"https:\/\/ebenezer-oe.org\/southafrica\/\"  target=\"_self\" itemprop=\"url\">\n\t\t\t\t<img decoding=\"async\" data-src=\"https:\/\/ebenezer-oe.org\/wp-content\/uploads\/2023\/04\/Website-Transparent-background-17.png\" alt=\"Website Transparent background-17\" itemprop=\"image\" height=\"1080\" width=\"1080\" title=\"Website Transparent background-17\" onerror=\"this.style.display='none'\" src=\"data:image\/svg+xml;base64,PHN2ZyB3aWR0aD0iMSIgaGVpZ2h0PSIxIiB4bWxucz0iaHR0cDovL3d3dy53My5vcmcvMjAwMC9zdmciPjwvc3ZnPg==\" class=\"lazyload\" style=\"--smush-placeholder-width: 1080px; --smush-placeholder-aspect-ratio: 1080\/1080;\" \/>\n\t\t\t\t<\/a>\n<h2>\n\t\t<a href=\"https:\/\/ebenezer-oe.org\/southafrica\/\" title=\"\u00c1frica do sul\"  target=\"_self\">\n\t\t\t\u00c1frica do sul\t\t<\/a>\n\t<\/h2>\n\t\t\t\t<a href=\"https:\/\/ebenezer-oe.org\/fr\/drcongo\/\"  target=\"_self\" itemprop=\"url\">\n\t\t\t\t<img decoding=\"async\" data-src=\"https:\/\/ebenezer-oe.org\/wp-content\/uploads\/2023\/10\/DRC.png\" alt=\"DRC\" itemprop=\"image\" height=\"1080\" width=\"1080\" title=\"DRC\" onerror=\"this.style.display='none'\" src=\"data:image\/svg+xml;base64,PHN2ZyB3aWR0aD0iMSIgaGVpZ2h0PSIxIiB4bWxucz0iaHR0cDovL3d3dy53My5vcmcvMjAwMC9zdmciPjwvc3ZnPg==\" class=\"lazyload\" style=\"--smush-placeholder-width: 1080px; --smush-placeholder-aspect-ratio: 1080\/1080;\" \/>\n\t\t\t\t<\/a>\n<h2>\n\t\t<a href=\"https:\/\/ebenezer-oe.org\/fr\/drcongo\/\" title=\"Rep\u00fablica Democr\u00e1tica do Congo\"  target=\"_self\">\n\t\t\tRep\u00fablica Democr\u00e1tica do Congo\t\t<\/a>\n\t<\/h2>\n\n","protected":false},"excerpt":{"rendered":"<p>No seu pa\u00eds Descubra o que est\u00e1 acontecendo em seu pa\u00eds. Nosso minist\u00e9rio tem sido internacional desde o in\u00edcio em Jerusal\u00e9m 1991, quando 120 intercessores de v\u00e1rias na\u00e7\u00f5es se reuniram para orar por Israel. Trabalhamos em cerca de 60 na\u00e7\u00f5es em 6 continentes e investimos na constru\u00e7\u00e3o de relacionamentos entre essas na\u00e7\u00f5es. Europa Mikrodalga Chipre&hellip;<\/p>\n","protected":false},"author":1,"featured_media":0,"parent":0,"menu_order":0,"comment_status":"closed","ping_status":"closed","template":"","meta":{"footnotes":""},"class_list":["post-47491","page","type-page","status-publish","hentry"],"yoast_head":"<!-- This site is optimized with the Yoast SEO plugin v27.2 - https:\/\/yoast.com\/product\/yoast-seo-wordpress\/ -->\n<title>No seu pa\u00eds - Ebenezer Operation Exodus<\/title>\n<meta name=\"robots\" content=\"index, follow, max-snippet:-1, max-image-preview:large, max-video-preview:-1\" \/>\n<link rel=\"canonical\" href=\"https:\/\/ebenezer-oe.org\/pt-br\/no-seu-pais\/\" \/>\n<meta property=\"og:locale\" content=\"pt_BR\" \/>\n<meta property=\"og:type\" content=\"article\" \/>\n<meta property=\"og:title\" content=\"No seu pa\u00eds - Ebenezer Operation Exodus\" \/>\n<meta property=\"og:description\" content=\"No seu pa\u00eds Descubra o que est\u00e1 acontecendo em seu pa\u00eds. Nosso minist\u00e9rio tem sido internacional desde o in\u00edcio em Jerusal\u00e9m 1991, quando 120 intercessores de v\u00e1rias na\u00e7\u00f5es se reuniram para orar por Israel. Trabalhamos em cerca de 60 na\u00e7\u00f5es em 6 continentes e investimos na constru\u00e7\u00e3o de relacionamentos entre essas na\u00e7\u00f5es. Europa Mikrodalga Chipre&hellip;\" \/>\n<meta property=\"og:url\" content=\"https:\/\/ebenezer-oe.org\/pt-br\/no-seu-pais\/\" \/>\n<meta property=\"og:site_name\" content=\"Ebenezer Operation Exodus\" \/>\n<meta property=\"article:publisher\" content=\"https:\/\/www.facebook.com\/EbenezerInt\" \/>\n<meta property=\"article:modified_time\" content=\"2025-08-05T13:55:17+00:00\" \/>\n<meta property=\"og:image\" content=\"https:\/\/ebenezer-oe.org\/wp-content\/uploads\/2023\/09\/belgium.png\" \/>\n<meta name=\"twitter:card\" content=\"summary_large_image\" \/>\n<meta name=\"twitter:label1\" content=\"Est. tempo de leitura\" \/>\n\t<meta name=\"twitter:data1\" content=\"1 minuto\" \/>\n<script type=\"application\/ld+json\" class=\"yoast-schema-graph\">{\"@context\":\"https:\/\/schema.org\",\"@graph\":[{\"@type\":\"WebPage\",\"@id\":\"https:\/\/ebenezer-oe.org\/pt-br\/no-seu-pais\/\",\"url\":\"https:\/\/ebenezer-oe.org\/pt-br\/no-seu-pais\/\",\"name\":\"No seu pa\u00eds - Ebenezer Operation Exodus\",\"isPartOf\":{\"@id\":\"https:\/\/ebenezer-oe.org\/#website\"},\"primaryImageOfPage\":{\"@id\":\"https:\/\/ebenezer-oe.org\/pt-br\/no-seu-pais\/#primaryimage\"},\"image\":{\"@id\":\"https:\/\/ebenezer-oe.org\/pt-br\/no-seu-pais\/#primaryimage\"},\"thumbnailUrl\":\"https:\/\/ebenezer-oe.org\/wp-content\/uploads\/2023\/09\/belgium.png\",\"datePublished\":\"2021-12-03T09:39:32+00:00\",\"dateModified\":\"2025-08-05T13:55:17+00:00\",\"breadcrumb\":{\"@id\":\"https:\/\/ebenezer-oe.org\/pt-br\/no-seu-pais\/#breadcrumb\"},\"inLanguage\":\"pt-BR\",\"potentialAction\":[{\"@type\":\"ReadAction\",\"target\":[\"https:\/\/ebenezer-oe.org\/pt-br\/no-seu-pais\/\"]}]},{\"@type\":\"ImageObject\",\"inLanguage\":\"pt-BR\",\"@id\":\"https:\/\/ebenezer-oe.org\/pt-br\/no-seu-pais\/#primaryimage\",\"url\":\"https:\/\/ebenezer-oe.org\/wp-content\/uploads\/2023\/09\/belgium.png\",\"contentUrl\":\"https:\/\/ebenezer-oe.org\/wp-content\/uploads\/2023\/09\/belgium.png\"},{\"@type\":\"BreadcrumbList\",\"@id\":\"https:\/\/ebenezer-oe.org\/pt-br\/no-seu-pais\/#breadcrumb\",\"itemListElement\":[{\"@type\":\"ListItem\",\"position\":1,\"name\":\"Home\",\"item\":\"https:\/\/ebenezer-oe.org\/pt-br\/\"},{\"@type\":\"ListItem\",\"position\":2,\"name\":\"No seu pa\u00eds\"}]},{\"@type\":\"WebSite\",\"@id\":\"https:\/\/ebenezer-oe.org\/#website\",\"url\":\"https:\/\/ebenezer-oe.org\/\",\"name\":\"Ebenezer - Operation Exodus\",\"description\":\"\",\"publisher\":{\"@id\":\"https:\/\/ebenezer-oe.org\/#organization\"},\"potentialAction\":[{\"@type\":\"SearchAction\",\"target\":{\"@type\":\"EntryPoint\",\"urlTemplate\":\"https:\/\/ebenezer-oe.org\/?s={search_term_string}\"},\"query-input\":{\"@type\":\"PropertyValueSpecification\",\"valueRequired\":true,\"valueName\":\"search_term_string\"}}],\"inLanguage\":\"pt-BR\"},{\"@type\":\"Organization\",\"@id\":\"https:\/\/ebenezer-oe.org\/#organization\",\"name\":\"Ebenezer - Operation Exodus\",\"url\":\"https:\/\/ebenezer-oe.org\/\",\"logo\":{\"@type\":\"ImageObject\",\"inLanguage\":\"pt-BR\",\"@id\":\"https:\/\/ebenezer-oe.org\/#\/schema\/logo\/image\/\",\"url\":\"https:\/\/ebenezeroe.wpengine.com\/wp-content\/uploads\/2020\/09\/Logo_EOE_EN_Colour-Horizontal.png\",\"contentUrl\":\"https:\/\/ebenezeroe.wpengine.com\/wp-content\/uploads\/2020\/09\/Logo_EOE_EN_Colour-Horizontal.png\",\"width\":1922,\"height\":928,\"caption\":\"Ebenezer - Operation Exodus\"},\"image\":{\"@id\":\"https:\/\/ebenezer-oe.org\/#\/schema\/logo\/image\/\"},\"sameAs\":[\"https:\/\/www.facebook.com\/EbenezerInt\",\"https:\/\/www.instagram.com\/ebenezer_oe_eng\/\",\"https:\/\/www.youtube.com\/channel\/UC6qGHrKKeamFVz95Vd8LR1g\"]}]}<\/script>\n<!-- \/ Yoast SEO plugin. -->","yoast_head_json":{"title":"No seu pa\u00eds - Ebenezer Operation Exodus","robots":{"index":"index","follow":"follow","max-snippet":"max-snippet:-1","max-image-preview":"max-image-preview:large","max-video-preview":"max-video-preview:-1"},"canonical":"https:\/\/ebenezer-oe.org\/pt-br\/no-seu-pais\/","og_locale":"pt_BR","og_type":"article","og_title":"No seu pa\u00eds - Ebenezer Operation Exodus","og_description":"No seu pa\u00eds Descubra o que est\u00e1 acontecendo em seu pa\u00eds. Nosso minist\u00e9rio tem sido internacional desde o in\u00edcio em Jerusal\u00e9m 1991, quando 120 intercessores de v\u00e1rias na\u00e7\u00f5es se reuniram para orar por Israel. Trabalhamos em cerca de 60 na\u00e7\u00f5es em 6 continentes e investimos na constru\u00e7\u00e3o de relacionamentos entre essas na\u00e7\u00f5es. Europa Mikrodalga Chipre&hellip;","og_url":"https:\/\/ebenezer-oe.org\/pt-br\/no-seu-pais\/","og_site_name":"Ebenezer Operation Exodus","article_publisher":"https:\/\/www.facebook.com\/EbenezerInt","article_modified_time":"2025-08-05T13:55:17+00:00","og_image":[{"url":"https:\/\/ebenezer-oe.org\/wp-content\/uploads\/2023\/09\/belgium.png","type":"","width":"","height":""}],"twitter_card":"summary_large_image","twitter_misc":{"Est. tempo de leitura":"1 minuto"},"schema":{"@context":"https:\/\/schema.org","@graph":[{"@type":"WebPage","@id":"https:\/\/ebenezer-oe.org\/pt-br\/no-seu-pais\/","url":"https:\/\/ebenezer-oe.org\/pt-br\/no-seu-pais\/","name":"No seu pa\u00eds - Ebenezer Operation Exodus","isPartOf":{"@id":"https:\/\/ebenezer-oe.org\/#website"},"primaryImageOfPage":{"@id":"https:\/\/ebenezer-oe.org\/pt-br\/no-seu-pais\/#primaryimage"},"image":{"@id":"https:\/\/ebenezer-oe.org\/pt-br\/no-seu-pais\/#primaryimage"},"thumbnailUrl":"https:\/\/ebenezer-oe.org\/wp-content\/uploads\/2023\/09\/belgium.png","datePublished":"2021-12-03T09:39:32+00:00","dateModified":"2025-08-05T13:55:17+00:00","breadcrumb":{"@id":"https:\/\/ebenezer-oe.org\/pt-br\/no-seu-pais\/#breadcrumb"},"inLanguage":"pt-BR","potentialAction":[{"@type":"ReadAction","target":["https:\/\/ebenezer-oe.org\/pt-br\/no-seu-pais\/"]}]},{"@type":"ImageObject","inLanguage":"pt-BR","@id":"https:\/\/ebenezer-oe.org\/pt-br\/no-seu-pais\/#primaryimage","url":"https:\/\/ebenezer-oe.org\/wp-content\/uploads\/2023\/09\/belgium.png","contentUrl":"https:\/\/ebenezer-oe.org\/wp-content\/uploads\/2023\/09\/belgium.png"},{"@type":"BreadcrumbList","@id":"https:\/\/ebenezer-oe.org\/pt-br\/no-seu-pais\/#breadcrumb","itemListElement":[{"@type":"ListItem","position":1,"name":"Home","item":"https:\/\/ebenezer-oe.org\/pt-br\/"},{"@type":"ListItem","position":2,"name":"No seu pa\u00eds"}]},{"@type":"WebSite","@id":"https:\/\/ebenezer-oe.org\/#website","url":"https:\/\/ebenezer-oe.org\/","name":"Ebenezer - Operation Exodus","description":"","publisher":{"@id":"https:\/\/ebenezer-oe.org\/#organization"},"potentialAction":[{"@type":"SearchAction","target":{"@type":"EntryPoint","urlTemplate":"https:\/\/ebenezer-oe.org\/?s={search_term_string}"},"query-input":{"@type":"PropertyValueSpecification","valueRequired":true,"valueName":"search_term_string"}}],"inLanguage":"pt-BR"},{"@type":"Organization","@id":"https:\/\/ebenezer-oe.org\/#organization","name":"Ebenezer - Operation Exodus","url":"https:\/\/ebenezer-oe.org\/","logo":{"@type":"ImageObject","inLanguage":"pt-BR","@id":"https:\/\/ebenezer-oe.org\/#\/schema\/logo\/image\/","url":"https:\/\/ebenezeroe.wpengine.com\/wp-content\/uploads\/2020\/09\/Logo_EOE_EN_Colour-Horizontal.png","contentUrl":"https:\/\/ebenezeroe.wpengine.com\/wp-content\/uploads\/2020\/09\/Logo_EOE_EN_Colour-Horizontal.png","width":1922,"height":928,"caption":"Ebenezer - Operation Exodus"},"image":{"@id":"https:\/\/ebenezer-oe.org\/#\/schema\/logo\/image\/"},"sameAs":["https:\/\/www.facebook.com\/EbenezerInt","https:\/\/www.instagram.com\/ebenezer_oe_eng\/","https:\/\/www.youtube.com\/channel\/UC6qGHrKKeamFVz95Vd8LR1g"]}]}},"_links":{"self":[{"href":"https:\/\/ebenezer-oe.org\/pt-br\/wp-json\/wp\/v2\/pages\/47491","targetHints":{"allow":["GET"]}}],"collection":[{"href":"https:\/\/ebenezer-oe.org\/pt-br\/wp-json\/wp\/v2\/pages"}],"about":[{"href":"https:\/\/ebenezer-oe.org\/pt-br\/wp-json\/wp\/v2\/types\/page"}],"author":[{"embeddable":true,"href":"https:\/\/ebenezer-oe.org\/pt-br\/wp-json\/wp\/v2\/users\/1"}],"replies":[{"embeddable":true,"href":"https:\/\/ebenezer-oe.org\/pt-br\/wp-json\/wp\/v2\/comments?post=47491"}],"version-history":[{"count":0,"href":"https:\/\/ebenezer-oe.org\/pt-br\/wp-json\/wp\/v2\/pages\/47491\/revisions"}],"wp:attachment":[{"href":"https:\/\/ebenezer-oe.org\/pt-br\/wp-json\/wp\/v2\/media?parent=47491"}],"curies":[{"name":"wp","href":"https:\/\/api.w.org\/{rel}","templated":true}]}}