{"id":47510,"date":"2021-12-03T10:04:25","date_gmt":"2021-12-03T10:04:25","guid":{"rendered":"https:\/\/ebenezer-oe.org\/casa\/"},"modified":"2025-12-09T12:16:12","modified_gmt":"2025-12-09T12:16:12","slug":"casa","status":"publish","type":"page","link":"https:\/\/ebenezer-oe.org\/pt-br\/","title":{"rendered":"Casa"},"content":{"rendered":"\n<h2>\n\t\t\tAjudando seu povo a voltar para casa\t<\/h2>\n<h4>\n\t\t\tUma organiza\u00e7\u00e3o Crist\u00e3 ajudando o povo Judeu no seu retorno a Israel.\t<\/h4>\n<h2>\n\t\t\tAliyah\t<\/h2>\n\t<p>Nosso trabalho gira em torno de uma palavra hebraica &#8211; &#8216;Aliyah&#8217;. Seu significado literal \u00e9 &#8220;subir&#8221;. Viajar para Jerusal\u00e9m exige &#8220;subir&#8221; para as colinas a partir da plan\u00edcie abaixo.<\/p>\n<p>Por esta raz\u00e3o, o povo Judeu adotou este termo para se referir ao processo de retorno \u00e0 Terra de Israel dos quatro cantos da terra.<\/p>\n\t\t\t<a href=\"https:\/\/ebenezer-oe.org\/pt-br\/sobre-nos\/por-que-aliyah\/\" target=\"_self\">\n\t\t\t\t\t\t\tPor que a Aliyah \u00e9 t\u00e3o importante?\n\t\t\t\t\t<\/a>\n<h2>\n\t\t\tApoiando Israel\t<\/h2>\n\t<p>Em tempos de guerra<\/p>\n\t<p>Agora \u00e9 a hora de ficar ao lado de Israel. Agora \u00e9 a hora de apoiar Israel e o povo Judeu. Agora \u00e9 a hora de confortar e fortalecer o povo de Israel. E agora \u00e9 a hora de orar por Israel.<\/p>\n\t\t\t<a href=\"https:\/\/ebenezer-oe.org\/pt-br\/israel-em-guerra\/\" target=\"_self\">\n\t\t\t\t\t\t\tDescubra mais\n\t\t\t\t\t<\/a>\n<h2>\n\t\t\tO QUE N\u00d3S FAZEMOS: \t<\/h2>\n\t<h3>Aliyah<\/h3><p>Reconhe\u00e7a e responda de forma pr\u00e1tica ao desejo de Deus de que os Judeus retornem \u00e0 sua terra. <\/p>\n\t<h3>Ora\u00e7\u00e3o<\/h3><p>Apoie aqueles com um cora\u00e7\u00e3o para orar por Aliyah com pontos atualizados para a ora\u00e7\u00e3o e conecte-os com outras pessoas que est\u00e3o orando.<\/p>\n\t<h3>Ensino<\/h3><p>Para declarar os prop\u00f3sitos de Deus a respeito do povo Judeu. <\/p>\n\t\t\t<h3> Deuteron\u00f4mio 30:4<\/h3> <p><i>&#8216;Ainda que os teus desterrados estejam para a extremidade dos c\u00e9us, desde a\u00ed te ajuntar\u00e1 o SENHOR, teu Deus, e te tomar\u00e1 de l\u00e1.&#8217;<\/i><\/p>\t\t\n\t\t\t<h3> Isa\u00edas 49:22<\/h3> <p><i>&#8216;Assim diz o SENHOR Deus: Eis que levantarei a m\u00e3o para as na\u00e7\u00f5es e ante os povos arvorarei a minha bandeira; eles trar\u00e3o os teus filhos nos bra\u00e7os, e as tuas filhas ser\u00e3o levadas sobre os ombros.&#8217;<\/i><\/p>\t\t\n\t\t\t<h3> Isa\u00edas 62:1<\/h3> <p><i>&#8216;Por amor de Si\u00e3o, me n\u00e3o calarei e, por amor de Jerusal\u00e9m, n\u00e3o me aquietarei, at\u00e9 que saia a sua justi\u00e7a como um resplendor, e a sua salva\u00e7\u00e3o, como uma tocha acesa.&#8217;<\/i><\/p>\t\t\n\t\t\t<h3> Isa\u00edas 62:7<\/h3> <p>&#8216;<i>Sobre os teus muros, \u00f3 Jerusal\u00e9m, pus guardas, que todo o dia e toda a noite jamais se calar\u00e3o; v\u00f3s, os que fareis lembrado o SENHOR, n\u00e3o descanseis, nem deis a ele descanso at\u00e9 que restabele\u00e7a Jerusal\u00e9m e a ponha por objeto de louvor na terra.&#8217;<\/i><\/p>\t\t\n\t\t\t<h3> Romanos 11:29<\/h3> <p><i>&#8220;Porque os dons e a voca\u00e7\u00e3o de Deus s\u00e3o irrevog\u00e1veis.&#8221;<\/i><\/p>\t\t\n\t\t\t<h3> Am\u00f3s 9:14-15<\/h3> <p><em>&#8220;&#8230;Mudarei a sorte do meu povo de Israel; reedificar\u00e3o as cidades assoladas e nelas habitar\u00e3o, plantar\u00e3o vinhas e beber\u00e3o o seu vinho, far\u00e3o pomares e lhes comer\u00e3o o fruto. Plant\u00e1-los-ei na sua terra, e, dessa terra que lhes dei, j\u00e1 n\u00e3o ser\u00e3o arrancados, diz o SENHOR, teu Deus.<\/em><\/p>\t\t\n\t<h2>\n\t\t\tTamb\u00e9m atuamos em seu pa\u00eds.\t<\/h2>\n\t\t\t<a href=\"https:\/\/ebenezer-oe.org\/pt-br\/no-seu-pais\/\" target=\"_self\">\n\t\t\t\t\t\t\tSaiba mais\n\t\t\t\t\t<\/a>\n\t<p>Permanecendo com o povo Judeu por mais de tr\u00eas d\u00e9cadas.<\/p>\n<h2>\n\t\t\tUma rede mundial\t<\/h2>\n\t<p>A Opera\u00e7\u00e3o \u00caxodo Eben\u00e9zer foi estabelecida durante a primeira Guerra do Golfo, quando seu fundador, Gustav Scheller, participava da Confer\u00eancia Internacional de Ora\u00e7\u00e3o em Jerusal\u00e9m em 1991. Ele j\u00e1 acreditava que Deus queria que o povo Judeu voltasse \u00e0 sua terra natal em cumprimento ao antigo texto b\u00edblico profecias. Agora, quando eles estavam sob ataque e os delegados da confer\u00eancia oravam em um abrigo antia\u00e9reo, Gustav sentiu que Deus o estava pedindo para come\u00e7ar a fazer algo pr\u00e1tico para ajudar a traz\u00ea-los de volta para casa.<\/p>\n\t\t\t\t<img decoding=\"async\" data-src=\"https:\/\/ebenezeroe.wpengine.com\/wp-content\/uploads\/2021\/04\/Untitled-design-24-1024x527.png\" alt=\"Untitled design-24\" itemprop=\"image\" title=\"Untitled design-24\" onerror=\"this.style.display='none'\" src=\"data:image\/svg+xml;base64,PHN2ZyB3aWR0aD0iMSIgaGVpZ2h0PSIxIiB4bWxucz0iaHR0cDovL3d3dy53My5vcmcvMjAwMC9zdmciPjwvc3ZnPg==\" class=\"lazyload\" style=\"--smush-placeholder-width: 1024px; --smush-placeholder-aspect-ratio: 1024\/527;\" \/>\n\t<p>O Senhor usou a habilidade de Gustav como empres\u00e1rio e os presentes generosos daqueles que compartilharam a vis\u00e3o para patrocinar tr\u00eas voos da Ag\u00eancia Judaica de Budapeste a Tel Aviv trazendo 720 Olim para Israel. Foi uma ocasi\u00e3o importante. No ano seguinte, Gustav e sua equipe fretaram um navio para tr\u00eas viagens de Odessa, na Ucr\u00e2nia, a Haifa. Foi a primeira vez que uma rota de navega\u00e7\u00e3o direta foi estabelecida entre a Ucr\u00e2nia e Israel e foi seguida por muitas outras viagens por v\u00e1rios anos.<\/p>\n\t<p>Em 1995, os voos come\u00e7aram do Cazaquist\u00e3o e em 1999 o minist\u00e9rio comemorou 100 viagens levando Olim da antiga Uni\u00e3o Sovi\u00e9tica para Israel. Uma expans\u00e3o posterior viu 100.000 Olim retornarem em 2006, quando um escrit\u00f3rio foi aberto em Jerusal\u00e9m para ajud\u00e1-los a se estabelecerem em sua nova p\u00e1tria.<\/p>\n<p>Em 2007, Conselhos Consultivos Regionais foram estabelecidos na Am\u00e9rica do Sul, Sudeste Asi\u00e1tico e Oceania, al\u00e9m de um Conselho Consultivo da Igreja na ex-Uni\u00e3o Sovi\u00e9tica para ajudar as congrega\u00e7\u00f5es a entender as Escrituras prof\u00e9ticas e ajudar o povo Judeu.<\/p>\n<p>No final de 2010, atendemos mais de 130.000 Olim e em 2016 o minist\u00e9rio comemorou 25 anos de atividade e abriu escrit\u00f3rios em Buenos Aires, Nova York e Paris.  <\/p>\n<p>Em 2019, mais de 185.000 Judeus foram ajudados a retornar a Israel e muitos de nossos projetos estavam ajudando comunidades Judaicas carentes na ex-Uni\u00e3o Sovi\u00e9tica com alimentos e outras formas de ajuda humanit\u00e1ria.<\/p>\n<h3>\n\t\t\tA Opera\u00e7\u00e3o \u00caxodo Eben\u00e9zer come\u00e7ou em 1991 com apenas tr\u00eas pessoas.\t<\/h3>\n\t<p>Existem agora representantes em mais de cinquenta e cinco pa\u00edses em todo o mundo. N\u00e3o apenas fornece ajuda pr\u00e1tica e financeira para aqueles que desejam imigrar para Israel, mas tamb\u00e9m proclama a verdade para a Igreja em todo o mundo sobre os prop\u00f3sitos prof\u00e9ticos de Deus em rela\u00e7\u00e3o ao povo Judeu.<\/p>\n<h2>\n\t\t\tDoe ao trabalho da Eben\u00e9zer\t<\/h2>\n\t\t\t<a href=\"https:\/\/ebenezer-oe.org\/pt-br\/doe\/\" target=\"_self\">\n\t\t\t\t\t\t\tDoar\n\t\t\t\t\t<\/a>\n<h2>\n\t\t\tNASCIDO DA ORA\u00c7\u00c3O\t<\/h2>\n\t<p>Desde o momento em que Deus trouxe este minist\u00e9rio \u00e0 exist\u00eancia na Confer\u00eancia Internacional de Ora\u00e7\u00e3o em Jerusal\u00e9m em 1991, a ora\u00e7\u00e3o tem estado no centro do minist\u00e9rio, e n\u00e3o apenas a ora\u00e7\u00e3o, mas o minist\u00e9rio mais profundo de intercess\u00e3o. O Dr. Kingsley Priddy, do Bible College of Wales naquela \u00e9poca, escreveu isso ao nosso fundador, Gustav Scheller: <em>&#8220;A intercess\u00e3o n\u00e3o \u00e9 ora\u00e7\u00e3o, nem mesmo uma ora\u00e7\u00e3o muito intensa. Qualquer um pode orar e orar fervorosamente por algo, mas n\u00e3o se comprometer a ser irrevogavelmente respons\u00e1vel, a qualquer custo, por seu cumprimento. O intercessor \u00e9.<\/em> &#8216;Kingsley Priddy sabia do que estava falando, pois o Bible College of Wales era a casa do mais conhecido dos intercessores, Rees Howells, que tinha sido poderosamente usado por Deus para interceder durante um dos momentos de mais estrat\u00e9gicos confrontos da 2\u00aa Guerra Mundial: a Batalha da Gr\u00e3-Bretanha em 1940.<\/p>\n<p>A equipe do Bible College of Wales entendeu os prop\u00f3sitos prof\u00e9ticos de Deus para o povo Judeu. O Dr. Priddy garantiu a Gustav Scheller, <em>&#8216;Deus, o Esp\u00edrito Santo, est\u00e1 na&#8217; Opera\u00e7\u00e3o \u00caxodo&#8217;<\/em> de uma forma \u00fanica. \u00c9 o Seu pr\u00f3prio minist\u00e9rio de intercess\u00e3o para o retorno dos Judeus do mundo a Israel. \u00c9 Ele, que por meio deste minist\u00e9rio est\u00e1 ganhando uma posi\u00e7\u00e3o de intercess\u00e3o que prevalecer\u00e1 para o retorno do \u00faltimo remanescente que ser\u00e1 trazido dos quatro cantos da terra &#8230; &#8216;<\/p>\n\t\t\t<a href=\"https:\/\/ebenezer-oe.org\/pt-br\/contate-nos\/\" target=\"_self\">\n\t\t\t\t\t\t\tTorne-se um parceiro de ora\u00e7\u00e3o\n\t\t\t\t\t<\/a>\n<h2>\n\t\t\tVoc\u00ea quer fazer Aliyah?\t<\/h2>\n\t\t\t<a href=\"https:\/\/ebeneze-oe.org\/making-aliyah\/\" target=\"_self\">\n\t\t\t\t\t\t\tDescubra mais\n\t\t\t\t\t<\/a>\n\n","protected":false},"excerpt":{"rendered":"<p>Ajudando seu povo a voltar para casa Uma organiza\u00e7\u00e3o Crist\u00e3 ajudando o povo Judeu no seu retorno a Israel. Aliyah Nosso trabalho gira em torno de uma palavra hebraica &#8211; &#8216;Aliyah&#8217;. Seu significado literal \u00e9 &#8220;subir&#8221;. Viajar para Jerusal\u00e9m exige &#8220;subir&#8221; para as colinas a partir da plan\u00edcie abaixo. Por esta raz\u00e3o, o povo Judeu&hellip;<\/p>\n","protected":false},"author":1,"featured_media":0,"parent":0,"menu_order":0,"comment_status":"closed","ping_status":"closed","template":"","meta":{"footnotes":""},"class_list":["post-47510","page","type-page","status-publish","hentry"],"yoast_head":"<!-- This site is optimized with the Yoast SEO plugin v27.4 - https:\/\/yoast.com\/product\/yoast-seo-wordpress\/ -->\n<title>Casa - Ebenezer Operation Exodus<\/title>\n<meta name=\"robots\" content=\"index, follow, max-snippet:-1, max-image-preview:large, max-video-preview:-1\" \/>\n<link rel=\"canonical\" href=\"https:\/\/ebenezer-oe.org\/pt-br\/\" \/>\n<meta property=\"og:locale\" content=\"pt_BR\" \/>\n<meta property=\"og:type\" content=\"article\" \/>\n<meta property=\"og:title\" content=\"Casa - Ebenezer Operation Exodus\" \/>\n<meta property=\"og:description\" content=\"Ajudando seu povo a voltar para casa Uma organiza\u00e7\u00e3o Crist\u00e3 ajudando o povo Judeu no seu retorno a Israel. Aliyah Nosso trabalho gira em torno de uma palavra hebraica &#8211; &#8216;Aliyah&#8217;. Seu significado literal \u00e9 &#8220;subir&#8221;. Viajar para Jerusal\u00e9m exige &#8220;subir&#8221; para as colinas a partir da plan\u00edcie abaixo. Por esta raz\u00e3o, o povo Judeu&hellip;\" \/>\n<meta property=\"og:url\" content=\"https:\/\/ebenezer-oe.org\/pt-br\/\" \/>\n<meta property=\"og:site_name\" content=\"Ebenezer Operation Exodus\" \/>\n<meta property=\"article:publisher\" content=\"https:\/\/www.facebook.com\/EbenezerInt\" \/>\n<meta property=\"article:modified_time\" content=\"2025-12-09T12:16:12+00:00\" \/>\n<meta property=\"og:image\" content=\"https:\/\/ebenezeroe.wpengine.com\/wp-content\/uploads\/2021\/04\/Untitled-design-24-1024x527.png\" \/>\n<meta name=\"twitter:card\" content=\"summary_large_image\" \/>\n<meta name=\"twitter:label1\" content=\"Est. tempo de leitura\" \/>\n\t<meta name=\"twitter:data1\" content=\"6 minutos\" \/>\n<script type=\"application\/ld+json\" class=\"yoast-schema-graph\">{\"@context\":\"https:\\\/\\\/schema.org\",\"@graph\":[{\"@type\":\"WebPage\",\"@id\":\"https:\\\/\\\/ebenezer-oe.org\\\/pt-br\\\/\",\"url\":\"https:\\\/\\\/ebenezer-oe.org\\\/pt-br\\\/\",\"name\":\"Casa - Ebenezer Operation Exodus\",\"isPartOf\":{\"@id\":\"https:\\\/\\\/ebenezer-oe.org\\\/#website\"},\"primaryImageOfPage\":{\"@id\":\"https:\\\/\\\/ebenezer-oe.org\\\/pt-br\\\/#primaryimage\"},\"image\":{\"@id\":\"https:\\\/\\\/ebenezer-oe.org\\\/pt-br\\\/#primaryimage\"},\"thumbnailUrl\":\"https:\\\/\\\/ebenezeroe.wpengine.com\\\/wp-content\\\/uploads\\\/2021\\\/04\\\/Untitled-design-24-1024x527.png\",\"datePublished\":\"2021-12-03T10:04:25+00:00\",\"dateModified\":\"2025-12-09T12:16:12+00:00\",\"breadcrumb\":{\"@id\":\"https:\\\/\\\/ebenezer-oe.org\\\/pt-br\\\/#breadcrumb\"},\"inLanguage\":\"pt-BR\",\"potentialAction\":[{\"@type\":\"ReadAction\",\"target\":[\"https:\\\/\\\/ebenezer-oe.org\\\/pt-br\\\/\"]}]},{\"@type\":\"ImageObject\",\"inLanguage\":\"pt-BR\",\"@id\":\"https:\\\/\\\/ebenezer-oe.org\\\/pt-br\\\/#primaryimage\",\"url\":\"https:\\\/\\\/ebenezeroe.wpengine.com\\\/wp-content\\\/uploads\\\/2021\\\/04\\\/Untitled-design-24-1024x527.png\",\"contentUrl\":\"https:\\\/\\\/ebenezeroe.wpengine.com\\\/wp-content\\\/uploads\\\/2021\\\/04\\\/Untitled-design-24-1024x527.png\"},{\"@type\":\"BreadcrumbList\",\"@id\":\"https:\\\/\\\/ebenezer-oe.org\\\/pt-br\\\/#breadcrumb\",\"itemListElement\":[{\"@type\":\"ListItem\",\"position\":1,\"name\":\"Home\",\"item\":\"https:\\\/\\\/ebenezer-oe.org\\\/pt-br\\\/\"},{\"@type\":\"ListItem\",\"position\":2,\"name\":\"Casa\"}]},{\"@type\":\"WebSite\",\"@id\":\"https:\\\/\\\/ebenezer-oe.org\\\/#website\",\"url\":\"https:\\\/\\\/ebenezer-oe.org\\\/\",\"name\":\"Ebenezer - Operation Exodus\",\"description\":\"\",\"publisher\":{\"@id\":\"https:\\\/\\\/ebenezer-oe.org\\\/#organization\"},\"potentialAction\":[{\"@type\":\"SearchAction\",\"target\":{\"@type\":\"EntryPoint\",\"urlTemplate\":\"https:\\\/\\\/ebenezer-oe.org\\\/?s={search_term_string}\"},\"query-input\":{\"@type\":\"PropertyValueSpecification\",\"valueRequired\":true,\"valueName\":\"search_term_string\"}}],\"inLanguage\":\"pt-BR\"},{\"@type\":\"Organization\",\"@id\":\"https:\\\/\\\/ebenezer-oe.org\\\/#organization\",\"name\":\"Ebenezer - Operation Exodus\",\"url\":\"https:\\\/\\\/ebenezer-oe.org\\\/\",\"logo\":{\"@type\":\"ImageObject\",\"inLanguage\":\"pt-BR\",\"@id\":\"https:\\\/\\\/ebenezer-oe.org\\\/#\\\/schema\\\/logo\\\/image\\\/\",\"url\":\"https:\\\/\\\/ebenezeroe.wpengine.com\\\/wp-content\\\/uploads\\\/2020\\\/09\\\/Logo_EOE_EN_Colour-Horizontal.png\",\"contentUrl\":\"https:\\\/\\\/ebenezeroe.wpengine.com\\\/wp-content\\\/uploads\\\/2020\\\/09\\\/Logo_EOE_EN_Colour-Horizontal.png\",\"width\":1922,\"height\":928,\"caption\":\"Ebenezer - Operation Exodus\"},\"image\":{\"@id\":\"https:\\\/\\\/ebenezer-oe.org\\\/#\\\/schema\\\/logo\\\/image\\\/\"},\"sameAs\":[\"https:\\\/\\\/www.facebook.com\\\/EbenezerInt\",\"https:\\\/\\\/www.instagram.com\\\/ebenezer_oe_eng\\\/\",\"https:\\\/\\\/www.youtube.com\\\/channel\\\/UC6qGHrKKeamFVz95Vd8LR1g\"]}]}<\/script>\n<!-- \/ Yoast SEO plugin. -->","yoast_head_json":{"title":"Casa - Ebenezer Operation Exodus","robots":{"index":"index","follow":"follow","max-snippet":"max-snippet:-1","max-image-preview":"max-image-preview:large","max-video-preview":"max-video-preview:-1"},"canonical":"https:\/\/ebenezer-oe.org\/pt-br\/","og_locale":"pt_BR","og_type":"article","og_title":"Casa - Ebenezer Operation Exodus","og_description":"Ajudando seu povo a voltar para casa Uma organiza\u00e7\u00e3o Crist\u00e3 ajudando o povo Judeu no seu retorno a Israel. Aliyah Nosso trabalho gira em torno de uma palavra hebraica &#8211; &#8216;Aliyah&#8217;. Seu significado literal \u00e9 &#8220;subir&#8221;. Viajar para Jerusal\u00e9m exige &#8220;subir&#8221; para as colinas a partir da plan\u00edcie abaixo. Por esta raz\u00e3o, o povo Judeu&hellip;","og_url":"https:\/\/ebenezer-oe.org\/pt-br\/","og_site_name":"Ebenezer Operation Exodus","article_publisher":"https:\/\/www.facebook.com\/EbenezerInt","article_modified_time":"2025-12-09T12:16:12+00:00","og_image":[{"url":"https:\/\/ebenezeroe.wpengine.com\/wp-content\/uploads\/2021\/04\/Untitled-design-24-1024x527.png","type":"","width":"","height":""}],"twitter_card":"summary_large_image","twitter_misc":{"Est. tempo de leitura":"6 minutos"},"schema":{"@context":"https:\/\/schema.org","@graph":[{"@type":"WebPage","@id":"https:\/\/ebenezer-oe.org\/pt-br\/","url":"https:\/\/ebenezer-oe.org\/pt-br\/","name":"Casa - Ebenezer Operation Exodus","isPartOf":{"@id":"https:\/\/ebenezer-oe.org\/#website"},"primaryImageOfPage":{"@id":"https:\/\/ebenezer-oe.org\/pt-br\/#primaryimage"},"image":{"@id":"https:\/\/ebenezer-oe.org\/pt-br\/#primaryimage"},"thumbnailUrl":"https:\/\/ebenezeroe.wpengine.com\/wp-content\/uploads\/2021\/04\/Untitled-design-24-1024x527.png","datePublished":"2021-12-03T10:04:25+00:00","dateModified":"2025-12-09T12:16:12+00:00","breadcrumb":{"@id":"https:\/\/ebenezer-oe.org\/pt-br\/#breadcrumb"},"inLanguage":"pt-BR","potentialAction":[{"@type":"ReadAction","target":["https:\/\/ebenezer-oe.org\/pt-br\/"]}]},{"@type":"ImageObject","inLanguage":"pt-BR","@id":"https:\/\/ebenezer-oe.org\/pt-br\/#primaryimage","url":"https:\/\/ebenezeroe.wpengine.com\/wp-content\/uploads\/2021\/04\/Untitled-design-24-1024x527.png","contentUrl":"https:\/\/ebenezeroe.wpengine.com\/wp-content\/uploads\/2021\/04\/Untitled-design-24-1024x527.png"},{"@type":"BreadcrumbList","@id":"https:\/\/ebenezer-oe.org\/pt-br\/#breadcrumb","itemListElement":[{"@type":"ListItem","position":1,"name":"Home","item":"https:\/\/ebenezer-oe.org\/pt-br\/"},{"@type":"ListItem","position":2,"name":"Casa"}]},{"@type":"WebSite","@id":"https:\/\/ebenezer-oe.org\/#website","url":"https:\/\/ebenezer-oe.org\/","name":"Ebenezer - Operation Exodus","description":"","publisher":{"@id":"https:\/\/ebenezer-oe.org\/#organization"},"potentialAction":[{"@type":"SearchAction","target":{"@type":"EntryPoint","urlTemplate":"https:\/\/ebenezer-oe.org\/?s={search_term_string}"},"query-input":{"@type":"PropertyValueSpecification","valueRequired":true,"valueName":"search_term_string"}}],"inLanguage":"pt-BR"},{"@type":"Organization","@id":"https:\/\/ebenezer-oe.org\/#organization","name":"Ebenezer - Operation Exodus","url":"https:\/\/ebenezer-oe.org\/","logo":{"@type":"ImageObject","inLanguage":"pt-BR","@id":"https:\/\/ebenezer-oe.org\/#\/schema\/logo\/image\/","url":"https:\/\/ebenezeroe.wpengine.com\/wp-content\/uploads\/2020\/09\/Logo_EOE_EN_Colour-Horizontal.png","contentUrl":"https:\/\/ebenezeroe.wpengine.com\/wp-content\/uploads\/2020\/09\/Logo_EOE_EN_Colour-Horizontal.png","width":1922,"height":928,"caption":"Ebenezer - Operation Exodus"},"image":{"@id":"https:\/\/ebenezer-oe.org\/#\/schema\/logo\/image\/"},"sameAs":["https:\/\/www.facebook.com\/EbenezerInt","https:\/\/www.instagram.com\/ebenezer_oe_eng\/","https:\/\/www.youtube.com\/channel\/UC6qGHrKKeamFVz95Vd8LR1g"]}]}},"_links":{"self":[{"href":"https:\/\/ebenezer-oe.org\/pt-br\/wp-json\/wp\/v2\/pages\/47510","targetHints":{"allow":["GET"]}}],"collection":[{"href":"https:\/\/ebenezer-oe.org\/pt-br\/wp-json\/wp\/v2\/pages"}],"about":[{"href":"https:\/\/ebenezer-oe.org\/pt-br\/wp-json\/wp\/v2\/types\/page"}],"author":[{"embeddable":true,"href":"https:\/\/ebenezer-oe.org\/pt-br\/wp-json\/wp\/v2\/users\/1"}],"replies":[{"embeddable":true,"href":"https:\/\/ebenezer-oe.org\/pt-br\/wp-json\/wp\/v2\/comments?post=47510"}],"version-history":[{"count":0,"href":"https:\/\/ebenezer-oe.org\/pt-br\/wp-json\/wp\/v2\/pages\/47510\/revisions"}],"wp:attachment":[{"href":"https:\/\/ebenezer-oe.org\/pt-br\/wp-json\/wp\/v2\/media?parent=47510"}],"curies":[{"name":"wp","href":"https:\/\/api.w.org\/{rel}","templated":true}]}}