{"id":47981,"date":"2021-12-07T14:53:04","date_gmt":"2021-12-07T14:53:04","guid":{"rendered":"https:\/\/ebenezer-oe.org\/seja-nosso-parceiro\/voluntario\/"},"modified":"2025-12-09T13:42:57","modified_gmt":"2025-12-09T13:42:57","slug":"voluntario","status":"publish","type":"page","link":"https:\/\/ebenezer-oe.org\/pt-br\/seja-nosso-parceiro\/voluntario\/","title":{"rendered":"VOLUNT\u00c1RIO"},"content":{"rendered":"\n<h1>\n\t\t\tOportunidades Para Volunt\u00e1rio\t<\/h1>\n\t<p><em>&#8216;Servi uns aos outros, cada um conforme o dom que recebeu, como bons despenseiros da multiforme gra\u00e7a de Deus.&#8217; <\/em><\/p>\n<p><em>(1 Pedro 4:10)<\/em><\/p>\n\t<h2>Temos muitas oportunidades em diferentes partes do mundo para aqueles que s\u00e3o chamados para servir como volunt\u00e1rios&#8230;<\/h2>\n\t<p>Todos os anos, dezenas de milhares de Judeus de todas as partes do mundo tomam a importante decis\u00e3o de deixar seu pa\u00eds e se mudar para Israel ou &#8220;fazer Aliyah&#8221;, como \u00e9 conhecido.<\/p>\n<p>Pode ser um processo dif\u00edcil, especialmente em algumas partes do mundo. Para auxili\u00e1-los, nossos volunt\u00e1rios v\u00eam ao lado deles e ajudam de v\u00e1rias maneiras. <\/p>\n\t<p>Escolher servir na Opera\u00e7\u00e3o \u00caxodo Eben\u00e9zer lhe dar\u00e1 a oportunidade de usar seus dons e habilidades dados por Deus para se envolver em primeira m\u00e3o na Aliyah do povo Judeu. \u00c9 um momento incr\u00edvel e muitos descobrem que suas vidas mudam de maneiras que eles mal poderiam ter imaginado, embora haja frequentemente a necessidade de perseverar quando as tarefas s\u00e3o cansativas ou quando o despertador toca em hor\u00e1rios inconvenientes.<\/p>\n<p>Al\u00e9m disso, nem \u00e9 preciso dizer que, se voc\u00ea optar por servir conosco, deve estar apto e disposto a trabalhar como membro de uma equipe.<\/p>\n<h2>\n\t\t\tTestemunhos:\t<\/h2>\n\t\t\t\t<img decoding=\"async\" data-src=\"https:\/\/ebenezeroe.wpengine.com\/wp-content\/uploads\/2021\/05\/vol-mex-daniela-150x150.jpg\" alt=\"vol-mex-daniela\" itemprop=\"image\" title=\"vol-mex-daniela\" onerror=\"this.style.display='none'\" src=\"data:image\/svg+xml;base64,PHN2ZyB3aWR0aD0iMSIgaGVpZ2h0PSIxIiB4bWxucz0iaHR0cDovL3d3dy53My5vcmcvMjAwMC9zdmciPjwvc3ZnPg==\" class=\"lazyload\" style=\"--smush-placeholder-width: 150px; --smush-placeholder-aspect-ratio: 150\/150;\" \/>\n\t<p>Daniela<\/p>\n\t<p>Voluntariando na Argentina<\/p>\n\t<p>&#8220;<i>Passei 6 meses na bela Argentina, falando em igrejas e com o povo Judeu sobre a Aliyah. Cresci na compreens\u00e3o do amor de Deus por Seu povo Eu sou mexicano, ent\u00e3o pensei que estar em um pa\u00eds de l\u00edngua espanhola seria f\u00e1cil &#8211; havia desafios, mas os desafios me fizeram perceber que o amor pr\u00e1tico muda as pessoas, Seu amor pelo povo Judeu me mudou tamb\u00e9m. &#8220;<\/i><\/p>\n\t\t\t\t<img decoding=\"async\" data-src=\"https:\/\/ebenezeroe.wpengine.com\/wp-content\/uploads\/2021\/05\/vol-scot-guy-150x150.jpg\" alt=\"vol-scot-guy\" itemprop=\"image\" title=\"vol-scot-guy\" onerror=\"this.style.display='none'\" src=\"data:image\/svg+xml;base64,PHN2ZyB3aWR0aD0iMSIgaGVpZ2h0PSIxIiB4bWxucz0iaHR0cDovL3d3dy53My5vcmcvMjAwMC9zdmciPjwvc3ZnPg==\" class=\"lazyload\" style=\"--smush-placeholder-width: 150px; --smush-placeholder-aspect-ratio: 150\/150;\" \/>\n\t<p>Guy<\/p>\n\t<p>Volunteering na Ukraine<\/p>\n\t<p>&#8220;<i>Meu tempo como volunt\u00e1rio revelou a santidade e as coisas espirituais de Deus que podem ocorrer por meio de tarefas pr\u00e1ticas, aparentemente comuns, do dia a dia; como ajudar Judeus em um aeroporto. Voc\u00ea influencia os outros meramente por ser um vaso para o Senhor mostrar Seu amor e car\u00e1ter por meio de voc\u00ea e de suas a\u00e7\u00f5es. Apenas estar &#8216;l\u00e1&#8217; \u00e9 tudo o que o Senhor precisa para trabalhar.<\/i>&#8220;<\/p>\n\t\t\t\t<img decoding=\"async\" data-src=\"https:\/\/ebenezeroe.wpengine.com\/wp-content\/uploads\/2021\/05\/vol-fr-sarah-150x150.jpg\" alt=\"vol-fr-sarah\" itemprop=\"image\" title=\"vol-fr-sarah\" onerror=\"this.style.display='none'\" src=\"data:image\/svg+xml;base64,PHN2ZyB3aWR0aD0iMSIgaGVpZ2h0PSIxIiB4bWxucz0iaHR0cDovL3d3dy53My5vcmcvMjAwMC9zdmciPjwvc3ZnPg==\" class=\"lazyload\" style=\"--smush-placeholder-width: 150px; --smush-placeholder-aspect-ratio: 150\/150;\" \/>\n\t<p>Sarah<\/p>\n\t<p>Voluntariando na FSU<\/p>\n\t<p>&#8220;<i>Ouvi um membro da equipe na FSU sobre seu trabalho com tanta alegria e eu sabia que tinha que ajudar! Apesar de muitas perguntas, eu sabia que era isso que eu queria fazer e Deus confirmou. Todos os dias eu me sentia mais perto Dele. Minha viagem mudou completamente minha vida &#8211; Deus se tornou minha primeira prioridade e agora quando eu leio minha B\u00edblia, eu entendo Seu plano para o povo Judeu porque eu estava l\u00e1 para testemunh\u00e1-lo!<\/i><\/p>\n<h1>\n\t\t\tGostar\u00edamos muito de ouvir de voc\u00ea.\t<\/h1>\n\t<p>Se voc\u00ea gostaria de se envolver e sente que Deus o est\u00e1 chamando para dar algum tempo como volunt\u00e1rio, entre em contato conosco. D\u00ea-nos um breve testemunho de como Deus falou ao seu cora\u00e7\u00e3o e quais habilidades e habilidades voc\u00ea pode ter para oferecer.<\/p>\n\t\t\t<a href=\"https:\/\/ebenezer-oe.org\/pt-br\/contate-nos\/\" target=\"_self\">\n\t\t\t\t\t\t\tVolunt\u00e1rio\n\t\t\t\t\t<\/a>\n\t<p>(\u00c9 prov\u00e1vel, devido \u00e0s restri\u00e7\u00f5es de viagens impostas pela pandemia do Covid, que inicialmente s\u00f3 seremos capazes de oferecer uma coloca\u00e7\u00e3o em seu pa\u00eds de origem, embora esperemos que isso mude em breve. Por favor, verifique a situa\u00e7\u00e3o atual conosco quando voc\u00ea nos <a href=\"https:\/\/ebenezeroe.wpengine.com\/contact-us\/\">contactar.<\/a>)<\/p>\n\n","protected":false},"excerpt":{"rendered":"<p>Oportunidades Para Volunt\u00e1rio &#8216;Servi uns aos outros, cada um conforme o dom que recebeu, como bons despenseiros da multiforme gra\u00e7a de Deus.&#8217; (1 Pedro 4:10) Temos muitas oportunidades em diferentes partes do mundo para aqueles que s\u00e3o chamados para servir como volunt\u00e1rios&#8230; Todos os anos, dezenas de milhares de Judeus de todas as partes do&hellip;<\/p>\n","protected":false},"author":1,"featured_media":0,"parent":47764,"menu_order":2,"comment_status":"closed","ping_status":"closed","template":"","meta":{"footnotes":""},"class_list":["post-47981","page","type-page","status-publish","hentry"],"yoast_head":"<!-- This site is optimized with the Yoast SEO plugin v27.2 - https:\/\/yoast.com\/product\/yoast-seo-wordpress\/ -->\n<title>VOLUNT\u00c1RIO - Ebenezer Operation Exodus<\/title>\n<meta name=\"robots\" content=\"index, follow, max-snippet:-1, max-image-preview:large, max-video-preview:-1\" \/>\n<link rel=\"canonical\" href=\"https:\/\/ebenezer-oe.org\/pt-br\/seja-nosso-parceiro\/voluntario\/\" \/>\n<meta property=\"og:locale\" content=\"pt_BR\" \/>\n<meta property=\"og:type\" content=\"article\" \/>\n<meta property=\"og:title\" content=\"VOLUNT\u00c1RIO - Ebenezer Operation Exodus\" \/>\n<meta property=\"og:description\" content=\"Oportunidades Para Volunt\u00e1rio &#8216;Servi uns aos outros, cada um conforme o dom que recebeu, como bons despenseiros da multiforme gra\u00e7a de Deus.&#8217; (1 Pedro 4:10) Temos muitas oportunidades em diferentes partes do mundo para aqueles que s\u00e3o chamados para servir como volunt\u00e1rios&#8230; Todos os anos, dezenas de milhares de Judeus de todas as partes do&hellip;\" \/>\n<meta property=\"og:url\" content=\"https:\/\/ebenezer-oe.org\/pt-br\/seja-nosso-parceiro\/voluntario\/\" \/>\n<meta property=\"og:site_name\" content=\"Ebenezer Operation Exodus\" \/>\n<meta property=\"article:publisher\" content=\"https:\/\/www.facebook.com\/EbenezerInt\" \/>\n<meta property=\"article:modified_time\" content=\"2025-12-09T13:42:57+00:00\" \/>\n<meta property=\"og:image\" content=\"https:\/\/ebenezeroe.wpengine.com\/wp-content\/uploads\/2021\/05\/vol-mex-daniela-150x150.jpg\" \/>\n<meta name=\"twitter:card\" content=\"summary_large_image\" \/>\n<meta name=\"twitter:label1\" content=\"Est. tempo de leitura\" \/>\n\t<meta name=\"twitter:data1\" content=\"3 minutos\" \/>\n<script type=\"application\/ld+json\" class=\"yoast-schema-graph\">{\"@context\":\"https:\/\/schema.org\",\"@graph\":[{\"@type\":\"WebPage\",\"@id\":\"https:\/\/ebenezer-oe.org\/pt-br\/seja-nosso-parceiro\/voluntario\/\",\"url\":\"https:\/\/ebenezer-oe.org\/pt-br\/seja-nosso-parceiro\/voluntario\/\",\"name\":\"VOLUNT\u00c1RIO - Ebenezer Operation Exodus\",\"isPartOf\":{\"@id\":\"https:\/\/ebenezer-oe.org\/#website\"},\"primaryImageOfPage\":{\"@id\":\"https:\/\/ebenezer-oe.org\/pt-br\/seja-nosso-parceiro\/voluntario\/#primaryimage\"},\"image\":{\"@id\":\"https:\/\/ebenezer-oe.org\/pt-br\/seja-nosso-parceiro\/voluntario\/#primaryimage\"},\"thumbnailUrl\":\"https:\/\/ebenezeroe.wpengine.com\/wp-content\/uploads\/2021\/05\/vol-mex-daniela-150x150.jpg\",\"datePublished\":\"2021-12-07T14:53:04+00:00\",\"dateModified\":\"2025-12-09T13:42:57+00:00\",\"breadcrumb\":{\"@id\":\"https:\/\/ebenezer-oe.org\/pt-br\/seja-nosso-parceiro\/voluntario\/#breadcrumb\"},\"inLanguage\":\"pt-BR\",\"potentialAction\":[{\"@type\":\"ReadAction\",\"target\":[\"https:\/\/ebenezer-oe.org\/pt-br\/seja-nosso-parceiro\/voluntario\/\"]}]},{\"@type\":\"ImageObject\",\"inLanguage\":\"pt-BR\",\"@id\":\"https:\/\/ebenezer-oe.org\/pt-br\/seja-nosso-parceiro\/voluntario\/#primaryimage\",\"url\":\"https:\/\/ebenezeroe.wpengine.com\/wp-content\/uploads\/2021\/05\/vol-mex-daniela-150x150.jpg\",\"contentUrl\":\"https:\/\/ebenezeroe.wpengine.com\/wp-content\/uploads\/2021\/05\/vol-mex-daniela-150x150.jpg\"},{\"@type\":\"BreadcrumbList\",\"@id\":\"https:\/\/ebenezer-oe.org\/pt-br\/seja-nosso-parceiro\/voluntario\/#breadcrumb\",\"itemListElement\":[{\"@type\":\"ListItem\",\"position\":1,\"name\":\"Home\",\"item\":\"https:\/\/ebenezer-oe.org\/pt-br\/\"},{\"@type\":\"ListItem\",\"position\":2,\"name\":\"Seja nosso parceiro\",\"item\":\"https:\/\/ebenezer-oe.org\/pt-br\/seja-nosso-parceiro\/\"},{\"@type\":\"ListItem\",\"position\":3,\"name\":\"VOLUNT\u00c1RIO\"}]},{\"@type\":\"WebSite\",\"@id\":\"https:\/\/ebenezer-oe.org\/#website\",\"url\":\"https:\/\/ebenezer-oe.org\/\",\"name\":\"Ebenezer - Operation Exodus\",\"description\":\"\",\"publisher\":{\"@id\":\"https:\/\/ebenezer-oe.org\/#organization\"},\"potentialAction\":[{\"@type\":\"SearchAction\",\"target\":{\"@type\":\"EntryPoint\",\"urlTemplate\":\"https:\/\/ebenezer-oe.org\/?s={search_term_string}\"},\"query-input\":{\"@type\":\"PropertyValueSpecification\",\"valueRequired\":true,\"valueName\":\"search_term_string\"}}],\"inLanguage\":\"pt-BR\"},{\"@type\":\"Organization\",\"@id\":\"https:\/\/ebenezer-oe.org\/#organization\",\"name\":\"Ebenezer - Operation Exodus\",\"url\":\"https:\/\/ebenezer-oe.org\/\",\"logo\":{\"@type\":\"ImageObject\",\"inLanguage\":\"pt-BR\",\"@id\":\"https:\/\/ebenezer-oe.org\/#\/schema\/logo\/image\/\",\"url\":\"https:\/\/ebenezeroe.wpengine.com\/wp-content\/uploads\/2020\/09\/Logo_EOE_EN_Colour-Horizontal.png\",\"contentUrl\":\"https:\/\/ebenezeroe.wpengine.com\/wp-content\/uploads\/2020\/09\/Logo_EOE_EN_Colour-Horizontal.png\",\"width\":1922,\"height\":928,\"caption\":\"Ebenezer - Operation Exodus\"},\"image\":{\"@id\":\"https:\/\/ebenezer-oe.org\/#\/schema\/logo\/image\/\"},\"sameAs\":[\"https:\/\/www.facebook.com\/EbenezerInt\",\"https:\/\/www.instagram.com\/ebenezer_oe_eng\/\",\"https:\/\/www.youtube.com\/channel\/UC6qGHrKKeamFVz95Vd8LR1g\"]}]}<\/script>\n<!-- \/ Yoast SEO plugin. -->","yoast_head_json":{"title":"VOLUNT\u00c1RIO - Ebenezer Operation Exodus","robots":{"index":"index","follow":"follow","max-snippet":"max-snippet:-1","max-image-preview":"max-image-preview:large","max-video-preview":"max-video-preview:-1"},"canonical":"https:\/\/ebenezer-oe.org\/pt-br\/seja-nosso-parceiro\/voluntario\/","og_locale":"pt_BR","og_type":"article","og_title":"VOLUNT\u00c1RIO - Ebenezer Operation Exodus","og_description":"Oportunidades Para Volunt\u00e1rio &#8216;Servi uns aos outros, cada um conforme o dom que recebeu, como bons despenseiros da multiforme gra\u00e7a de Deus.&#8217; (1 Pedro 4:10) Temos muitas oportunidades em diferentes partes do mundo para aqueles que s\u00e3o chamados para servir como volunt\u00e1rios&#8230; Todos os anos, dezenas de milhares de Judeus de todas as partes do&hellip;","og_url":"https:\/\/ebenezer-oe.org\/pt-br\/seja-nosso-parceiro\/voluntario\/","og_site_name":"Ebenezer Operation Exodus","article_publisher":"https:\/\/www.facebook.com\/EbenezerInt","article_modified_time":"2025-12-09T13:42:57+00:00","og_image":[{"url":"https:\/\/ebenezeroe.wpengine.com\/wp-content\/uploads\/2021\/05\/vol-mex-daniela-150x150.jpg","type":"","width":"","height":""}],"twitter_card":"summary_large_image","twitter_misc":{"Est. tempo de leitura":"3 minutos"},"schema":{"@context":"https:\/\/schema.org","@graph":[{"@type":"WebPage","@id":"https:\/\/ebenezer-oe.org\/pt-br\/seja-nosso-parceiro\/voluntario\/","url":"https:\/\/ebenezer-oe.org\/pt-br\/seja-nosso-parceiro\/voluntario\/","name":"VOLUNT\u00c1RIO - Ebenezer Operation Exodus","isPartOf":{"@id":"https:\/\/ebenezer-oe.org\/#website"},"primaryImageOfPage":{"@id":"https:\/\/ebenezer-oe.org\/pt-br\/seja-nosso-parceiro\/voluntario\/#primaryimage"},"image":{"@id":"https:\/\/ebenezer-oe.org\/pt-br\/seja-nosso-parceiro\/voluntario\/#primaryimage"},"thumbnailUrl":"https:\/\/ebenezeroe.wpengine.com\/wp-content\/uploads\/2021\/05\/vol-mex-daniela-150x150.jpg","datePublished":"2021-12-07T14:53:04+00:00","dateModified":"2025-12-09T13:42:57+00:00","breadcrumb":{"@id":"https:\/\/ebenezer-oe.org\/pt-br\/seja-nosso-parceiro\/voluntario\/#breadcrumb"},"inLanguage":"pt-BR","potentialAction":[{"@type":"ReadAction","target":["https:\/\/ebenezer-oe.org\/pt-br\/seja-nosso-parceiro\/voluntario\/"]}]},{"@type":"ImageObject","inLanguage":"pt-BR","@id":"https:\/\/ebenezer-oe.org\/pt-br\/seja-nosso-parceiro\/voluntario\/#primaryimage","url":"https:\/\/ebenezeroe.wpengine.com\/wp-content\/uploads\/2021\/05\/vol-mex-daniela-150x150.jpg","contentUrl":"https:\/\/ebenezeroe.wpengine.com\/wp-content\/uploads\/2021\/05\/vol-mex-daniela-150x150.jpg"},{"@type":"BreadcrumbList","@id":"https:\/\/ebenezer-oe.org\/pt-br\/seja-nosso-parceiro\/voluntario\/#breadcrumb","itemListElement":[{"@type":"ListItem","position":1,"name":"Home","item":"https:\/\/ebenezer-oe.org\/pt-br\/"},{"@type":"ListItem","position":2,"name":"Seja nosso parceiro","item":"https:\/\/ebenezer-oe.org\/pt-br\/seja-nosso-parceiro\/"},{"@type":"ListItem","position":3,"name":"VOLUNT\u00c1RIO"}]},{"@type":"WebSite","@id":"https:\/\/ebenezer-oe.org\/#website","url":"https:\/\/ebenezer-oe.org\/","name":"Ebenezer - Operation Exodus","description":"","publisher":{"@id":"https:\/\/ebenezer-oe.org\/#organization"},"potentialAction":[{"@type":"SearchAction","target":{"@type":"EntryPoint","urlTemplate":"https:\/\/ebenezer-oe.org\/?s={search_term_string}"},"query-input":{"@type":"PropertyValueSpecification","valueRequired":true,"valueName":"search_term_string"}}],"inLanguage":"pt-BR"},{"@type":"Organization","@id":"https:\/\/ebenezer-oe.org\/#organization","name":"Ebenezer - Operation Exodus","url":"https:\/\/ebenezer-oe.org\/","logo":{"@type":"ImageObject","inLanguage":"pt-BR","@id":"https:\/\/ebenezer-oe.org\/#\/schema\/logo\/image\/","url":"https:\/\/ebenezeroe.wpengine.com\/wp-content\/uploads\/2020\/09\/Logo_EOE_EN_Colour-Horizontal.png","contentUrl":"https:\/\/ebenezeroe.wpengine.com\/wp-content\/uploads\/2020\/09\/Logo_EOE_EN_Colour-Horizontal.png","width":1922,"height":928,"caption":"Ebenezer - Operation Exodus"},"image":{"@id":"https:\/\/ebenezer-oe.org\/#\/schema\/logo\/image\/"},"sameAs":["https:\/\/www.facebook.com\/EbenezerInt","https:\/\/www.instagram.com\/ebenezer_oe_eng\/","https:\/\/www.youtube.com\/channel\/UC6qGHrKKeamFVz95Vd8LR1g"]}]}},"_links":{"self":[{"href":"https:\/\/ebenezer-oe.org\/pt-br\/wp-json\/wp\/v2\/pages\/47981","targetHints":{"allow":["GET"]}}],"collection":[{"href":"https:\/\/ebenezer-oe.org\/pt-br\/wp-json\/wp\/v2\/pages"}],"about":[{"href":"https:\/\/ebenezer-oe.org\/pt-br\/wp-json\/wp\/v2\/types\/page"}],"author":[{"embeddable":true,"href":"https:\/\/ebenezer-oe.org\/pt-br\/wp-json\/wp\/v2\/users\/1"}],"replies":[{"embeddable":true,"href":"https:\/\/ebenezer-oe.org\/pt-br\/wp-json\/wp\/v2\/comments?post=47981"}],"version-history":[{"count":0,"href":"https:\/\/ebenezer-oe.org\/pt-br\/wp-json\/wp\/v2\/pages\/47981\/revisions"}],"up":[{"embeddable":true,"href":"https:\/\/ebenezer-oe.org\/pt-br\/wp-json\/wp\/v2\/pages\/47764"}],"wp:attachment":[{"href":"https:\/\/ebenezer-oe.org\/pt-br\/wp-json\/wp\/v2\/media?parent=47981"}],"curies":[{"name":"wp","href":"https:\/\/api.w.org\/{rel}","templated":true}]}}