{"id":78495,"date":"2022-11-21T15:07:08","date_gmt":"2022-11-21T15:07:08","guid":{"rendered":"https:\/\/ebenezer-oe.org\/eventos\/"},"modified":"2025-01-14T11:42:00","modified_gmt":"2025-01-14T11:42:00","slug":"eventos","status":"publish","type":"page","link":"https:\/\/ebenezer-oe.org\/pt-br\/eventos\/","title":{"rendered":"Eventos"},"content":{"rendered":"\n\n\t<h2>Eventos<\/h2>\n<h4>\n\t\tAo longo do ano, h\u00e1 muitos eventos, como confer\u00eancias diurnas, passeios e reuni\u00f5es de ora\u00e7\u00e3o que os apoiadores podem participar em diferentes partes do mundo &#8230;\n\t<\/h4>\n\t<p>&nbsp;<\/p>\n<p>&nbsp;<\/p>\n\t<p>Para maiores informa\u00e7\u00f5es sobre eventos em seu pa\u00eds, favor entrar em contato com seu <a href=\"https:\/\/ebenezeroe.wpengine.com\/pt-br\/no-seu-pais\/\">escrit\u00f3rio nacional.<\/a><\/p>\n\n","protected":false},"excerpt":{"rendered":"<p>Eventos Ao longo do ano, h\u00e1 muitos eventos, como confer\u00eancias diurnas, passeios e reuni\u00f5es de ora\u00e7\u00e3o que os apoiadores podem participar em diferentes partes do mundo &#8230; &nbsp; &nbsp; Para maiores informa\u00e7\u00f5es sobre eventos em seu pa\u00eds, favor entrar em contato com seu escrit\u00f3rio nacional.<\/p>\n","protected":false},"author":2,"featured_media":0,"parent":0,"menu_order":0,"comment_status":"closed","ping_status":"closed","template":"","meta":{"footnotes":""},"class_list":["post-78495","page","type-page","status-publish","hentry"],"yoast_head":"<!-- This site is optimized with the Yoast SEO plugin v27.4 - https:\/\/yoast.com\/product\/yoast-seo-wordpress\/ -->\n<title>Eventos - Ebenezer Operation Exodus<\/title>\n<meta name=\"robots\" content=\"index, follow, max-snippet:-1, max-image-preview:large, max-video-preview:-1\" \/>\n<link rel=\"canonical\" href=\"https:\/\/ebenezer-oe.org\/pt-br\/eventos\/\" \/>\n<meta property=\"og:locale\" content=\"pt_BR\" \/>\n<meta property=\"og:type\" content=\"article\" \/>\n<meta property=\"og:title\" content=\"Eventos - Ebenezer Operation Exodus\" \/>\n<meta property=\"og:description\" content=\"Eventos Ao longo do ano, h\u00e1 muitos eventos, como confer\u00eancias diurnas, passeios e reuni\u00f5es de ora\u00e7\u00e3o que os apoiadores podem participar em diferentes partes do mundo &#8230; &nbsp; &nbsp; Para maiores informa\u00e7\u00f5es sobre eventos em seu pa\u00eds, favor entrar em contato com seu escrit\u00f3rio nacional.\" \/>\n<meta property=\"og:url\" content=\"https:\/\/ebenezer-oe.org\/pt-br\/eventos\/\" \/>\n<meta property=\"og:site_name\" content=\"Ebenezer Operation Exodus\" \/>\n<meta property=\"article:publisher\" content=\"https:\/\/www.facebook.com\/EbenezerInt\" \/>\n<meta property=\"article:modified_time\" content=\"2025-01-14T11:42:00+00:00\" \/>\n<meta name=\"twitter:card\" content=\"summary_large_image\" \/>\n<script type=\"application\/ld+json\" class=\"yoast-schema-graph\">{\"@context\":\"https:\\\/\\\/schema.org\",\"@graph\":[{\"@type\":\"WebPage\",\"@id\":\"https:\\\/\\\/ebenezer-oe.org\\\/pt-br\\\/eventos\\\/\",\"url\":\"https:\\\/\\\/ebenezer-oe.org\\\/pt-br\\\/eventos\\\/\",\"name\":\"Eventos - Ebenezer Operation Exodus\",\"isPartOf\":{\"@id\":\"https:\\\/\\\/ebenezer-oe.org\\\/#website\"},\"datePublished\":\"2022-11-21T15:07:08+00:00\",\"dateModified\":\"2025-01-14T11:42:00+00:00\",\"breadcrumb\":{\"@id\":\"https:\\\/\\\/ebenezer-oe.org\\\/pt-br\\\/eventos\\\/#breadcrumb\"},\"inLanguage\":\"pt-BR\",\"potentialAction\":[{\"@type\":\"ReadAction\",\"target\":[\"https:\\\/\\\/ebenezer-oe.org\\\/pt-br\\\/eventos\\\/\"]}]},{\"@type\":\"BreadcrumbList\",\"@id\":\"https:\\\/\\\/ebenezer-oe.org\\\/pt-br\\\/eventos\\\/#breadcrumb\",\"itemListElement\":[{\"@type\":\"ListItem\",\"position\":1,\"name\":\"Home\",\"item\":\"https:\\\/\\\/ebenezer-oe.org\\\/pt-br\\\/\"},{\"@type\":\"ListItem\",\"position\":2,\"name\":\"Eventos\"}]},{\"@type\":\"WebSite\",\"@id\":\"https:\\\/\\\/ebenezer-oe.org\\\/#website\",\"url\":\"https:\\\/\\\/ebenezer-oe.org\\\/\",\"name\":\"Ebenezer - Operation Exodus\",\"description\":\"\",\"publisher\":{\"@id\":\"https:\\\/\\\/ebenezer-oe.org\\\/#organization\"},\"potentialAction\":[{\"@type\":\"SearchAction\",\"target\":{\"@type\":\"EntryPoint\",\"urlTemplate\":\"https:\\\/\\\/ebenezer-oe.org\\\/?s={search_term_string}\"},\"query-input\":{\"@type\":\"PropertyValueSpecification\",\"valueRequired\":true,\"valueName\":\"search_term_string\"}}],\"inLanguage\":\"pt-BR\"},{\"@type\":\"Organization\",\"@id\":\"https:\\\/\\\/ebenezer-oe.org\\\/#organization\",\"name\":\"Ebenezer - Operation Exodus\",\"url\":\"https:\\\/\\\/ebenezer-oe.org\\\/\",\"logo\":{\"@type\":\"ImageObject\",\"inLanguage\":\"pt-BR\",\"@id\":\"https:\\\/\\\/ebenezer-oe.org\\\/#\\\/schema\\\/logo\\\/image\\\/\",\"url\":\"https:\\\/\\\/ebenezeroe.wpengine.com\\\/wp-content\\\/uploads\\\/2020\\\/09\\\/Logo_EOE_EN_Colour-Horizontal.png\",\"contentUrl\":\"https:\\\/\\\/ebenezeroe.wpengine.com\\\/wp-content\\\/uploads\\\/2020\\\/09\\\/Logo_EOE_EN_Colour-Horizontal.png\",\"width\":1922,\"height\":928,\"caption\":\"Ebenezer - Operation Exodus\"},\"image\":{\"@id\":\"https:\\\/\\\/ebenezer-oe.org\\\/#\\\/schema\\\/logo\\\/image\\\/\"},\"sameAs\":[\"https:\\\/\\\/www.facebook.com\\\/EbenezerInt\",\"https:\\\/\\\/www.instagram.com\\\/ebenezer_oe_eng\\\/\",\"https:\\\/\\\/www.youtube.com\\\/channel\\\/UC6qGHrKKeamFVz95Vd8LR1g\"]}]}<\/script>\n<!-- \/ Yoast SEO plugin. -->","yoast_head_json":{"title":"Eventos - Ebenezer Operation Exodus","robots":{"index":"index","follow":"follow","max-snippet":"max-snippet:-1","max-image-preview":"max-image-preview:large","max-video-preview":"max-video-preview:-1"},"canonical":"https:\/\/ebenezer-oe.org\/pt-br\/eventos\/","og_locale":"pt_BR","og_type":"article","og_title":"Eventos - Ebenezer Operation Exodus","og_description":"Eventos Ao longo do ano, h\u00e1 muitos eventos, como confer\u00eancias diurnas, passeios e reuni\u00f5es de ora\u00e7\u00e3o que os apoiadores podem participar em diferentes partes do mundo &#8230; &nbsp; &nbsp; Para maiores informa\u00e7\u00f5es sobre eventos em seu pa\u00eds, favor entrar em contato com seu escrit\u00f3rio nacional.","og_url":"https:\/\/ebenezer-oe.org\/pt-br\/eventos\/","og_site_name":"Ebenezer Operation Exodus","article_publisher":"https:\/\/www.facebook.com\/EbenezerInt","article_modified_time":"2025-01-14T11:42:00+00:00","twitter_card":"summary_large_image","schema":{"@context":"https:\/\/schema.org","@graph":[{"@type":"WebPage","@id":"https:\/\/ebenezer-oe.org\/pt-br\/eventos\/","url":"https:\/\/ebenezer-oe.org\/pt-br\/eventos\/","name":"Eventos - Ebenezer Operation Exodus","isPartOf":{"@id":"https:\/\/ebenezer-oe.org\/#website"},"datePublished":"2022-11-21T15:07:08+00:00","dateModified":"2025-01-14T11:42:00+00:00","breadcrumb":{"@id":"https:\/\/ebenezer-oe.org\/pt-br\/eventos\/#breadcrumb"},"inLanguage":"pt-BR","potentialAction":[{"@type":"ReadAction","target":["https:\/\/ebenezer-oe.org\/pt-br\/eventos\/"]}]},{"@type":"BreadcrumbList","@id":"https:\/\/ebenezer-oe.org\/pt-br\/eventos\/#breadcrumb","itemListElement":[{"@type":"ListItem","position":1,"name":"Home","item":"https:\/\/ebenezer-oe.org\/pt-br\/"},{"@type":"ListItem","position":2,"name":"Eventos"}]},{"@type":"WebSite","@id":"https:\/\/ebenezer-oe.org\/#website","url":"https:\/\/ebenezer-oe.org\/","name":"Ebenezer - Operation Exodus","description":"","publisher":{"@id":"https:\/\/ebenezer-oe.org\/#organization"},"potentialAction":[{"@type":"SearchAction","target":{"@type":"EntryPoint","urlTemplate":"https:\/\/ebenezer-oe.org\/?s={search_term_string}"},"query-input":{"@type":"PropertyValueSpecification","valueRequired":true,"valueName":"search_term_string"}}],"inLanguage":"pt-BR"},{"@type":"Organization","@id":"https:\/\/ebenezer-oe.org\/#organization","name":"Ebenezer - Operation Exodus","url":"https:\/\/ebenezer-oe.org\/","logo":{"@type":"ImageObject","inLanguage":"pt-BR","@id":"https:\/\/ebenezer-oe.org\/#\/schema\/logo\/image\/","url":"https:\/\/ebenezeroe.wpengine.com\/wp-content\/uploads\/2020\/09\/Logo_EOE_EN_Colour-Horizontal.png","contentUrl":"https:\/\/ebenezeroe.wpengine.com\/wp-content\/uploads\/2020\/09\/Logo_EOE_EN_Colour-Horizontal.png","width":1922,"height":928,"caption":"Ebenezer - Operation Exodus"},"image":{"@id":"https:\/\/ebenezer-oe.org\/#\/schema\/logo\/image\/"},"sameAs":["https:\/\/www.facebook.com\/EbenezerInt","https:\/\/www.instagram.com\/ebenezer_oe_eng\/","https:\/\/www.youtube.com\/channel\/UC6qGHrKKeamFVz95Vd8LR1g"]}]}},"_links":{"self":[{"href":"https:\/\/ebenezer-oe.org\/pt-br\/wp-json\/wp\/v2\/pages\/78495","targetHints":{"allow":["GET"]}}],"collection":[{"href":"https:\/\/ebenezer-oe.org\/pt-br\/wp-json\/wp\/v2\/pages"}],"about":[{"href":"https:\/\/ebenezer-oe.org\/pt-br\/wp-json\/wp\/v2\/types\/page"}],"author":[{"embeddable":true,"href":"https:\/\/ebenezer-oe.org\/pt-br\/wp-json\/wp\/v2\/users\/2"}],"replies":[{"embeddable":true,"href":"https:\/\/ebenezer-oe.org\/pt-br\/wp-json\/wp\/v2\/comments?post=78495"}],"version-history":[{"count":0,"href":"https:\/\/ebenezer-oe.org\/pt-br\/wp-json\/wp\/v2\/pages\/78495\/revisions"}],"wp:attachment":[{"href":"https:\/\/ebenezer-oe.org\/pt-br\/wp-json\/wp\/v2\/media?parent=78495"}],"curies":[{"name":"wp","href":"https:\/\/api.w.org\/{rel}","templated":true}]}}