{"id":39074,"date":"2021-09-01T04:38:03","date_gmt":"2021-09-01T04:38:03","guid":{"rendered":"https:\/\/ebenezer-oe.org\/despre-noi\/"},"modified":"2023-07-25T16:37:35","modified_gmt":"2023-07-25T16:37:35","slug":"despre-noi","status":"publish","type":"page","link":"https:\/\/ebenezer-oe.org\/ro\/despre-noi\/","title":{"rendered":"Despre Noi"},"content":{"rendered":"\n<h2>\n\t\tCine suntem\n\t<\/h2>\n\t<p>Viziunea noastr\u0103 este s\u0103 fim slujitori \u0219i mijlocitori ai Domnului, s\u0103 ajut\u0103m poporul evreu s\u0103 se \u00eentoarc\u0103 pe p\u0103m\u00e2ntul f\u0103g\u0103duin\u021bei din toate na\u021biunile, \u0219i s\u0103 proclam\u0103m scopul \u00cemp\u0103r\u0103\u021biei lui Dumnezeu pentru \u00eentoarcerea lor.<\/p>\n\t\t\t\t\t<a href=\"#\" id=\"fl-accordion--label-0\" tabindex=\"0\" aria-controls=\"fl-accordion--panel-0\">Citi\u021bi declara\u021bia noastr\u0103 de credin\u021b\u0103<\/a>\n\t\t\t\t\t\t\t\t\t\t\t<a href=\"#\" id=\"fl-accordion--icon-0\" tabindex=\"0\" aria-controls=\"fl-accordion--panel-0\"><i>Expand<\/i><\/a>\n\t\t\t\t\t<p><strong>Noi Credem<\/strong><\/p>\n<ul>\n<li>\u00centr-un singur Dumnezeu format din Tat\u0103l, Fiul \u0219i Duhul Sf\u00e2nt. <em>Marcu 12:29, Matei 28:19<\/em><\/li>\n<li>Iisus este singurul Fiu n\u0103scut al Tat\u0103lui Dumnezeu.<em> Psalmii 2:7, Ioan 3:16<\/em><\/li>\n<li>M\u00e2ntuirea (justificarea) se face prin credin\u021ba \u00een jertfa isp\u0103\u0219itoare a lui Iisus Hristos. <em>(Efeseni 2:8, Luca 24:46-47)<\/em><\/li>\n<li>Duhul Sf\u00e2nt locuie\u0219te \u00een to\u021bi credincio\u0219ii \u0219i d\u0103 putere pentru slujire. <em>Ioan 14:23b, Fapt. Ap. 1:8<\/em><\/li>\n<li>Scripturile sunt inspirate divin. <em>2 Timotei 3:16-17<\/em><\/li>\n<li>Biserica, trupul lui Mesia, este format din to\u021bi credincio\u0219ii, n\u0103scu\u021bi din Duhul lui Dumnezeu prin har prin credin\u021ba \u00een Iisus Hristos. <em>Efeseni 2:8, 13-22<\/em><\/li>\n<li>Dumnezeu are un scop profetic, duhovnicesc pentru \u00eentoarcerea poporului Evreu \u00een \u021bara pe care El le-a promis.<em> Ieremia 32:37-41, Ezechiel 37:14<\/em><\/li>\n<li>Iisus \u00eentr-o zi se va \u00eentoarce fizic pe p\u0103m\u00e2nt \u0219i va domni din Ierusalim. <em>Zaharia 14:4, Fapt. Ap. 1:11<\/em><\/li>\n<\/ul>\n\t\t\t\t<a href=\"https:\/\/ebenezer-oe.org\/about-us\/our-history\/\" target=\"_self\" itemprop=\"url\" rel=\"noopener\">\n\t\t\t\t<img decoding=\"async\" data-src=\"https:\/\/ebenezer-oe.org\/wp-content\/uploads\/2021\/04\/Untitled-design-27.png\" alt=\"Untitled design-27\" itemprop=\"image\" height=\"800\" width=\"1200\" title=\"Untitled design-27\" onerror=\"this.style.display='none'\" src=\"data:image\/svg+xml;base64,PHN2ZyB3aWR0aD0iMSIgaGVpZ2h0PSIxIiB4bWxucz0iaHR0cDovL3d3dy53My5vcmcvMjAwMC9zdmciPjwvc3ZnPg==\" class=\"lazyload\" style=\"--smush-placeholder-width: 1200px; --smush-placeholder-aspect-ratio: 1200\/800;\" \/>\n\t\t\t\t<\/a>\n<h3>\n\t\t<a href=\"https:\/\/ebenezeroe.wpengine.com\/about-us\/our-history\/\" title=\"Istoria Noastr\u0103\" target=\"_self\" rel=\"noopener\">\n\t\tIstoria Noastr\u0103\n\t\t<\/a>\n\t<\/h3>\n\t<p>Slujirea noastr\u0103 a fost conceput\u0103 \u00eentr-o conferin\u021b\u0103 de rug\u0103ciune la Ierusalim \u00een timpul r\u0103zboiului din Golf din 1991. Conducerea conferin\u021bei a sim\u021bit c\u0103 Dumnezeu spunea c\u0103 este momentul s\u0103 ajut\u0103m poporul evreu s\u0103 plece acas\u0103.<\/p>\n<p>A\u0219a a \u00eenceput ministerul \u0219i a continuat &#8230;<\/p>\n\t\t\t<a href=\"https:\/\/ebenezer-oe.org\/ro\/despre-noi\/istoria-noastra\/\" target=\"_self\" rel=\"noopener\">\n\t\t\t\t\t\t\tAfl\u0103 mai mult\n\t\t\t\t\t<\/a>\n\t\t\t\t<a href=\"https:\/\/ebenezer-oe.org\/about-us\/why-aliyah\/\" target=\"_self\" itemprop=\"url\" rel=\"noopener\">\n\t\t\t\t<img decoding=\"async\" data-src=\"https:\/\/ebenezer-oe.org\/wp-content\/uploads\/2021\/02\/BringingHisPeopleHome-opt.png\" alt=\"BringingHisPeopleHome-opt\" itemprop=\"image\" height=\"800\" width=\"1200\" title=\"BringingHisPeopleHome-opt\" onerror=\"this.style.display='none'\" src=\"data:image\/svg+xml;base64,PHN2ZyB3aWR0aD0iMSIgaGVpZ2h0PSIxIiB4bWxucz0iaHR0cDovL3d3dy53My5vcmcvMjAwMC9zdmciPjwvc3ZnPg==\" class=\"lazyload\" style=\"--smush-placeholder-width: 1200px; --smush-placeholder-aspect-ratio: 1200\/800;\" \/>\n\t\t\t\t<\/a>\n<h4>\n\t\t<a href=\"https:\/\/ebenezeroe.wpengine.com\/about-us\/why-aliyah\/\" title=\"De Ce Aliyah?\" target=\"_self\" rel=\"noopener\">\n\t\tDe Ce Aliyah?\n\t\t<\/a>\n\t<\/h4>\n\t<p>Aliyah este \u00eentoarcerea poporului evreu pe un p\u0103m\u00e2nt de care au fost separa\u021bi acum vreo dou\u0103 mii de ani. De atunci, \u00een fiecare an, toastul de Pa\u0219te, \u201eAnul viitor la Ierusalim&#8221; \u0219i-a exprimat aceast\u0103 speran\u021b\u0103 \u0219i vis. <\/p>\n<p>Am fost chema\u021bi s\u0103 ajut\u0103m din mai multe motive &#8230;<\/p>\n\t\t\t<a href=\"https:\/\/ebenezer-oe.org\/ro\/despre-noi\/de-ce-aliyah\/\" target=\"_self\" rel=\"noopener\">\n\t\t\t\t\t\t\tAfl\u0103 mai mult\n\t\t\t\t\t<\/a>\n\t\t\t\t<a href=\"https:\/\/ebenezer-oe.org\/about-us\/a-foundation-of-prayer\/\" target=\"_self\" itemprop=\"url\" rel=\"noopener\">\n\t\t\t\t<img decoding=\"async\" data-src=\"https:\/\/ebenezer-oe.org\/wp-content\/uploads\/2021\/02\/Gebet-als-Grundlage-opt.png\" alt=\"Gebet-als-Grundlage-opt\" itemprop=\"image\" height=\"800\" width=\"1200\" title=\"Gebet-als-Grundlage-opt\" onerror=\"this.style.display='none'\" src=\"data:image\/svg+xml;base64,PHN2ZyB3aWR0aD0iMSIgaGVpZ2h0PSIxIiB4bWxucz0iaHR0cDovL3d3dy53My5vcmcvMjAwMC9zdmciPjwvc3ZnPg==\" class=\"lazyload\" style=\"--smush-placeholder-width: 1200px; --smush-placeholder-aspect-ratio: 1200\/800;\" \/>\n\t\t\t\t<\/a>\n<h3>\n\t\t<a href=\"https:\/\/ebenezeroe.wpengine.com\/about-us\/a-foundation-of-prayer\/\" title=\"Rug\u0103ciune De Funda\u021bie\" target=\"_self\" rel=\"noopener\">\n\t\tRug\u0103ciune De Funda\u021bie\n\t\t<\/a>\n\t<\/h3>\n\t<p>Am fost n\u0103scu\u021bi \u00een rug\u0103ciune \u0219i conducerea consider\u0103 c\u0103 rug\u0103ciunea trebuie s\u0103 fie baza tuturor activit\u0103\u021bilor noastre &#8230;<\/p>\n\t\t\t<a href=\"https:\/\/ebenezer-oe.org\/ro\/despre-noi\/rugaciune-de-fundatie\/\" target=\"_self\" rel=\"noopener\">\n\t\t\t\t\t\t\tAfl\u0103 mai mult\n\t\t\t\t\t<\/a>\n\t\t\t\t<a href=\"https:\/\/ebenezer-oe.org\/about-us\/our-work\/\" target=\"_self\" itemprop=\"url\" rel=\"noopener\">\n\t\t\t\t<img decoding=\"async\" data-src=\"https:\/\/ebenezer-oe.org\/wp-content\/uploads\/2021\/02\/haifa-house.png\" alt=\"haifa-house\" itemprop=\"image\" height=\"800\" width=\"1200\" title=\"haifa-house\" onerror=\"this.style.display='none'\" src=\"data:image\/svg+xml;base64,PHN2ZyB3aWR0aD0iMSIgaGVpZ2h0PSIxIiB4bWxucz0iaHR0cDovL3d3dy53My5vcmcvMjAwMC9zdmciPjwvc3ZnPg==\" class=\"lazyload\" style=\"--smush-placeholder-width: 1200px; --smush-placeholder-aspect-ratio: 1200\/800;\" \/>\n\t\t\t\t<\/a>\n<h3>\n\t\t<a href=\"https:\/\/ebenezeroe.wpengine.com\/about-us\/our-work\/\" title=\"Munca Noastr\u0103\" target=\"_self\" rel=\"noopener\">\n\t\tMunca Noastr\u0103\n\t\t<\/a>\n\t<\/h3>\n\t<p>Munca noastr\u0103 presupune s\u0103 ajut\u0103m c\u00e2t mai mul\u021bi evrei s\u0103 emigreze \u00een Israel. De asemenea, oferim ajutor umanitar acolo unde este necesar \u0219i asisten\u021b\u0103 financiar\u0103 \u0219i practic\u0103 \u00een procesul Aliyah &#8230; <\/p>\n\t\t\t<a href=\"https:\/\/ebenezer-oe.org\/ro\/despre-noi\/munca-noastra\/\" target=\"_self\" rel=\"noopener\">\n\t\t\t\t\t\t\tAfl\u0103 mai mult\n\t\t\t\t\t<\/a>\n\t\t\t\t<a href=\"https:\/\/ebenezer-oe.org\/about-us\/teaching\/\" target=\"_self\" itemprop=\"url\" rel=\"noopener\">\n\t\t\t\t<img decoding=\"async\" data-src=\"https:\/\/ebenezer-oe.org\/wp-content\/uploads\/2021\/02\/28891158955_18d819e8e6_opt.png\" alt=\"28891158955_18d819e8e6_opt\" itemprop=\"image\" height=\"800\" width=\"1200\" title=\"28891158955_18d819e8e6_opt\" onerror=\"this.style.display='none'\" src=\"data:image\/svg+xml;base64,PHN2ZyB3aWR0aD0iMSIgaGVpZ2h0PSIxIiB4bWxucz0iaHR0cDovL3d3dy53My5vcmcvMjAwMC9zdmciPjwvc3ZnPg==\" class=\"lazyload\" style=\"--smush-placeholder-width: 1200px; --smush-placeholder-aspect-ratio: 1200\/800;\" \/>\n\t\t\t\t<\/a>\n<h3>\n\t\t<a href=\"https:\/\/ebenezeroe.wpengine.com\/about-us\/teaching\/\" title=\"\u00cenv\u0103\u0163\u0103m\u00e2nt\" target=\"_self\" rel=\"noopener\">\n\t\t\u00cenv\u0103\u0163\u0103m\u00e2nt\n\t\t<\/a>\n\t<\/h3>\n\t<p>Unul dintre scopurile noastre este de a promova o \u00een\u021belegere \u00een Biseric\u0103 a semnifica\u021biei poporului evreu \u00een scopurile eterne ale lui Dumnezeu &#8230;<\/p>\n\t\t\t<a href=\"https:\/\/ebenezer-oe.org\/ro\/despre-noi\/invatamant\/\" target=\"_self\" rel=\"noopener\">\n\t\t\t\t\t\t\tAfl\u0103 mai mult\n\t\t\t\t\t<\/a>\n\n","protected":false},"excerpt":{"rendered":"<p>Cine suntem Viziunea noastr\u0103 este s\u0103 fim slujitori \u0219i mijlocitori ai Domnului, s\u0103 ajut\u0103m poporul evreu s\u0103 se \u00eentoarc\u0103 pe p\u0103m\u00e2ntul f\u0103g\u0103duin\u021bei din toate na\u021biunile, \u0219i s\u0103 proclam\u0103m scopul \u00cemp\u0103r\u0103\u021biei lui Dumnezeu pentru \u00eentoarcerea lor. Citi\u021bi declara\u021bia noastr\u0103 de credin\u021b\u0103 Expand Noi Credem \u00centr-un singur Dumnezeu format din Tat\u0103l, Fiul \u0219i Duhul Sf\u00e2nt. Marcu 12:29,&hellip;<\/p>\n","protected":false},"author":1,"featured_media":0,"parent":0,"menu_order":0,"comment_status":"closed","ping_status":"closed","template":"","meta":{"footnotes":""},"class_list":["post-39074","page","type-page","status-publish","hentry"],"yoast_head":"<!-- This site is optimized with the Yoast SEO plugin v27.2 - https:\/\/yoast.com\/product\/yoast-seo-wordpress\/ -->\n<title>Despre Noi - Ebenezer Operation Exodus<\/title>\n<meta name=\"robots\" content=\"index, follow, max-snippet:-1, max-image-preview:large, max-video-preview:-1\" \/>\n<link rel=\"canonical\" href=\"https:\/\/ebenezer-oe.org\/ro\/despre-noi\/\" \/>\n<meta property=\"og:locale\" content=\"ro_RO\" \/>\n<meta property=\"og:type\" content=\"article\" \/>\n<meta property=\"og:title\" content=\"Despre Noi - Ebenezer Operation Exodus\" \/>\n<meta property=\"og:description\" content=\"Cine suntem Viziunea noastr\u0103 este s\u0103 fim slujitori \u0219i mijlocitori ai Domnului, s\u0103 ajut\u0103m poporul evreu s\u0103 se \u00eentoarc\u0103 pe p\u0103m\u00e2ntul f\u0103g\u0103duin\u021bei din toate na\u021biunile, \u0219i s\u0103 proclam\u0103m scopul \u00cemp\u0103r\u0103\u021biei lui Dumnezeu pentru \u00eentoarcerea lor. Citi\u021bi declara\u021bia noastr\u0103 de credin\u021b\u0103 Expand Noi Credem \u00centr-un singur Dumnezeu format din Tat\u0103l, Fiul \u0219i Duhul Sf\u00e2nt. Marcu 12:29,&hellip;\" \/>\n<meta property=\"og:url\" content=\"https:\/\/ebenezer-oe.org\/ro\/despre-noi\/\" \/>\n<meta property=\"og:site_name\" content=\"Ebenezer Operation Exodus\" \/>\n<meta property=\"article:publisher\" content=\"https:\/\/www.facebook.com\/EbenezerInt\" \/>\n<meta property=\"article:modified_time\" content=\"2023-07-25T16:37:35+00:00\" \/>\n<meta property=\"og:image\" content=\"https:\/\/ebenezer-oe.org\/wp-content\/uploads\/2021\/04\/Untitled-design-27.png\" \/>\n<meta name=\"twitter:card\" content=\"summary_large_image\" \/>\n<meta name=\"twitter:label1\" content=\"Timp estimat pentru citire\" \/>\n\t<meta name=\"twitter:data1\" content=\"2 minute\" \/>\n<script type=\"application\/ld+json\" class=\"yoast-schema-graph\">{\"@context\":\"https:\/\/schema.org\",\"@graph\":[{\"@type\":\"WebPage\",\"@id\":\"https:\/\/ebenezer-oe.org\/ro\/despre-noi\/\",\"url\":\"https:\/\/ebenezer-oe.org\/ro\/despre-noi\/\",\"name\":\"Despre Noi - Ebenezer Operation Exodus\",\"isPartOf\":{\"@id\":\"https:\/\/ebenezer-oe.org\/#website\"},\"primaryImageOfPage\":{\"@id\":\"https:\/\/ebenezer-oe.org\/ro\/despre-noi\/#primaryimage\"},\"image\":{\"@id\":\"https:\/\/ebenezer-oe.org\/ro\/despre-noi\/#primaryimage\"},\"thumbnailUrl\":\"https:\/\/ebenezer-oe.org\/wp-content\/uploads\/2021\/04\/Untitled-design-27.png\",\"datePublished\":\"2021-09-01T04:38:03+00:00\",\"dateModified\":\"2023-07-25T16:37:35+00:00\",\"breadcrumb\":{\"@id\":\"https:\/\/ebenezer-oe.org\/ro\/despre-noi\/#breadcrumb\"},\"inLanguage\":\"ro-RO\",\"potentialAction\":[{\"@type\":\"ReadAction\",\"target\":[\"https:\/\/ebenezer-oe.org\/ro\/despre-noi\/\"]}]},{\"@type\":\"ImageObject\",\"inLanguage\":\"ro-RO\",\"@id\":\"https:\/\/ebenezer-oe.org\/ro\/despre-noi\/#primaryimage\",\"url\":\"https:\/\/ebenezer-oe.org\/wp-content\/uploads\/2021\/04\/Untitled-design-27.png\",\"contentUrl\":\"https:\/\/ebenezer-oe.org\/wp-content\/uploads\/2021\/04\/Untitled-design-27.png\"},{\"@type\":\"BreadcrumbList\",\"@id\":\"https:\/\/ebenezer-oe.org\/ro\/despre-noi\/#breadcrumb\",\"itemListElement\":[{\"@type\":\"ListItem\",\"position\":1,\"name\":\"Home\",\"item\":\"https:\/\/ebenezer-oe.org\/ro\/\"},{\"@type\":\"ListItem\",\"position\":2,\"name\":\"Despre Noi\"}]},{\"@type\":\"WebSite\",\"@id\":\"https:\/\/ebenezer-oe.org\/#website\",\"url\":\"https:\/\/ebenezer-oe.org\/\",\"name\":\"Ebenezer - Operation Exodus\",\"description\":\"\",\"publisher\":{\"@id\":\"https:\/\/ebenezer-oe.org\/#organization\"},\"potentialAction\":[{\"@type\":\"SearchAction\",\"target\":{\"@type\":\"EntryPoint\",\"urlTemplate\":\"https:\/\/ebenezer-oe.org\/?s={search_term_string}\"},\"query-input\":{\"@type\":\"PropertyValueSpecification\",\"valueRequired\":true,\"valueName\":\"search_term_string\"}}],\"inLanguage\":\"ro-RO\"},{\"@type\":\"Organization\",\"@id\":\"https:\/\/ebenezer-oe.org\/#organization\",\"name\":\"Ebenezer - Operation Exodus\",\"url\":\"https:\/\/ebenezer-oe.org\/\",\"logo\":{\"@type\":\"ImageObject\",\"inLanguage\":\"ro-RO\",\"@id\":\"https:\/\/ebenezer-oe.org\/#\/schema\/logo\/image\/\",\"url\":\"https:\/\/ebenezeroe.wpengine.com\/wp-content\/uploads\/2020\/09\/Logo_EOE_EN_Colour-Horizontal.png\",\"contentUrl\":\"https:\/\/ebenezeroe.wpengine.com\/wp-content\/uploads\/2020\/09\/Logo_EOE_EN_Colour-Horizontal.png\",\"width\":1922,\"height\":928,\"caption\":\"Ebenezer - Operation Exodus\"},\"image\":{\"@id\":\"https:\/\/ebenezer-oe.org\/#\/schema\/logo\/image\/\"},\"sameAs\":[\"https:\/\/www.facebook.com\/EbenezerInt\",\"https:\/\/www.instagram.com\/ebenezer_oe_eng\/\",\"https:\/\/www.youtube.com\/channel\/UC6qGHrKKeamFVz95Vd8LR1g\"]}]}<\/script>\n<!-- \/ Yoast SEO plugin. -->","yoast_head_json":{"title":"Despre Noi - Ebenezer Operation Exodus","robots":{"index":"index","follow":"follow","max-snippet":"max-snippet:-1","max-image-preview":"max-image-preview:large","max-video-preview":"max-video-preview:-1"},"canonical":"https:\/\/ebenezer-oe.org\/ro\/despre-noi\/","og_locale":"ro_RO","og_type":"article","og_title":"Despre Noi - Ebenezer Operation Exodus","og_description":"Cine suntem Viziunea noastr\u0103 este s\u0103 fim slujitori \u0219i mijlocitori ai Domnului, s\u0103 ajut\u0103m poporul evreu s\u0103 se \u00eentoarc\u0103 pe p\u0103m\u00e2ntul f\u0103g\u0103duin\u021bei din toate na\u021biunile, \u0219i s\u0103 proclam\u0103m scopul \u00cemp\u0103r\u0103\u021biei lui Dumnezeu pentru \u00eentoarcerea lor. Citi\u021bi declara\u021bia noastr\u0103 de credin\u021b\u0103 Expand Noi Credem \u00centr-un singur Dumnezeu format din Tat\u0103l, Fiul \u0219i Duhul Sf\u00e2nt. Marcu 12:29,&hellip;","og_url":"https:\/\/ebenezer-oe.org\/ro\/despre-noi\/","og_site_name":"Ebenezer Operation Exodus","article_publisher":"https:\/\/www.facebook.com\/EbenezerInt","article_modified_time":"2023-07-25T16:37:35+00:00","og_image":[{"url":"https:\/\/ebenezer-oe.org\/wp-content\/uploads\/2021\/04\/Untitled-design-27.png","type":"","width":"","height":""}],"twitter_card":"summary_large_image","twitter_misc":{"Timp estimat pentru citire":"2 minute"},"schema":{"@context":"https:\/\/schema.org","@graph":[{"@type":"WebPage","@id":"https:\/\/ebenezer-oe.org\/ro\/despre-noi\/","url":"https:\/\/ebenezer-oe.org\/ro\/despre-noi\/","name":"Despre Noi - Ebenezer Operation Exodus","isPartOf":{"@id":"https:\/\/ebenezer-oe.org\/#website"},"primaryImageOfPage":{"@id":"https:\/\/ebenezer-oe.org\/ro\/despre-noi\/#primaryimage"},"image":{"@id":"https:\/\/ebenezer-oe.org\/ro\/despre-noi\/#primaryimage"},"thumbnailUrl":"https:\/\/ebenezer-oe.org\/wp-content\/uploads\/2021\/04\/Untitled-design-27.png","datePublished":"2021-09-01T04:38:03+00:00","dateModified":"2023-07-25T16:37:35+00:00","breadcrumb":{"@id":"https:\/\/ebenezer-oe.org\/ro\/despre-noi\/#breadcrumb"},"inLanguage":"ro-RO","potentialAction":[{"@type":"ReadAction","target":["https:\/\/ebenezer-oe.org\/ro\/despre-noi\/"]}]},{"@type":"ImageObject","inLanguage":"ro-RO","@id":"https:\/\/ebenezer-oe.org\/ro\/despre-noi\/#primaryimage","url":"https:\/\/ebenezer-oe.org\/wp-content\/uploads\/2021\/04\/Untitled-design-27.png","contentUrl":"https:\/\/ebenezer-oe.org\/wp-content\/uploads\/2021\/04\/Untitled-design-27.png"},{"@type":"BreadcrumbList","@id":"https:\/\/ebenezer-oe.org\/ro\/despre-noi\/#breadcrumb","itemListElement":[{"@type":"ListItem","position":1,"name":"Home","item":"https:\/\/ebenezer-oe.org\/ro\/"},{"@type":"ListItem","position":2,"name":"Despre Noi"}]},{"@type":"WebSite","@id":"https:\/\/ebenezer-oe.org\/#website","url":"https:\/\/ebenezer-oe.org\/","name":"Ebenezer - Operation Exodus","description":"","publisher":{"@id":"https:\/\/ebenezer-oe.org\/#organization"},"potentialAction":[{"@type":"SearchAction","target":{"@type":"EntryPoint","urlTemplate":"https:\/\/ebenezer-oe.org\/?s={search_term_string}"},"query-input":{"@type":"PropertyValueSpecification","valueRequired":true,"valueName":"search_term_string"}}],"inLanguage":"ro-RO"},{"@type":"Organization","@id":"https:\/\/ebenezer-oe.org\/#organization","name":"Ebenezer - Operation Exodus","url":"https:\/\/ebenezer-oe.org\/","logo":{"@type":"ImageObject","inLanguage":"ro-RO","@id":"https:\/\/ebenezer-oe.org\/#\/schema\/logo\/image\/","url":"https:\/\/ebenezeroe.wpengine.com\/wp-content\/uploads\/2020\/09\/Logo_EOE_EN_Colour-Horizontal.png","contentUrl":"https:\/\/ebenezeroe.wpengine.com\/wp-content\/uploads\/2020\/09\/Logo_EOE_EN_Colour-Horizontal.png","width":1922,"height":928,"caption":"Ebenezer - Operation Exodus"},"image":{"@id":"https:\/\/ebenezer-oe.org\/#\/schema\/logo\/image\/"},"sameAs":["https:\/\/www.facebook.com\/EbenezerInt","https:\/\/www.instagram.com\/ebenezer_oe_eng\/","https:\/\/www.youtube.com\/channel\/UC6qGHrKKeamFVz95Vd8LR1g"]}]}},"_links":{"self":[{"href":"https:\/\/ebenezer-oe.org\/ro\/wp-json\/wp\/v2\/pages\/39074","targetHints":{"allow":["GET"]}}],"collection":[{"href":"https:\/\/ebenezer-oe.org\/ro\/wp-json\/wp\/v2\/pages"}],"about":[{"href":"https:\/\/ebenezer-oe.org\/ro\/wp-json\/wp\/v2\/types\/page"}],"author":[{"embeddable":true,"href":"https:\/\/ebenezer-oe.org\/ro\/wp-json\/wp\/v2\/users\/1"}],"replies":[{"embeddable":true,"href":"https:\/\/ebenezer-oe.org\/ro\/wp-json\/wp\/v2\/comments?post=39074"}],"version-history":[{"count":0,"href":"https:\/\/ebenezer-oe.org\/ro\/wp-json\/wp\/v2\/pages\/39074\/revisions"}],"wp:attachment":[{"href":"https:\/\/ebenezer-oe.org\/ro\/wp-json\/wp\/v2\/media?parent=39074"}],"curies":[{"name":"wp","href":"https:\/\/api.w.org\/{rel}","templated":true}]}}