{"id":39510,"date":"2021-09-01T08:17:09","date_gmt":"2021-09-01T08:17:09","guid":{"rendered":"https:\/\/ebenezer-oe.org\/despre-noi\/munca-noastra\/"},"modified":"2023-07-25T16:39:16","modified_gmt":"2023-07-25T16:39:16","slug":"munca-noastra","status":"publish","type":"page","link":"https:\/\/ebenezer-oe.org\/ro\/despre-noi\/munca-noastra\/","title":{"rendered":"Munca Noastr\u0103"},"content":{"rendered":"\n<h1>\n\t\tMunca Noastr\u0103\n\t<\/h1>\n<h2>\n\t\tDup\u0103 rug\u0103ciune, rolul nostru principal este de a ajuta c\u00e2t mai mul\u021bi evrei s\u0103 emigreze \u00een Israel sau s\u0103 \u201efac\u0103 Alia&#8221; a\u0219a cum se \u0219tie \u00een ebraic\u0103.\n\t<\/h2>\n\t<p>&nbsp;<\/p>\n<p>De asemenea, oferim ajutor umanitar acolo unde este necesar \u0219i finan\u021bare \u0219i ajutor practic \u00een procesul Aliyah. \u00cen Israel oferim ajutor acelor Olim care pot \u00eent\u00e2mpina dificult\u0103\u021bi de stabilire \u00een \u021aara.<\/p>\n\t\t\t\t<img decoding=\"async\" data-src=\"https:\/\/ebenezeroe.wpengine.com\/wp-content\/uploads\/2021\/05\/Untitled-design-34.png\" alt=\"Untitled design-34\" itemprop=\"image\" title=\"Untitled design-34\" onerror=\"this.style.display='none'\" src=\"data:image\/svg+xml;base64,PHN2ZyB3aWR0aD0iMSIgaGVpZ2h0PSIxIiB4bWxucz0iaHR0cDovL3d3dy53My5vcmcvMjAwMC9zdmciPjwvc3ZnPg==\" class=\"lazyload\" \/>\n\t<p>\u00cen na\u021biunile \u00een care exist\u0103 comunit\u0103\u021bi evreie\u0219ti, lu\u0103m leg\u0103tura \u0219i explic\u0103m oportunitatea de a face Aliyah, oferind ajutor umanitar, medicamente \u0219i asisten\u021b\u0103 dup\u0103 cum este necesar. <\/p>\n<p>Facem acest lucru construind echipe de lucr\u0103tori locali, \u00eenfiin\u021b\u00e2nd birouri \u00een \u021b\u0103ri, oferind sprijin \u0219i asisten\u021b\u0103 practic\u0103 acolo unde este necesar, ajutor financiar persoanelor care preg\u0103tesc documente \u0219i particip\u0103m la \u00eent\u00e2lniri consulare.<\/p>\n<h2>\n\t\t&#8216;Vedem \u00eemplinirea profe\u021biilor biblice&#8217;\n\t<\/h2>\n<h2>\n\t\tDe asemenea, asigur\u0103m transport c\u0103tre aeroporturi pentru cei care au nevoie de el.\n\t<\/h2>\n\t<p>O parte important\u0103 a lucr\u0103rii este acoperire de rug\u0103ciuni pentru numeroasele aspecte ale slujirii \u0219i mai ales acolo unde apar probleme specifice. Adesea ne conect\u0103m cu Agen\u021bia Evreiasc\u0103, un organism israelian \u00eenfiin\u021bat pentru a promova Aliyah \u0219i \u00eei ajut\u0103m \u00een obiectivul nostru comun de a \u00eencuraja imigra\u021bia \u00een Israel.<\/p>\n\t<p>\u00cen fiecare \u021bar\u0103 \u00een care Ebenezer Operation Exodus este reprezentat\u0103, nu numai c\u0103 ajungem la comunit\u0103\u021bile evreie\u0219ti locale, dar pred\u0103m bisericilor cre\u0219tine responsabilitatea pe care o avem de a oferi iubire \u0219i asisten\u021b\u0103 practic\u0103 evreilor. <\/p>\n<p>Isaia ne aminte\u0219te: <i>\u201eM\u00e2ng\u00e2ia\u0163i, m\u00e2ng\u00e2ia\u0163i pe poporul Meu!, zice Dumnezeul vostru. Vorbi\u0163i bine Ierusalimului&#8230; &#8222;(capitolul 40).<\/i><\/p>\n<h2>\n\t\t&#8216;Ajut\u00e2nd supravie\u021buitori ai holocaustului&#8217;\n\t<\/h2>\n\t<p>Multe dintre comunit\u0103\u021bile evreie\u0219ti din Europa \u0219i din fosta Uniune Sovietic\u0103 au fost afectate de Holocaust \u0219i unii dintre locuitorii lor mai \u00een v\u00e2rst\u0103 tr\u0103iesc cu amintiri extrem de dureroase despre pierderea p\u0103rin\u021bilor \u0219i a fra\u021bilor c\u00e2nd nazi\u0219tii \u0219i-au dep\u0103\u0219it \u021bara. Uneori, aceste amintiri sunt prea dureroase pentru ca oamenii s\u0103 poat\u0103 vorbi despre ele \u0219i trebuie doar s\u0103 le punem un bra\u021b reconfortant \u00een jurul umerilor, s\u0103 le aducem m\u00e2ncare, haine sau medicamente \u0219i s\u0103 vorbim cu bl\u00e2nde\u021be despre posibilitatea de a merge \u00een Israel. Acest lucru este mai u\u0219or dac\u0103 exist\u0103 rude care doresc s\u0103 mearg\u0103 \u0219i ele, dar dac\u0103 supravie\u021buitorii Holocaustului sunt singuri, trebuie s\u0103 li se arate mult confort \u0219i dragoste pentru a-i \u00eencuraja s\u0103 fac\u0103 o schimbare at\u00e2t de important\u0103 \u00een via\u021ba lor.<\/p>\n<h2>\n\t\tOdat\u0103 ce Olimi au ajuns \u00een Israel,\n\t<\/h2>\n\t<p>Continu\u0103m s\u0103 oferim sprijin acolo unde este necesar. Ne-am deschis biroul din Ierusalim \u00een 2006 pentru un astfel de scop. A face Aliyah este un moment de tranzi\u021bie major\u0103 \u00een via\u021ba oamenilor \u0219i de a avea un birou condus de personal prietenos, informat \u0219i multilingv face toat\u0103 diferen\u021ba atunci c\u00e2nd Olim \u00eent\u00e2mpin\u0103 probleme pentru a g\u0103si cazare \u0219i locuri de munc\u0103 \u0219i au alte probleme \u00eentr-o \u021bar\u0103 \u00een care nu cunosc sistemul. Acolo unde este necesar, putem oferi, de asemenea, ajutor sub form\u0103 de colete alimentare, echipamente \u0219colare \u0219i \u00eenc\u0103l\u021b\u0103minte pentru copii, precum \u0219i finan\u021bare pentru pl\u0103\u021bile ini\u021biale ale facturilor de utilit\u0103\u021bi.<\/p>\n<h2>\n\t\t&#8216;Casa Haifa&#8217;\n\t<\/h2>\n\t<p>\u00cen 2019 am deschis o cas\u0103 \u00een Haifa ca o piatr\u0103 de temelie pentru Olim nou-sosi\u021bi, cu probleme deosebit de dificile, cum ar fi cei cu boli acute sau de lung\u0103 durat\u0103, probleme de mobilitate, plus persoane \u00een v\u00e2rst\u0103, inclusiv supravie\u021buitori ai Holocaustului, f\u0103r\u0103 rude sau prieteni \u00een Israel.<\/p>\n\t\t\t<a href=\"https:\/\/ebenezer-oe.org\/ro\/facand-aliyah\/\" target=\"_self\" rel=\"noopener\">\n\t\t\t\t\t\t\tAfla\u021bi mai mult\n\t\t\t\t\t<\/a>\n<h2>\n\t\tTe sim\u021bi chemat s\u0103 ne aju\u021bi \u00een aceast\u0103 lucrare?\n\t<\/h2>\n\t<p>Afla\u021bi cum s\u0103 v\u0103 implica\u021bi mai jos:<\/p>\n\t\t\t\t\t\t\t\t<a href=\"https:\/\/ebenezeroe.wpengine.com\/partner-with-us\/commit-to-pray\/\" target=\"_self\" rel=\"noopener\">\n\t\t\t\t\t\t<\/a>\n\t<h3><a href=\"https:\/\/ebenezeroe.wpengine.com\/partner-with-us\/commit-to-pray\/\" target=\"_self\" rel=\"noopener\">Ruga\u021bi-v\u0103<\/a><\/h3>\t\t\n\t\t\tSlujirea noastr\u0103 a fost n\u0103scut\u0103 \u00een rug\u0103ciune \u0219i conducerea consider\u0103 c\u0103 rug\u0103ciunea trebuie s\u0103 fie fundamentul tuturor activit\u0103\u021bilor sale &#8230;<br \/>\n\n\t\t\t<a href=\"https:\/\/ebenezer-oe.org\/ro\/fii-partener-cu-noi\/alatura-in-rugaciune\/\" target=\"_self\" rel=\"noopener\">\n\t\t\t\t\t\t\tAfla\u021bi mai mult\n\t\t\t\t\t<\/a>\n\t\t<h3>Doneaz\u0103<\/h3>\t\t\n\t\t\t<p>Munca noastr\u0103 func\u021bioneaz\u0103 pe toate continentele \u0219i \u00een peste 55 de \u021b\u0103ri. Dac\u0103 dori\u021bi s\u0103 partaja\u021bi cu noi contribuind financiar, am fi foarte recunosc\u0103tori. Exist\u0103 mai multe moduri \u00een care pute\u021bi face acest lucru &#8230;<\/p>\n\t\t\t<a href=\"https:\/\/ebenezer-oe.org\/ro\/doneaza\/\" target=\"_self\" rel=\"noopener\">\n\t\t\t\t\t\t\tDoneaz\u0103 ast\u0103zi \n\t\t\t\t\t<\/a>\n\t\t\t\t\t\t\t\t<a href=\"https:\/\/ebenezeroe.wpengine.com\/partner-with-us\/serve-with-ebenezer\/\" target=\"_self\" rel=\"noopener\">\n\t\t\t\t\t\t<\/a>\n\t\t<h3><a href=\"https:\/\/ebenezeroe.wpengine.com\/partner-with-us\/serve-with-ebenezer\/\" target=\"_self\" rel=\"noopener\">Voluntariat<\/a><\/h3>\t\t\n\t\t\t<p>Avem multe oportunit\u0103\u021bi \u00een diferite p\u0103r\u021bi ale lumii pentru cei chema\u021bi s\u0103 serveasc\u0103 ca voluntari &#8230;<\/p>\n\t\t\t<a href=\"https:\/\/ebenezer-oe.org\/ro\/fii-partener-cu-noi\/voluntariat\/\" target=\"_self\" rel=\"noopener\">\n\t\t\t\t\t\t\tAfla\u021bi mai mult\n\t\t\t\t\t<\/a>\n\n","protected":false},"excerpt":{"rendered":"<p>Munca Noastr\u0103 Dup\u0103 rug\u0103ciune, rolul nostru principal este de a ajuta c\u00e2t mai mul\u021bi evrei s\u0103 emigreze \u00een Israel sau s\u0103 \u201efac\u0103 Alia&#8221; a\u0219a cum se \u0219tie \u00een ebraic\u0103. &nbsp; De asemenea, oferim ajutor umanitar acolo unde este necesar \u0219i finan\u021bare \u0219i ajutor practic \u00een procesul Aliyah. \u00cen Israel oferim ajutor acelor Olim care pot&hellip;<\/p>\n","protected":false},"author":1,"featured_media":0,"parent":39074,"menu_order":4,"comment_status":"closed","ping_status":"closed","template":"","meta":{"footnotes":""},"class_list":["post-39510","page","type-page","status-publish","hentry"],"yoast_head":"<!-- This site is optimized with the Yoast SEO plugin v27.2 - https:\/\/yoast.com\/product\/yoast-seo-wordpress\/ -->\n<title>Munca Noastr\u0103 - Ebenezer Operation Exodus<\/title>\n<meta name=\"robots\" content=\"index, follow, max-snippet:-1, max-image-preview:large, max-video-preview:-1\" \/>\n<link rel=\"canonical\" href=\"https:\/\/ebenezer-oe.org\/ro\/despre-noi\/munca-noastra\/\" \/>\n<meta property=\"og:locale\" content=\"ro_RO\" \/>\n<meta property=\"og:type\" content=\"article\" \/>\n<meta property=\"og:title\" content=\"Munca Noastr\u0103 - Ebenezer Operation Exodus\" \/>\n<meta property=\"og:description\" content=\"Munca Noastr\u0103 Dup\u0103 rug\u0103ciune, rolul nostru principal este de a ajuta c\u00e2t mai mul\u021bi evrei s\u0103 emigreze \u00een Israel sau s\u0103 \u201efac\u0103 Alia&#8221; a\u0219a cum se \u0219tie \u00een ebraic\u0103. &nbsp; De asemenea, oferim ajutor umanitar acolo unde este necesar \u0219i finan\u021bare \u0219i ajutor practic \u00een procesul Aliyah. \u00cen Israel oferim ajutor acelor Olim care pot&hellip;\" \/>\n<meta property=\"og:url\" content=\"https:\/\/ebenezer-oe.org\/ro\/despre-noi\/munca-noastra\/\" \/>\n<meta property=\"og:site_name\" content=\"Ebenezer Operation Exodus\" \/>\n<meta property=\"article:publisher\" content=\"https:\/\/www.facebook.com\/EbenezerInt\" \/>\n<meta property=\"article:modified_time\" content=\"2023-07-25T16:39:16+00:00\" \/>\n<meta property=\"og:image\" content=\"https:\/\/ebenezeroe.wpengine.com\/wp-content\/uploads\/2021\/05\/Untitled-design-34.png\" \/>\n<meta name=\"twitter:card\" content=\"summary_large_image\" \/>\n<meta name=\"twitter:label1\" content=\"Timp estimat pentru citire\" \/>\n\t<meta name=\"twitter:data1\" content=\"4 minute\" \/>\n<script type=\"application\/ld+json\" class=\"yoast-schema-graph\">{\"@context\":\"https:\/\/schema.org\",\"@graph\":[{\"@type\":\"WebPage\",\"@id\":\"https:\/\/ebenezer-oe.org\/ro\/despre-noi\/munca-noastra\/\",\"url\":\"https:\/\/ebenezer-oe.org\/ro\/despre-noi\/munca-noastra\/\",\"name\":\"Munca Noastr\u0103 - Ebenezer Operation Exodus\",\"isPartOf\":{\"@id\":\"https:\/\/ebenezer-oe.org\/#website\"},\"primaryImageOfPage\":{\"@id\":\"https:\/\/ebenezer-oe.org\/ro\/despre-noi\/munca-noastra\/#primaryimage\"},\"image\":{\"@id\":\"https:\/\/ebenezer-oe.org\/ro\/despre-noi\/munca-noastra\/#primaryimage\"},\"thumbnailUrl\":\"https:\/\/ebenezeroe.wpengine.com\/wp-content\/uploads\/2021\/05\/Untitled-design-34.png\",\"datePublished\":\"2021-09-01T08:17:09+00:00\",\"dateModified\":\"2023-07-25T16:39:16+00:00\",\"breadcrumb\":{\"@id\":\"https:\/\/ebenezer-oe.org\/ro\/despre-noi\/munca-noastra\/#breadcrumb\"},\"inLanguage\":\"ro-RO\",\"potentialAction\":[{\"@type\":\"ReadAction\",\"target\":[\"https:\/\/ebenezer-oe.org\/ro\/despre-noi\/munca-noastra\/\"]}]},{\"@type\":\"ImageObject\",\"inLanguage\":\"ro-RO\",\"@id\":\"https:\/\/ebenezer-oe.org\/ro\/despre-noi\/munca-noastra\/#primaryimage\",\"url\":\"https:\/\/ebenezeroe.wpengine.com\/wp-content\/uploads\/2021\/05\/Untitled-design-34.png\",\"contentUrl\":\"https:\/\/ebenezeroe.wpengine.com\/wp-content\/uploads\/2021\/05\/Untitled-design-34.png\"},{\"@type\":\"BreadcrumbList\",\"@id\":\"https:\/\/ebenezer-oe.org\/ro\/despre-noi\/munca-noastra\/#breadcrumb\",\"itemListElement\":[{\"@type\":\"ListItem\",\"position\":1,\"name\":\"Home\",\"item\":\"https:\/\/ebenezer-oe.org\/ro\/\"},{\"@type\":\"ListItem\",\"position\":2,\"name\":\"Despre Noi\",\"item\":\"https:\/\/ebenezer-oe.org\/ro\/despre-noi\/\"},{\"@type\":\"ListItem\",\"position\":3,\"name\":\"Munca Noastr\u0103\"}]},{\"@type\":\"WebSite\",\"@id\":\"https:\/\/ebenezer-oe.org\/#website\",\"url\":\"https:\/\/ebenezer-oe.org\/\",\"name\":\"Ebenezer - Operation Exodus\",\"description\":\"\",\"publisher\":{\"@id\":\"https:\/\/ebenezer-oe.org\/#organization\"},\"potentialAction\":[{\"@type\":\"SearchAction\",\"target\":{\"@type\":\"EntryPoint\",\"urlTemplate\":\"https:\/\/ebenezer-oe.org\/?s={search_term_string}\"},\"query-input\":{\"@type\":\"PropertyValueSpecification\",\"valueRequired\":true,\"valueName\":\"search_term_string\"}}],\"inLanguage\":\"ro-RO\"},{\"@type\":\"Organization\",\"@id\":\"https:\/\/ebenezer-oe.org\/#organization\",\"name\":\"Ebenezer - Operation Exodus\",\"url\":\"https:\/\/ebenezer-oe.org\/\",\"logo\":{\"@type\":\"ImageObject\",\"inLanguage\":\"ro-RO\",\"@id\":\"https:\/\/ebenezer-oe.org\/#\/schema\/logo\/image\/\",\"url\":\"https:\/\/ebenezeroe.wpengine.com\/wp-content\/uploads\/2020\/09\/Logo_EOE_EN_Colour-Horizontal.png\",\"contentUrl\":\"https:\/\/ebenezeroe.wpengine.com\/wp-content\/uploads\/2020\/09\/Logo_EOE_EN_Colour-Horizontal.png\",\"width\":1922,\"height\":928,\"caption\":\"Ebenezer - Operation Exodus\"},\"image\":{\"@id\":\"https:\/\/ebenezer-oe.org\/#\/schema\/logo\/image\/\"},\"sameAs\":[\"https:\/\/www.facebook.com\/EbenezerInt\",\"https:\/\/www.instagram.com\/ebenezer_oe_eng\/\",\"https:\/\/www.youtube.com\/channel\/UC6qGHrKKeamFVz95Vd8LR1g\"]}]}<\/script>\n<!-- \/ Yoast SEO plugin. -->","yoast_head_json":{"title":"Munca Noastr\u0103 - Ebenezer Operation Exodus","robots":{"index":"index","follow":"follow","max-snippet":"max-snippet:-1","max-image-preview":"max-image-preview:large","max-video-preview":"max-video-preview:-1"},"canonical":"https:\/\/ebenezer-oe.org\/ro\/despre-noi\/munca-noastra\/","og_locale":"ro_RO","og_type":"article","og_title":"Munca Noastr\u0103 - Ebenezer Operation Exodus","og_description":"Munca Noastr\u0103 Dup\u0103 rug\u0103ciune, rolul nostru principal este de a ajuta c\u00e2t mai mul\u021bi evrei s\u0103 emigreze \u00een Israel sau s\u0103 \u201efac\u0103 Alia&#8221; a\u0219a cum se \u0219tie \u00een ebraic\u0103. &nbsp; De asemenea, oferim ajutor umanitar acolo unde este necesar \u0219i finan\u021bare \u0219i ajutor practic \u00een procesul Aliyah. \u00cen Israel oferim ajutor acelor Olim care pot&hellip;","og_url":"https:\/\/ebenezer-oe.org\/ro\/despre-noi\/munca-noastra\/","og_site_name":"Ebenezer Operation Exodus","article_publisher":"https:\/\/www.facebook.com\/EbenezerInt","article_modified_time":"2023-07-25T16:39:16+00:00","og_image":[{"url":"https:\/\/ebenezeroe.wpengine.com\/wp-content\/uploads\/2021\/05\/Untitled-design-34.png","type":"","width":"","height":""}],"twitter_card":"summary_large_image","twitter_misc":{"Timp estimat pentru citire":"4 minute"},"schema":{"@context":"https:\/\/schema.org","@graph":[{"@type":"WebPage","@id":"https:\/\/ebenezer-oe.org\/ro\/despre-noi\/munca-noastra\/","url":"https:\/\/ebenezer-oe.org\/ro\/despre-noi\/munca-noastra\/","name":"Munca Noastr\u0103 - Ebenezer Operation Exodus","isPartOf":{"@id":"https:\/\/ebenezer-oe.org\/#website"},"primaryImageOfPage":{"@id":"https:\/\/ebenezer-oe.org\/ro\/despre-noi\/munca-noastra\/#primaryimage"},"image":{"@id":"https:\/\/ebenezer-oe.org\/ro\/despre-noi\/munca-noastra\/#primaryimage"},"thumbnailUrl":"https:\/\/ebenezeroe.wpengine.com\/wp-content\/uploads\/2021\/05\/Untitled-design-34.png","datePublished":"2021-09-01T08:17:09+00:00","dateModified":"2023-07-25T16:39:16+00:00","breadcrumb":{"@id":"https:\/\/ebenezer-oe.org\/ro\/despre-noi\/munca-noastra\/#breadcrumb"},"inLanguage":"ro-RO","potentialAction":[{"@type":"ReadAction","target":["https:\/\/ebenezer-oe.org\/ro\/despre-noi\/munca-noastra\/"]}]},{"@type":"ImageObject","inLanguage":"ro-RO","@id":"https:\/\/ebenezer-oe.org\/ro\/despre-noi\/munca-noastra\/#primaryimage","url":"https:\/\/ebenezeroe.wpengine.com\/wp-content\/uploads\/2021\/05\/Untitled-design-34.png","contentUrl":"https:\/\/ebenezeroe.wpengine.com\/wp-content\/uploads\/2021\/05\/Untitled-design-34.png"},{"@type":"BreadcrumbList","@id":"https:\/\/ebenezer-oe.org\/ro\/despre-noi\/munca-noastra\/#breadcrumb","itemListElement":[{"@type":"ListItem","position":1,"name":"Home","item":"https:\/\/ebenezer-oe.org\/ro\/"},{"@type":"ListItem","position":2,"name":"Despre Noi","item":"https:\/\/ebenezer-oe.org\/ro\/despre-noi\/"},{"@type":"ListItem","position":3,"name":"Munca Noastr\u0103"}]},{"@type":"WebSite","@id":"https:\/\/ebenezer-oe.org\/#website","url":"https:\/\/ebenezer-oe.org\/","name":"Ebenezer - Operation Exodus","description":"","publisher":{"@id":"https:\/\/ebenezer-oe.org\/#organization"},"potentialAction":[{"@type":"SearchAction","target":{"@type":"EntryPoint","urlTemplate":"https:\/\/ebenezer-oe.org\/?s={search_term_string}"},"query-input":{"@type":"PropertyValueSpecification","valueRequired":true,"valueName":"search_term_string"}}],"inLanguage":"ro-RO"},{"@type":"Organization","@id":"https:\/\/ebenezer-oe.org\/#organization","name":"Ebenezer - Operation Exodus","url":"https:\/\/ebenezer-oe.org\/","logo":{"@type":"ImageObject","inLanguage":"ro-RO","@id":"https:\/\/ebenezer-oe.org\/#\/schema\/logo\/image\/","url":"https:\/\/ebenezeroe.wpengine.com\/wp-content\/uploads\/2020\/09\/Logo_EOE_EN_Colour-Horizontal.png","contentUrl":"https:\/\/ebenezeroe.wpengine.com\/wp-content\/uploads\/2020\/09\/Logo_EOE_EN_Colour-Horizontal.png","width":1922,"height":928,"caption":"Ebenezer - Operation Exodus"},"image":{"@id":"https:\/\/ebenezer-oe.org\/#\/schema\/logo\/image\/"},"sameAs":["https:\/\/www.facebook.com\/EbenezerInt","https:\/\/www.instagram.com\/ebenezer_oe_eng\/","https:\/\/www.youtube.com\/channel\/UC6qGHrKKeamFVz95Vd8LR1g"]}]}},"_links":{"self":[{"href":"https:\/\/ebenezer-oe.org\/ro\/wp-json\/wp\/v2\/pages\/39510","targetHints":{"allow":["GET"]}}],"collection":[{"href":"https:\/\/ebenezer-oe.org\/ro\/wp-json\/wp\/v2\/pages"}],"about":[{"href":"https:\/\/ebenezer-oe.org\/ro\/wp-json\/wp\/v2\/types\/page"}],"author":[{"embeddable":true,"href":"https:\/\/ebenezer-oe.org\/ro\/wp-json\/wp\/v2\/users\/1"}],"replies":[{"embeddable":true,"href":"https:\/\/ebenezer-oe.org\/ro\/wp-json\/wp\/v2\/comments?post=39510"}],"version-history":[{"count":0,"href":"https:\/\/ebenezer-oe.org\/ro\/wp-json\/wp\/v2\/pages\/39510\/revisions"}],"up":[{"embeddable":true,"href":"https:\/\/ebenezer-oe.org\/ro\/wp-json\/wp\/v2\/pages\/39074"}],"wp:attachment":[{"href":"https:\/\/ebenezer-oe.org\/ro\/wp-json\/wp\/v2\/media?parent=39510"}],"curies":[{"name":"wp","href":"https:\/\/api.w.org\/{rel}","templated":true}]}}