{"id":39905,"date":"2021-09-02T04:41:06","date_gmt":"2021-09-02T04:41:06","guid":{"rendered":"https:\/\/ebenezer-oe.org\/doneaza\/"},"modified":"2024-02-19T09:18:07","modified_gmt":"2024-02-19T09:18:07","slug":"doneaza","status":"publish","type":"page","link":"https:\/\/ebenezer-oe.org\/ro\/doneaza\/","title":{"rendered":"Doneaz\u0103"},"content":{"rendered":"\n\n\t<h2>Doneaz\u0103<\/h2>\n\t<p>&nbsp;<\/p>\n<p>&nbsp;<\/p>\n\t<p>Slujirea lui Ebenezer Operation Exodus func\u021bioneaz\u0103 pe toate continentele \u0219i \u00een peste 55 de \u021b\u0103ri.<\/p>\n<p>Dac\u0103 dori\u021bi s\u0103 partaja\u021bi cu noi contribuind financiar, am fi foarte recunosc\u0103tori.<\/p>\n\t<p>Exist\u0103 mai multe moduri \u00een care pute\u021bi face acest lucru:<\/p>\n\t\t<h3><a href=\"https:\/\/www.paypal.com\/donate?token=VlI0Sg6zXkYiT2CSdhpZMff9szrsGZOzeOsavd6MzdVzp__VwgdIIdboSYnBS_EGM9vhCNVeD0VHCCDR\" target=\"_self\" rel=\"noopener\">Paypal<\/a><\/h3><p>Oferi\u021bi printr-un cont Paypal sau utiliz\u00e2nd cardul dvs. bancar. (Nu este necesar un cont PayPal)<\/p>\n\t\t\t<a href=\"https:\/\/www.paypal.com\/donate?hosted_button_id=LYA8PTHMA4ZGN\" target=\"_blank\" rel=\"noopener\">\n\t\t\t\t\t\t\t\u201eD\u0103 azi&#8221;\n\t\t\t\t\t<\/a>\n\t\t<h3><a href=\"https:\/\/ebenezeroe.wpengine.com\/ro\/contactati-ne\/\" target=\"_self\" rel=\"noopener\">Transfer Bancar<\/a><\/h3><p>Solicita\u021bi informa\u021biile noastre bancare<\/p>\n<p>&nbsp;<\/p>\n\t\t\t<a href=\"https:\/\/ebenezer-oe.org\/ro\/contactati-ne\/\" target=\"_self\" rel=\"noopener\">\n\t\t\t\t\t\t\tCer Informa\u021bii\n\t\t\t\t\t<\/a>\n\t\t<h3><a href=\"https:\/\/secured.israelgives.org\/donate\/Operation_Exodus_Israel?_branch_match_id=486075015344824811\" target=\"_self\" rel=\"noopener\">Israel d\u0103<\/a><\/h3><p>face\u021bi clic pe butonul de mai jos pentru a accesa site-ul Israel d\u0103.<\/p>\n\t\t\t<a href=\"https:\/\/secured.israelgives.org\/donate\/Operation_Exodus_Israel?_branch_match_id=486075015344824811\" target=\"_blank\" rel=\"noopener\">\n\t\t\t\t\t\t\tIsrael d\u0103\n\t\t\t\t\t<\/a>\n\n","protected":false},"excerpt":{"rendered":"<p>Doneaz\u0103 &nbsp; &nbsp; Slujirea lui Ebenezer Operation Exodus func\u021bioneaz\u0103 pe toate continentele \u0219i \u00een peste 55 de \u021b\u0103ri. Dac\u0103 dori\u021bi s\u0103 partaja\u021bi cu noi contribuind financiar, am fi foarte recunosc\u0103tori. Exist\u0103 mai multe moduri \u00een care pute\u021bi face acest lucru: Paypal Oferi\u021bi printr-un cont Paypal sau utiliz\u00e2nd cardul dvs. bancar. (Nu este necesar un cont&hellip;<\/p>\n","protected":false},"author":1,"featured_media":0,"parent":0,"menu_order":0,"comment_status":"closed","ping_status":"closed","template":"","meta":{"footnotes":""},"class_list":["post-39905","page","type-page","status-publish","hentry"],"yoast_head":"<!-- This site is optimized with the Yoast SEO plugin v27.2 - https:\/\/yoast.com\/product\/yoast-seo-wordpress\/ -->\n<title>Doneaz\u0103 - Ebenezer Operation Exodus<\/title>\n<meta name=\"robots\" content=\"index, follow, max-snippet:-1, max-image-preview:large, max-video-preview:-1\" \/>\n<link rel=\"canonical\" href=\"https:\/\/ebenezer-oe.org\/ro\/doneaza\/\" \/>\n<meta property=\"og:locale\" content=\"ro_RO\" \/>\n<meta property=\"og:type\" content=\"article\" \/>\n<meta property=\"og:title\" content=\"Doneaz\u0103 - Ebenezer Operation Exodus\" \/>\n<meta property=\"og:description\" content=\"Doneaz\u0103 &nbsp; &nbsp; Slujirea lui Ebenezer Operation Exodus func\u021bioneaz\u0103 pe toate continentele \u0219i \u00een peste 55 de \u021b\u0103ri. Dac\u0103 dori\u021bi s\u0103 partaja\u021bi cu noi contribuind financiar, am fi foarte recunosc\u0103tori. Exist\u0103 mai multe moduri \u00een care pute\u021bi face acest lucru: Paypal Oferi\u021bi printr-un cont Paypal sau utiliz\u00e2nd cardul dvs. bancar. (Nu este necesar un cont&hellip;\" \/>\n<meta property=\"og:url\" content=\"https:\/\/ebenezer-oe.org\/ro\/doneaza\/\" \/>\n<meta property=\"og:site_name\" content=\"Ebenezer Operation Exodus\" \/>\n<meta property=\"article:publisher\" content=\"https:\/\/www.facebook.com\/EbenezerInt\" \/>\n<meta property=\"article:modified_time\" content=\"2024-02-19T09:18:07+00:00\" \/>\n<meta name=\"twitter:card\" content=\"summary_large_image\" \/>\n<script type=\"application\/ld+json\" class=\"yoast-schema-graph\">{\"@context\":\"https:\/\/schema.org\",\"@graph\":[{\"@type\":\"WebPage\",\"@id\":\"https:\/\/ebenezer-oe.org\/ro\/doneaza\/\",\"url\":\"https:\/\/ebenezer-oe.org\/ro\/doneaza\/\",\"name\":\"Doneaz\u0103 - Ebenezer Operation Exodus\",\"isPartOf\":{\"@id\":\"https:\/\/ebenezer-oe.org\/#website\"},\"datePublished\":\"2021-09-02T04:41:06+00:00\",\"dateModified\":\"2024-02-19T09:18:07+00:00\",\"breadcrumb\":{\"@id\":\"https:\/\/ebenezer-oe.org\/ro\/doneaza\/#breadcrumb\"},\"inLanguage\":\"ro-RO\",\"potentialAction\":[{\"@type\":\"ReadAction\",\"target\":[\"https:\/\/ebenezer-oe.org\/ro\/doneaza\/\"]}]},{\"@type\":\"BreadcrumbList\",\"@id\":\"https:\/\/ebenezer-oe.org\/ro\/doneaza\/#breadcrumb\",\"itemListElement\":[{\"@type\":\"ListItem\",\"position\":1,\"name\":\"Home\",\"item\":\"https:\/\/ebenezer-oe.org\/ro\/\"},{\"@type\":\"ListItem\",\"position\":2,\"name\":\"Doneaz\u0103\"}]},{\"@type\":\"WebSite\",\"@id\":\"https:\/\/ebenezer-oe.org\/#website\",\"url\":\"https:\/\/ebenezer-oe.org\/\",\"name\":\"Ebenezer - Operation Exodus\",\"description\":\"\",\"publisher\":{\"@id\":\"https:\/\/ebenezer-oe.org\/#organization\"},\"potentialAction\":[{\"@type\":\"SearchAction\",\"target\":{\"@type\":\"EntryPoint\",\"urlTemplate\":\"https:\/\/ebenezer-oe.org\/?s={search_term_string}\"},\"query-input\":{\"@type\":\"PropertyValueSpecification\",\"valueRequired\":true,\"valueName\":\"search_term_string\"}}],\"inLanguage\":\"ro-RO\"},{\"@type\":\"Organization\",\"@id\":\"https:\/\/ebenezer-oe.org\/#organization\",\"name\":\"Ebenezer - Operation Exodus\",\"url\":\"https:\/\/ebenezer-oe.org\/\",\"logo\":{\"@type\":\"ImageObject\",\"inLanguage\":\"ro-RO\",\"@id\":\"https:\/\/ebenezer-oe.org\/#\/schema\/logo\/image\/\",\"url\":\"https:\/\/ebenezeroe.wpengine.com\/wp-content\/uploads\/2020\/09\/Logo_EOE_EN_Colour-Horizontal.png\",\"contentUrl\":\"https:\/\/ebenezeroe.wpengine.com\/wp-content\/uploads\/2020\/09\/Logo_EOE_EN_Colour-Horizontal.png\",\"width\":1922,\"height\":928,\"caption\":\"Ebenezer - Operation Exodus\"},\"image\":{\"@id\":\"https:\/\/ebenezer-oe.org\/#\/schema\/logo\/image\/\"},\"sameAs\":[\"https:\/\/www.facebook.com\/EbenezerInt\",\"https:\/\/www.instagram.com\/ebenezer_oe_eng\/\",\"https:\/\/www.youtube.com\/channel\/UC6qGHrKKeamFVz95Vd8LR1g\"]}]}<\/script>\n<!-- \/ Yoast SEO plugin. -->","yoast_head_json":{"title":"Doneaz\u0103 - Ebenezer Operation Exodus","robots":{"index":"index","follow":"follow","max-snippet":"max-snippet:-1","max-image-preview":"max-image-preview:large","max-video-preview":"max-video-preview:-1"},"canonical":"https:\/\/ebenezer-oe.org\/ro\/doneaza\/","og_locale":"ro_RO","og_type":"article","og_title":"Doneaz\u0103 - Ebenezer Operation Exodus","og_description":"Doneaz\u0103 &nbsp; &nbsp; Slujirea lui Ebenezer Operation Exodus func\u021bioneaz\u0103 pe toate continentele \u0219i \u00een peste 55 de \u021b\u0103ri. Dac\u0103 dori\u021bi s\u0103 partaja\u021bi cu noi contribuind financiar, am fi foarte recunosc\u0103tori. Exist\u0103 mai multe moduri \u00een care pute\u021bi face acest lucru: Paypal Oferi\u021bi printr-un cont Paypal sau utiliz\u00e2nd cardul dvs. bancar. (Nu este necesar un cont&hellip;","og_url":"https:\/\/ebenezer-oe.org\/ro\/doneaza\/","og_site_name":"Ebenezer Operation Exodus","article_publisher":"https:\/\/www.facebook.com\/EbenezerInt","article_modified_time":"2024-02-19T09:18:07+00:00","twitter_card":"summary_large_image","schema":{"@context":"https:\/\/schema.org","@graph":[{"@type":"WebPage","@id":"https:\/\/ebenezer-oe.org\/ro\/doneaza\/","url":"https:\/\/ebenezer-oe.org\/ro\/doneaza\/","name":"Doneaz\u0103 - Ebenezer Operation Exodus","isPartOf":{"@id":"https:\/\/ebenezer-oe.org\/#website"},"datePublished":"2021-09-02T04:41:06+00:00","dateModified":"2024-02-19T09:18:07+00:00","breadcrumb":{"@id":"https:\/\/ebenezer-oe.org\/ro\/doneaza\/#breadcrumb"},"inLanguage":"ro-RO","potentialAction":[{"@type":"ReadAction","target":["https:\/\/ebenezer-oe.org\/ro\/doneaza\/"]}]},{"@type":"BreadcrumbList","@id":"https:\/\/ebenezer-oe.org\/ro\/doneaza\/#breadcrumb","itemListElement":[{"@type":"ListItem","position":1,"name":"Home","item":"https:\/\/ebenezer-oe.org\/ro\/"},{"@type":"ListItem","position":2,"name":"Doneaz\u0103"}]},{"@type":"WebSite","@id":"https:\/\/ebenezer-oe.org\/#website","url":"https:\/\/ebenezer-oe.org\/","name":"Ebenezer - Operation Exodus","description":"","publisher":{"@id":"https:\/\/ebenezer-oe.org\/#organization"},"potentialAction":[{"@type":"SearchAction","target":{"@type":"EntryPoint","urlTemplate":"https:\/\/ebenezer-oe.org\/?s={search_term_string}"},"query-input":{"@type":"PropertyValueSpecification","valueRequired":true,"valueName":"search_term_string"}}],"inLanguage":"ro-RO"},{"@type":"Organization","@id":"https:\/\/ebenezer-oe.org\/#organization","name":"Ebenezer - Operation Exodus","url":"https:\/\/ebenezer-oe.org\/","logo":{"@type":"ImageObject","inLanguage":"ro-RO","@id":"https:\/\/ebenezer-oe.org\/#\/schema\/logo\/image\/","url":"https:\/\/ebenezeroe.wpengine.com\/wp-content\/uploads\/2020\/09\/Logo_EOE_EN_Colour-Horizontal.png","contentUrl":"https:\/\/ebenezeroe.wpengine.com\/wp-content\/uploads\/2020\/09\/Logo_EOE_EN_Colour-Horizontal.png","width":1922,"height":928,"caption":"Ebenezer - Operation Exodus"},"image":{"@id":"https:\/\/ebenezer-oe.org\/#\/schema\/logo\/image\/"},"sameAs":["https:\/\/www.facebook.com\/EbenezerInt","https:\/\/www.instagram.com\/ebenezer_oe_eng\/","https:\/\/www.youtube.com\/channel\/UC6qGHrKKeamFVz95Vd8LR1g"]}]}},"_links":{"self":[{"href":"https:\/\/ebenezer-oe.org\/ro\/wp-json\/wp\/v2\/pages\/39905","targetHints":{"allow":["GET"]}}],"collection":[{"href":"https:\/\/ebenezer-oe.org\/ro\/wp-json\/wp\/v2\/pages"}],"about":[{"href":"https:\/\/ebenezer-oe.org\/ro\/wp-json\/wp\/v2\/types\/page"}],"author":[{"embeddable":true,"href":"https:\/\/ebenezer-oe.org\/ro\/wp-json\/wp\/v2\/users\/1"}],"replies":[{"embeddable":true,"href":"https:\/\/ebenezer-oe.org\/ro\/wp-json\/wp\/v2\/comments?post=39905"}],"version-history":[{"count":0,"href":"https:\/\/ebenezer-oe.org\/ro\/wp-json\/wp\/v2\/pages\/39905\/revisions"}],"wp:attachment":[{"href":"https:\/\/ebenezer-oe.org\/ro\/wp-json\/wp\/v2\/media?parent=39905"}],"curies":[{"name":"wp","href":"https:\/\/api.w.org\/{rel}","templated":true}]}}