{"id":40308,"date":"2021-09-03T12:43:52","date_gmt":"2021-09-03T12:43:52","guid":{"rendered":"https:\/\/ebenezer-oe.org\/fii-partener-cu-noi\/alatura-in-rugaciune\/"},"modified":"2023-07-25T16:42:33","modified_gmt":"2023-07-25T16:42:33","slug":"alatura-in-rugaciune","status":"publish","type":"page","link":"https:\/\/ebenezer-oe.org\/ro\/fii-partener-cu-noi\/alatura-in-rugaciune\/","title":{"rendered":"Al\u0103tur\u0103 \u00een Rug\u0103ciune"},"content":{"rendered":"\n<h1>\n\t\tAl\u0103tur\u0103 \u00een Rug\u0103ciune\n\t<\/h1>\n\t<p>Slujirea noastr\u0103 a fost n\u0103scut\u0103 \u00een rug\u0103ciune \u0219i conducerea consider\u0103 c\u0103 rug\u0103ciunea trebuie s\u0103 fie fundamentul tuturor activit\u0103\u021bilor sale<strong>.<\/strong><\/p>\n<p><em>&#8216;Pe zidurile tale, Ierusalime, am pus ni\u015fte str\u0103jeri, care nu vor t\u0103cea niciodat\u0103, nici zi, nici noapte! Voi, care aduce\u0163i aminte Domnului de el, nu v\u0103 odihni\u0163i deloc! \u015ei nu-I da\u0163i r\u0103gaz p\u00e2n\u0103 nu va a\u015feza din nou Ierusalimul \u015fi-l va face o laud\u0103 pe p\u0103m\u00e2nt.&#8217;<\/em><\/p>\n<p>Isaia 62:6-7<\/p>\n\t\t\t\t<img decoding=\"async\" data-src=\"https:\/\/ebenezeroe.wpengine.com\/wp-content\/uploads\/2021\/05\/Untitled-design-39.png\" alt=\"Untitled design-39\" itemprop=\"image\" title=\"Untitled design-39\" onerror=\"this.style.display='none'\" src=\"data:image\/svg+xml;base64,PHN2ZyB3aWR0aD0iMSIgaGVpZ2h0PSIxIiB4bWxucz0iaHR0cDovL3d3dy53My5vcmcvMjAwMC9zdmciPjwvc3ZnPg==\" class=\"lazyload\" \/>\n\t<p>Aliyah este ini\u021biativa lui Dumnezeu.<\/p>\n\t<p>El este cel care readuce poporul evreu \u00een \u021aara lor. Chemarea Domnului c\u0103tre noi este s\u0103 st\u0103m \u00een decalajul rug\u0103ciunii dintre situa\u021bia \u00een care poporul evreu se afl\u0103 peste tot \u00een lume \u0219i visul lor de a fi \u00een \u021aara pe care Dumnezeu i-a promis-o. De nenum\u0103rate ori am v\u0103zut situa\u021bii schimb\u00e2ndu-se \u0219i probleme rezolvate, deoarece partenerii de rug\u0103ciune au cerut cerului r\u0103spunsuri.<\/p>\n\t<p>Sunt implicate multe etape diferite \u0219i suntem chema\u021bi s\u0103 acoperim fiecare \u00een rug\u0103ciune, deschiz\u00e2nd drumul spre cas\u0103 pentru poporul S\u0103u evreu (Isaia 62:10). \u00cen aceste vremuri care se schimb\u0103 rapid, re\u021beaua noastr\u0103 mondial\u0103 de parteneri de rug\u0103ciune se roag\u0103 pentru evrei \u00een zone de pericol sau nelini\u0219te \u0219i pentru cei care se confrunt\u0103 cu dificult\u0103\u021bi \u0219i s\u0103r\u0103cie extrem\u0103. De asemenea, trebuie s\u0103 ne rug\u0103m pentru transport \u0219i c\u0103l\u0103torie \u00een Israel, inclusiv \u00eentreruperi urgente ale c\u0103l\u0103toriei \u0219i multe altele!<\/p>\n\t<p>Aliyah este activ, incitant \u0219i miraculos, iar rug\u0103ciunea pentru Aliyah este la fel!<\/p>\n\t<h2>Parteneri de Rug\u0103ciune<\/h2>\n\t<p>Unii parteneri de rug\u0103ciune se \u00eent\u00e2lnesc regulat \u00een grupuri pentru a se ruga prin materiale de rug\u0103ciune, al\u021bii se roag\u0103 singuri acas\u0103. Fiecare rug\u0103ciune joac\u0103 un rol cheie \u00een \u00eentoarcerea continu\u0103 a poporului evreu \u00een Israel.<\/p>\n<p>Pe l\u00e2ng\u0103 rug\u0103ciunea specific\u0103 pentru cei care fac Aliyah, Domnul ne \u00eendeamn\u0103 s\u0103 ne concentr\u0103m pe chestiuni precum antisemitismul, \u021bara Israelului \u0219i evenimentele actuale \u0219i trecute care afecteaz\u0103 Aliyah ast\u0103zi. Grupuri interna\u021bionale s-au adunat pe tot globul pentru a se ruga, inclusiv \u00een locuri de atrocit\u0103\u021bi precum Auschwitz, unde unele dintre cele mai grave atrocit\u0103\u021bi \u00eenregistrate vreodat\u0103 au fost comise \u00eempotriva poporului evreu. Rug\u0103ciunea de acest fel se desf\u0103\u0219oar\u0103 \u00een mod regulat \u00een loca\u021bii strategice, \u00een timp ce Domnul conduce.<\/p>\n\t<h2>Iat\u0103 o situa\u021bie tipic\u0103 care avea nevoie de rug\u0103ciune:<\/h2>\n\t\t\t<p><i>Aida a fost crescut\u0103 de mama ei \u0219i habar nu avea de originile ei evreie\u0219ti. Abia la 35 de ani a aflat despre tat\u0103l ei de na\u0219tere evreu \u0219i a descoperit c\u0103 are un frate \u0219i surori israeliene. C\u00e2nd tat\u0103l lor a murit, fra\u021bii Aidei au invitat-o \u00een Israel \u0219i i-au dat o primire at\u00e2t de cald\u0103! C\u00e2\u021biva ani mai t\u00e2rziu, Aida s-a trezit cresc\u00e2ndu-\u0219i singuri cei trei copii \u0219i tr\u0103ind \u00eentr-o situa\u021bie incredibil de grea. \u0218tia despre oportunitatea de a face Aliyah, dar un test ADN pentru a dovedi leg\u0103turile sale cu familia ei israelian\u0103 a fost foarte scump, f\u0103r\u0103 a men\u021biona celelalte costuri \u0219i aspecte practice ale mut\u0103rii \u00eentr-o alt\u0103 \u021bar\u0103. \u00centregul proces este imposibil! Partenerii de rug\u0103ciune Ebenezer Operation Exodus din \u00eentreaga lume au adus aceast\u0103 familie \u00eenaintea lui Dumnezeu \u00een rug\u0103ciune &#8211; \u0219i \u00een cur\u00e2nd au fost aranjate testele ADN necesare, s-au asigurat fonduri,<\/i><i> Aida \u0219i copiii ei au primit visa \u0219i sunt acum ferici\u021bi \u00een Israel! <\/i><\/p>\t\t\n\t<p>Re\u021bele de Rug\u0103ciune<\/p>\n\t<p>Pentru a afla mai multe \u0219i pentru a deveni parte a acestei re\u021bele mondiale de rug\u0103ciune care este activ\u0103 \u00een peste 55 de na\u021biuni, v\u0103 invit\u0103m s\u0103 lua\u021bi leg\u0103tura f\u0103c\u00e2nd clic pe butonul de mai jos.<\/p>\n\t\t\t<a href=\"https:\/\/ebenezer-oe.org\/ro\/contactati-ne\/\" target=\"_self\" rel=\"noopener\">\n\t\t\t\t\t\t\tM\u0103 \u00eenscriu!\n\t\t\t\t\t<\/a>\n\n","protected":false},"excerpt":{"rendered":"<p>Al\u0103tur\u0103 \u00een Rug\u0103ciune Slujirea noastr\u0103 a fost n\u0103scut\u0103 \u00een rug\u0103ciune \u0219i conducerea consider\u0103 c\u0103 rug\u0103ciunea trebuie s\u0103 fie fundamentul tuturor activit\u0103\u021bilor sale. &#8216;Pe zidurile tale, Ierusalime, am pus ni\u015fte str\u0103jeri, care nu vor t\u0103cea niciodat\u0103, nici zi, nici noapte! Voi, care aduce\u0163i aminte Domnului de el, nu v\u0103 odihni\u0163i deloc! \u015ei nu-I da\u0163i r\u0103gaz p\u00e2n\u0103&hellip;<\/p>\n","protected":false},"author":1,"featured_media":0,"parent":40282,"menu_order":0,"comment_status":"closed","ping_status":"closed","template":"","meta":{"footnotes":""},"class_list":["post-40308","page","type-page","status-publish","hentry"],"yoast_head":"<!-- This site is optimized with the Yoast SEO plugin v27.2 - https:\/\/yoast.com\/product\/yoast-seo-wordpress\/ -->\n<title>Al\u0103tur\u0103 \u00een Rug\u0103ciune - Ebenezer Operation Exodus<\/title>\n<meta name=\"robots\" content=\"index, follow, max-snippet:-1, max-image-preview:large, max-video-preview:-1\" \/>\n<link rel=\"canonical\" href=\"https:\/\/ebenezer-oe.org\/ro\/fii-partener-cu-noi\/alatura-in-rugaciune\/\" \/>\n<meta property=\"og:locale\" content=\"ro_RO\" \/>\n<meta property=\"og:type\" content=\"article\" \/>\n<meta property=\"og:title\" content=\"Al\u0103tur\u0103 \u00een Rug\u0103ciune - Ebenezer Operation Exodus\" \/>\n<meta property=\"og:description\" content=\"Al\u0103tur\u0103 \u00een Rug\u0103ciune Slujirea noastr\u0103 a fost n\u0103scut\u0103 \u00een rug\u0103ciune \u0219i conducerea consider\u0103 c\u0103 rug\u0103ciunea trebuie s\u0103 fie fundamentul tuturor activit\u0103\u021bilor sale. &#8216;Pe zidurile tale, Ierusalime, am pus ni\u015fte str\u0103jeri, care nu vor t\u0103cea niciodat\u0103, nici zi, nici noapte! Voi, care aduce\u0163i aminte Domnului de el, nu v\u0103 odihni\u0163i deloc! \u015ei nu-I da\u0163i r\u0103gaz p\u00e2n\u0103&hellip;\" \/>\n<meta property=\"og:url\" content=\"https:\/\/ebenezer-oe.org\/ro\/fii-partener-cu-noi\/alatura-in-rugaciune\/\" \/>\n<meta property=\"og:site_name\" content=\"Ebenezer Operation Exodus\" \/>\n<meta property=\"article:publisher\" content=\"https:\/\/www.facebook.com\/EbenezerInt\" \/>\n<meta property=\"article:modified_time\" content=\"2023-07-25T16:42:33+00:00\" \/>\n<meta property=\"og:image\" content=\"https:\/\/ebenezeroe.wpengine.com\/wp-content\/uploads\/2021\/05\/Untitled-design-39.png\" \/>\n<meta name=\"twitter:card\" content=\"summary_large_image\" \/>\n<meta name=\"twitter:label1\" content=\"Timp estimat pentru citire\" \/>\n\t<meta name=\"twitter:data1\" content=\"3 minute\" \/>\n<script type=\"application\/ld+json\" class=\"yoast-schema-graph\">{\"@context\":\"https:\/\/schema.org\",\"@graph\":[{\"@type\":\"WebPage\",\"@id\":\"https:\/\/ebenezer-oe.org\/ro\/fii-partener-cu-noi\/alatura-in-rugaciune\/\",\"url\":\"https:\/\/ebenezer-oe.org\/ro\/fii-partener-cu-noi\/alatura-in-rugaciune\/\",\"name\":\"Al\u0103tur\u0103 \u00een Rug\u0103ciune - Ebenezer Operation Exodus\",\"isPartOf\":{\"@id\":\"https:\/\/ebenezer-oe.org\/#website\"},\"primaryImageOfPage\":{\"@id\":\"https:\/\/ebenezer-oe.org\/ro\/fii-partener-cu-noi\/alatura-in-rugaciune\/#primaryimage\"},\"image\":{\"@id\":\"https:\/\/ebenezer-oe.org\/ro\/fii-partener-cu-noi\/alatura-in-rugaciune\/#primaryimage\"},\"thumbnailUrl\":\"https:\/\/ebenezeroe.wpengine.com\/wp-content\/uploads\/2021\/05\/Untitled-design-39.png\",\"datePublished\":\"2021-09-03T12:43:52+00:00\",\"dateModified\":\"2023-07-25T16:42:33+00:00\",\"breadcrumb\":{\"@id\":\"https:\/\/ebenezer-oe.org\/ro\/fii-partener-cu-noi\/alatura-in-rugaciune\/#breadcrumb\"},\"inLanguage\":\"ro-RO\",\"potentialAction\":[{\"@type\":\"ReadAction\",\"target\":[\"https:\/\/ebenezer-oe.org\/ro\/fii-partener-cu-noi\/alatura-in-rugaciune\/\"]}]},{\"@type\":\"ImageObject\",\"inLanguage\":\"ro-RO\",\"@id\":\"https:\/\/ebenezer-oe.org\/ro\/fii-partener-cu-noi\/alatura-in-rugaciune\/#primaryimage\",\"url\":\"https:\/\/ebenezeroe.wpengine.com\/wp-content\/uploads\/2021\/05\/Untitled-design-39.png\",\"contentUrl\":\"https:\/\/ebenezeroe.wpengine.com\/wp-content\/uploads\/2021\/05\/Untitled-design-39.png\"},{\"@type\":\"BreadcrumbList\",\"@id\":\"https:\/\/ebenezer-oe.org\/ro\/fii-partener-cu-noi\/alatura-in-rugaciune\/#breadcrumb\",\"itemListElement\":[{\"@type\":\"ListItem\",\"position\":1,\"name\":\"Home\",\"item\":\"https:\/\/ebenezer-oe.org\/ro\/\"},{\"@type\":\"ListItem\",\"position\":2,\"name\":\"Fii partener cu noi\",\"item\":\"https:\/\/ebenezer-oe.org\/ro\/fii-partener-cu-noi\/\"},{\"@type\":\"ListItem\",\"position\":3,\"name\":\"Al\u0103tur\u0103 \u00een Rug\u0103ciune\"}]},{\"@type\":\"WebSite\",\"@id\":\"https:\/\/ebenezer-oe.org\/#website\",\"url\":\"https:\/\/ebenezer-oe.org\/\",\"name\":\"Ebenezer - Operation Exodus\",\"description\":\"\",\"publisher\":{\"@id\":\"https:\/\/ebenezer-oe.org\/#organization\"},\"potentialAction\":[{\"@type\":\"SearchAction\",\"target\":{\"@type\":\"EntryPoint\",\"urlTemplate\":\"https:\/\/ebenezer-oe.org\/?s={search_term_string}\"},\"query-input\":{\"@type\":\"PropertyValueSpecification\",\"valueRequired\":true,\"valueName\":\"search_term_string\"}}],\"inLanguage\":\"ro-RO\"},{\"@type\":\"Organization\",\"@id\":\"https:\/\/ebenezer-oe.org\/#organization\",\"name\":\"Ebenezer - Operation Exodus\",\"url\":\"https:\/\/ebenezer-oe.org\/\",\"logo\":{\"@type\":\"ImageObject\",\"inLanguage\":\"ro-RO\",\"@id\":\"https:\/\/ebenezer-oe.org\/#\/schema\/logo\/image\/\",\"url\":\"https:\/\/ebenezeroe.wpengine.com\/wp-content\/uploads\/2020\/09\/Logo_EOE_EN_Colour-Horizontal.png\",\"contentUrl\":\"https:\/\/ebenezeroe.wpengine.com\/wp-content\/uploads\/2020\/09\/Logo_EOE_EN_Colour-Horizontal.png\",\"width\":1922,\"height\":928,\"caption\":\"Ebenezer - Operation Exodus\"},\"image\":{\"@id\":\"https:\/\/ebenezer-oe.org\/#\/schema\/logo\/image\/\"},\"sameAs\":[\"https:\/\/www.facebook.com\/EbenezerInt\",\"https:\/\/www.instagram.com\/ebenezer_oe_eng\/\",\"https:\/\/www.youtube.com\/channel\/UC6qGHrKKeamFVz95Vd8LR1g\"]}]}<\/script>\n<!-- \/ Yoast SEO plugin. -->","yoast_head_json":{"title":"Al\u0103tur\u0103 \u00een Rug\u0103ciune - Ebenezer Operation Exodus","robots":{"index":"index","follow":"follow","max-snippet":"max-snippet:-1","max-image-preview":"max-image-preview:large","max-video-preview":"max-video-preview:-1"},"canonical":"https:\/\/ebenezer-oe.org\/ro\/fii-partener-cu-noi\/alatura-in-rugaciune\/","og_locale":"ro_RO","og_type":"article","og_title":"Al\u0103tur\u0103 \u00een Rug\u0103ciune - Ebenezer Operation Exodus","og_description":"Al\u0103tur\u0103 \u00een Rug\u0103ciune Slujirea noastr\u0103 a fost n\u0103scut\u0103 \u00een rug\u0103ciune \u0219i conducerea consider\u0103 c\u0103 rug\u0103ciunea trebuie s\u0103 fie fundamentul tuturor activit\u0103\u021bilor sale. &#8216;Pe zidurile tale, Ierusalime, am pus ni\u015fte str\u0103jeri, care nu vor t\u0103cea niciodat\u0103, nici zi, nici noapte! Voi, care aduce\u0163i aminte Domnului de el, nu v\u0103 odihni\u0163i deloc! \u015ei nu-I da\u0163i r\u0103gaz p\u00e2n\u0103&hellip;","og_url":"https:\/\/ebenezer-oe.org\/ro\/fii-partener-cu-noi\/alatura-in-rugaciune\/","og_site_name":"Ebenezer Operation Exodus","article_publisher":"https:\/\/www.facebook.com\/EbenezerInt","article_modified_time":"2023-07-25T16:42:33+00:00","og_image":[{"url":"https:\/\/ebenezeroe.wpengine.com\/wp-content\/uploads\/2021\/05\/Untitled-design-39.png","type":"","width":"","height":""}],"twitter_card":"summary_large_image","twitter_misc":{"Timp estimat pentru citire":"3 minute"},"schema":{"@context":"https:\/\/schema.org","@graph":[{"@type":"WebPage","@id":"https:\/\/ebenezer-oe.org\/ro\/fii-partener-cu-noi\/alatura-in-rugaciune\/","url":"https:\/\/ebenezer-oe.org\/ro\/fii-partener-cu-noi\/alatura-in-rugaciune\/","name":"Al\u0103tur\u0103 \u00een Rug\u0103ciune - Ebenezer Operation Exodus","isPartOf":{"@id":"https:\/\/ebenezer-oe.org\/#website"},"primaryImageOfPage":{"@id":"https:\/\/ebenezer-oe.org\/ro\/fii-partener-cu-noi\/alatura-in-rugaciune\/#primaryimage"},"image":{"@id":"https:\/\/ebenezer-oe.org\/ro\/fii-partener-cu-noi\/alatura-in-rugaciune\/#primaryimage"},"thumbnailUrl":"https:\/\/ebenezeroe.wpengine.com\/wp-content\/uploads\/2021\/05\/Untitled-design-39.png","datePublished":"2021-09-03T12:43:52+00:00","dateModified":"2023-07-25T16:42:33+00:00","breadcrumb":{"@id":"https:\/\/ebenezer-oe.org\/ro\/fii-partener-cu-noi\/alatura-in-rugaciune\/#breadcrumb"},"inLanguage":"ro-RO","potentialAction":[{"@type":"ReadAction","target":["https:\/\/ebenezer-oe.org\/ro\/fii-partener-cu-noi\/alatura-in-rugaciune\/"]}]},{"@type":"ImageObject","inLanguage":"ro-RO","@id":"https:\/\/ebenezer-oe.org\/ro\/fii-partener-cu-noi\/alatura-in-rugaciune\/#primaryimage","url":"https:\/\/ebenezeroe.wpengine.com\/wp-content\/uploads\/2021\/05\/Untitled-design-39.png","contentUrl":"https:\/\/ebenezeroe.wpengine.com\/wp-content\/uploads\/2021\/05\/Untitled-design-39.png"},{"@type":"BreadcrumbList","@id":"https:\/\/ebenezer-oe.org\/ro\/fii-partener-cu-noi\/alatura-in-rugaciune\/#breadcrumb","itemListElement":[{"@type":"ListItem","position":1,"name":"Home","item":"https:\/\/ebenezer-oe.org\/ro\/"},{"@type":"ListItem","position":2,"name":"Fii partener cu noi","item":"https:\/\/ebenezer-oe.org\/ro\/fii-partener-cu-noi\/"},{"@type":"ListItem","position":3,"name":"Al\u0103tur\u0103 \u00een Rug\u0103ciune"}]},{"@type":"WebSite","@id":"https:\/\/ebenezer-oe.org\/#website","url":"https:\/\/ebenezer-oe.org\/","name":"Ebenezer - Operation Exodus","description":"","publisher":{"@id":"https:\/\/ebenezer-oe.org\/#organization"},"potentialAction":[{"@type":"SearchAction","target":{"@type":"EntryPoint","urlTemplate":"https:\/\/ebenezer-oe.org\/?s={search_term_string}"},"query-input":{"@type":"PropertyValueSpecification","valueRequired":true,"valueName":"search_term_string"}}],"inLanguage":"ro-RO"},{"@type":"Organization","@id":"https:\/\/ebenezer-oe.org\/#organization","name":"Ebenezer - Operation Exodus","url":"https:\/\/ebenezer-oe.org\/","logo":{"@type":"ImageObject","inLanguage":"ro-RO","@id":"https:\/\/ebenezer-oe.org\/#\/schema\/logo\/image\/","url":"https:\/\/ebenezeroe.wpengine.com\/wp-content\/uploads\/2020\/09\/Logo_EOE_EN_Colour-Horizontal.png","contentUrl":"https:\/\/ebenezeroe.wpengine.com\/wp-content\/uploads\/2020\/09\/Logo_EOE_EN_Colour-Horizontal.png","width":1922,"height":928,"caption":"Ebenezer - Operation Exodus"},"image":{"@id":"https:\/\/ebenezer-oe.org\/#\/schema\/logo\/image\/"},"sameAs":["https:\/\/www.facebook.com\/EbenezerInt","https:\/\/www.instagram.com\/ebenezer_oe_eng\/","https:\/\/www.youtube.com\/channel\/UC6qGHrKKeamFVz95Vd8LR1g"]}]}},"_links":{"self":[{"href":"https:\/\/ebenezer-oe.org\/ro\/wp-json\/wp\/v2\/pages\/40308","targetHints":{"allow":["GET"]}}],"collection":[{"href":"https:\/\/ebenezer-oe.org\/ro\/wp-json\/wp\/v2\/pages"}],"about":[{"href":"https:\/\/ebenezer-oe.org\/ro\/wp-json\/wp\/v2\/types\/page"}],"author":[{"embeddable":true,"href":"https:\/\/ebenezer-oe.org\/ro\/wp-json\/wp\/v2\/users\/1"}],"replies":[{"embeddable":true,"href":"https:\/\/ebenezer-oe.org\/ro\/wp-json\/wp\/v2\/comments?post=40308"}],"version-history":[{"count":0,"href":"https:\/\/ebenezer-oe.org\/ro\/wp-json\/wp\/v2\/pages\/40308\/revisions"}],"up":[{"embeddable":true,"href":"https:\/\/ebenezer-oe.org\/ro\/wp-json\/wp\/v2\/pages\/40282"}],"wp:attachment":[{"href":"https:\/\/ebenezer-oe.org\/ro\/wp-json\/wp\/v2\/media?parent=40308"}],"curies":[{"name":"wp","href":"https:\/\/api.w.org\/{rel}","templated":true}]}}