{"id":40406,"date":"2021-09-03T13:00:40","date_gmt":"2021-09-03T13:00:40","guid":{"rendered":"https:\/\/ebenezer-oe.org\/fii-partener-cu-noi\/voluntariat\/"},"modified":"2025-12-09T13:41:15","modified_gmt":"2025-12-09T13:41:15","slug":"voluntariat","status":"publish","type":"page","link":"https:\/\/ebenezer-oe.org\/ro\/fii-partener-cu-noi\/voluntariat\/","title":{"rendered":"Voluntariat"},"content":{"rendered":"\n<h1>\n\t\t\tOportunit\u0103\u021bi s\u0103 Voluntari\t<\/h1>\n\t<p><em>&#8216;Ca ni\u015fte buni ispravnici ai harului felurit al lui Dumnezeu, fiecare din voi s\u0103 slujeasc\u0103 altora dup\u0103 darul pe care l-a primit.&#8217; <\/em><\/p>\n<p><em>(1 Petru 4:10)<\/em><\/p>\n\t<h2>Avem multe oportunit\u0103\u021bi \u00een diferite p\u0103r\u021bi ale lumii pentru cei chema\u021bi s\u0103 serveasc\u0103 ca voluntari &#8230;<\/h2>\n\t<p>\u00cen fiecare an, zeci de mii de evrei din toate p\u0103r\u021bile lumii iau decizia important\u0103 de a p\u0103r\u0103si \u021bara \u0219i de a se muta \u00een Israel sau de a \u201eface Alia&#8221; a\u0219a cum se \u0219tie.<\/p>\n<p>Poate fi un proces dificil, mai ales \u00een unele p\u0103r\u021bi ale lumii. Pentru a-i ajuta, voluntarii no\u0219tri vin al\u0103turi de ei \u0219i ajut\u0103 \u00een diferite moduri. <\/p>\n\t<p>Alegerea de a servi cu Ebenezer Operation Exodus v\u0103 va oferi ocazia de a v\u0103 folosi darurile \u0219i abilit\u0103\u021bile date de Dumnezeu pentru a v\u0103 implica direct \u00een Aliyah al poporului evreu. Este un moment uimitor \u0219i mul\u021bi consider\u0103 c\u0103 via\u021ba lor s-a schimbat \u00een moduri pe care nici n-au fi putut imagina, de\u0219i exist\u0103 adesea cerin\u021ba de a persevera atunci c\u00e2nd sarcinile obosesc sau ceasul de\u0219tept\u0103tor sun\u0103 \u00een momente incomode.<\/p>\n<p>\u00cen plus, este de la sine \u00een\u021beles c\u0103, dac\u0103 alege\u021bi s\u0103 servi\u021bi cu noi, trebuie s\u0103 fi\u021bi capabil \u0219i dispus s\u0103 lucra\u021bi ca membru al unei echipe.<\/p>\n<h2>\n\t\t\tM\u0103rturii\t<\/h2>\n\t\t\t\t<img decoding=\"async\" data-src=\"https:\/\/ebenezeroe.wpengine.com\/wp-content\/uploads\/2021\/05\/vol-mex-daniela-150x150.jpg\" alt=\"vol-mex-daniela\" itemprop=\"image\" title=\"vol-mex-daniela\" onerror=\"this.style.display='none'\" src=\"data:image\/svg+xml;base64,PHN2ZyB3aWR0aD0iMSIgaGVpZ2h0PSIxIiB4bWxucz0iaHR0cDovL3d3dy53My5vcmcvMjAwMC9zdmciPjwvc3ZnPg==\" class=\"lazyload\" style=\"--smush-placeholder-width: 150px; --smush-placeholder-aspect-ratio: 150\/150;\" \/>\n\t<p>Daniela<\/p>\n\t<p>Voluntar \u00een Argenitna<\/p>\n\t<p>\u201e<i>Am petrecut 6 luni \u00een frumoasa Argentina, vorbind \u00een biserici \u0219i cu evreii despre Aliyah. Am crescut \u00een a \u00een\u021belege dragostea lui Dumnezeu pentru poporul S\u0103u. Sunt mexican, a\u0219a c\u0103 am crezut c\u0103 o s\u0103 fie u\u0219or \u00eentr-o \u021bar\u0103 care vorbe\u0219te spaniol\u0103 &#8211; au existat provoc\u0103ri, dar provoc\u0103rile m-au f\u0103cut s\u0103 realizez c\u0103 dragostea practic\u0103 schimb\u0103 oamenii, \u0219i dragostea Lui pentru poporul evreu m-a schimbat. &#8222;<\/i><\/p>\n\t\t\t\t<img decoding=\"async\" data-src=\"https:\/\/ebenezeroe.wpengine.com\/wp-content\/uploads\/2021\/05\/vol-scot-guy-150x150.jpg\" alt=\"vol-scot-guy\" itemprop=\"image\" title=\"vol-scot-guy\" onerror=\"this.style.display='none'\" src=\"data:image\/svg+xml;base64,PHN2ZyB3aWR0aD0iMSIgaGVpZ2h0PSIxIiB4bWxucz0iaHR0cDovL3d3dy53My5vcmcvMjAwMC9zdmciPjwvc3ZnPg==\" class=\"lazyload\" style=\"--smush-placeholder-width: 150px; --smush-placeholder-aspect-ratio: 150\/150;\" \/>\n\t<p>Guy<\/p>\n\t<p>Voluntar \u00een Ucraina<\/p>\n\t<p>\u201e<i>Timpul meu de voluntariat a dezv\u0103luit sfin\u021benia \u0219i lucrurile spirituale ale lui Dumnezeu care pot ap\u0103rea prin sarcini practice, aparent obi\u0219nuite, de zi cu zi; cum ar fi ajutarea evreilor la un aeroport. \u00cei influen\u021bezi pe ceilal\u021bi, fiind doar un vas pentru ca Domnul s\u0103 arate dragostea \u0219i caracterul S\u0103u prin tine \u0219i ac\u021biunile tale. Doar s\u0103 fii \u201eacolo&#8221; este tot ce Domnul are nevoie pentru a lucra<\/i>&#8222;.<\/p>\n\t\t\t\t<img decoding=\"async\" data-src=\"https:\/\/ebenezeroe.wpengine.com\/wp-content\/uploads\/2021\/05\/vol-fr-sarah-150x150.jpg\" alt=\"vol-fr-sarah\" itemprop=\"image\" title=\"vol-fr-sarah\" onerror=\"this.style.display='none'\" src=\"data:image\/svg+xml;base64,PHN2ZyB3aWR0aD0iMSIgaGVpZ2h0PSIxIiB4bWxucz0iaHR0cDovL3d3dy53My5vcmcvMjAwMC9zdmciPjwvc3ZnPg==\" class=\"lazyload\" style=\"--smush-placeholder-width: 150px; --smush-placeholder-aspect-ratio: 150\/150;\" \/>\n\t<p>Sarah<\/p>\n\t<p>Voluntar \u00een FSU<\/p>\n\t<p>\u201e<i>Am auzit un membru al echipei din FSU vorbind despre munca ei cu at\u00e2ta bucurie \u0219i am \u0219tiut c\u0103 trebuie s\u0103 ajut! \u00cen ciuda multor \u00eentreb\u0103ri, \u0219tiam c\u0103 asta voiam s\u0103 fac \u0219i Dumnezeu a confirmat acest lucru. \u00cen fiecare zi m\u0103 sim\u021beam mai aproape de El. C\u0103l\u0103toria mea mi-a schimbat complet via\u021ba &#8211; Dumnezeu a devenit prima mea prioritate \u0219i acum, c\u00e2nd citesc Biblia, \u00een\u021beleg planul S\u0103u pentru poporul evreu, pentru c\u0103 am fost acolo pentru a fi martor la ea!<\/i><\/p>\n<h1>\n\t\t\tNe-ar pl\u0103cea s\u0103 afl\u0103m de la tine.\t<\/h1>\n\t<p>Dac\u0103 dori\u021bi s\u0103 fi\u021bi implica\u021bi \u0219i sim\u021bi\u021bi c\u0103 Dumnezeu v\u0103 cheam\u0103 s\u0103 acorda\u021bi ceva timp \u00een calitate de voluntar, v\u0103 rug\u0103m s\u0103 ne contacta\u021bi. D\u0103-ne o scurt\u0103 m\u0103rturie despre modul \u00een care Dumnezeu \u021bi-a vorbit inimii tale \u0219i despre ce abilit\u0103\u021bi ai putea oferi.<\/p>\n\t\t\t<a href=\"https:\/\/ebenezer-oe.org\/ro\/contactati-ne\/\" target=\"_self\">\n\t\t\t\t\t\t\tVoluntariat\n\t\t\t\t\t<\/a>\n\t<p>(Este probabil din cauza restric\u021biilor de c\u0103l\u0103torie impuse de pandemia Covid c\u0103 ini\u021bial v\u0103 vom putea oferi doar un plasament \u00een \u021bara dumneavoastr\u0103 de origine, de\u0219i sper\u0103m c\u0103 acest lucru se va schimba \u00een cur\u00e2nd. V\u0103 rug\u0103m s\u0103 verifica\u021bi situa\u021bia actual\u0103 la noi c\u00e2nd <a href=\"https:\/\/ebenezeroe.wpengine.com\/ro\/contactati-ne\/\">ne contacta\u021bi<\/a> .)<\/p>\n\n","protected":false},"excerpt":{"rendered":"<p>Oportunit\u0103\u021bi s\u0103 Voluntari &#8216;Ca ni\u015fte buni ispravnici ai harului felurit al lui Dumnezeu, fiecare din voi s\u0103 slujeasc\u0103 altora dup\u0103 darul pe care l-a primit.&#8217; (1 Petru 4:10) Avem multe oportunit\u0103\u021bi \u00een diferite p\u0103r\u021bi ale lumii pentru cei chema\u021bi s\u0103 serveasc\u0103 ca voluntari &#8230; \u00cen fiecare an, zeci de mii de evrei din toate p\u0103r\u021bile&hellip;<\/p>\n","protected":false},"author":1,"featured_media":0,"parent":40282,"menu_order":2,"comment_status":"closed","ping_status":"closed","template":"","meta":{"footnotes":""},"class_list":["post-40406","page","type-page","status-publish","hentry"],"yoast_head":"<!-- This site is optimized with the Yoast SEO plugin v27.2 - https:\/\/yoast.com\/product\/yoast-seo-wordpress\/ -->\n<title>Voluntariat - Ebenezer Operation Exodus<\/title>\n<meta name=\"robots\" content=\"index, follow, max-snippet:-1, max-image-preview:large, max-video-preview:-1\" \/>\n<link rel=\"canonical\" href=\"https:\/\/ebenezer-oe.org\/ro\/fii-partener-cu-noi\/voluntariat\/\" \/>\n<meta property=\"og:locale\" content=\"ro_RO\" \/>\n<meta property=\"og:type\" content=\"article\" \/>\n<meta property=\"og:title\" content=\"Voluntariat - Ebenezer Operation Exodus\" \/>\n<meta property=\"og:description\" content=\"Oportunit\u0103\u021bi s\u0103 Voluntari &#8216;Ca ni\u015fte buni ispravnici ai harului felurit al lui Dumnezeu, fiecare din voi s\u0103 slujeasc\u0103 altora dup\u0103 darul pe care l-a primit.&#8217; (1 Petru 4:10) Avem multe oportunit\u0103\u021bi \u00een diferite p\u0103r\u021bi ale lumii pentru cei chema\u021bi s\u0103 serveasc\u0103 ca voluntari &#8230; \u00cen fiecare an, zeci de mii de evrei din toate p\u0103r\u021bile&hellip;\" \/>\n<meta property=\"og:url\" content=\"https:\/\/ebenezer-oe.org\/ro\/fii-partener-cu-noi\/voluntariat\/\" \/>\n<meta property=\"og:site_name\" content=\"Ebenezer Operation Exodus\" \/>\n<meta property=\"article:publisher\" content=\"https:\/\/www.facebook.com\/EbenezerInt\" \/>\n<meta property=\"article:modified_time\" content=\"2025-12-09T13:41:15+00:00\" \/>\n<meta property=\"og:image\" content=\"https:\/\/ebenezeroe.wpengine.com\/wp-content\/uploads\/2021\/05\/vol-mex-daniela-150x150.jpg\" \/>\n<meta name=\"twitter:card\" content=\"summary_large_image\" \/>\n<meta name=\"twitter:label1\" content=\"Timp estimat pentru citire\" \/>\n\t<meta name=\"twitter:data1\" content=\"3 minute\" \/>\n<script type=\"application\/ld+json\" class=\"yoast-schema-graph\">{\"@context\":\"https:\/\/schema.org\",\"@graph\":[{\"@type\":\"WebPage\",\"@id\":\"https:\/\/ebenezer-oe.org\/ro\/fii-partener-cu-noi\/voluntariat\/\",\"url\":\"https:\/\/ebenezer-oe.org\/ro\/fii-partener-cu-noi\/voluntariat\/\",\"name\":\"Voluntariat - Ebenezer Operation Exodus\",\"isPartOf\":{\"@id\":\"https:\/\/ebenezer-oe.org\/#website\"},\"primaryImageOfPage\":{\"@id\":\"https:\/\/ebenezer-oe.org\/ro\/fii-partener-cu-noi\/voluntariat\/#primaryimage\"},\"image\":{\"@id\":\"https:\/\/ebenezer-oe.org\/ro\/fii-partener-cu-noi\/voluntariat\/#primaryimage\"},\"thumbnailUrl\":\"https:\/\/ebenezeroe.wpengine.com\/wp-content\/uploads\/2021\/05\/vol-mex-daniela-150x150.jpg\",\"datePublished\":\"2021-09-03T13:00:40+00:00\",\"dateModified\":\"2025-12-09T13:41:15+00:00\",\"breadcrumb\":{\"@id\":\"https:\/\/ebenezer-oe.org\/ro\/fii-partener-cu-noi\/voluntariat\/#breadcrumb\"},\"inLanguage\":\"ro-RO\",\"potentialAction\":[{\"@type\":\"ReadAction\",\"target\":[\"https:\/\/ebenezer-oe.org\/ro\/fii-partener-cu-noi\/voluntariat\/\"]}]},{\"@type\":\"ImageObject\",\"inLanguage\":\"ro-RO\",\"@id\":\"https:\/\/ebenezer-oe.org\/ro\/fii-partener-cu-noi\/voluntariat\/#primaryimage\",\"url\":\"https:\/\/ebenezeroe.wpengine.com\/wp-content\/uploads\/2021\/05\/vol-mex-daniela-150x150.jpg\",\"contentUrl\":\"https:\/\/ebenezeroe.wpengine.com\/wp-content\/uploads\/2021\/05\/vol-mex-daniela-150x150.jpg\"},{\"@type\":\"BreadcrumbList\",\"@id\":\"https:\/\/ebenezer-oe.org\/ro\/fii-partener-cu-noi\/voluntariat\/#breadcrumb\",\"itemListElement\":[{\"@type\":\"ListItem\",\"position\":1,\"name\":\"Home\",\"item\":\"https:\/\/ebenezer-oe.org\/ro\/\"},{\"@type\":\"ListItem\",\"position\":2,\"name\":\"Fii partener cu noi\",\"item\":\"https:\/\/ebenezer-oe.org\/ro\/fii-partener-cu-noi\/\"},{\"@type\":\"ListItem\",\"position\":3,\"name\":\"Voluntariat\"}]},{\"@type\":\"WebSite\",\"@id\":\"https:\/\/ebenezer-oe.org\/#website\",\"url\":\"https:\/\/ebenezer-oe.org\/\",\"name\":\"Ebenezer - Operation Exodus\",\"description\":\"\",\"publisher\":{\"@id\":\"https:\/\/ebenezer-oe.org\/#organization\"},\"potentialAction\":[{\"@type\":\"SearchAction\",\"target\":{\"@type\":\"EntryPoint\",\"urlTemplate\":\"https:\/\/ebenezer-oe.org\/?s={search_term_string}\"},\"query-input\":{\"@type\":\"PropertyValueSpecification\",\"valueRequired\":true,\"valueName\":\"search_term_string\"}}],\"inLanguage\":\"ro-RO\"},{\"@type\":\"Organization\",\"@id\":\"https:\/\/ebenezer-oe.org\/#organization\",\"name\":\"Ebenezer - Operation Exodus\",\"url\":\"https:\/\/ebenezer-oe.org\/\",\"logo\":{\"@type\":\"ImageObject\",\"inLanguage\":\"ro-RO\",\"@id\":\"https:\/\/ebenezer-oe.org\/#\/schema\/logo\/image\/\",\"url\":\"https:\/\/ebenezeroe.wpengine.com\/wp-content\/uploads\/2020\/09\/Logo_EOE_EN_Colour-Horizontal.png\",\"contentUrl\":\"https:\/\/ebenezeroe.wpengine.com\/wp-content\/uploads\/2020\/09\/Logo_EOE_EN_Colour-Horizontal.png\",\"width\":1922,\"height\":928,\"caption\":\"Ebenezer - Operation Exodus\"},\"image\":{\"@id\":\"https:\/\/ebenezer-oe.org\/#\/schema\/logo\/image\/\"},\"sameAs\":[\"https:\/\/www.facebook.com\/EbenezerInt\",\"https:\/\/www.instagram.com\/ebenezer_oe_eng\/\",\"https:\/\/www.youtube.com\/channel\/UC6qGHrKKeamFVz95Vd8LR1g\"]}]}<\/script>\n<!-- \/ Yoast SEO plugin. -->","yoast_head_json":{"title":"Voluntariat - Ebenezer Operation Exodus","robots":{"index":"index","follow":"follow","max-snippet":"max-snippet:-1","max-image-preview":"max-image-preview:large","max-video-preview":"max-video-preview:-1"},"canonical":"https:\/\/ebenezer-oe.org\/ro\/fii-partener-cu-noi\/voluntariat\/","og_locale":"ro_RO","og_type":"article","og_title":"Voluntariat - Ebenezer Operation Exodus","og_description":"Oportunit\u0103\u021bi s\u0103 Voluntari &#8216;Ca ni\u015fte buni ispravnici ai harului felurit al lui Dumnezeu, fiecare din voi s\u0103 slujeasc\u0103 altora dup\u0103 darul pe care l-a primit.&#8217; (1 Petru 4:10) Avem multe oportunit\u0103\u021bi \u00een diferite p\u0103r\u021bi ale lumii pentru cei chema\u021bi s\u0103 serveasc\u0103 ca voluntari &#8230; \u00cen fiecare an, zeci de mii de evrei din toate p\u0103r\u021bile&hellip;","og_url":"https:\/\/ebenezer-oe.org\/ro\/fii-partener-cu-noi\/voluntariat\/","og_site_name":"Ebenezer Operation Exodus","article_publisher":"https:\/\/www.facebook.com\/EbenezerInt","article_modified_time":"2025-12-09T13:41:15+00:00","og_image":[{"url":"https:\/\/ebenezeroe.wpengine.com\/wp-content\/uploads\/2021\/05\/vol-mex-daniela-150x150.jpg","type":"","width":"","height":""}],"twitter_card":"summary_large_image","twitter_misc":{"Timp estimat pentru citire":"3 minute"},"schema":{"@context":"https:\/\/schema.org","@graph":[{"@type":"WebPage","@id":"https:\/\/ebenezer-oe.org\/ro\/fii-partener-cu-noi\/voluntariat\/","url":"https:\/\/ebenezer-oe.org\/ro\/fii-partener-cu-noi\/voluntariat\/","name":"Voluntariat - Ebenezer Operation Exodus","isPartOf":{"@id":"https:\/\/ebenezer-oe.org\/#website"},"primaryImageOfPage":{"@id":"https:\/\/ebenezer-oe.org\/ro\/fii-partener-cu-noi\/voluntariat\/#primaryimage"},"image":{"@id":"https:\/\/ebenezer-oe.org\/ro\/fii-partener-cu-noi\/voluntariat\/#primaryimage"},"thumbnailUrl":"https:\/\/ebenezeroe.wpengine.com\/wp-content\/uploads\/2021\/05\/vol-mex-daniela-150x150.jpg","datePublished":"2021-09-03T13:00:40+00:00","dateModified":"2025-12-09T13:41:15+00:00","breadcrumb":{"@id":"https:\/\/ebenezer-oe.org\/ro\/fii-partener-cu-noi\/voluntariat\/#breadcrumb"},"inLanguage":"ro-RO","potentialAction":[{"@type":"ReadAction","target":["https:\/\/ebenezer-oe.org\/ro\/fii-partener-cu-noi\/voluntariat\/"]}]},{"@type":"ImageObject","inLanguage":"ro-RO","@id":"https:\/\/ebenezer-oe.org\/ro\/fii-partener-cu-noi\/voluntariat\/#primaryimage","url":"https:\/\/ebenezeroe.wpengine.com\/wp-content\/uploads\/2021\/05\/vol-mex-daniela-150x150.jpg","contentUrl":"https:\/\/ebenezeroe.wpengine.com\/wp-content\/uploads\/2021\/05\/vol-mex-daniela-150x150.jpg"},{"@type":"BreadcrumbList","@id":"https:\/\/ebenezer-oe.org\/ro\/fii-partener-cu-noi\/voluntariat\/#breadcrumb","itemListElement":[{"@type":"ListItem","position":1,"name":"Home","item":"https:\/\/ebenezer-oe.org\/ro\/"},{"@type":"ListItem","position":2,"name":"Fii partener cu noi","item":"https:\/\/ebenezer-oe.org\/ro\/fii-partener-cu-noi\/"},{"@type":"ListItem","position":3,"name":"Voluntariat"}]},{"@type":"WebSite","@id":"https:\/\/ebenezer-oe.org\/#website","url":"https:\/\/ebenezer-oe.org\/","name":"Ebenezer - Operation Exodus","description":"","publisher":{"@id":"https:\/\/ebenezer-oe.org\/#organization"},"potentialAction":[{"@type":"SearchAction","target":{"@type":"EntryPoint","urlTemplate":"https:\/\/ebenezer-oe.org\/?s={search_term_string}"},"query-input":{"@type":"PropertyValueSpecification","valueRequired":true,"valueName":"search_term_string"}}],"inLanguage":"ro-RO"},{"@type":"Organization","@id":"https:\/\/ebenezer-oe.org\/#organization","name":"Ebenezer - Operation Exodus","url":"https:\/\/ebenezer-oe.org\/","logo":{"@type":"ImageObject","inLanguage":"ro-RO","@id":"https:\/\/ebenezer-oe.org\/#\/schema\/logo\/image\/","url":"https:\/\/ebenezeroe.wpengine.com\/wp-content\/uploads\/2020\/09\/Logo_EOE_EN_Colour-Horizontal.png","contentUrl":"https:\/\/ebenezeroe.wpengine.com\/wp-content\/uploads\/2020\/09\/Logo_EOE_EN_Colour-Horizontal.png","width":1922,"height":928,"caption":"Ebenezer - Operation Exodus"},"image":{"@id":"https:\/\/ebenezer-oe.org\/#\/schema\/logo\/image\/"},"sameAs":["https:\/\/www.facebook.com\/EbenezerInt","https:\/\/www.instagram.com\/ebenezer_oe_eng\/","https:\/\/www.youtube.com\/channel\/UC6qGHrKKeamFVz95Vd8LR1g"]}]}},"_links":{"self":[{"href":"https:\/\/ebenezer-oe.org\/ro\/wp-json\/wp\/v2\/pages\/40406","targetHints":{"allow":["GET"]}}],"collection":[{"href":"https:\/\/ebenezer-oe.org\/ro\/wp-json\/wp\/v2\/pages"}],"about":[{"href":"https:\/\/ebenezer-oe.org\/ro\/wp-json\/wp\/v2\/types\/page"}],"author":[{"embeddable":true,"href":"https:\/\/ebenezer-oe.org\/ro\/wp-json\/wp\/v2\/users\/1"}],"replies":[{"embeddable":true,"href":"https:\/\/ebenezer-oe.org\/ro\/wp-json\/wp\/v2\/comments?post=40406"}],"version-history":[{"count":0,"href":"https:\/\/ebenezer-oe.org\/ro\/wp-json\/wp\/v2\/pages\/40406\/revisions"}],"up":[{"embeddable":true,"href":"https:\/\/ebenezer-oe.org\/ro\/wp-json\/wp\/v2\/pages\/40282"}],"wp:attachment":[{"href":"https:\/\/ebenezer-oe.org\/ro\/wp-json\/wp\/v2\/media?parent=40406"}],"curies":[{"name":"wp","href":"https:\/\/api.w.org\/{rel}","templated":true}]}}