{"id":69068,"date":"2022-08-25T11:52:13","date_gmt":"2022-08-25T11:52:13","guid":{"rendered":"https:\/\/ebenezer-oe.org\/resurse\/"},"modified":"2023-07-25T11:15:40","modified_gmt":"2023-07-25T11:15:40","slug":"resurse","status":"publish","type":"page","link":"https:\/\/ebenezer-oe.org\/ro\/resurse\/","title":{"rendered":"Resurse"},"content":{"rendered":"\n<h1>\n\t\tBine ai venit \u00een libr\u0103ria Ebenezer operation Exodus\n\t<\/h1>\n\t<p>Mai jos ve\u021bi g\u0103si o colec\u021bie actualizat\u0103 a ultimelor noastre videoclipuri \u0219i buletine, precum \u0219i alte resurse relevante pentru activitatea opera\u021biunii Ebenezer Exodus.<\/p>\n\t\t\t\t<img decoding=\"async\" data-src=\"https:\/\/ebenezeroe.wpengine.com\/wp-content\/uploads\/2021\/05\/Untitled-design-42.png\" alt=\"Untitled design-42\" itemprop=\"image\" title=\"Untitled design-42\" onerror=\"this.style.display='none'\" src=\"data:image\/svg+xml;base64,PHN2ZyB3aWR0aD0iMSIgaGVpZ2h0PSIxIiB4bWxucz0iaHR0cDovL3d3dy53My5vcmcvMjAwMC9zdmciPjwvc3ZnPg==\" class=\"lazyload\" \/>\n\t<h2>Videouri<\/h2>\n\t<iframe width=\"560\" height=\"315\" data-src=\"https:\/\/www.youtube-nocookie.com\/embed\/Ilz2mkwfP1w\" frameborder=\"0\" allow=\"accelerometer; autoplay; clipboard-write; encrypted-media; gyroscope; picture-in-picture\" allowfullscreen src=\"data:image\/svg+xml;base64,PHN2ZyB3aWR0aD0iMSIgaGVpZ2h0PSIxIiB4bWxucz0iaHR0cDovL3d3dy53My5vcmcvMjAwMC9zdmciPjwvc3ZnPg==\" class=\"lazyload\" data-load-mode=\"1\"><\/iframe>\n\t<iframe width=\"560\" height=\"315\" data-src=\"https:\/\/www.youtube-nocookie.com\/embed\/KQas3wmXdUU\" frameborder=\"0\" allow=\"accelerometer; autoplay; clipboard-write; encrypted-media; gyroscope; picture-in-picture\" allowfullscreen src=\"data:image\/svg+xml;base64,PHN2ZyB3aWR0aD0iMSIgaGVpZ2h0PSIxIiB4bWxucz0iaHR0cDovL3d3dy53My5vcmcvMjAwMC9zdmciPjwvc3ZnPg==\" class=\"lazyload\" data-load-mode=\"1\"><\/iframe>\n\t<iframe width=\"560\" height=\"315\" data-src=\"https:\/\/www.youtube-nocookie.com\/embed\/RoWuYnMbvYg\" frameborder=\"0\" allow=\"accelerometer; autoplay; clipboard-write; encrypted-media; gyroscope; picture-in-picture\" allowfullscreen src=\"data:image\/svg+xml;base64,PHN2ZyB3aWR0aD0iMSIgaGVpZ2h0PSIxIiB4bWxucz0iaHR0cDovL3d3dy53My5vcmcvMjAwMC9zdmciPjwvc3ZnPg==\" class=\"lazyload\" data-load-mode=\"1\"><\/iframe>\n\t<h2>Buletine Intera\u021bionale<\/h2>\n\t<p>Buletinele noastre interna\u021bionale includ \u00eenv\u0103\u021b\u0103turi, m\u0103rturii \u0219i pove\u0219ti actualizate despre munca noastr\u0103.<\/p>\n<p>Dac\u0103 dori\u021bi s\u0103 v\u0103 abona\u021bi \u0219i s\u0103 primi\u021bi Buletinul nostru trimestrial prin po\u0219t\u0103 sau e-mail, v\u0103 rug\u0103m s\u0103 face\u021bi clic pe butonul de mai jos pentru a ne contacta.<\/p>\n\t\t\t<a href=\"https:\/\/ebenezer-oe.org\/ro\/contactati-ne\/\" target=\"_self\" rel=\"noopener\">\n\t\t\t\t\t\t\tContacteaz\u0103-ne\n\t\t\t\t\t<\/a>\n\t\t\t\t<a href=\"https:\/\/ebenezer-oe.org\/ENG_IB_3_2022\/\" target=\"_blank\" rel=\"noopener\" itemprop=\"url\">\n\t\t\t\t<img decoding=\"async\" data-src=\"https:\/\/ebenezer-oe.org\/wp-content\/uploads\/2022\/08\/Bulletins-Compressed-Cover.jpg\" alt=\"Bulletins Compressed Cover\" itemprop=\"image\" height=\"2000\" width=\"1414\" title=\"Bulletins Compressed Cover\" onerror=\"this.style.display='none'\" src=\"data:image\/svg+xml;base64,PHN2ZyB3aWR0aD0iMSIgaGVpZ2h0PSIxIiB4bWxucz0iaHR0cDovL3d3dy53My5vcmcvMjAwMC9zdmciPjwvc3ZnPg==\" class=\"lazyload\" style=\"--smush-placeholder-width: 1414px; --smush-placeholder-aspect-ratio: 1414\/2000;\" \/>\n\t\t\t\t<\/a>\n<h3>A Trumpet Call for Aliyah<\/h3>\n<p>Int. Bulletin 3\/2022<\/p>\n\t\t\t\t<a href=\"https:\/\/ebenezer-oe.org\/ENG_IB_2_2022\/\" target=\"_blank\" rel=\"noopener\" itemprop=\"url\">\n\t\t\t\t<img decoding=\"async\" data-src=\"https:\/\/ebenezer-oe.org\/wp-content\/uploads\/2022\/05\/Screenshot-2022-05-09-at-09.50.08.png\" alt=\"Screenshot 2022-05-09 at 09.50.08\" itemprop=\"image\" height=\"1164\" width=\"823\" title=\"Screenshot 2022-05-09 at 09.50.08\" onerror=\"this.style.display='none'\" src=\"data:image\/svg+xml;base64,PHN2ZyB3aWR0aD0iMSIgaGVpZ2h0PSIxIiB4bWxucz0iaHR0cDovL3d3dy53My5vcmcvMjAwMC9zdmciPjwvc3ZnPg==\" class=\"lazyload\" style=\"--smush-placeholder-width: 823px; --smush-placeholder-aspect-ratio: 823\/1164;\" \/>\n\t\t\t\t<\/a>\n<h3>Europe In Crisis<\/h3>\n<p>Int. Bulletin 2\/2022<\/p>\n\t\t\t\t<a href=\"https:\/\/ebenezer-oe.org\/ENG_IB_1_2022\/\" target=\"_blank\" rel=\"noopener\" itemprop=\"url\">\n\t\t\t\t<img decoding=\"async\" data-src=\"https:\/\/ebenezer-oe.org\/wp-content\/uploads\/2022\/01\/Screenshot-2022-01-31-at-10.50.07.png\" alt=\"Screenshot 2022-01-31 at 10.50.07\" itemprop=\"image\" height=\"990\" width=\"697\" title=\"Screenshot 2022-01-31 at 10.50.07\" onerror=\"this.style.display='none'\" src=\"data:image\/svg+xml;base64,PHN2ZyB3aWR0aD0iMSIgaGVpZ2h0PSIxIiB4bWxucz0iaHR0cDovL3d3dy53My5vcmcvMjAwMC9zdmciPjwvc3ZnPg==\" class=\"lazyload\" style=\"--smush-placeholder-width: 697px; --smush-placeholder-aspect-ratio: 697\/990;\" \/>\n\t\t\t\t<\/a>\n<h3>Now Is The Time For Aliyah<\/h3>\n<p>Int. Bulletin 1\/2022<\/p>\n\t\t\t\t<a href=\"https:\/\/ebenezer-oe.org\/ENG_IB_4_2021\/\" target=\"_blank\" rel=\"noopener\" itemprop=\"url\">\n\t\t\t\t<img decoding=\"async\" data-src=\"https:\/\/ebenezer-oe.org\/wp-content\/uploads\/2021\/11\/Screenshot-2021-11-09-at-09.28.05.png\" alt=\"Screenshot 2021-11-09 at 09.28.05\" itemprop=\"image\" height=\"1124\" width=\"792\" title=\"Screenshot 2021-11-09 at 09.28.05\" onerror=\"this.style.display='none'\" src=\"data:image\/svg+xml;base64,PHN2ZyB3aWR0aD0iMSIgaGVpZ2h0PSIxIiB4bWxucz0iaHR0cDovL3d3dy53My5vcmcvMjAwMC9zdmciPjwvc3ZnPg==\" class=\"lazyload\" style=\"--smush-placeholder-width: 792px; --smush-placeholder-aspect-ratio: 792\/1124;\" \/>\n\t\t\t\t<\/a>\n<h3>Help To Restore Them!<\/h3>\n<p>Int. Bulletin 4\/2021<\/p>\n\t<h2>Alte Resurse<\/h2>\n\t\t\t\t<a href=\"http:\/\/ebenezer-oe.org\/Operation_Exodus\/\" target=\"_blank\" rel=\"noopener\" itemprop=\"url\">\n\t\t\t\t<img decoding=\"async\" data-src=\"https:\/\/ebenezer-oe.org\/wp-content\/uploads\/bb-plugin\/cache\/OE-Book-Cover-2018-image-web-portrait-92255dc0e3f4b4e116998d05eb31ea48-.jpg\" alt=\"OE-Book-Cover-2018-image-web\" itemprop=\"image\" height=\"687\" width=\"531\" title=\"OE-Book-Cover-2018-image-web\" onerror=\"this.style.display='none'\" src=\"data:image\/svg+xml;base64,PHN2ZyB3aWR0aD0iMSIgaGVpZ2h0PSIxIiB4bWxucz0iaHR0cDovL3d3dy53My5vcmcvMjAwMC9zdmciPjwvc3ZnPg==\" class=\"lazyload\" style=\"--smush-placeholder-width: 531px; --smush-placeholder-aspect-ratio: 531\/687;\" \/>\n\t\t\t\t<\/a>\n<h3><a href=\"http:\/\/ebenezer-oe.org\/Operation_Exodus\/\" target=\"_blank\" rel=\"noopener\">Cartea Operation Exodus<\/a><\/h3>\t\t\n\t\t\t<a href=\"http:\/\/ebenezer-oe.org\/Operation_Exodus\/\" rel=\"noopener\" target=\"_blank\">Afl\u0103 mai mult<\/a>\t\t\n\t\t\t\t<a href=\"http:\/\/ebenezer-oe.org\/Aliyah_Book\/\" target=\"_blank\" rel=\"noopener\" itemprop=\"url\">\n\t\t\t\t<img decoding=\"async\" data-src=\"https:\/\/ebenezer-oe.org\/wp-content\/uploads\/bb-plugin\/cache\/Screenshot-2021-08-03-at-12.26.24-portrait-748c7cdc2a3b960d37e1ddcb9e85850a-.png\" alt=\"Screenshot 2021-08-03 at 12.26.24\" itemprop=\"image\" height=\"837\" width=\"552\" title=\"Screenshot 2021-08-03 at 12.26.24\" onerror=\"this.style.display='none'\" src=\"data:image\/svg+xml;base64,PHN2ZyB3aWR0aD0iMSIgaGVpZ2h0PSIxIiB4bWxucz0iaHR0cDovL3d3dy53My5vcmcvMjAwMC9zdmciPjwvc3ZnPg==\" class=\"lazyload\" style=\"--smush-placeholder-width: 552px; --smush-placeholder-aspect-ratio: 552\/837;\" \/>\n\t\t\t\t<\/a>\n<h3><a href=\"http:\/\/ebenezer-oe.org\/Aliyah_Book\/\" target=\"_blank\" rel=\"noopener\">Aliyah: The Miracle of Returning <\/a><\/h3>\t\t\n\t\t\t<a href=\"http:\/\/ebenezer-oe.org\/Aliyah_Book\/\" rel=\"noopener\" target=\"_blank\">Afl\u0103 mai mult<\/a>\t\t\n\t\t\t\t<a href=\"https:\/\/ebenezer-oe.org\/Biblical_Prophecy\/\" target=\"_blank\" rel=\"noopener\" itemprop=\"url\">\n\t\t\t\t<img decoding=\"async\" data-src=\"https:\/\/ebenezer-oe.org\/wp-content\/uploads\/bb-plugin\/cache\/Screenshot-2022-05-09-at-09.35.46-portrait-211250f5e6223d6899c228e8b4c52846-.png\" alt=\"Screenshot 2022-05-09 at 09.35.46\" itemprop=\"image\" height=\"995\" width=\"703\" title=\"Screenshot 2022-05-09 at 09.35.46\" onerror=\"this.style.display='none'\" src=\"data:image\/svg+xml;base64,PHN2ZyB3aWR0aD0iMSIgaGVpZ2h0PSIxIiB4bWxucz0iaHR0cDovL3d3dy53My5vcmcvMjAwMC9zdmciPjwvc3ZnPg==\" class=\"lazyload\" style=\"--smush-placeholder-width: 703px; --smush-placeholder-aspect-ratio: 703\/995;\" \/>\n\t\t\t\t<\/a>\n<h3><a href=\"https:\/\/ebenezer-oe.org\/Biblical_Prophecy\/\" target=\"_blank\" rel=\"noopener\">Profe\u021bia biblic\u0103<\/a><\/h3>\t\t\n\t\t\t<a href=\"https:\/\/ebenezer-oe.org\/Biblical_Prophecy\/\" rel=\"noopener\" target=\"_blank\">Afl\u0103 mai mult<\/a>\t\t\n\t\t\t\t<a href=\"https:\/\/ebenezer-oe.og\/Has_the_Church_Replaced_Israel\/\" target=\"_blank\" rel=\"noopener\" itemprop=\"url\">\n\t\t\t\t<img decoding=\"async\" data-src=\"https:\/\/ebenezer-oe.org\/wp-content\/uploads\/bb-plugin\/cache\/tm_church-replaced-portrait-4fd086f6f2bb6afb32e65f78913c12ca-.jpg\" alt=\"tm_church-replaced\" itemprop=\"image\" height=\"707\" width=\"500\" title=\"tm_church-replaced\" onerror=\"this.style.display='none'\" src=\"data:image\/svg+xml;base64,PHN2ZyB3aWR0aD0iMSIgaGVpZ2h0PSIxIiB4bWxucz0iaHR0cDovL3d3dy53My5vcmcvMjAwMC9zdmciPjwvc3ZnPg==\" class=\"lazyload\" style=\"--smush-placeholder-width: 500px; --smush-placeholder-aspect-ratio: 500\/707;\" \/>\n\t\t\t\t<\/a>\n<h3><a href=\"https:\/\/ebenezer-oe.og\/Has_the_Church_Replaced_Israel\/\" target=\"_blank\" rel=\"noopener\">Biserica a \u00eenlocuit Israelul?<\/a><\/h3>\t\t\n\t\t\t<a href=\"https:\/\/ebenezer-oe.og\/Has_the_Church_Replaced_Israel\/\" rel=\"noopener\" target=\"_blank\">Afl\u0103 mai mult<\/a>\t\t\n\t\t\t\t<a href=\"https:\/\/ebenezer-oe.org\/A_Critical_Time\/\" target=\"_blank\" rel=\"noopener\" itemprop=\"url\">\n\t\t\t\t<img decoding=\"async\" data-src=\"https:\/\/ebenezer-oe.org\/wp-content\/uploads\/bb-plugin\/cache\/tm_critical-time-portrait-0cb0e7114d8490fb6120f19fa36a0d25-.jpg\" alt=\"tm_critical-time\" itemprop=\"image\" height=\"707\" width=\"500\" title=\"tm_critical-time\" onerror=\"this.style.display='none'\" src=\"data:image\/svg+xml;base64,PHN2ZyB3aWR0aD0iMSIgaGVpZ2h0PSIxIiB4bWxucz0iaHR0cDovL3d3dy53My5vcmcvMjAwMC9zdmciPjwvc3ZnPg==\" class=\"lazyload\" style=\"--smush-placeholder-width: 500px; --smush-placeholder-aspect-ratio: 500\/707;\" \/>\n\t\t\t\t<\/a>\n<h3><a href=\"https:\/\/ebenezer-oe.org\/A_Critical_Time\/\" target=\"_blank\" rel=\"noopener\">Un moment critic pentru a ac\u021biona \u0219i a ruga<\/a><\/h3>\t\t\n\t\t\t<a href=\"https:\/\/ebenezer-oe.org\/A_Critical_Time\/\" rel=\"noopener\" target=\"_blank\">Afl\u0103 mai mult<\/a>\t\t\n\t\t\t\t<a href=\"https:\/\/ebenezer-oe.org\/Seeing_Israel\/\" target=\"_blank\" rel=\"noopener\" itemprop=\"url\">\n\t\t\t\t<img decoding=\"async\" data-src=\"https:\/\/ebenezer-oe.org\/wp-content\/uploads\/bb-plugin\/cache\/tm_seeing-israel-portrait-bfdfeffec423407cdfedada6806ec249-.jpg\" alt=\"tm_seeing-israel\" itemprop=\"image\" height=\"707\" width=\"500\" title=\"tm_seeing-israel\" onerror=\"this.style.display='none'\" src=\"data:image\/svg+xml;base64,PHN2ZyB3aWR0aD0iMSIgaGVpZ2h0PSIxIiB4bWxucz0iaHR0cDovL3d3dy53My5vcmcvMjAwMC9zdmciPjwvc3ZnPg==\" class=\"lazyload\" style=\"--smush-placeholder-width: 500px; --smush-placeholder-aspect-ratio: 500\/707;\" \/>\n\t\t\t\t<\/a>\n<h3><a href=\"https:\/\/ebenezer-oe.org\/Seeing_Israel\/\" target=\"_blank\" rel=\"noopener\">V\u0103z\u00e2nd Israelul prin ochii lui Dumnezeu<\/a><\/h3>\t\t\n\t\t\t<a href=\"https:\/\/ebenezer-oe.org\/Seeing_Israel\/\" rel=\"noopener\" target=\"_blank\">Afl\u0103 mai mult<\/a>\t\t\n\t\t\t\t<a href=\"https:\/\/ebenezer-oe.org\/Prayer_and_Intercession\/\" target=\"_self\" itemprop=\"url\" rel=\"noopener\">\n\t\t\t\t<img decoding=\"async\" data-src=\"https:\/\/ebenezer-oe.org\/wp-content\/uploads\/bb-plugin\/cache\/tm_prayer-and-intercession-portrait-256d0e8c45c6d9065af02ab15abbcad7-.jpg\" alt=\"tm_prayer-and-intercession\" itemprop=\"image\" height=\"707\" width=\"500\" title=\"tm_prayer-and-intercession\" onerror=\"this.style.display='none'\" src=\"data:image\/svg+xml;base64,PHN2ZyB3aWR0aD0iMSIgaGVpZ2h0PSIxIiB4bWxucz0iaHR0cDovL3d3dy53My5vcmcvMjAwMC9zdmciPjwvc3ZnPg==\" class=\"lazyload\" style=\"--smush-placeholder-width: 500px; --smush-placeholder-aspect-ratio: 500\/707;\" \/>\n\t\t\t\t<\/a>\n<h3><a href=\"https:\/\/ebenezer-oe.org\/Prayer_and_Intercession\/\" target=\"_self\" rel=\"noopener\">Mijlocire \u0219i rug\u0103ciune<\/a><\/h3>\t\t\n\t\t\t<a href=\"https:\/\/ebenezer-oe.org\/Prayer_and_Intercession\/\" target=\"_self\" rel=\"noopener\">\u00een cur\u00e2nd&#8230;<\/a>\t\t\n\t<p>Dac\u0103 dori\u021bi s\u0103 primi\u021bi oricare dintre materialele noastre didactice, v\u0103 rug\u0103m s\u0103 contacta\u021bi biroul dvs. <a href=\"https:\/\/ebenezer-oe.org\/in-your-area\/\">na\u021bional.<\/a><\/p>\n\n","protected":false},"excerpt":{"rendered":"<p>Bine ai venit \u00een libr\u0103ria Ebenezer operation Exodus Mai jos ve\u021bi g\u0103si o colec\u021bie actualizat\u0103 a ultimelor noastre videoclipuri \u0219i buletine, precum \u0219i alte resurse relevante pentru activitatea opera\u021biunii Ebenezer Exodus. Videouri Buletine Intera\u021bionale Buletinele noastre interna\u021bionale includ \u00eenv\u0103\u021b\u0103turi, m\u0103rturii \u0219i pove\u0219ti actualizate despre munca noastr\u0103. Dac\u0103 dori\u021bi s\u0103 v\u0103 abona\u021bi \u0219i s\u0103 primi\u021bi Buletinul&hellip;<\/p>\n","protected":false},"author":1,"featured_media":0,"parent":0,"menu_order":0,"comment_status":"closed","ping_status":"closed","template":"","meta":{"footnotes":""},"class_list":["post-69068","page","type-page","status-publish","hentry"],"yoast_head":"<!-- This site is optimized with the Yoast SEO plugin v27.4 - https:\/\/yoast.com\/product\/yoast-seo-wordpress\/ -->\n<title>Resurse - Ebenezer Operation Exodus<\/title>\n<meta name=\"robots\" content=\"index, follow, max-snippet:-1, max-image-preview:large, max-video-preview:-1\" \/>\n<link rel=\"canonical\" href=\"https:\/\/ebenezer-oe.org\/ro\/resurse\/\" \/>\n<meta property=\"og:locale\" content=\"ro_RO\" \/>\n<meta property=\"og:type\" content=\"article\" \/>\n<meta property=\"og:title\" content=\"Resurse - Ebenezer Operation Exodus\" \/>\n<meta property=\"og:description\" content=\"Bine ai venit \u00een libr\u0103ria Ebenezer operation Exodus Mai jos ve\u021bi g\u0103si o colec\u021bie actualizat\u0103 a ultimelor noastre videoclipuri \u0219i buletine, precum \u0219i alte resurse relevante pentru activitatea opera\u021biunii Ebenezer Exodus. Videouri Buletine Intera\u021bionale Buletinele noastre interna\u021bionale includ \u00eenv\u0103\u021b\u0103turi, m\u0103rturii \u0219i pove\u0219ti actualizate despre munca noastr\u0103. Dac\u0103 dori\u021bi s\u0103 v\u0103 abona\u021bi \u0219i s\u0103 primi\u021bi Buletinul&hellip;\" \/>\n<meta property=\"og:url\" content=\"https:\/\/ebenezer-oe.org\/ro\/resurse\/\" \/>\n<meta property=\"og:site_name\" content=\"Ebenezer Operation Exodus\" \/>\n<meta property=\"article:publisher\" content=\"https:\/\/www.facebook.com\/EbenezerInt\" \/>\n<meta property=\"article:modified_time\" content=\"2023-07-25T11:15:40+00:00\" \/>\n<meta property=\"og:image\" content=\"https:\/\/ebenezeroe.wpengine.com\/wp-content\/uploads\/2021\/05\/Untitled-design-42.png\" \/>\n<meta name=\"twitter:card\" content=\"summary_large_image\" \/>\n<meta name=\"twitter:label1\" content=\"Timp estimat pentru citire\" \/>\n\t<meta name=\"twitter:data1\" content=\"1 minut\" \/>\n<script type=\"application\/ld+json\" class=\"yoast-schema-graph\">{\"@context\":\"https:\\\/\\\/schema.org\",\"@graph\":[{\"@type\":\"WebPage\",\"@id\":\"https:\\\/\\\/ebenezer-oe.org\\\/ro\\\/resurse\\\/\",\"url\":\"https:\\\/\\\/ebenezer-oe.org\\\/ro\\\/resurse\\\/\",\"name\":\"Resurse - Ebenezer Operation Exodus\",\"isPartOf\":{\"@id\":\"https:\\\/\\\/ebenezer-oe.org\\\/#website\"},\"primaryImageOfPage\":{\"@id\":\"https:\\\/\\\/ebenezer-oe.org\\\/ro\\\/resurse\\\/#primaryimage\"},\"image\":{\"@id\":\"https:\\\/\\\/ebenezer-oe.org\\\/ro\\\/resurse\\\/#primaryimage\"},\"thumbnailUrl\":\"https:\\\/\\\/ebenezeroe.wpengine.com\\\/wp-content\\\/uploads\\\/2021\\\/05\\\/Untitled-design-42.png\",\"datePublished\":\"2022-08-25T11:52:13+00:00\",\"dateModified\":\"2023-07-25T11:15:40+00:00\",\"breadcrumb\":{\"@id\":\"https:\\\/\\\/ebenezer-oe.org\\\/ro\\\/resurse\\\/#breadcrumb\"},\"inLanguage\":\"ro-RO\",\"potentialAction\":[{\"@type\":\"ReadAction\",\"target\":[\"https:\\\/\\\/ebenezer-oe.org\\\/ro\\\/resurse\\\/\"]}]},{\"@type\":\"ImageObject\",\"inLanguage\":\"ro-RO\",\"@id\":\"https:\\\/\\\/ebenezer-oe.org\\\/ro\\\/resurse\\\/#primaryimage\",\"url\":\"https:\\\/\\\/ebenezeroe.wpengine.com\\\/wp-content\\\/uploads\\\/2021\\\/05\\\/Untitled-design-42.png\",\"contentUrl\":\"https:\\\/\\\/ebenezeroe.wpengine.com\\\/wp-content\\\/uploads\\\/2021\\\/05\\\/Untitled-design-42.png\"},{\"@type\":\"BreadcrumbList\",\"@id\":\"https:\\\/\\\/ebenezer-oe.org\\\/ro\\\/resurse\\\/#breadcrumb\",\"itemListElement\":[{\"@type\":\"ListItem\",\"position\":1,\"name\":\"Home\",\"item\":\"https:\\\/\\\/ebenezer-oe.org\\\/ro\\\/\"},{\"@type\":\"ListItem\",\"position\":2,\"name\":\"Resurse\"}]},{\"@type\":\"WebSite\",\"@id\":\"https:\\\/\\\/ebenezer-oe.org\\\/#website\",\"url\":\"https:\\\/\\\/ebenezer-oe.org\\\/\",\"name\":\"Ebenezer - Operation Exodus\",\"description\":\"\",\"publisher\":{\"@id\":\"https:\\\/\\\/ebenezer-oe.org\\\/#organization\"},\"potentialAction\":[{\"@type\":\"SearchAction\",\"target\":{\"@type\":\"EntryPoint\",\"urlTemplate\":\"https:\\\/\\\/ebenezer-oe.org\\\/?s={search_term_string}\"},\"query-input\":{\"@type\":\"PropertyValueSpecification\",\"valueRequired\":true,\"valueName\":\"search_term_string\"}}],\"inLanguage\":\"ro-RO\"},{\"@type\":\"Organization\",\"@id\":\"https:\\\/\\\/ebenezer-oe.org\\\/#organization\",\"name\":\"Ebenezer - Operation Exodus\",\"url\":\"https:\\\/\\\/ebenezer-oe.org\\\/\",\"logo\":{\"@type\":\"ImageObject\",\"inLanguage\":\"ro-RO\",\"@id\":\"https:\\\/\\\/ebenezer-oe.org\\\/#\\\/schema\\\/logo\\\/image\\\/\",\"url\":\"https:\\\/\\\/ebenezeroe.wpengine.com\\\/wp-content\\\/uploads\\\/2020\\\/09\\\/Logo_EOE_EN_Colour-Horizontal.png\",\"contentUrl\":\"https:\\\/\\\/ebenezeroe.wpengine.com\\\/wp-content\\\/uploads\\\/2020\\\/09\\\/Logo_EOE_EN_Colour-Horizontal.png\",\"width\":1922,\"height\":928,\"caption\":\"Ebenezer - Operation Exodus\"},\"image\":{\"@id\":\"https:\\\/\\\/ebenezer-oe.org\\\/#\\\/schema\\\/logo\\\/image\\\/\"},\"sameAs\":[\"https:\\\/\\\/www.facebook.com\\\/EbenezerInt\",\"https:\\\/\\\/www.instagram.com\\\/ebenezer_oe_eng\\\/\",\"https:\\\/\\\/www.youtube.com\\\/channel\\\/UC6qGHrKKeamFVz95Vd8LR1g\"]}]}<\/script>\n<!-- \/ Yoast SEO plugin. -->","yoast_head_json":{"title":"Resurse - Ebenezer Operation Exodus","robots":{"index":"index","follow":"follow","max-snippet":"max-snippet:-1","max-image-preview":"max-image-preview:large","max-video-preview":"max-video-preview:-1"},"canonical":"https:\/\/ebenezer-oe.org\/ro\/resurse\/","og_locale":"ro_RO","og_type":"article","og_title":"Resurse - Ebenezer Operation Exodus","og_description":"Bine ai venit \u00een libr\u0103ria Ebenezer operation Exodus Mai jos ve\u021bi g\u0103si o colec\u021bie actualizat\u0103 a ultimelor noastre videoclipuri \u0219i buletine, precum \u0219i alte resurse relevante pentru activitatea opera\u021biunii Ebenezer Exodus. Videouri Buletine Intera\u021bionale Buletinele noastre interna\u021bionale includ \u00eenv\u0103\u021b\u0103turi, m\u0103rturii \u0219i pove\u0219ti actualizate despre munca noastr\u0103. Dac\u0103 dori\u021bi s\u0103 v\u0103 abona\u021bi \u0219i s\u0103 primi\u021bi Buletinul&hellip;","og_url":"https:\/\/ebenezer-oe.org\/ro\/resurse\/","og_site_name":"Ebenezer Operation Exodus","article_publisher":"https:\/\/www.facebook.com\/EbenezerInt","article_modified_time":"2023-07-25T11:15:40+00:00","og_image":[{"url":"https:\/\/ebenezeroe.wpengine.com\/wp-content\/uploads\/2021\/05\/Untitled-design-42.png","type":"","width":"","height":""}],"twitter_card":"summary_large_image","twitter_misc":{"Timp estimat pentru citire":"1 minut"},"schema":{"@context":"https:\/\/schema.org","@graph":[{"@type":"WebPage","@id":"https:\/\/ebenezer-oe.org\/ro\/resurse\/","url":"https:\/\/ebenezer-oe.org\/ro\/resurse\/","name":"Resurse - Ebenezer Operation Exodus","isPartOf":{"@id":"https:\/\/ebenezer-oe.org\/#website"},"primaryImageOfPage":{"@id":"https:\/\/ebenezer-oe.org\/ro\/resurse\/#primaryimage"},"image":{"@id":"https:\/\/ebenezer-oe.org\/ro\/resurse\/#primaryimage"},"thumbnailUrl":"https:\/\/ebenezeroe.wpengine.com\/wp-content\/uploads\/2021\/05\/Untitled-design-42.png","datePublished":"2022-08-25T11:52:13+00:00","dateModified":"2023-07-25T11:15:40+00:00","breadcrumb":{"@id":"https:\/\/ebenezer-oe.org\/ro\/resurse\/#breadcrumb"},"inLanguage":"ro-RO","potentialAction":[{"@type":"ReadAction","target":["https:\/\/ebenezer-oe.org\/ro\/resurse\/"]}]},{"@type":"ImageObject","inLanguage":"ro-RO","@id":"https:\/\/ebenezer-oe.org\/ro\/resurse\/#primaryimage","url":"https:\/\/ebenezeroe.wpengine.com\/wp-content\/uploads\/2021\/05\/Untitled-design-42.png","contentUrl":"https:\/\/ebenezeroe.wpengine.com\/wp-content\/uploads\/2021\/05\/Untitled-design-42.png"},{"@type":"BreadcrumbList","@id":"https:\/\/ebenezer-oe.org\/ro\/resurse\/#breadcrumb","itemListElement":[{"@type":"ListItem","position":1,"name":"Home","item":"https:\/\/ebenezer-oe.org\/ro\/"},{"@type":"ListItem","position":2,"name":"Resurse"}]},{"@type":"WebSite","@id":"https:\/\/ebenezer-oe.org\/#website","url":"https:\/\/ebenezer-oe.org\/","name":"Ebenezer - Operation Exodus","description":"","publisher":{"@id":"https:\/\/ebenezer-oe.org\/#organization"},"potentialAction":[{"@type":"SearchAction","target":{"@type":"EntryPoint","urlTemplate":"https:\/\/ebenezer-oe.org\/?s={search_term_string}"},"query-input":{"@type":"PropertyValueSpecification","valueRequired":true,"valueName":"search_term_string"}}],"inLanguage":"ro-RO"},{"@type":"Organization","@id":"https:\/\/ebenezer-oe.org\/#organization","name":"Ebenezer - Operation Exodus","url":"https:\/\/ebenezer-oe.org\/","logo":{"@type":"ImageObject","inLanguage":"ro-RO","@id":"https:\/\/ebenezer-oe.org\/#\/schema\/logo\/image\/","url":"https:\/\/ebenezeroe.wpengine.com\/wp-content\/uploads\/2020\/09\/Logo_EOE_EN_Colour-Horizontal.png","contentUrl":"https:\/\/ebenezeroe.wpengine.com\/wp-content\/uploads\/2020\/09\/Logo_EOE_EN_Colour-Horizontal.png","width":1922,"height":928,"caption":"Ebenezer - Operation Exodus"},"image":{"@id":"https:\/\/ebenezer-oe.org\/#\/schema\/logo\/image\/"},"sameAs":["https:\/\/www.facebook.com\/EbenezerInt","https:\/\/www.instagram.com\/ebenezer_oe_eng\/","https:\/\/www.youtube.com\/channel\/UC6qGHrKKeamFVz95Vd8LR1g"]}]}},"_links":{"self":[{"href":"https:\/\/ebenezer-oe.org\/ro\/wp-json\/wp\/v2\/pages\/69068","targetHints":{"allow":["GET"]}}],"collection":[{"href":"https:\/\/ebenezer-oe.org\/ro\/wp-json\/wp\/v2\/pages"}],"about":[{"href":"https:\/\/ebenezer-oe.org\/ro\/wp-json\/wp\/v2\/types\/page"}],"author":[{"embeddable":true,"href":"https:\/\/ebenezer-oe.org\/ro\/wp-json\/wp\/v2\/users\/1"}],"replies":[{"embeddable":true,"href":"https:\/\/ebenezer-oe.org\/ro\/wp-json\/wp\/v2\/comments?post=69068"}],"version-history":[{"count":0,"href":"https:\/\/ebenezer-oe.org\/ro\/wp-json\/wp\/v2\/pages\/69068\/revisions"}],"wp:attachment":[{"href":"https:\/\/ebenezer-oe.org\/ro\/wp-json\/wp\/v2\/media?parent=69068"}],"curies":[{"name":"wp","href":"https:\/\/api.w.org\/{rel}","templated":true}]}}