{"id":108382,"date":"2024-05-28T13:59:28","date_gmt":"2024-05-28T13:59:28","guid":{"rendered":"https:\/\/ebenezer-oe.org\/ebis-aventyr\/"},"modified":"2026-01-07T06:47:49","modified_gmt":"2026-01-07T06:47:49","slug":"ebis-aventyr","status":"publish","type":"page","link":"https:\/\/ebenezer-oe.org\/sv\/ebis-aventyr\/","title":{"rendered":"Ebi\u2019s \u00c4ventyr"},"content":{"rendered":"\n\n\t\t\t\t<img decoding=\"async\" data-src=\"https:\/\/ebenezer-oe.org\/wp-content\/uploads\/2024\/03\/Ebi-Name-Font-1.png\" alt=\"Ebi - Name Font\" itemprop=\"image\" height=\"1080\" width=\"1920\" title=\"Ebi - Name Font\" onerror=\"this.style.display='none'\" src=\"data:image\/svg+xml;base64,PHN2ZyB3aWR0aD0iMSIgaGVpZ2h0PSIxIiB4bWxucz0iaHR0cDovL3d3dy53My5vcmcvMjAwMC9zdmciPjwvc3ZnPg==\" class=\"lazyload\" style=\"--smush-placeholder-width: 1920px; --smush-placeholder-aspect-ratio: 1920\/1080;\" \/>\n\t<h2>Hej jag heter Ebi!<\/h2>\n\t<p>Min b\u00e4sta v\u00e4n, David, \u00e4r jude. Han ber\u00e4ttade f\u00f6r mig att hans familj planerar att flytta till Israel och att det \u00e4r ett viktigt beslut som kommer fr\u00e5n Gud! Jag har s\u00e5 m\u00e5nga fr\u00e5gor att st\u00e4lla&#8230; David har lovat mig att jag ska f\u00e5 tr\u00e4ffa n\u00e5gra av hans v\u00e4nner och \u00e4ven n\u00e5gra kristna som hj\u00e4lper hans familj att flytta, s\u00e5 att jag kan f\u00e5 reda p\u00e5 mer! Det kommer att bli ett \u00e4ventyr!<\/p>\n\t\t\t\t<img decoding=\"async\" data-src=\"https:\/\/ebenezer-oe.org\/wp-content\/uploads\/2024\/03\/Ebi-David.jpg\" alt=\"Ebi &amp; David\" itemprop=\"image\" height=\"1080\" width=\"1080\" title=\"Ebi &amp; David\" onerror=\"this.style.display='none'\" src=\"data:image\/svg+xml;base64,PHN2ZyB3aWR0aD0iMSIgaGVpZ2h0PSIxIiB4bWxucz0iaHR0cDovL3d3dy53My5vcmcvMjAwMC9zdmciPjwvc3ZnPg==\" class=\"lazyload\" style=\"--smush-placeholder-width: 1080px; --smush-placeholder-aspect-ratio: 1080\/1080;\" \/>\n\t<h2>Redo f\u00f6r ett \u00e4ventyr?<\/h2>\n\t\t<iframe title=\"My name is Ebi! | God loves Israel\" width=\"500\" height=\"281\" data-src=\"https:\/\/www.youtube.com\/embed\/po8AWV32Z5g?feature=oembed\" frameborder=\"0\" allow=\"accelerometer; autoplay; clipboard-write; encrypted-media; gyroscope; picture-in-picture; web-share\" referrerpolicy=\"strict-origin-when-cross-origin\" allowfullscreen src=\"data:image\/svg+xml;base64,PHN2ZyB3aWR0aD0iMSIgaGVpZ2h0PSIxIiB4bWxucz0iaHR0cDovL3d3dy53My5vcmcvMjAwMC9zdmciPjwvc3ZnPg==\" class=\"lazyload\" data-load-mode=\"1\"><\/iframe>\t\n\t<h2><b>Fr\u00e5n herdepojke till kung<\/b><\/h2>\n\t\t<iframe title=\"From Shepherd boy to King - The story of David | Ebi&#039;s Adventures\" width=\"500\" height=\"281\" data-src=\"https:\/\/www.youtube.com\/embed\/i5rzPmuxWrw?feature=oembed\" frameborder=\"0\" allow=\"accelerometer; autoplay; clipboard-write; encrypted-media; gyroscope; picture-in-picture; web-share\" referrerpolicy=\"strict-origin-when-cross-origin\" allowfullscreen src=\"data:image\/svg+xml;base64,PHN2ZyB3aWR0aD0iMSIgaGVpZ2h0PSIxIiB4bWxucz0iaHR0cDovL3d3dy53My5vcmcvMjAwMC9zdmciPjwvc3ZnPg==\" class=\"lazyload\" data-load-mode=\"1\"><\/iframe>\t\n\t<p>Sagostund<\/p>\n\t\t\t\t<a href=\"https:\/\/ebenezer-oe.org\/wp-content\/uploads\/2026\/01\/SWE-EBI-Issue-4-2025-1.pdf\"  target=\"_blank\" rel=\"noopener\"  itemprop=\"url\">\n\t\t\t\t<img decoding=\"async\" data-src=\"https:\/\/ebenezer-oe.org\/wp-content\/uploads\/2025\/10\/background-3.jpg\" alt=\"background-3\" itemprop=\"image\" height=\"2000\" width=\"1414\" title=\"background-3\" onerror=\"this.style.display='none'\" src=\"data:image\/svg+xml;base64,PHN2ZyB3aWR0aD0iMSIgaGVpZ2h0PSIxIiB4bWxucz0iaHR0cDovL3d3dy53My5vcmcvMjAwMC9zdmciPjwvc3ZnPg==\" class=\"lazyload\" style=\"--smush-placeholder-width: 1414px; --smush-placeholder-aspect-ratio: 1414\/2000;\" \/>\n\t\t\t\t<\/a>\n\t<p>Ladda ner aktiviteterna!<\/p>\n\t<p><i>N\u00e4r PDF-filen har \u00f6ppnats p\u00e5 en separat sida i din webbl\u00e4sare kan du skriva ut eller spara den. <\/i><\/p>\n\t<h2><b>Rahab och spionerna<\/b><\/h2>\n\t\t<iframe title=\"Rahab and the Spies | Ebi&#039;s Adventures\" width=\"500\" height=\"281\" data-src=\"https:\/\/www.youtube.com\/embed\/gPRjglFNFCA?feature=oembed\" frameborder=\"0\" allow=\"accelerometer; autoplay; clipboard-write; encrypted-media; gyroscope; picture-in-picture; web-share\" referrerpolicy=\"strict-origin-when-cross-origin\" allowfullscreen src=\"data:image\/svg+xml;base64,PHN2ZyB3aWR0aD0iMSIgaGVpZ2h0PSIxIiB4bWxucz0iaHR0cDovL3d3dy53My5vcmcvMjAwMC9zdmciPjwvc3ZnPg==\" class=\"lazyload\" data-load-mode=\"1\"><\/iframe>\t\n\t<p>Sagostund<\/p>\n\t\t\t\t<a href=\"https:\/\/ebenezer-oe.org\/wp-content\/uploads\/2026\/01\/SWE-EBI-Storytime.pdf\"  target=\"_blank\" rel=\"noopener\"  itemprop=\"url\">\n\t\t\t\t<img decoding=\"async\" data-src=\"https:\/\/ebenezer-oe.org\/wp-content\/uploads\/2025\/07\/Childrens-Issue-3-2025.jpg\" alt=\"Childrens Issue 3 2025\" itemprop=\"image\" height=\"2000\" width=\"1414\" title=\"Childrens Issue 3 2025\" onerror=\"this.style.display='none'\" src=\"data:image\/svg+xml;base64,PHN2ZyB3aWR0aD0iMSIgaGVpZ2h0PSIxIiB4bWxucz0iaHR0cDovL3d3dy53My5vcmcvMjAwMC9zdmciPjwvc3ZnPg==\" class=\"lazyload\" style=\"--smush-placeholder-width: 1414px; --smush-placeholder-aspect-ratio: 1414\/2000;\" \/>\n\t\t\t\t<\/a>\n\t<p>Ladda ner aktiviteterna!<\/p>\n\t<p><i>N\u00e4r PDF-filen har \u00f6ppnats p\u00e5 en separat sida i din webbl\u00e4sare kan du skriva ut eller spara den. <\/i><\/p>\n\t<h2><b>ATT FLYTTA TILL ETT NYTT HEM<\/b><\/h2>\n\t\t<iframe title=\"Abraham moves to a new home! | Ebi&#039;s Adventures\" width=\"500\" height=\"281\" data-src=\"https:\/\/www.youtube.com\/embed\/khkQoLWY-Wg?feature=oembed\" frameborder=\"0\" allow=\"accelerometer; autoplay; clipboard-write; encrypted-media; gyroscope; picture-in-picture; web-share\" referrerpolicy=\"strict-origin-when-cross-origin\" allowfullscreen src=\"data:image\/svg+xml;base64,PHN2ZyB3aWR0aD0iMSIgaGVpZ2h0PSIxIiB4bWxucz0iaHR0cDovL3d3dy53My5vcmcvMjAwMC9zdmciPjwvc3ZnPg==\" class=\"lazyload\" data-load-mode=\"1\"><\/iframe>\t\n\t<p>Sagostund<\/p>\n\t\t\t\t<a href=\"https:\/\/ebenezer-oe.org\/wp-content\/uploads\/2026\/01\/EBI-Issue-2-2025-Ebis-Storytime.pdf\"  target=\"_blank\" rel=\"noopener\"  itemprop=\"url\">\n\t\t\t\t<img decoding=\"async\" data-src=\"https:\/\/ebenezer-oe.org\/wp-content\/uploads\/2025\/04\/Screenshot-2025-04-29-at-10.05.46.png\" alt=\"Screenshot 2025-04-29 at 10.05.46\" itemprop=\"image\" height=\"1486\" width=\"1052\" title=\"Screenshot 2025-04-29 at 10.05.46\" onerror=\"this.style.display='none'\" src=\"data:image\/svg+xml;base64,PHN2ZyB3aWR0aD0iMSIgaGVpZ2h0PSIxIiB4bWxucz0iaHR0cDovL3d3dy53My5vcmcvMjAwMC9zdmciPjwvc3ZnPg==\" class=\"lazyload\" style=\"--smush-placeholder-width: 1052px; --smush-placeholder-aspect-ratio: 1052\/1486;\" \/>\n\t\t\t\t<\/a>\n\t<p>Ladda ner aktiviteterna!<\/p>\n\t<p><i>N\u00e4r PDF-filen har \u00f6ppnats p\u00e5 en separat sida i din webbl\u00e4sare kan du skriva ut eller spara den. <\/i><\/p>\n\t<h2>Stephens bes\u00f6k i Israel<\/h2>\n\t\t<iframe title=\"Stephen&#039;s visit to Israel | Ebi&#039;s Adventures\" width=\"500\" height=\"281\" data-src=\"https:\/\/www.youtube.com\/embed\/gMfGRwg4E3E?feature=oembed\" frameborder=\"0\" allow=\"accelerometer; autoplay; clipboard-write; encrypted-media; gyroscope; picture-in-picture; web-share\" referrerpolicy=\"strict-origin-when-cross-origin\" allowfullscreen src=\"data:image\/svg+xml;base64,PHN2ZyB3aWR0aD0iMSIgaGVpZ2h0PSIxIiB4bWxucz0iaHR0cDovL3d3dy53My5vcmcvMjAwMC9zdmciPjwvc3ZnPg==\" class=\"lazyload\" data-load-mode=\"1\"><\/iframe>\t\n\t<p>Sagostund<\/p>\n\t\t\t\t<a href=\"https:\/\/ebenezer-oe.org\/wp-content\/uploads\/2025\/03\/Ebi-Issue-1-2025-SWE.pdf%20\"  target=\"_blank\" rel=\"noopener\"  itemprop=\"url\">\n\t\t\t\t<img decoding=\"async\" data-src=\"https:\/\/ebenezer-oe.org\/wp-content\/uploads\/2025\/03\/swedish-childrens-2-2025.png\" alt=\"swedish - childrens 2 2025\" itemprop=\"image\" height=\"1486\" width=\"1046\" title=\"swedish - childrens 2 2025\" onerror=\"this.style.display='none'\" src=\"data:image\/svg+xml;base64,PHN2ZyB3aWR0aD0iMSIgaGVpZ2h0PSIxIiB4bWxucz0iaHR0cDovL3d3dy53My5vcmcvMjAwMC9zdmciPjwvc3ZnPg==\" class=\"lazyload\" style=\"--smush-placeholder-width: 1046px; --smush-placeholder-aspect-ratio: 1046\/1486;\" \/>\n\t\t\t\t<\/a>\n\t<p>Ladda ner aktiviteterna!<\/p>\n\t<p><i>N\u00e4r PDF-filen har \u00f6ppnats p\u00e5 en separat sida i din webbl\u00e4sare kan du skriva ut eller spara den. <\/i><\/p>\n\t<h2>Nya Vanner I Israel<\/h2>\n\t\t<iframe title=\"New friends in Israel! | Ebi&#039;s Adventures\" width=\"500\" height=\"281\" data-src=\"https:\/\/www.youtube.com\/embed\/xquEjC22ICk?feature=oembed\" frameborder=\"0\" allow=\"accelerometer; autoplay; clipboard-write; encrypted-media; gyroscope; picture-in-picture; web-share\" referrerpolicy=\"strict-origin-when-cross-origin\" allowfullscreen src=\"data:image\/svg+xml;base64,PHN2ZyB3aWR0aD0iMSIgaGVpZ2h0PSIxIiB4bWxucz0iaHR0cDovL3d3dy53My5vcmcvMjAwMC9zdmciPjwvc3ZnPg==\" class=\"lazyload\" data-load-mode=\"1\"><\/iframe>\t\n\t<p>Sagostund<\/p>\n\t\t\t\t<a href=\"https:\/\/ebenezer-oe.org\/wp-content\/uploads\/2024\/12\/Ebi-Issue-4-SWE.pdf%20\"  target=\"_blank\" rel=\"noopener\"  itemprop=\"url\">\n\t\t\t\t<img decoding=\"async\" data-src=\"https:\/\/ebenezer-oe.org\/wp-content\/uploads\/2024\/12\/Swedish-1.jpg\" alt=\"Swedish\" itemprop=\"image\" height=\"2000\" width=\"1414\" title=\"Swedish\" onerror=\"this.style.display='none'\" src=\"data:image\/svg+xml;base64,PHN2ZyB3aWR0aD0iMSIgaGVpZ2h0PSIxIiB4bWxucz0iaHR0cDovL3d3dy53My5vcmcvMjAwMC9zdmciPjwvc3ZnPg==\" class=\"lazyload\" style=\"--smush-placeholder-width: 1414px; --smush-placeholder-aspect-ratio: 1414\/2000;\" \/>\n\t\t\t\t<\/a>\n\t<p>Ladda ner aktiviteterna!<\/p>\n\t<p><i>N\u00e4r PDF-filen har \u00f6ppnats p\u00e5 en separat sida i din webbl\u00e4sare kan du skriva ut eller spara den. <\/i><\/p>\n\t<h2>Davids Vanner<\/h2>\n\t\t<iframe title=\"David&#039;s Friends | Ebi&#039;s Adventures\" width=\"500\" height=\"281\" data-src=\"https:\/\/www.youtube.com\/embed\/f6kPM2lEwMs?feature=oembed\" frameborder=\"0\" allow=\"accelerometer; autoplay; clipboard-write; encrypted-media; gyroscope; picture-in-picture; web-share\" referrerpolicy=\"strict-origin-when-cross-origin\" allowfullscreen src=\"data:image\/svg+xml;base64,PHN2ZyB3aWR0aD0iMSIgaGVpZ2h0PSIxIiB4bWxucz0iaHR0cDovL3d3dy53My5vcmcvMjAwMC9zdmciPjwvc3ZnPg==\" class=\"lazyload\" data-load-mode=\"1\"><\/iframe>\t\n\t<p>Sagostund<\/p>\n\t\t\t\t<a href=\"https:\/\/ebenezer-oe.org\/wp-content\/uploads\/2024\/09\/Ebi-Issue-2-SWE.pdf%20\"  target=\"_blank\" rel=\"noopener\"  itemprop=\"url\">\n\t\t\t\t<img decoding=\"async\" data-src=\"https:\/\/ebenezer-oe.org\/wp-content\/uploads\/2024\/09\/1-1.jpg\" alt=\"1\" itemprop=\"image\" height=\"2000\" width=\"1414\" title=\"1\" onerror=\"this.style.display='none'\" src=\"data:image\/svg+xml;base64,PHN2ZyB3aWR0aD0iMSIgaGVpZ2h0PSIxIiB4bWxucz0iaHR0cDovL3d3dy53My5vcmcvMjAwMC9zdmciPjwvc3ZnPg==\" class=\"lazyload\" style=\"--smush-placeholder-width: 1414px; --smush-placeholder-aspect-ratio: 1414\/2000;\" \/>\n\t\t\t\t<\/a>\n\t<p>Ladda ner aktiviteterna!<\/p>\n\t<p><i>N\u00e4r PDF-filen har \u00f6ppnats p\u00e5 en separat sida i din webbl\u00e4sare kan du skriva ut eller spara den. <\/i><\/p>\n\t<h2>Talias dr\u00f6m<\/h2>\n\t\t<iframe title=\"Talia&#039;s Dream | Making Aliyah to Israel!\" width=\"500\" height=\"281\" data-src=\"https:\/\/www.youtube.com\/embed\/7kDzz2Fz2GU?feature=oembed\" frameborder=\"0\" allow=\"accelerometer; autoplay; clipboard-write; encrypted-media; gyroscope; picture-in-picture; web-share\" referrerpolicy=\"strict-origin-when-cross-origin\" allowfullscreen src=\"data:image\/svg+xml;base64,PHN2ZyB3aWR0aD0iMSIgaGVpZ2h0PSIxIiB4bWxucz0iaHR0cDovL3d3dy53My5vcmcvMjAwMC9zdmciPjwvc3ZnPg==\" class=\"lazyload\" data-load-mode=\"1\"><\/iframe>\t\n\t<p>Sagostund<\/p>\n\t\t\t\t<a href=\"https:\/\/ebenezer-oe.org\/wp-content\/uploads\/2024\/05\/EOE-Ebi-Kids-Issue-1-SWE.pdf%20\"  target=\"_blank\" rel=\"noopener\"  itemprop=\"url\">\n\t\t\t\t<img decoding=\"async\" data-src=\"https:\/\/ebenezer-oe.org\/wp-content\/uploads\/2024\/05\/sw-Ebi.jpg\" alt=\"sw - Ebi\" itemprop=\"image\" height=\"2000\" width=\"1414\" title=\"sw - Ebi\" onerror=\"this.style.display='none'\" src=\"data:image\/svg+xml;base64,PHN2ZyB3aWR0aD0iMSIgaGVpZ2h0PSIxIiB4bWxucz0iaHR0cDovL3d3dy53My5vcmcvMjAwMC9zdmciPjwvc3ZnPg==\" class=\"lazyload\" style=\"--smush-placeholder-width: 1414px; --smush-placeholder-aspect-ratio: 1414\/2000;\" \/>\n\t\t\t\t<\/a>\n\t<p>Ladda ner aktiviteterna!<\/p>\n\t<p><i>N\u00e4r PDF-filen har \u00f6ppnats p\u00e5 en separat sida i din webbl\u00e4sare kan du skriva ut eller spara den. <\/i><\/p>\n\t<h2>Prenumerera p\u00e5 Ebis YouTube-kanal<\/h2>\n\t\t\t<a href=\"https:\/\/www.youtube.com\/@ebisadventures\" target=\"_blank\" rel=\"noopener\">\n\t\t\t\t\t\tBes\u00f6k v\u00e5r kanal\n\t\t\t\t\t<\/a>\n\t\t\t\t<img decoding=\"async\" data-src=\"https:\/\/ebenezer-oe.org\/wp-content\/uploads\/2024\/04\/Finnish-2.png\" alt=\"Finnish-2\" itemprop=\"image\" height=\"1080\" width=\"1080\" title=\"Finnish-2\" onerror=\"this.style.display='none'\" src=\"data:image\/svg+xml;base64,PHN2ZyB3aWR0aD0iMSIgaGVpZ2h0PSIxIiB4bWxucz0iaHR0cDovL3d3dy53My5vcmcvMjAwMC9zdmciPjwvc3ZnPg==\" class=\"lazyload\" style=\"--smush-placeholder-width: 1080px; --smush-placeholder-aspect-ratio: 1080\/1080;\" \/>\n\t<h2>Var \u00e4r Ebi?<\/h2>\n\t<p>Ebi g\u00f6mmer sig n\u00e5gonstans i de h\u00e4r bilderna, kan du hitta honom?<\/p>\n\t\t\t\t<img decoding=\"async\" data-src=\"https:\/\/ebenezer-oe.org\/wp-content\/uploads\/2024\/03\/1-2-scaled.jpg\" alt=\"1\" itemprop=\"image\" height=\"2560\" width=\"1810\" title=\"1\" onerror=\"this.style.display='none'\" src=\"data:image\/svg+xml;base64,PHN2ZyB3aWR0aD0iMSIgaGVpZ2h0PSIxIiB4bWxucz0iaHR0cDovL3d3dy53My5vcmcvMjAwMC9zdmciPjwvc3ZnPg==\" class=\"lazyload\" style=\"--smush-placeholder-width: 1810px; --smush-placeholder-aspect-ratio: 1810\/2560;\" \/>\n\t\t\t\t<img decoding=\"async\" data-src=\"https:\/\/ebenezer-oe.org\/wp-content\/uploads\/2024\/03\/3-2-scaled.jpg\" alt=\"3\" itemprop=\"image\" height=\"2560\" width=\"1810\" title=\"3\" onerror=\"this.style.display='none'\" src=\"data:image\/svg+xml;base64,PHN2ZyB3aWR0aD0iMSIgaGVpZ2h0PSIxIiB4bWxucz0iaHR0cDovL3d3dy53My5vcmcvMjAwMC9zdmciPjwvc3ZnPg==\" class=\"lazyload\" style=\"--smush-placeholder-width: 1810px; --smush-placeholder-aspect-ratio: 1810\/2560;\" \/>\n\t\t\t\t<img decoding=\"async\" data-src=\"https:\/\/ebenezer-oe.org\/wp-content\/uploads\/2024\/03\/2-2-scaled.jpg\" alt=\"2\" itemprop=\"image\" height=\"2560\" width=\"1810\" title=\"2\" onerror=\"this.style.display='none'\" src=\"data:image\/svg+xml;base64,PHN2ZyB3aWR0aD0iMSIgaGVpZ2h0PSIxIiB4bWxucz0iaHR0cDovL3d3dy53My5vcmcvMjAwMC9zdmciPjwvc3ZnPg==\" class=\"lazyload\" style=\"--smush-placeholder-width: 1810px; --smush-placeholder-aspect-ratio: 1810\/2560;\" \/>\n\t<p><em>F\u00f6r att ladda ner dessa arbetsblad, h\u00f6gerklicka p\u00e5 bilden och v\u00e4lj &#8221;ladda ner&#8221; eller &#8221;spara som&#8221;. Du kan sedan spara dokumenten p\u00e5 din dator och skriva ut dem vid behov.<\/em><\/p>\n\t<p>Beh\u00f6ver du hj\u00e4lp med att ladda ner materialet?<\/p>\n\t<p>Skicka ett e-postmeddelande till oss och ber\u00e4tta vilket material du vill ha tillg\u00e5ng till. Vi skickar det direkt till dig.<\/p>\n\t\t\t<a href=\"mailto:ruth.linnell@ebeneze-oe.org\" target=\"_self\">\n\t\t\t\t\t\t\tE-post f\u00f6r material\n\t\t\t\t\t<\/a>\n\n","protected":false},"excerpt":{"rendered":"<p>Hej jag heter Ebi! Min b\u00e4sta v\u00e4n, David, \u00e4r jude. Han ber\u00e4ttade f\u00f6r mig att hans familj planerar att flytta till Israel och att det \u00e4r ett viktigt beslut som kommer fr\u00e5n Gud! Jag har s\u00e5 m\u00e5nga fr\u00e5gor att st\u00e4lla&#8230; David har lovat mig att jag ska f\u00e5 tr\u00e4ffa n\u00e5gra av hans v\u00e4nner och \u00e4ven&hellip;<\/p>\n","protected":false},"author":2,"featured_media":0,"parent":0,"menu_order":0,"comment_status":"closed","ping_status":"closed","template":"","meta":{"footnotes":""},"class_list":["post-108382","page","type-page","status-publish","hentry"],"yoast_head":"<!-- This site is optimized with the Yoast SEO plugin v27.4 - https:\/\/yoast.com\/product\/yoast-seo-wordpress\/ -->\n<title>Ebi\u2019s \u00c4ventyr - Ebenezer Operation Exodus<\/title>\n<meta name=\"description\" content=\"F\u00f6lj med p\u00e5 Ebis \u00e4ventyr n\u00e4r han l\u00e4r sig om Guds k\u00e4rlek till Israel och varf\u00f6r det judiska folket flyttar till Israel!\" \/>\n<meta name=\"robots\" content=\"index, follow, max-snippet:-1, max-image-preview:large, max-video-preview:-1\" \/>\n<link rel=\"canonical\" href=\"https:\/\/ebenezer-oe.org\/sv\/ebis-aventyr\/\" \/>\n<meta property=\"og:locale\" content=\"sv_SE\" \/>\n<meta property=\"og:type\" content=\"article\" \/>\n<meta property=\"og:title\" content=\"Ebi\u2019s \u00c4ventyr - Ebenezer Operation Exodus\" \/>\n<meta property=\"og:description\" content=\"F\u00f6lj med p\u00e5 Ebis \u00e4ventyr n\u00e4r han l\u00e4r sig om Guds k\u00e4rlek till Israel och varf\u00f6r det judiska folket flyttar till Israel!\" \/>\n<meta property=\"og:url\" content=\"https:\/\/ebenezer-oe.org\/sv\/ebis-aventyr\/\" \/>\n<meta property=\"og:site_name\" content=\"Ebenezer Operation Exodus\" \/>\n<meta property=\"article:publisher\" content=\"https:\/\/www.facebook.com\/EbenezerInt\" \/>\n<meta property=\"article:modified_time\" content=\"2026-01-07T06:47:49+00:00\" \/>\n<meta property=\"og:image\" content=\"https:\/\/ebenezer-oe.org\/wp-content\/uploads\/2024\/03\/Ebi-Name-Font-1.png\" \/>\n<meta name=\"twitter:card\" content=\"summary_large_image\" \/>\n<meta name=\"twitter:label1\" content=\"Ber\u00e4knad l\u00e4stid\" \/>\n\t<meta name=\"twitter:data1\" content=\"2 minuter\" \/>\n<script type=\"application\/ld+json\" class=\"yoast-schema-graph\">{\"@context\":\"https:\\\/\\\/schema.org\",\"@graph\":[{\"@type\":\"WebPage\",\"@id\":\"https:\\\/\\\/ebenezer-oe.org\\\/sv\\\/ebis-aventyr\\\/\",\"url\":\"https:\\\/\\\/ebenezer-oe.org\\\/sv\\\/ebis-aventyr\\\/\",\"name\":\"Ebi\u2019s \u00c4ventyr - Ebenezer Operation Exodus\",\"isPartOf\":{\"@id\":\"https:\\\/\\\/ebenezer-oe.org\\\/#website\"},\"primaryImageOfPage\":{\"@id\":\"https:\\\/\\\/ebenezer-oe.org\\\/sv\\\/ebis-aventyr\\\/#primaryimage\"},\"image\":{\"@id\":\"https:\\\/\\\/ebenezer-oe.org\\\/sv\\\/ebis-aventyr\\\/#primaryimage\"},\"thumbnailUrl\":\"https:\\\/\\\/ebenezer-oe.org\\\/wp-content\\\/uploads\\\/2024\\\/03\\\/Ebi-Name-Font-1.png\",\"datePublished\":\"2024-05-28T13:59:28+00:00\",\"dateModified\":\"2026-01-07T06:47:49+00:00\",\"description\":\"F\u00f6lj med p\u00e5 Ebis \u00e4ventyr n\u00e4r han l\u00e4r sig om Guds k\u00e4rlek till Israel och varf\u00f6r det judiska folket flyttar till Israel!\",\"breadcrumb\":{\"@id\":\"https:\\\/\\\/ebenezer-oe.org\\\/sv\\\/ebis-aventyr\\\/#breadcrumb\"},\"inLanguage\":\"sv-SE\",\"potentialAction\":[{\"@type\":\"ReadAction\",\"target\":[\"https:\\\/\\\/ebenezer-oe.org\\\/sv\\\/ebis-aventyr\\\/\"]}]},{\"@type\":\"ImageObject\",\"inLanguage\":\"sv-SE\",\"@id\":\"https:\\\/\\\/ebenezer-oe.org\\\/sv\\\/ebis-aventyr\\\/#primaryimage\",\"url\":\"https:\\\/\\\/ebenezer-oe.org\\\/wp-content\\\/uploads\\\/2024\\\/03\\\/Ebi-Name-Font-1.png\",\"contentUrl\":\"https:\\\/\\\/ebenezer-oe.org\\\/wp-content\\\/uploads\\\/2024\\\/03\\\/Ebi-Name-Font-1.png\"},{\"@type\":\"BreadcrumbList\",\"@id\":\"https:\\\/\\\/ebenezer-oe.org\\\/sv\\\/ebis-aventyr\\\/#breadcrumb\",\"itemListElement\":[{\"@type\":\"ListItem\",\"position\":1,\"name\":\"Home\",\"item\":\"https:\\\/\\\/ebenezer-oe.org\\\/sv\\\/\"},{\"@type\":\"ListItem\",\"position\":2,\"name\":\"Ebi\u2019s \u00c4ventyr\"}]},{\"@type\":\"WebSite\",\"@id\":\"https:\\\/\\\/ebenezer-oe.org\\\/#website\",\"url\":\"https:\\\/\\\/ebenezer-oe.org\\\/\",\"name\":\"Ebenezer - Operation Exodus\",\"description\":\"\",\"publisher\":{\"@id\":\"https:\\\/\\\/ebenezer-oe.org\\\/#organization\"},\"potentialAction\":[{\"@type\":\"SearchAction\",\"target\":{\"@type\":\"EntryPoint\",\"urlTemplate\":\"https:\\\/\\\/ebenezer-oe.org\\\/?s={search_term_string}\"},\"query-input\":{\"@type\":\"PropertyValueSpecification\",\"valueRequired\":true,\"valueName\":\"search_term_string\"}}],\"inLanguage\":\"sv-SE\"},{\"@type\":\"Organization\",\"@id\":\"https:\\\/\\\/ebenezer-oe.org\\\/#organization\",\"name\":\"Ebenezer - Operation Exodus\",\"url\":\"https:\\\/\\\/ebenezer-oe.org\\\/\",\"logo\":{\"@type\":\"ImageObject\",\"inLanguage\":\"sv-SE\",\"@id\":\"https:\\\/\\\/ebenezer-oe.org\\\/#\\\/schema\\\/logo\\\/image\\\/\",\"url\":\"https:\\\/\\\/ebenezeroe.wpengine.com\\\/wp-content\\\/uploads\\\/2020\\\/09\\\/Logo_EOE_EN_Colour-Horizontal.png\",\"contentUrl\":\"https:\\\/\\\/ebenezeroe.wpengine.com\\\/wp-content\\\/uploads\\\/2020\\\/09\\\/Logo_EOE_EN_Colour-Horizontal.png\",\"width\":1922,\"height\":928,\"caption\":\"Ebenezer - Operation Exodus\"},\"image\":{\"@id\":\"https:\\\/\\\/ebenezer-oe.org\\\/#\\\/schema\\\/logo\\\/image\\\/\"},\"sameAs\":[\"https:\\\/\\\/www.facebook.com\\\/EbenezerInt\",\"https:\\\/\\\/www.instagram.com\\\/ebenezer_oe_eng\\\/\",\"https:\\\/\\\/www.youtube.com\\\/channel\\\/UC6qGHrKKeamFVz95Vd8LR1g\"]}]}<\/script>\n<!-- \/ Yoast SEO plugin. -->","yoast_head_json":{"title":"Ebi\u2019s \u00c4ventyr - Ebenezer Operation Exodus","description":"F\u00f6lj med p\u00e5 Ebis \u00e4ventyr n\u00e4r han l\u00e4r sig om Guds k\u00e4rlek till Israel och varf\u00f6r det judiska folket flyttar till Israel!","robots":{"index":"index","follow":"follow","max-snippet":"max-snippet:-1","max-image-preview":"max-image-preview:large","max-video-preview":"max-video-preview:-1"},"canonical":"https:\/\/ebenezer-oe.org\/sv\/ebis-aventyr\/","og_locale":"sv_SE","og_type":"article","og_title":"Ebi\u2019s \u00c4ventyr - Ebenezer Operation Exodus","og_description":"F\u00f6lj med p\u00e5 Ebis \u00e4ventyr n\u00e4r han l\u00e4r sig om Guds k\u00e4rlek till Israel och varf\u00f6r det judiska folket flyttar till Israel!","og_url":"https:\/\/ebenezer-oe.org\/sv\/ebis-aventyr\/","og_site_name":"Ebenezer Operation Exodus","article_publisher":"https:\/\/www.facebook.com\/EbenezerInt","article_modified_time":"2026-01-07T06:47:49+00:00","og_image":[{"url":"https:\/\/ebenezer-oe.org\/wp-content\/uploads\/2024\/03\/Ebi-Name-Font-1.png","type":"","width":"","height":""}],"twitter_card":"summary_large_image","twitter_misc":{"Ber\u00e4knad l\u00e4stid":"2 minuter"},"schema":{"@context":"https:\/\/schema.org","@graph":[{"@type":"WebPage","@id":"https:\/\/ebenezer-oe.org\/sv\/ebis-aventyr\/","url":"https:\/\/ebenezer-oe.org\/sv\/ebis-aventyr\/","name":"Ebi\u2019s \u00c4ventyr - Ebenezer Operation Exodus","isPartOf":{"@id":"https:\/\/ebenezer-oe.org\/#website"},"primaryImageOfPage":{"@id":"https:\/\/ebenezer-oe.org\/sv\/ebis-aventyr\/#primaryimage"},"image":{"@id":"https:\/\/ebenezer-oe.org\/sv\/ebis-aventyr\/#primaryimage"},"thumbnailUrl":"https:\/\/ebenezer-oe.org\/wp-content\/uploads\/2024\/03\/Ebi-Name-Font-1.png","datePublished":"2024-05-28T13:59:28+00:00","dateModified":"2026-01-07T06:47:49+00:00","description":"F\u00f6lj med p\u00e5 Ebis \u00e4ventyr n\u00e4r han l\u00e4r sig om Guds k\u00e4rlek till Israel och varf\u00f6r det judiska folket flyttar till Israel!","breadcrumb":{"@id":"https:\/\/ebenezer-oe.org\/sv\/ebis-aventyr\/#breadcrumb"},"inLanguage":"sv-SE","potentialAction":[{"@type":"ReadAction","target":["https:\/\/ebenezer-oe.org\/sv\/ebis-aventyr\/"]}]},{"@type":"ImageObject","inLanguage":"sv-SE","@id":"https:\/\/ebenezer-oe.org\/sv\/ebis-aventyr\/#primaryimage","url":"https:\/\/ebenezer-oe.org\/wp-content\/uploads\/2024\/03\/Ebi-Name-Font-1.png","contentUrl":"https:\/\/ebenezer-oe.org\/wp-content\/uploads\/2024\/03\/Ebi-Name-Font-1.png"},{"@type":"BreadcrumbList","@id":"https:\/\/ebenezer-oe.org\/sv\/ebis-aventyr\/#breadcrumb","itemListElement":[{"@type":"ListItem","position":1,"name":"Home","item":"https:\/\/ebenezer-oe.org\/sv\/"},{"@type":"ListItem","position":2,"name":"Ebi\u2019s \u00c4ventyr"}]},{"@type":"WebSite","@id":"https:\/\/ebenezer-oe.org\/#website","url":"https:\/\/ebenezer-oe.org\/","name":"Ebenezer - Operation Exodus","description":"","publisher":{"@id":"https:\/\/ebenezer-oe.org\/#organization"},"potentialAction":[{"@type":"SearchAction","target":{"@type":"EntryPoint","urlTemplate":"https:\/\/ebenezer-oe.org\/?s={search_term_string}"},"query-input":{"@type":"PropertyValueSpecification","valueRequired":true,"valueName":"search_term_string"}}],"inLanguage":"sv-SE"},{"@type":"Organization","@id":"https:\/\/ebenezer-oe.org\/#organization","name":"Ebenezer - Operation Exodus","url":"https:\/\/ebenezer-oe.org\/","logo":{"@type":"ImageObject","inLanguage":"sv-SE","@id":"https:\/\/ebenezer-oe.org\/#\/schema\/logo\/image\/","url":"https:\/\/ebenezeroe.wpengine.com\/wp-content\/uploads\/2020\/09\/Logo_EOE_EN_Colour-Horizontal.png","contentUrl":"https:\/\/ebenezeroe.wpengine.com\/wp-content\/uploads\/2020\/09\/Logo_EOE_EN_Colour-Horizontal.png","width":1922,"height":928,"caption":"Ebenezer - Operation Exodus"},"image":{"@id":"https:\/\/ebenezer-oe.org\/#\/schema\/logo\/image\/"},"sameAs":["https:\/\/www.facebook.com\/EbenezerInt","https:\/\/www.instagram.com\/ebenezer_oe_eng\/","https:\/\/www.youtube.com\/channel\/UC6qGHrKKeamFVz95Vd8LR1g"]}]}},"_links":{"self":[{"href":"https:\/\/ebenezer-oe.org\/sv\/wp-json\/wp\/v2\/pages\/108382","targetHints":{"allow":["GET"]}}],"collection":[{"href":"https:\/\/ebenezer-oe.org\/sv\/wp-json\/wp\/v2\/pages"}],"about":[{"href":"https:\/\/ebenezer-oe.org\/sv\/wp-json\/wp\/v2\/types\/page"}],"author":[{"embeddable":true,"href":"https:\/\/ebenezer-oe.org\/sv\/wp-json\/wp\/v2\/users\/2"}],"replies":[{"embeddable":true,"href":"https:\/\/ebenezer-oe.org\/sv\/wp-json\/wp\/v2\/comments?post=108382"}],"version-history":[{"count":0,"href":"https:\/\/ebenezer-oe.org\/sv\/wp-json\/wp\/v2\/pages\/108382\/revisions"}],"wp:attachment":[{"href":"https:\/\/ebenezer-oe.org\/sv\/wp-json\/wp\/v2\/media?parent=108382"}],"curies":[{"name":"wp","href":"https:\/\/api.w.org\/{rel}","templated":true}]}}