{"id":43418,"date":"2021-10-14T12:50:33","date_gmt":"2021-10-14T12:50:33","guid":{"rendered":"https:\/\/ebenezer-oe.org\/var-historia\/"},"modified":"2022-02-10T12:35:46","modified_gmt":"2022-02-10T12:35:46","slug":"var-historia","status":"publish","type":"page","link":"https:\/\/ebenezer-oe.org\/sv\/om-oss\/var-historia\/","title":{"rendered":"V\u00c5R HISTORIA"},"content":{"rendered":"\n<h2>\n\t\tV\u00e5r Historia \n\t<\/h2>\n\t<p>V\u00e5r verksamhet utformades under en b\u00f6nekonferens i Jerusalem under Gulfkriget 1991. Konferensens ledare upplevde att Gud sade att tiden nu var inne f\u00f6r att hj\u00e4lpa det judiska folket att \u00e5terv\u00e4nda hem. S\u00e5 startade v\u00e5r verksamhet och det har fortsatt&#8230;<\/p>\n\t<p>Ebenezer Operation Exodus grundades under det f\u00f6rsta gulfkriget p\u00e5 den internationella b\u00f6nekonferensen i Jerusalem. Gustav Scheller hade en \u00f6verv\u00e4ldigande k\u00e4nsla av att Gud ville att han skulle agera: <strong>Nu kan du b\u00f6rja hj\u00e4lpa mitt folk att \u00e5terv\u00e4nda hem.<\/strong> Ledarskapet och de 120 f\u00f6rebedjarna bekr\u00e4ftade samst\u00e4mmigt att detta var ett initiativ fr\u00e5n allsm\u00e4ktig Gud. (NB p46 OE Book)<\/p>\n<h2>\n\t\tThe Ebenezer Operation Tidslinje\n\t<\/h2>\n\n","protected":false},"excerpt":{"rendered":"<p>V\u00e5r Historia V\u00e5r verksamhet utformades under en b\u00f6nekonferens i Jerusalem under Gulfkriget 1991. Konferensens ledare upplevde att Gud sade att tiden nu var inne f\u00f6r att hj\u00e4lpa det judiska folket att \u00e5terv\u00e4nda hem. S\u00e5 startade v\u00e5r verksamhet och det har fortsatt&#8230; Ebenezer Operation Exodus grundades under det f\u00f6rsta gulfkriget p\u00e5 den internationella b\u00f6nekonferensen i Jerusalem.&hellip;<\/p>\n","protected":false},"author":1,"featured_media":0,"parent":43963,"menu_order":1,"comment_status":"closed","ping_status":"closed","template":"","meta":{"footnotes":""},"class_list":["post-43418","page","type-page","status-publish","hentry"],"yoast_head":"<!-- This site is optimized with the Yoast SEO plugin v27.2 - https:\/\/yoast.com\/product\/yoast-seo-wordpress\/ -->\n<title>V\u00c5R HISTORIA - Ebenezer Operation Exodus<\/title>\n<meta name=\"robots\" content=\"index, follow, max-snippet:-1, max-image-preview:large, max-video-preview:-1\" \/>\n<link rel=\"canonical\" href=\"https:\/\/ebenezer-oe.org\/sv\/om-oss\/var-historia\/\" \/>\n<meta property=\"og:locale\" content=\"sv_SE\" \/>\n<meta property=\"og:type\" content=\"article\" \/>\n<meta property=\"og:title\" content=\"V\u00c5R HISTORIA - Ebenezer Operation Exodus\" \/>\n<meta property=\"og:description\" content=\"V\u00e5r Historia V\u00e5r verksamhet utformades under en b\u00f6nekonferens i Jerusalem under Gulfkriget 1991. Konferensens ledare upplevde att Gud sade att tiden nu var inne f\u00f6r att hj\u00e4lpa det judiska folket att \u00e5terv\u00e4nda hem. S\u00e5 startade v\u00e5r verksamhet och det har fortsatt&#8230; Ebenezer Operation Exodus grundades under det f\u00f6rsta gulfkriget p\u00e5 den internationella b\u00f6nekonferensen i Jerusalem.&hellip;\" \/>\n<meta property=\"og:url\" content=\"https:\/\/ebenezer-oe.org\/sv\/om-oss\/var-historia\/\" \/>\n<meta property=\"og:site_name\" content=\"Ebenezer Operation Exodus\" \/>\n<meta property=\"article:publisher\" content=\"https:\/\/www.facebook.com\/EbenezerInt\" \/>\n<meta property=\"article:modified_time\" content=\"2022-02-10T12:35:46+00:00\" \/>\n<meta name=\"twitter:card\" content=\"summary_large_image\" \/>\n<meta name=\"twitter:label1\" content=\"Ber\u00e4knad l\u00e4stid\" \/>\n\t<meta name=\"twitter:data1\" content=\"1 minut\" \/>\n<script type=\"application\/ld+json\" class=\"yoast-schema-graph\">{\"@context\":\"https:\/\/schema.org\",\"@graph\":[{\"@type\":\"WebPage\",\"@id\":\"https:\/\/ebenezer-oe.org\/sv\/om-oss\/var-historia\/\",\"url\":\"https:\/\/ebenezer-oe.org\/sv\/om-oss\/var-historia\/\",\"name\":\"V\u00c5R HISTORIA - Ebenezer Operation Exodus\",\"isPartOf\":{\"@id\":\"https:\/\/ebenezer-oe.org\/#website\"},\"datePublished\":\"2021-10-14T12:50:33+00:00\",\"dateModified\":\"2022-02-10T12:35:46+00:00\",\"breadcrumb\":{\"@id\":\"https:\/\/ebenezer-oe.org\/sv\/om-oss\/var-historia\/#breadcrumb\"},\"inLanguage\":\"sv-SE\",\"potentialAction\":[{\"@type\":\"ReadAction\",\"target\":[\"https:\/\/ebenezer-oe.org\/sv\/om-oss\/var-historia\/\"]}]},{\"@type\":\"BreadcrumbList\",\"@id\":\"https:\/\/ebenezer-oe.org\/sv\/om-oss\/var-historia\/#breadcrumb\",\"itemListElement\":[{\"@type\":\"ListItem\",\"position\":1,\"name\":\"Home\",\"item\":\"https:\/\/ebenezer-oe.org\/sv\/\"},{\"@type\":\"ListItem\",\"position\":2,\"name\":\"Om oss\",\"item\":\"https:\/\/ebenezer-oe.org\/sv\/om-oss\/\"},{\"@type\":\"ListItem\",\"position\":3,\"name\":\"V\u00c5R HISTORIA\"}]},{\"@type\":\"WebSite\",\"@id\":\"https:\/\/ebenezer-oe.org\/#website\",\"url\":\"https:\/\/ebenezer-oe.org\/\",\"name\":\"Ebenezer - Operation Exodus\",\"description\":\"\",\"publisher\":{\"@id\":\"https:\/\/ebenezer-oe.org\/#organization\"},\"potentialAction\":[{\"@type\":\"SearchAction\",\"target\":{\"@type\":\"EntryPoint\",\"urlTemplate\":\"https:\/\/ebenezer-oe.org\/?s={search_term_string}\"},\"query-input\":{\"@type\":\"PropertyValueSpecification\",\"valueRequired\":true,\"valueName\":\"search_term_string\"}}],\"inLanguage\":\"sv-SE\"},{\"@type\":\"Organization\",\"@id\":\"https:\/\/ebenezer-oe.org\/#organization\",\"name\":\"Ebenezer - Operation Exodus\",\"url\":\"https:\/\/ebenezer-oe.org\/\",\"logo\":{\"@type\":\"ImageObject\",\"inLanguage\":\"sv-SE\",\"@id\":\"https:\/\/ebenezer-oe.org\/#\/schema\/logo\/image\/\",\"url\":\"https:\/\/ebenezeroe.wpengine.com\/wp-content\/uploads\/2020\/09\/Logo_EOE_EN_Colour-Horizontal.png\",\"contentUrl\":\"https:\/\/ebenezeroe.wpengine.com\/wp-content\/uploads\/2020\/09\/Logo_EOE_EN_Colour-Horizontal.png\",\"width\":1922,\"height\":928,\"caption\":\"Ebenezer - Operation Exodus\"},\"image\":{\"@id\":\"https:\/\/ebenezer-oe.org\/#\/schema\/logo\/image\/\"},\"sameAs\":[\"https:\/\/www.facebook.com\/EbenezerInt\",\"https:\/\/www.instagram.com\/ebenezer_oe_eng\/\",\"https:\/\/www.youtube.com\/channel\/UC6qGHrKKeamFVz95Vd8LR1g\"]}]}<\/script>\n<!-- \/ Yoast SEO plugin. -->","yoast_head_json":{"title":"V\u00c5R HISTORIA - Ebenezer Operation Exodus","robots":{"index":"index","follow":"follow","max-snippet":"max-snippet:-1","max-image-preview":"max-image-preview:large","max-video-preview":"max-video-preview:-1"},"canonical":"https:\/\/ebenezer-oe.org\/sv\/om-oss\/var-historia\/","og_locale":"sv_SE","og_type":"article","og_title":"V\u00c5R HISTORIA - Ebenezer Operation Exodus","og_description":"V\u00e5r Historia V\u00e5r verksamhet utformades under en b\u00f6nekonferens i Jerusalem under Gulfkriget 1991. Konferensens ledare upplevde att Gud sade att tiden nu var inne f\u00f6r att hj\u00e4lpa det judiska folket att \u00e5terv\u00e4nda hem. S\u00e5 startade v\u00e5r verksamhet och det har fortsatt&#8230; Ebenezer Operation Exodus grundades under det f\u00f6rsta gulfkriget p\u00e5 den internationella b\u00f6nekonferensen i Jerusalem.&hellip;","og_url":"https:\/\/ebenezer-oe.org\/sv\/om-oss\/var-historia\/","og_site_name":"Ebenezer Operation Exodus","article_publisher":"https:\/\/www.facebook.com\/EbenezerInt","article_modified_time":"2022-02-10T12:35:46+00:00","twitter_card":"summary_large_image","twitter_misc":{"Ber\u00e4knad l\u00e4stid":"1 minut"},"schema":{"@context":"https:\/\/schema.org","@graph":[{"@type":"WebPage","@id":"https:\/\/ebenezer-oe.org\/sv\/om-oss\/var-historia\/","url":"https:\/\/ebenezer-oe.org\/sv\/om-oss\/var-historia\/","name":"V\u00c5R HISTORIA - Ebenezer Operation Exodus","isPartOf":{"@id":"https:\/\/ebenezer-oe.org\/#website"},"datePublished":"2021-10-14T12:50:33+00:00","dateModified":"2022-02-10T12:35:46+00:00","breadcrumb":{"@id":"https:\/\/ebenezer-oe.org\/sv\/om-oss\/var-historia\/#breadcrumb"},"inLanguage":"sv-SE","potentialAction":[{"@type":"ReadAction","target":["https:\/\/ebenezer-oe.org\/sv\/om-oss\/var-historia\/"]}]},{"@type":"BreadcrumbList","@id":"https:\/\/ebenezer-oe.org\/sv\/om-oss\/var-historia\/#breadcrumb","itemListElement":[{"@type":"ListItem","position":1,"name":"Home","item":"https:\/\/ebenezer-oe.org\/sv\/"},{"@type":"ListItem","position":2,"name":"Om oss","item":"https:\/\/ebenezer-oe.org\/sv\/om-oss\/"},{"@type":"ListItem","position":3,"name":"V\u00c5R HISTORIA"}]},{"@type":"WebSite","@id":"https:\/\/ebenezer-oe.org\/#website","url":"https:\/\/ebenezer-oe.org\/","name":"Ebenezer - Operation Exodus","description":"","publisher":{"@id":"https:\/\/ebenezer-oe.org\/#organization"},"potentialAction":[{"@type":"SearchAction","target":{"@type":"EntryPoint","urlTemplate":"https:\/\/ebenezer-oe.org\/?s={search_term_string}"},"query-input":{"@type":"PropertyValueSpecification","valueRequired":true,"valueName":"search_term_string"}}],"inLanguage":"sv-SE"},{"@type":"Organization","@id":"https:\/\/ebenezer-oe.org\/#organization","name":"Ebenezer - Operation Exodus","url":"https:\/\/ebenezer-oe.org\/","logo":{"@type":"ImageObject","inLanguage":"sv-SE","@id":"https:\/\/ebenezer-oe.org\/#\/schema\/logo\/image\/","url":"https:\/\/ebenezeroe.wpengine.com\/wp-content\/uploads\/2020\/09\/Logo_EOE_EN_Colour-Horizontal.png","contentUrl":"https:\/\/ebenezeroe.wpengine.com\/wp-content\/uploads\/2020\/09\/Logo_EOE_EN_Colour-Horizontal.png","width":1922,"height":928,"caption":"Ebenezer - Operation Exodus"},"image":{"@id":"https:\/\/ebenezer-oe.org\/#\/schema\/logo\/image\/"},"sameAs":["https:\/\/www.facebook.com\/EbenezerInt","https:\/\/www.instagram.com\/ebenezer_oe_eng\/","https:\/\/www.youtube.com\/channel\/UC6qGHrKKeamFVz95Vd8LR1g"]}]}},"_links":{"self":[{"href":"https:\/\/ebenezer-oe.org\/sv\/wp-json\/wp\/v2\/pages\/43418","targetHints":{"allow":["GET"]}}],"collection":[{"href":"https:\/\/ebenezer-oe.org\/sv\/wp-json\/wp\/v2\/pages"}],"about":[{"href":"https:\/\/ebenezer-oe.org\/sv\/wp-json\/wp\/v2\/types\/page"}],"author":[{"embeddable":true,"href":"https:\/\/ebenezer-oe.org\/sv\/wp-json\/wp\/v2\/users\/1"}],"replies":[{"embeddable":true,"href":"https:\/\/ebenezer-oe.org\/sv\/wp-json\/wp\/v2\/comments?post=43418"}],"version-history":[{"count":0,"href":"https:\/\/ebenezer-oe.org\/sv\/wp-json\/wp\/v2\/pages\/43418\/revisions"}],"up":[{"embeddable":true,"href":"https:\/\/ebenezer-oe.org\/sv\/wp-json\/wp\/v2\/pages\/43963"}],"wp:attachment":[{"href":"https:\/\/ebenezer-oe.org\/sv\/wp-json\/wp\/v2\/media?parent=43418"}],"curies":[{"name":"wp","href":"https:\/\/api.w.org\/{rel}","templated":true}]}}