{"id":43449,"date":"2021-10-14T13:02:16","date_gmt":"2021-10-14T13:02:16","guid":{"rendered":"https:\/\/ebenezer-oe.org\/varfor-aliyah\/"},"modified":"2022-02-10T12:37:12","modified_gmt":"2022-02-10T12:37:12","slug":"varfor-aliyah","status":"publish","type":"page","link":"https:\/\/ebenezer-oe.org\/sv\/om-oss\/varfor-aliyah\/","title":{"rendered":"VARF\u00d6R ALIYAH?"},"content":{"rendered":"\n<h1>\n\t\tVarf\u00f6r Aliyah?\n\t<\/h1>\n\t<p>Aliyah inneb\u00e4r \u00e5terv\u00e4ndandet av det judiska folket till ett land som de skingrades fr\u00e5n f\u00f6r ungef\u00e4r tv\u00e5 tusen \u00e5r sedan. Sedan dess har P\u00e5skh\u00e4lsningen varje \u00e5r &#8211; &#8217;n\u00e4sta \u00e5r i Jerusalem&#8217; &#8211; gett uttryck f\u00f6r hoppet och dr\u00f6mmen om att \u00e5terv\u00e4nda. Vi har kallats att hj\u00e4lpa dem av flera anledningar &#8230;<\/p>\n\t\t\t\t<img decoding=\"async\" data-src=\"https:\/\/ebenezeroe.wpengine.com\/wp-content\/uploads\/2021\/05\/Website-Transparent-background.png\" alt=\"Website Transparent background\" itemprop=\"image\" height=\"2160\" width=\"2160\" title=\"Website Transparent background\" onerror=\"this.style.display='none'\" src=\"data:image\/svg+xml;base64,PHN2ZyB3aWR0aD0iMSIgaGVpZ2h0PSIxIiB4bWxucz0iaHR0cDovL3d3dy53My5vcmcvMjAwMC9zdmciPjwvc3ZnPg==\" class=\"lazyload\" style=\"--smush-placeholder-width: 2160px; --smush-placeholder-aspect-ratio: 2160\/2160;\" \/>\n\t<p><em>&#8217;HERREN sade till Abram: &#8221;G\u00e5 ut fr\u00e5n ditt land och din sl\u00e4kt och din fars hus och bege dig till det land som jag ska visa dig. D\u00e4r ska jag g\u00f6ra dig till ett stort folk. Jag ska v\u00e4lsigna dig och g\u00f6ra ditt namn stort, och du ska bli en v\u00e4lsignelse&#8230;&#8221;<\/em><\/p>\n<h4>\n\t\t1 Mosebok 12:1-2a \n\t<\/h4>\n\t\t\t\t<img decoding=\"async\" data-src=\"https:\/\/ebenezeroe.wpengine.com\/wp-content\/plugins\/bb-plugin\/img\/pixel.png\" alt=\"\" itemprop=\"image\" onerror=\"this.style.display='none'\" src=\"data:image\/svg+xml;base64,PHN2ZyB3aWR0aD0iMSIgaGVpZ2h0PSIxIiB4bWxucz0iaHR0cDovL3d3dy53My5vcmcvMjAwMC9zdmciPjwvc3ZnPg==\" class=\"lazyload\" \/>\n\t<p>1 Mosebok 12:1-2a \u00e4r en av de f\u00f6rsta av m\u00e5nga st\u00e4llen i Bibeln som pekar p\u00e5 att Gud har, och fortfarande har, en s\u00e4rskild relation och kallelse till det judiska folket. De skulle ta emot Guds uppenbarelse och vara ett ljus f\u00f6r v\u00e4rlde och som en del av denna kallelse fick de ett land som skulle vara deras. Gud \u00e4lskade dem och f\u00f6rs\u00e4krade att \u00e4ven om de var olydiga och f\u00f6rdes i exil s\u00e5 skulle han slutligen f\u00f6ra dem tillbaka.<\/p>\n\t<p>&#8221;<em>F\u00f6r jag ska h\u00e4mta er fr\u00e5n folken och samla er fr\u00e5n alla l\u00e4nder och f\u00f6ra er till ert land&#8221;<\/em><\/p>\n<p>Hesekiel 36:24<\/p>\n\t<h3>Olim<\/h3>\t\t\n\t\t\t<p><em>Judiska invandrare till Israel &#8211; de som g\u00f6r Aliyah.<\/em><\/p>\n\t<h3>Oleh<\/h3>\t\t\n\t\t\t<p><em>I singular, en manlig invandrare. <\/em><\/p>\n\t<h3>Olah<\/h3>\t\t\n\t\t\t<p><em>En kvinnlig invandrare i singularitet <\/em><\/p>\n\t<p>Jesaja f\u00f6rkunnade Guds kallelse till hedningarna; att hj\u00e4lpa till i \u00e5terf\u00f6randet av det judiska folket genom att s\u00e4ga: &#8217;<em>S\u00e5 s\u00e4ger Herren Gud: Se, jag ska lyfta min hand till folken, resa mitt baner f\u00f6r hednafolket. D\u00e5 ska de komma med dina s\u00f6ner i sin famn och b\u00e4ra dina d\u00f6ttrar p\u00e5 sina axlar (Jesaja 49:22) <\/em>Aposteln Paulus pekade ocks\u00e5 p\u00e5 att hedningarna st\u00e5r i skuld till judarna n\u00e4r han skriver<\/p>\n\t<p>&#8217;&#8230;<em>F\u00f6r om hedningar har f\u00e5tt del i deras andliga goda, s\u00e5 \u00e4r de ocks\u00e5 skyldiga att betj\u00e4na dem med sitt materiella goda. Som ett uttryck f\u00f6r v\u00e5r tacksamhet f\u00f6r de andliga v\u00e4lsignelser vi f\u00e5tt fr\u00e5n det judiska folket b\u00f6r kyrkan hj\u00e4lpa till att tillgodose deras praktiska behov. <\/em><\/p>\n<p>Romarbrevet 15:27<\/p>\n\n","protected":false},"excerpt":{"rendered":"<p>Varf\u00f6r Aliyah? Aliyah inneb\u00e4r \u00e5terv\u00e4ndandet av det judiska folket till ett land som de skingrades fr\u00e5n f\u00f6r ungef\u00e4r tv\u00e5 tusen \u00e5r sedan. Sedan dess har P\u00e5skh\u00e4lsningen varje \u00e5r &#8211; &#8217;n\u00e4sta \u00e5r i Jerusalem&#8217; &#8211; gett uttryck f\u00f6r hoppet och dr\u00f6mmen om att \u00e5terv\u00e4nda. Vi har kallats att hj\u00e4lpa dem av flera anledningar &#8230; &#8217;HERREN sade&hellip;<\/p>\n","protected":false},"author":1,"featured_media":0,"parent":43963,"menu_order":2,"comment_status":"closed","ping_status":"closed","template":"","meta":{"footnotes":""},"class_list":["post-43449","page","type-page","status-publish","hentry"],"yoast_head":"<!-- This site is optimized with the Yoast SEO plugin v27.4 - https:\/\/yoast.com\/product\/yoast-seo-wordpress\/ -->\n<title>VARF\u00d6R ALIYAH? - Ebenezer Operation Exodus<\/title>\n<meta name=\"robots\" content=\"index, follow, max-snippet:-1, max-image-preview:large, max-video-preview:-1\" \/>\n<link rel=\"canonical\" href=\"https:\/\/ebenezer-oe.org\/sv\/om-oss\/varfor-aliyah\/\" \/>\n<meta property=\"og:locale\" content=\"sv_SE\" \/>\n<meta property=\"og:type\" content=\"article\" \/>\n<meta property=\"og:title\" content=\"VARF\u00d6R ALIYAH? - Ebenezer Operation Exodus\" \/>\n<meta property=\"og:description\" content=\"Varf\u00f6r Aliyah? Aliyah inneb\u00e4r \u00e5terv\u00e4ndandet av det judiska folket till ett land som de skingrades fr\u00e5n f\u00f6r ungef\u00e4r tv\u00e5 tusen \u00e5r sedan. Sedan dess har P\u00e5skh\u00e4lsningen varje \u00e5r &#8211; &#8217;n\u00e4sta \u00e5r i Jerusalem&#8217; &#8211; gett uttryck f\u00f6r hoppet och dr\u00f6mmen om att \u00e5terv\u00e4nda. Vi har kallats att hj\u00e4lpa dem av flera anledningar &#8230; &#8217;HERREN sade&hellip;\" \/>\n<meta property=\"og:url\" content=\"https:\/\/ebenezer-oe.org\/sv\/om-oss\/varfor-aliyah\/\" \/>\n<meta property=\"og:site_name\" content=\"Ebenezer Operation Exodus\" \/>\n<meta property=\"article:publisher\" content=\"https:\/\/www.facebook.com\/EbenezerInt\" \/>\n<meta property=\"article:modified_time\" content=\"2022-02-10T12:37:12+00:00\" \/>\n<meta property=\"og:image\" content=\"https:\/\/ebenezeroe.wpengine.com\/wp-content\/uploads\/2021\/05\/Website-Transparent-background.png\" \/>\n<meta name=\"twitter:card\" content=\"summary_large_image\" \/>\n<meta name=\"twitter:label1\" content=\"Ber\u00e4knad l\u00e4stid\" \/>\n\t<meta name=\"twitter:data1\" content=\"2 minuter\" \/>\n<script type=\"application\/ld+json\" class=\"yoast-schema-graph\">{\"@context\":\"https:\\\/\\\/schema.org\",\"@graph\":[{\"@type\":\"WebPage\",\"@id\":\"https:\\\/\\\/ebenezer-oe.org\\\/sv\\\/om-oss\\\/varfor-aliyah\\\/\",\"url\":\"https:\\\/\\\/ebenezer-oe.org\\\/sv\\\/om-oss\\\/varfor-aliyah\\\/\",\"name\":\"VARF\u00d6R ALIYAH? - Ebenezer Operation Exodus\",\"isPartOf\":{\"@id\":\"https:\\\/\\\/ebenezer-oe.org\\\/#website\"},\"primaryImageOfPage\":{\"@id\":\"https:\\\/\\\/ebenezer-oe.org\\\/sv\\\/om-oss\\\/varfor-aliyah\\\/#primaryimage\"},\"image\":{\"@id\":\"https:\\\/\\\/ebenezer-oe.org\\\/sv\\\/om-oss\\\/varfor-aliyah\\\/#primaryimage\"},\"thumbnailUrl\":\"https:\\\/\\\/ebenezeroe.wpengine.com\\\/wp-content\\\/uploads\\\/2021\\\/05\\\/Website-Transparent-background.png\",\"datePublished\":\"2021-10-14T13:02:16+00:00\",\"dateModified\":\"2022-02-10T12:37:12+00:00\",\"breadcrumb\":{\"@id\":\"https:\\\/\\\/ebenezer-oe.org\\\/sv\\\/om-oss\\\/varfor-aliyah\\\/#breadcrumb\"},\"inLanguage\":\"sv-SE\",\"potentialAction\":[{\"@type\":\"ReadAction\",\"target\":[\"https:\\\/\\\/ebenezer-oe.org\\\/sv\\\/om-oss\\\/varfor-aliyah\\\/\"]}]},{\"@type\":\"ImageObject\",\"inLanguage\":\"sv-SE\",\"@id\":\"https:\\\/\\\/ebenezer-oe.org\\\/sv\\\/om-oss\\\/varfor-aliyah\\\/#primaryimage\",\"url\":\"https:\\\/\\\/ebenezeroe.wpengine.com\\\/wp-content\\\/uploads\\\/2021\\\/05\\\/Website-Transparent-background.png\",\"contentUrl\":\"https:\\\/\\\/ebenezeroe.wpengine.com\\\/wp-content\\\/uploads\\\/2021\\\/05\\\/Website-Transparent-background.png\"},{\"@type\":\"BreadcrumbList\",\"@id\":\"https:\\\/\\\/ebenezer-oe.org\\\/sv\\\/om-oss\\\/varfor-aliyah\\\/#breadcrumb\",\"itemListElement\":[{\"@type\":\"ListItem\",\"position\":1,\"name\":\"Home\",\"item\":\"https:\\\/\\\/ebenezer-oe.org\\\/sv\\\/\"},{\"@type\":\"ListItem\",\"position\":2,\"name\":\"Om oss\",\"item\":\"https:\\\/\\\/ebenezer-oe.org\\\/sv\\\/om-oss\\\/\"},{\"@type\":\"ListItem\",\"position\":3,\"name\":\"VARF\u00d6R ALIYAH?\"}]},{\"@type\":\"WebSite\",\"@id\":\"https:\\\/\\\/ebenezer-oe.org\\\/#website\",\"url\":\"https:\\\/\\\/ebenezer-oe.org\\\/\",\"name\":\"Ebenezer - Operation Exodus\",\"description\":\"\",\"publisher\":{\"@id\":\"https:\\\/\\\/ebenezer-oe.org\\\/#organization\"},\"potentialAction\":[{\"@type\":\"SearchAction\",\"target\":{\"@type\":\"EntryPoint\",\"urlTemplate\":\"https:\\\/\\\/ebenezer-oe.org\\\/?s={search_term_string}\"},\"query-input\":{\"@type\":\"PropertyValueSpecification\",\"valueRequired\":true,\"valueName\":\"search_term_string\"}}],\"inLanguage\":\"sv-SE\"},{\"@type\":\"Organization\",\"@id\":\"https:\\\/\\\/ebenezer-oe.org\\\/#organization\",\"name\":\"Ebenezer - Operation Exodus\",\"url\":\"https:\\\/\\\/ebenezer-oe.org\\\/\",\"logo\":{\"@type\":\"ImageObject\",\"inLanguage\":\"sv-SE\",\"@id\":\"https:\\\/\\\/ebenezer-oe.org\\\/#\\\/schema\\\/logo\\\/image\\\/\",\"url\":\"https:\\\/\\\/ebenezeroe.wpengine.com\\\/wp-content\\\/uploads\\\/2020\\\/09\\\/Logo_EOE_EN_Colour-Horizontal.png\",\"contentUrl\":\"https:\\\/\\\/ebenezeroe.wpengine.com\\\/wp-content\\\/uploads\\\/2020\\\/09\\\/Logo_EOE_EN_Colour-Horizontal.png\",\"width\":1922,\"height\":928,\"caption\":\"Ebenezer - Operation Exodus\"},\"image\":{\"@id\":\"https:\\\/\\\/ebenezer-oe.org\\\/#\\\/schema\\\/logo\\\/image\\\/\"},\"sameAs\":[\"https:\\\/\\\/www.facebook.com\\\/EbenezerInt\",\"https:\\\/\\\/www.instagram.com\\\/ebenezer_oe_eng\\\/\",\"https:\\\/\\\/www.youtube.com\\\/channel\\\/UC6qGHrKKeamFVz95Vd8LR1g\"]}]}<\/script>\n<!-- \/ Yoast SEO plugin. -->","yoast_head_json":{"title":"VARF\u00d6R ALIYAH? - Ebenezer Operation Exodus","robots":{"index":"index","follow":"follow","max-snippet":"max-snippet:-1","max-image-preview":"max-image-preview:large","max-video-preview":"max-video-preview:-1"},"canonical":"https:\/\/ebenezer-oe.org\/sv\/om-oss\/varfor-aliyah\/","og_locale":"sv_SE","og_type":"article","og_title":"VARF\u00d6R ALIYAH? - Ebenezer Operation Exodus","og_description":"Varf\u00f6r Aliyah? Aliyah inneb\u00e4r \u00e5terv\u00e4ndandet av det judiska folket till ett land som de skingrades fr\u00e5n f\u00f6r ungef\u00e4r tv\u00e5 tusen \u00e5r sedan. Sedan dess har P\u00e5skh\u00e4lsningen varje \u00e5r &#8211; &#8217;n\u00e4sta \u00e5r i Jerusalem&#8217; &#8211; gett uttryck f\u00f6r hoppet och dr\u00f6mmen om att \u00e5terv\u00e4nda. Vi har kallats att hj\u00e4lpa dem av flera anledningar &#8230; &#8217;HERREN sade&hellip;","og_url":"https:\/\/ebenezer-oe.org\/sv\/om-oss\/varfor-aliyah\/","og_site_name":"Ebenezer Operation Exodus","article_publisher":"https:\/\/www.facebook.com\/EbenezerInt","article_modified_time":"2022-02-10T12:37:12+00:00","og_image":[{"url":"https:\/\/ebenezeroe.wpengine.com\/wp-content\/uploads\/2021\/05\/Website-Transparent-background.png","type":"","width":"","height":""}],"twitter_card":"summary_large_image","twitter_misc":{"Ber\u00e4knad l\u00e4stid":"2 minuter"},"schema":{"@context":"https:\/\/schema.org","@graph":[{"@type":"WebPage","@id":"https:\/\/ebenezer-oe.org\/sv\/om-oss\/varfor-aliyah\/","url":"https:\/\/ebenezer-oe.org\/sv\/om-oss\/varfor-aliyah\/","name":"VARF\u00d6R ALIYAH? - Ebenezer Operation Exodus","isPartOf":{"@id":"https:\/\/ebenezer-oe.org\/#website"},"primaryImageOfPage":{"@id":"https:\/\/ebenezer-oe.org\/sv\/om-oss\/varfor-aliyah\/#primaryimage"},"image":{"@id":"https:\/\/ebenezer-oe.org\/sv\/om-oss\/varfor-aliyah\/#primaryimage"},"thumbnailUrl":"https:\/\/ebenezeroe.wpengine.com\/wp-content\/uploads\/2021\/05\/Website-Transparent-background.png","datePublished":"2021-10-14T13:02:16+00:00","dateModified":"2022-02-10T12:37:12+00:00","breadcrumb":{"@id":"https:\/\/ebenezer-oe.org\/sv\/om-oss\/varfor-aliyah\/#breadcrumb"},"inLanguage":"sv-SE","potentialAction":[{"@type":"ReadAction","target":["https:\/\/ebenezer-oe.org\/sv\/om-oss\/varfor-aliyah\/"]}]},{"@type":"ImageObject","inLanguage":"sv-SE","@id":"https:\/\/ebenezer-oe.org\/sv\/om-oss\/varfor-aliyah\/#primaryimage","url":"https:\/\/ebenezeroe.wpengine.com\/wp-content\/uploads\/2021\/05\/Website-Transparent-background.png","contentUrl":"https:\/\/ebenezeroe.wpengine.com\/wp-content\/uploads\/2021\/05\/Website-Transparent-background.png"},{"@type":"BreadcrumbList","@id":"https:\/\/ebenezer-oe.org\/sv\/om-oss\/varfor-aliyah\/#breadcrumb","itemListElement":[{"@type":"ListItem","position":1,"name":"Home","item":"https:\/\/ebenezer-oe.org\/sv\/"},{"@type":"ListItem","position":2,"name":"Om oss","item":"https:\/\/ebenezer-oe.org\/sv\/om-oss\/"},{"@type":"ListItem","position":3,"name":"VARF\u00d6R ALIYAH?"}]},{"@type":"WebSite","@id":"https:\/\/ebenezer-oe.org\/#website","url":"https:\/\/ebenezer-oe.org\/","name":"Ebenezer - Operation Exodus","description":"","publisher":{"@id":"https:\/\/ebenezer-oe.org\/#organization"},"potentialAction":[{"@type":"SearchAction","target":{"@type":"EntryPoint","urlTemplate":"https:\/\/ebenezer-oe.org\/?s={search_term_string}"},"query-input":{"@type":"PropertyValueSpecification","valueRequired":true,"valueName":"search_term_string"}}],"inLanguage":"sv-SE"},{"@type":"Organization","@id":"https:\/\/ebenezer-oe.org\/#organization","name":"Ebenezer - Operation Exodus","url":"https:\/\/ebenezer-oe.org\/","logo":{"@type":"ImageObject","inLanguage":"sv-SE","@id":"https:\/\/ebenezer-oe.org\/#\/schema\/logo\/image\/","url":"https:\/\/ebenezeroe.wpengine.com\/wp-content\/uploads\/2020\/09\/Logo_EOE_EN_Colour-Horizontal.png","contentUrl":"https:\/\/ebenezeroe.wpengine.com\/wp-content\/uploads\/2020\/09\/Logo_EOE_EN_Colour-Horizontal.png","width":1922,"height":928,"caption":"Ebenezer - Operation Exodus"},"image":{"@id":"https:\/\/ebenezer-oe.org\/#\/schema\/logo\/image\/"},"sameAs":["https:\/\/www.facebook.com\/EbenezerInt","https:\/\/www.instagram.com\/ebenezer_oe_eng\/","https:\/\/www.youtube.com\/channel\/UC6qGHrKKeamFVz95Vd8LR1g"]}]}},"_links":{"self":[{"href":"https:\/\/ebenezer-oe.org\/sv\/wp-json\/wp\/v2\/pages\/43449","targetHints":{"allow":["GET"]}}],"collection":[{"href":"https:\/\/ebenezer-oe.org\/sv\/wp-json\/wp\/v2\/pages"}],"about":[{"href":"https:\/\/ebenezer-oe.org\/sv\/wp-json\/wp\/v2\/types\/page"}],"author":[{"embeddable":true,"href":"https:\/\/ebenezer-oe.org\/sv\/wp-json\/wp\/v2\/users\/1"}],"replies":[{"embeddable":true,"href":"https:\/\/ebenezer-oe.org\/sv\/wp-json\/wp\/v2\/comments?post=43449"}],"version-history":[{"count":0,"href":"https:\/\/ebenezer-oe.org\/sv\/wp-json\/wp\/v2\/pages\/43449\/revisions"}],"up":[{"embeddable":true,"href":"https:\/\/ebenezer-oe.org\/sv\/wp-json\/wp\/v2\/pages\/43963"}],"wp:attachment":[{"href":"https:\/\/ebenezer-oe.org\/sv\/wp-json\/wp\/v2\/media?parent=43449"}],"curies":[{"name":"wp","href":"https:\/\/api.w.org\/{rel}","templated":true}]}}