{"id":43842,"date":"2021-10-14T14:49:19","date_gmt":"2021-10-14T14:49:19","guid":{"rendered":"https:\/\/ebenezer-oe.org\/bli-samarbetspartner\/var-med-i-bon\/"},"modified":"2023-07-26T09:01:35","modified_gmt":"2023-07-26T09:01:35","slug":"var-med-i-bon","status":"publish","type":"page","link":"https:\/\/ebenezer-oe.org\/sv\/bli-samarbetspartner\/var-med-i-bon\/","title":{"rendered":"Var Med I B\u00f6n"},"content":{"rendered":"\n<h1>\n\t\tVar Med I B\u00f6n\n\t<\/h1>\n\t<p>V\u00e5rt arbete f\u00f6ddes i b\u00f6n och v\u00e5ra ledare anser att b\u00f6n m\u00e5ste l\u00e4gga grunden f\u00f6r allt vi g\u00f6r. <\/p>\n<p><em>&#8217;P\u00e5 dina murar, Jerusalem, har jag st\u00e4llt v\u00e4ktare. Varken dag eller natt f\u00e5r de n\u00e5gonsin tystna. Ni som ropar till Herren, unna er ingen ro, och ge honom ingen ro f\u00f6rr\u00e4n han uppr\u00e4ttar Jerusalem och g\u00f6r det till en lovs\u00e5ng p\u00e5 jorden.&#8217;<\/em><\/p>\n<p>Jesaja 62:6-7<\/p>\n\t\t\t\t<img decoding=\"async\" data-src=\"https:\/\/ebenezeroe.wpengine.com\/wp-content\/uploads\/2021\/05\/Untitled-design-39.png\" alt=\"Untitled design-39\" itemprop=\"image\" title=\"Untitled design-39\" onerror=\"this.style.display='none'\" src=\"data:image\/svg+xml;base64,PHN2ZyB3aWR0aD0iMSIgaGVpZ2h0PSIxIiB4bWxucz0iaHR0cDovL3d3dy53My5vcmcvMjAwMC9zdmciPjwvc3ZnPg==\" class=\"lazyload\" \/>\n\t<p>Aliyah \u00e4r Guds initiativ.<\/p>\n\t<p>Han \u00e4r den som f\u00f6r det judiska folket tillbaka till sitt land. Herren har kallat oss att st\u00e5 i gapet i b\u00f6n, mellan den situation som det judiska folket befinner sig i \u00f6ver hela v\u00e4rlden och deras dr\u00f6m om att f\u00e5 vara i Landet som Gud har lovat dem. G\u00e5ng p\u00e5 g\u00e5ng har vi sett situationer f\u00f6r\u00e4ndras och problem l\u00f6sas n\u00e4r v\u00e5ra f\u00f6rebedjare har bett.<\/p>\n\t<p>Det \u00e4r m\u00e5nga olika led involverade och vi \u00e4r kallade att omfatta alla dessa i b\u00f6n s\u00e5 att v\u00e4gen hem \u00f6ppnas f\u00f6r Hans folk (Jesaja 62:10). I denna tid n\u00e4r allt f\u00f6r\u00e4ndras i snabb takt, ber v\u00e5rt v\u00e4rldsvida b\u00f6nen\u00e4tverk f\u00f6r judar som befinner sig i farliga eller oroliga omr\u00e5den och f\u00f6r de som m\u00f6ter sv\u00e5righeter och hamnar i stor fattigdom. Vi beh\u00f6ver ocks\u00e5 be f\u00f6r transporter och resor till Israel s\u00e5v\u00e4l som akuta st\u00f6rningar i resorna, och mycket, mycket mer!<\/p>\n\t<p>Aliyah \u00e4r n\u00e5got aktivt, sp\u00e4nnande och mirakul\u00f6st och detsamma g\u00e4ller b\u00f6n f\u00f6r Aliyah!<\/p>\n\t<h2>B\u00f6npartners<\/h2>\n\t<p>N\u00e5gra av v\u00e5ra f\u00f6rebedjare tr\u00e4ffas regelbundet i grupper f\u00f6r att be utifr\u00e5n v\u00e5ra b\u00f6nebrev, andra ber sj\u00e4lva i sitt hem. Varje b\u00f6n spelar en nyckelroll f\u00f6r judarnas p\u00e5g\u00e5ende \u00e5terv\u00e4ndande till Israel.<\/p>\n<p>F\u00f6rutom att be specifikt f\u00f6r dem som g\u00f6r Aliyah har Herren \u00e4ven lett oss till att fokusera p\u00e5 andra omr\u00e5den, som t.ex. antisemitism, landet Israel och aktuella och tidigare h\u00e4ndelser som p\u00e5verkar Aliyah idag. Internationella grupper har samlats p\u00e5 platser \u00f6ver hela jorden f\u00f6r att be, som exempelvis vid Auschwitz, d\u00e4r n\u00e5gra av historiens v\u00e4rsta grymheter mot det judiska folket har \u00e4gt rum. Denna typ av b\u00f6n sker regelbundet utifr\u00e5n Herrens ledning p\u00e5 strategiska platser.<\/p>\n\t<h2>H\u00e4r \u00e4r en typisk situation som beh\u00f6vde b\u00f6n:<\/h2>\n\t\t\t<p><i>Aida v\u00e4xte upp tillsammans med sin mamma och hade ingen aning om sin judiska h\u00e4rkomst. Inte f\u00f6rr\u00e4n vid 35-\u00e5rs \u00e5lder fick hon veta att hon hade en judisk far och uppt\u00e4ckte att hon hade en bror och systrar i Israel. N\u00e4r deras far gick bort bj\u00f6d Aidas syskon henne till Israel och hon fick ett varmt v\u00e4lkomnande! N\u00e5gra \u00e5r senare stod Aida ensam med att uppfostra sina tre barn under oerh\u00f6rt sv\u00e5ra omst\u00e4ndigheter. Hon k\u00e4nde till m\u00f6jligheten att g\u00f6ra Aliyah, men att bevisa banden till sin judiska familj genom ett DNA-test var v\u00e4ldigt dyrt, f\u00f6r att inte tala om \u00f6vriga kostnader och praktiska problem med att flytta till ett annat land. Hela f\u00f6retaget s\u00e5g om\u00f6jligt ut! Ebenezer Operation Exodus b\u00f6nepartners \u00f6ver hela v\u00e4rlden bar henne inf\u00f6r Gud i sina b\u00f6ner &#8211; och det dr\u00f6jde inte l\u00e4nge f\u00f6rr\u00e4n de n\u00f6dv\u00e4ndiga DNA-testerna kunde genomf\u00f6ras, finansieringen l\u00f6stes,<\/i><i> Aida och hennes barn fick sina visum och \u00e4r nu i Israel! <\/i><\/p>\t\t\n\t<p>V\u00e5r B\u00f6nen\u00e4tverk<\/p>\n\t<p>F\u00f6r att f\u00e5 veta mer och bli en del av detta v\u00e4rldsvida b\u00f6nen\u00e4tverk, som \u00e4r aktivt i \u00f6ver 55 nationer, f\u00e5r du g\u00e4rna kontakta oss genom att klicka p\u00e5 knappen nedan.<\/p>\n\t\t\t<a href=\"https:\/\/ebenezer-oe.org\/sv\/kontakta-oss\/\" target=\"_self\" rel=\"noopener\">\n\t\t\t\t\t\t\tSign me up!\n\t\t\t\t\t<\/a>\n\n","protected":false},"excerpt":{"rendered":"<p>Var Med I B\u00f6n V\u00e5rt arbete f\u00f6ddes i b\u00f6n och v\u00e5ra ledare anser att b\u00f6n m\u00e5ste l\u00e4gga grunden f\u00f6r allt vi g\u00f6r. &#8217;P\u00e5 dina murar, Jerusalem, har jag st\u00e4llt v\u00e4ktare. Varken dag eller natt f\u00e5r de n\u00e5gonsin tystna. Ni som ropar till Herren, unna er ingen ro, och ge honom ingen ro f\u00f6rr\u00e4n han uppr\u00e4ttar&hellip;<\/p>\n","protected":false},"author":1,"featured_media":0,"parent":43811,"menu_order":0,"comment_status":"closed","ping_status":"closed","template":"","meta":{"footnotes":""},"class_list":["post-43842","page","type-page","status-publish","hentry"],"yoast_head":"<!-- This site is optimized with the Yoast SEO plugin v27.4 - https:\/\/yoast.com\/product\/yoast-seo-wordpress\/ -->\n<title>Var Med I B\u00f6n - Ebenezer Operation Exodus<\/title>\n<meta name=\"robots\" content=\"index, follow, max-snippet:-1, max-image-preview:large, max-video-preview:-1\" \/>\n<link rel=\"canonical\" href=\"https:\/\/ebenezer-oe.org\/sv\/bli-samarbetspartner\/var-med-i-bon\/\" \/>\n<meta property=\"og:locale\" content=\"sv_SE\" \/>\n<meta property=\"og:type\" content=\"article\" \/>\n<meta property=\"og:title\" content=\"Var Med I B\u00f6n - Ebenezer Operation Exodus\" \/>\n<meta property=\"og:description\" content=\"Var Med I B\u00f6n V\u00e5rt arbete f\u00f6ddes i b\u00f6n och v\u00e5ra ledare anser att b\u00f6n m\u00e5ste l\u00e4gga grunden f\u00f6r allt vi g\u00f6r. &#8217;P\u00e5 dina murar, Jerusalem, har jag st\u00e4llt v\u00e4ktare. Varken dag eller natt f\u00e5r de n\u00e5gonsin tystna. Ni som ropar till Herren, unna er ingen ro, och ge honom ingen ro f\u00f6rr\u00e4n han uppr\u00e4ttar&hellip;\" \/>\n<meta property=\"og:url\" content=\"https:\/\/ebenezer-oe.org\/sv\/bli-samarbetspartner\/var-med-i-bon\/\" \/>\n<meta property=\"og:site_name\" content=\"Ebenezer Operation Exodus\" \/>\n<meta property=\"article:publisher\" content=\"https:\/\/www.facebook.com\/EbenezerInt\" \/>\n<meta property=\"article:modified_time\" content=\"2023-07-26T09:01:35+00:00\" \/>\n<meta property=\"og:image\" content=\"https:\/\/ebenezeroe.wpengine.com\/wp-content\/uploads\/2021\/05\/Untitled-design-39.png\" \/>\n<meta name=\"twitter:card\" content=\"summary_large_image\" \/>\n<meta name=\"twitter:label1\" content=\"Ber\u00e4knad l\u00e4stid\" \/>\n\t<meta name=\"twitter:data1\" content=\"3 minuter\" \/>\n<script type=\"application\/ld+json\" class=\"yoast-schema-graph\">{\"@context\":\"https:\\\/\\\/schema.org\",\"@graph\":[{\"@type\":\"WebPage\",\"@id\":\"https:\\\/\\\/ebenezer-oe.org\\\/sv\\\/bli-samarbetspartner\\\/var-med-i-bon\\\/\",\"url\":\"https:\\\/\\\/ebenezer-oe.org\\\/sv\\\/bli-samarbetspartner\\\/var-med-i-bon\\\/\",\"name\":\"Var Med I B\u00f6n - Ebenezer Operation Exodus\",\"isPartOf\":{\"@id\":\"https:\\\/\\\/ebenezer-oe.org\\\/#website\"},\"primaryImageOfPage\":{\"@id\":\"https:\\\/\\\/ebenezer-oe.org\\\/sv\\\/bli-samarbetspartner\\\/var-med-i-bon\\\/#primaryimage\"},\"image\":{\"@id\":\"https:\\\/\\\/ebenezer-oe.org\\\/sv\\\/bli-samarbetspartner\\\/var-med-i-bon\\\/#primaryimage\"},\"thumbnailUrl\":\"https:\\\/\\\/ebenezeroe.wpengine.com\\\/wp-content\\\/uploads\\\/2021\\\/05\\\/Untitled-design-39.png\",\"datePublished\":\"2021-10-14T14:49:19+00:00\",\"dateModified\":\"2023-07-26T09:01:35+00:00\",\"breadcrumb\":{\"@id\":\"https:\\\/\\\/ebenezer-oe.org\\\/sv\\\/bli-samarbetspartner\\\/var-med-i-bon\\\/#breadcrumb\"},\"inLanguage\":\"sv-SE\",\"potentialAction\":[{\"@type\":\"ReadAction\",\"target\":[\"https:\\\/\\\/ebenezer-oe.org\\\/sv\\\/bli-samarbetspartner\\\/var-med-i-bon\\\/\"]}]},{\"@type\":\"ImageObject\",\"inLanguage\":\"sv-SE\",\"@id\":\"https:\\\/\\\/ebenezer-oe.org\\\/sv\\\/bli-samarbetspartner\\\/var-med-i-bon\\\/#primaryimage\",\"url\":\"https:\\\/\\\/ebenezeroe.wpengine.com\\\/wp-content\\\/uploads\\\/2021\\\/05\\\/Untitled-design-39.png\",\"contentUrl\":\"https:\\\/\\\/ebenezeroe.wpengine.com\\\/wp-content\\\/uploads\\\/2021\\\/05\\\/Untitled-design-39.png\"},{\"@type\":\"BreadcrumbList\",\"@id\":\"https:\\\/\\\/ebenezer-oe.org\\\/sv\\\/bli-samarbetspartner\\\/var-med-i-bon\\\/#breadcrumb\",\"itemListElement\":[{\"@type\":\"ListItem\",\"position\":1,\"name\":\"Home\",\"item\":\"https:\\\/\\\/ebenezer-oe.org\\\/sv\\\/\"},{\"@type\":\"ListItem\",\"position\":2,\"name\":\"Bli samarbetspartner\",\"item\":\"https:\\\/\\\/ebenezer-oe.org\\\/sv\\\/bli-samarbetspartner\\\/\"},{\"@type\":\"ListItem\",\"position\":3,\"name\":\"Var Med I B\u00f6n\"}]},{\"@type\":\"WebSite\",\"@id\":\"https:\\\/\\\/ebenezer-oe.org\\\/#website\",\"url\":\"https:\\\/\\\/ebenezer-oe.org\\\/\",\"name\":\"Ebenezer - Operation Exodus\",\"description\":\"\",\"publisher\":{\"@id\":\"https:\\\/\\\/ebenezer-oe.org\\\/#organization\"},\"potentialAction\":[{\"@type\":\"SearchAction\",\"target\":{\"@type\":\"EntryPoint\",\"urlTemplate\":\"https:\\\/\\\/ebenezer-oe.org\\\/?s={search_term_string}\"},\"query-input\":{\"@type\":\"PropertyValueSpecification\",\"valueRequired\":true,\"valueName\":\"search_term_string\"}}],\"inLanguage\":\"sv-SE\"},{\"@type\":\"Organization\",\"@id\":\"https:\\\/\\\/ebenezer-oe.org\\\/#organization\",\"name\":\"Ebenezer - Operation Exodus\",\"url\":\"https:\\\/\\\/ebenezer-oe.org\\\/\",\"logo\":{\"@type\":\"ImageObject\",\"inLanguage\":\"sv-SE\",\"@id\":\"https:\\\/\\\/ebenezer-oe.org\\\/#\\\/schema\\\/logo\\\/image\\\/\",\"url\":\"https:\\\/\\\/ebenezeroe.wpengine.com\\\/wp-content\\\/uploads\\\/2020\\\/09\\\/Logo_EOE_EN_Colour-Horizontal.png\",\"contentUrl\":\"https:\\\/\\\/ebenezeroe.wpengine.com\\\/wp-content\\\/uploads\\\/2020\\\/09\\\/Logo_EOE_EN_Colour-Horizontal.png\",\"width\":1922,\"height\":928,\"caption\":\"Ebenezer - Operation Exodus\"},\"image\":{\"@id\":\"https:\\\/\\\/ebenezer-oe.org\\\/#\\\/schema\\\/logo\\\/image\\\/\"},\"sameAs\":[\"https:\\\/\\\/www.facebook.com\\\/EbenezerInt\",\"https:\\\/\\\/www.instagram.com\\\/ebenezer_oe_eng\\\/\",\"https:\\\/\\\/www.youtube.com\\\/channel\\\/UC6qGHrKKeamFVz95Vd8LR1g\"]}]}<\/script>\n<!-- \/ Yoast SEO plugin. -->","yoast_head_json":{"title":"Var Med I B\u00f6n - Ebenezer Operation Exodus","robots":{"index":"index","follow":"follow","max-snippet":"max-snippet:-1","max-image-preview":"max-image-preview:large","max-video-preview":"max-video-preview:-1"},"canonical":"https:\/\/ebenezer-oe.org\/sv\/bli-samarbetspartner\/var-med-i-bon\/","og_locale":"sv_SE","og_type":"article","og_title":"Var Med I B\u00f6n - Ebenezer Operation Exodus","og_description":"Var Med I B\u00f6n V\u00e5rt arbete f\u00f6ddes i b\u00f6n och v\u00e5ra ledare anser att b\u00f6n m\u00e5ste l\u00e4gga grunden f\u00f6r allt vi g\u00f6r. &#8217;P\u00e5 dina murar, Jerusalem, har jag st\u00e4llt v\u00e4ktare. Varken dag eller natt f\u00e5r de n\u00e5gonsin tystna. Ni som ropar till Herren, unna er ingen ro, och ge honom ingen ro f\u00f6rr\u00e4n han uppr\u00e4ttar&hellip;","og_url":"https:\/\/ebenezer-oe.org\/sv\/bli-samarbetspartner\/var-med-i-bon\/","og_site_name":"Ebenezer Operation Exodus","article_publisher":"https:\/\/www.facebook.com\/EbenezerInt","article_modified_time":"2023-07-26T09:01:35+00:00","og_image":[{"url":"https:\/\/ebenezeroe.wpengine.com\/wp-content\/uploads\/2021\/05\/Untitled-design-39.png","type":"","width":"","height":""}],"twitter_card":"summary_large_image","twitter_misc":{"Ber\u00e4knad l\u00e4stid":"3 minuter"},"schema":{"@context":"https:\/\/schema.org","@graph":[{"@type":"WebPage","@id":"https:\/\/ebenezer-oe.org\/sv\/bli-samarbetspartner\/var-med-i-bon\/","url":"https:\/\/ebenezer-oe.org\/sv\/bli-samarbetspartner\/var-med-i-bon\/","name":"Var Med I B\u00f6n - Ebenezer Operation Exodus","isPartOf":{"@id":"https:\/\/ebenezer-oe.org\/#website"},"primaryImageOfPage":{"@id":"https:\/\/ebenezer-oe.org\/sv\/bli-samarbetspartner\/var-med-i-bon\/#primaryimage"},"image":{"@id":"https:\/\/ebenezer-oe.org\/sv\/bli-samarbetspartner\/var-med-i-bon\/#primaryimage"},"thumbnailUrl":"https:\/\/ebenezeroe.wpengine.com\/wp-content\/uploads\/2021\/05\/Untitled-design-39.png","datePublished":"2021-10-14T14:49:19+00:00","dateModified":"2023-07-26T09:01:35+00:00","breadcrumb":{"@id":"https:\/\/ebenezer-oe.org\/sv\/bli-samarbetspartner\/var-med-i-bon\/#breadcrumb"},"inLanguage":"sv-SE","potentialAction":[{"@type":"ReadAction","target":["https:\/\/ebenezer-oe.org\/sv\/bli-samarbetspartner\/var-med-i-bon\/"]}]},{"@type":"ImageObject","inLanguage":"sv-SE","@id":"https:\/\/ebenezer-oe.org\/sv\/bli-samarbetspartner\/var-med-i-bon\/#primaryimage","url":"https:\/\/ebenezeroe.wpengine.com\/wp-content\/uploads\/2021\/05\/Untitled-design-39.png","contentUrl":"https:\/\/ebenezeroe.wpengine.com\/wp-content\/uploads\/2021\/05\/Untitled-design-39.png"},{"@type":"BreadcrumbList","@id":"https:\/\/ebenezer-oe.org\/sv\/bli-samarbetspartner\/var-med-i-bon\/#breadcrumb","itemListElement":[{"@type":"ListItem","position":1,"name":"Home","item":"https:\/\/ebenezer-oe.org\/sv\/"},{"@type":"ListItem","position":2,"name":"Bli samarbetspartner","item":"https:\/\/ebenezer-oe.org\/sv\/bli-samarbetspartner\/"},{"@type":"ListItem","position":3,"name":"Var Med I B\u00f6n"}]},{"@type":"WebSite","@id":"https:\/\/ebenezer-oe.org\/#website","url":"https:\/\/ebenezer-oe.org\/","name":"Ebenezer - Operation Exodus","description":"","publisher":{"@id":"https:\/\/ebenezer-oe.org\/#organization"},"potentialAction":[{"@type":"SearchAction","target":{"@type":"EntryPoint","urlTemplate":"https:\/\/ebenezer-oe.org\/?s={search_term_string}"},"query-input":{"@type":"PropertyValueSpecification","valueRequired":true,"valueName":"search_term_string"}}],"inLanguage":"sv-SE"},{"@type":"Organization","@id":"https:\/\/ebenezer-oe.org\/#organization","name":"Ebenezer - Operation Exodus","url":"https:\/\/ebenezer-oe.org\/","logo":{"@type":"ImageObject","inLanguage":"sv-SE","@id":"https:\/\/ebenezer-oe.org\/#\/schema\/logo\/image\/","url":"https:\/\/ebenezeroe.wpengine.com\/wp-content\/uploads\/2020\/09\/Logo_EOE_EN_Colour-Horizontal.png","contentUrl":"https:\/\/ebenezeroe.wpengine.com\/wp-content\/uploads\/2020\/09\/Logo_EOE_EN_Colour-Horizontal.png","width":1922,"height":928,"caption":"Ebenezer - Operation Exodus"},"image":{"@id":"https:\/\/ebenezer-oe.org\/#\/schema\/logo\/image\/"},"sameAs":["https:\/\/www.facebook.com\/EbenezerInt","https:\/\/www.instagram.com\/ebenezer_oe_eng\/","https:\/\/www.youtube.com\/channel\/UC6qGHrKKeamFVz95Vd8LR1g"]}]}},"_links":{"self":[{"href":"https:\/\/ebenezer-oe.org\/sv\/wp-json\/wp\/v2\/pages\/43842","targetHints":{"allow":["GET"]}}],"collection":[{"href":"https:\/\/ebenezer-oe.org\/sv\/wp-json\/wp\/v2\/pages"}],"about":[{"href":"https:\/\/ebenezer-oe.org\/sv\/wp-json\/wp\/v2\/types\/page"}],"author":[{"embeddable":true,"href":"https:\/\/ebenezer-oe.org\/sv\/wp-json\/wp\/v2\/users\/1"}],"replies":[{"embeddable":true,"href":"https:\/\/ebenezer-oe.org\/sv\/wp-json\/wp\/v2\/comments?post=43842"}],"version-history":[{"count":0,"href":"https:\/\/ebenezer-oe.org\/sv\/wp-json\/wp\/v2\/pages\/43842\/revisions"}],"up":[{"embeddable":true,"href":"https:\/\/ebenezer-oe.org\/sv\/wp-json\/wp\/v2\/pages\/43811"}],"wp:attachment":[{"href":"https:\/\/ebenezer-oe.org\/sv\/wp-json\/wp\/v2\/media?parent=43842"}],"curies":[{"name":"wp","href":"https:\/\/api.w.org\/{rel}","templated":true}]}}