{"id":43963,"date":"2021-10-14T15:13:00","date_gmt":"2021-10-14T15:13:00","guid":{"rendered":"https:\/\/ebenezer-oe.org\/om-oss\/"},"modified":"2023-07-26T08:49:21","modified_gmt":"2023-07-26T08:49:21","slug":"om-oss","status":"publish","type":"page","link":"https:\/\/ebenezer-oe.org\/sv\/om-oss\/","title":{"rendered":"Om oss"},"content":{"rendered":"\n<h2>\n\t\tVilka vi \u00e4r\n\t<\/h2>\n\t<p>V\u00e5r vision \u00e4r att vara Herrens tj\u00e4nare och f\u00f6rebedjare f\u00f6r att hj\u00e4lpa det judiska folket att \u00e5terv\u00e4nda till Israel fr\u00e5n alla nationer &#8211; och att f\u00f6rkunna Guds syften med deras \u00e5terv\u00e4ndande.<\/p>\n\t\t\t\t\t<a href=\"#\" id=\"fl-accordion--label-0\" tabindex=\"0\" aria-controls=\"fl-accordion--panel-0\">L\u00e4s v\u00e5r trosbek\u00e4nnelse<\/a>\n\t\t\t\t\t\t\t\t\t\t\t<a href=\"#\" id=\"fl-accordion--icon-0\" tabindex=\"0\" aria-controls=\"fl-accordion--panel-0\"><i>Expand<\/i><\/a>\n\t\t\t\t\t<p><strong>VI TROR ATT:<\/strong><\/p>\n<ul>\n<li>Gud \u00e4r en och best\u00e5r av Fader, Son och Helig Ande <em>Markus 12:29, Matteus 28:19<\/em><\/li>\n<li>Jesus \u00e4r Gud Faderns enf\u00f6dde son.<em> Psaltaren 2:7, Johannes 3:16<\/em><\/li>\n<li>Fr\u00e4lsningen (r\u00e4ttf\u00e4rdigg\u00f6relsen) \u00e4r genom tron p\u00e5 Jesu Kristi f\u00f6rsonande offer. <em>Efesierbrevet 2:8, Lukas 24:46-47<\/em><\/li>\n<li>Den Helige Ande bor i alla troende och ger kraft till tj\u00e4nst. <em>Johannes 14:23b, Apg 1:8<\/em><\/li>\n<li>Bibeln \u00e4r gudomligt inspirerad 2 <em>Timoteus 3:16-17<\/em><\/li>\n<li>Kyrkan, Kristi kropp, best\u00e5r av alla troende som av n\u00e5d \u00e4r f\u00f6dda av Guds Ande genom tron p\u00e5 Jesus Kristus <em>Efesierbrevet 2:8, 13-22<\/em><\/li>\n<li>Gud har ett profetiskt, andligt syfte med att \u00e5terf\u00f6ra det judiska folket till landet som han har lovat dem.<em> Jeremia 32:37-41, Hesekiel 37:14<\/em><\/li>\n<li>Jesus kommer att \u00e5terv\u00e4nda fysiskt till jorden en dag och regera fr\u00e5n Jerusalem. <em>Sakarja 14:4, Apg 1:11<\/em><\/li>\n<\/ul>\n\t\t\t\t<a href=\"https:\/\/ebenezer-oe.org\/about-us\/our-history\/\" target=\"_self\" itemprop=\"url\" rel=\"noopener\">\n\t\t\t\t<img decoding=\"async\" data-src=\"https:\/\/ebenezer-oe.org\/wp-content\/uploads\/2021\/04\/Untitled-design-27.png\" alt=\"Untitled design-27\" itemprop=\"image\" height=\"800\" width=\"1200\" title=\"Untitled design-27\" onerror=\"this.style.display='none'\" src=\"data:image\/svg+xml;base64,PHN2ZyB3aWR0aD0iMSIgaGVpZ2h0PSIxIiB4bWxucz0iaHR0cDovL3d3dy53My5vcmcvMjAwMC9zdmciPjwvc3ZnPg==\" class=\"lazyload\" style=\"--smush-placeholder-width: 1200px; --smush-placeholder-aspect-ratio: 1200\/800;\" \/>\n\t\t\t\t<\/a>\n<h3>\n\t\t<a href=\"https:\/\/ebenezeroe.wpengine.com\/sv\/om-oss\/var-historia\/\" title=\"V\u00e5r Historia\" target=\"_self\" rel=\"noopener\">\n\t\tV\u00e5r Historia\n\t\t<\/a>\n\t<\/h3>\n\t<p>V\u00e5r verksamhet utformades under en b\u00f6nekonferens i Jerusalem under Gulfkriget 1991. Konferensens ledare upplevde att Gud sade att tiden nu var inne f\u00f6r att hj\u00e4lpa det judiska folket att \u00e5terv\u00e4nda hem.<\/p>\n<p>S\u00e5 startade v\u00e5r verksamhet och det har fortsatt&#8230;<\/p>\n\t\t\t<a href=\"https:\/\/ebenezer-oe.org\/sv\/om-oss\/var-historia\/\" target=\"_self\" rel=\"noopener\">\n\t\t\t\t\t\t\tL\u00e4s mer\n\t\t\t\t\t<\/a>\n\t\t\t\t<a href=\"https:\/\/ebenezer-oe.org\/about-us\/why-aliyah\/\" target=\"_self\" itemprop=\"url\" rel=\"noopener\">\n\t\t\t\t<img decoding=\"async\" data-src=\"https:\/\/ebenezer-oe.org\/wp-content\/uploads\/2021\/02\/BringingHisPeopleHome-opt.png\" alt=\"BringingHisPeopleHome-opt\" itemprop=\"image\" height=\"800\" width=\"1200\" title=\"BringingHisPeopleHome-opt\" onerror=\"this.style.display='none'\" src=\"data:image\/svg+xml;base64,PHN2ZyB3aWR0aD0iMSIgaGVpZ2h0PSIxIiB4bWxucz0iaHR0cDovL3d3dy53My5vcmcvMjAwMC9zdmciPjwvc3ZnPg==\" class=\"lazyload\" style=\"--smush-placeholder-width: 1200px; --smush-placeholder-aspect-ratio: 1200\/800;\" \/>\n\t\t\t\t<\/a>\n<h4>\n\t\t<a href=\"https:\/\/ebenezeroe.wpengine.com\/sv\/om-oss\/varfor-aliyah\/\" title=\"Varf\u00f6r Aliyah?\" target=\"_self\" rel=\"noopener\">\n\t\tVarf\u00f6r Aliyah?\n\t\t<\/a>\n\t<\/h4>\n\t<p>Aliyah inneb\u00e4r \u00e5terv\u00e4ndandet av det judiska folket till ett land som de skingrades fr\u00e5n f\u00f6r ungef\u00e4r tv\u00e5 tusen \u00e5r sedan. Sedan dess har P\u00e5skh\u00e4lsningen varje \u00e5r &#8211; &#8217;n\u00e4sta \u00e5r i Jerusalem&#8217; &#8211; gett uttryck f\u00f6r hoppet och dr\u00f6mmen om att \u00e5terv\u00e4nda. <\/p>\n<p>Vi har kallats att hj\u00e4lpa dem av flera anledningar &#8230;<\/p>\n\t\t\t<a href=\"https:\/\/ebenezer-oe.org\/sv\/om-oss\/varfor-aliyah\/\" target=\"_self\" rel=\"noopener\">\n\t\t\t\t\t\t\tL\u00e4s mer\n\t\t\t\t\t<\/a>\n\t\t\t\t<a href=\"https:\/\/ebenezer-oe.org\/about-us\/a-foundation-of-prayer\/\" target=\"_self\" itemprop=\"url\" rel=\"noopener\">\n\t\t\t\t<img decoding=\"async\" data-src=\"https:\/\/ebenezer-oe.org\/wp-content\/uploads\/2021\/02\/Gebet-als-Grundlage-opt.png\" alt=\"Gebet-als-Grundlage-opt\" itemprop=\"image\" height=\"800\" width=\"1200\" title=\"Gebet-als-Grundlage-opt\" onerror=\"this.style.display='none'\" src=\"data:image\/svg+xml;base64,PHN2ZyB3aWR0aD0iMSIgaGVpZ2h0PSIxIiB4bWxucz0iaHR0cDovL3d3dy53My5vcmcvMjAwMC9zdmciPjwvc3ZnPg==\" class=\"lazyload\" style=\"--smush-placeholder-width: 1200px; --smush-placeholder-aspect-ratio: 1200\/800;\" \/>\n\t\t\t\t<\/a>\n<h3>\n\t\t<a href=\"https:\/\/ebenezeroe.wpengine.com\/sv\/om-oss\/grundad-i-bon\/\" title=\"Grundad I B\u00f6n\" target=\"_self\" rel=\"noopener\">\n\t\tGrundad I B\u00f6n\n\t\t<\/a>\n\t<\/h3>\n\t<p>Vi f\u00f6ddes genom b\u00f6n och ledarskapet k\u00e4nner att b\u00f6n har varit grunden f\u00f6r alla v\u00e5ra aktiviteter&#8230;<\/p>\n\t\t\t<a href=\"https:\/\/ebenezer-oe.org\/sv\/om-oss\/grundad-i-bon\/\" target=\"_self\" rel=\"noopener\">\n\t\t\t\t\t\t\tL\u00e4s mer\n\t\t\t\t\t<\/a>\n\t\t\t\t<a href=\"https:\/\/ebenezer-oe.org\/about-us\/our-work\/\" target=\"_self\" itemprop=\"url\" rel=\"noopener\">\n\t\t\t\t<img decoding=\"async\" data-src=\"https:\/\/ebenezer-oe.org\/wp-content\/uploads\/2021\/02\/haifa-house.png\" alt=\"haifa-house\" itemprop=\"image\" height=\"800\" width=\"1200\" title=\"haifa-house\" onerror=\"this.style.display='none'\" src=\"data:image\/svg+xml;base64,PHN2ZyB3aWR0aD0iMSIgaGVpZ2h0PSIxIiB4bWxucz0iaHR0cDovL3d3dy53My5vcmcvMjAwMC9zdmciPjwvc3ZnPg==\" class=\"lazyload\" style=\"--smush-placeholder-width: 1200px; --smush-placeholder-aspect-ratio: 1200\/800;\" \/>\n\t\t\t\t<\/a>\n<h3>\n\t\t<a href=\"https:\/\/ebenezeroe.wpengine.com\/sv\/om-oss\/vart-arbete\/\" title=\"V\u00e5rt Arbete \" target=\"_self\" rel=\"noopener\">\n\t\tV\u00e5rt Arbete \n\t\t<\/a>\n\t<\/h3>\n\t<p>V\u00e5rt arbete g\u00e5r ut p\u00e5 att hj\u00e4lpa s\u00e5 m\u00e5nga judar som m\u00f6jligt att invandra till Israel. Vi tillhandah\u00e5ller ocks\u00e5 humanit\u00e4rt bist\u00e5nd d\u00e4r det beh\u00f6vs, samt finansiering och praktisk hj\u00e4lp i Aliyah-processen&#8230;<\/p>\n\t\t\t<a href=\"https:\/\/ebenezer-oe.org\/sv\/om-oss\/vart-arbete\/\" target=\"_self\" rel=\"noopener\">\n\t\t\t\t\t\t\tL\u00e4s mer\n\t\t\t\t\t<\/a>\n\t\t\t\t<a href=\"https:\/\/ebenezer-oe.org\/about-us\/teaching\/\" target=\"_self\" itemprop=\"url\" rel=\"noopener\">\n\t\t\t\t<img decoding=\"async\" data-src=\"https:\/\/ebenezer-oe.org\/wp-content\/uploads\/2021\/02\/28891158955_18d819e8e6_opt.png\" alt=\"28891158955_18d819e8e6_opt\" itemprop=\"image\" height=\"800\" width=\"1200\" title=\"28891158955_18d819e8e6_opt\" onerror=\"this.style.display='none'\" src=\"data:image\/svg+xml;base64,PHN2ZyB3aWR0aD0iMSIgaGVpZ2h0PSIxIiB4bWxucz0iaHR0cDovL3d3dy53My5vcmcvMjAwMC9zdmciPjwvc3ZnPg==\" class=\"lazyload\" style=\"--smush-placeholder-width: 1200px; --smush-placeholder-aspect-ratio: 1200\/800;\" \/>\n\t\t\t\t<\/a>\n<h3>\n\t\t<a href=\"https:\/\/ebenezeroe.wpengine.com\/sv\/om-oss\/undervisning\/\" title=\"Undervisning\" target=\"_self\" rel=\"noopener\">\n\t\tUndervisning\n\t\t<\/a>\n\t<\/h3>\n\t<p>Ett av v\u00e5ra m\u00e5l \u00e4r att fr\u00e4mja en f\u00f6rst\u00e5else inom kyrkan f\u00f6r det judiska folkets betydelse i Guds eviga syften&#8230;.<\/p>\n\t\t\t<a href=\"https:\/\/ebenezer-oe.org\/sv\/om-oss\/undervisning\/\" target=\"_self\" rel=\"noopener\">\n\t\t\t\t\t\t\tL\u00e4s mer\n\t\t\t\t\t<\/a>\n\n","protected":false},"excerpt":{"rendered":"<p>Vilka vi \u00e4r V\u00e5r vision \u00e4r att vara Herrens tj\u00e4nare och f\u00f6rebedjare f\u00f6r att hj\u00e4lpa det judiska folket att \u00e5terv\u00e4nda till Israel fr\u00e5n alla nationer &#8211; och att f\u00f6rkunna Guds syften med deras \u00e5terv\u00e4ndande. L\u00e4s v\u00e5r trosbek\u00e4nnelse Expand VI TROR ATT: Gud \u00e4r en och best\u00e5r av Fader, Son och Helig Ande Markus 12:29, Matteus&hellip;<\/p>\n","protected":false},"author":1,"featured_media":0,"parent":0,"menu_order":0,"comment_status":"closed","ping_status":"closed","template":"","meta":{"footnotes":""},"class_list":["post-43963","page","type-page","status-publish","hentry"],"yoast_head":"<!-- This site is optimized with the Yoast SEO plugin v27.2 - https:\/\/yoast.com\/product\/yoast-seo-wordpress\/ -->\n<title>Om oss - Ebenezer Operation Exodus<\/title>\n<meta name=\"robots\" content=\"index, follow, max-snippet:-1, max-image-preview:large, max-video-preview:-1\" \/>\n<link rel=\"canonical\" href=\"https:\/\/ebenezer-oe.org\/sv\/om-oss\/\" \/>\n<meta property=\"og:locale\" content=\"sv_SE\" \/>\n<meta property=\"og:type\" content=\"article\" \/>\n<meta property=\"og:title\" content=\"Om oss - Ebenezer Operation Exodus\" \/>\n<meta property=\"og:description\" content=\"Vilka vi \u00e4r V\u00e5r vision \u00e4r att vara Herrens tj\u00e4nare och f\u00f6rebedjare f\u00f6r att hj\u00e4lpa det judiska folket att \u00e5terv\u00e4nda till Israel fr\u00e5n alla nationer &#8211; och att f\u00f6rkunna Guds syften med deras \u00e5terv\u00e4ndande. L\u00e4s v\u00e5r trosbek\u00e4nnelse Expand VI TROR ATT: Gud \u00e4r en och best\u00e5r av Fader, Son och Helig Ande Markus 12:29, Matteus&hellip;\" \/>\n<meta property=\"og:url\" content=\"https:\/\/ebenezer-oe.org\/sv\/om-oss\/\" \/>\n<meta property=\"og:site_name\" content=\"Ebenezer Operation Exodus\" \/>\n<meta property=\"article:publisher\" content=\"https:\/\/www.facebook.com\/EbenezerInt\" \/>\n<meta property=\"article:modified_time\" content=\"2023-07-26T08:49:21+00:00\" \/>\n<meta property=\"og:image\" content=\"https:\/\/ebenezer-oe.org\/wp-content\/uploads\/2021\/04\/Untitled-design-27.png\" \/>\n<meta name=\"twitter:card\" content=\"summary_large_image\" \/>\n<meta name=\"twitter:label1\" content=\"Ber\u00e4knad l\u00e4stid\" \/>\n\t<meta name=\"twitter:data1\" content=\"2 minuter\" \/>\n<script type=\"application\/ld+json\" class=\"yoast-schema-graph\">{\"@context\":\"https:\/\/schema.org\",\"@graph\":[{\"@type\":\"WebPage\",\"@id\":\"https:\/\/ebenezer-oe.org\/sv\/om-oss\/\",\"url\":\"https:\/\/ebenezer-oe.org\/sv\/om-oss\/\",\"name\":\"Om oss - Ebenezer Operation Exodus\",\"isPartOf\":{\"@id\":\"https:\/\/ebenezer-oe.org\/#website\"},\"primaryImageOfPage\":{\"@id\":\"https:\/\/ebenezer-oe.org\/sv\/om-oss\/#primaryimage\"},\"image\":{\"@id\":\"https:\/\/ebenezer-oe.org\/sv\/om-oss\/#primaryimage\"},\"thumbnailUrl\":\"https:\/\/ebenezer-oe.org\/wp-content\/uploads\/2021\/04\/Untitled-design-27.png\",\"datePublished\":\"2021-10-14T15:13:00+00:00\",\"dateModified\":\"2023-07-26T08:49:21+00:00\",\"breadcrumb\":{\"@id\":\"https:\/\/ebenezer-oe.org\/sv\/om-oss\/#breadcrumb\"},\"inLanguage\":\"sv-SE\",\"potentialAction\":[{\"@type\":\"ReadAction\",\"target\":[\"https:\/\/ebenezer-oe.org\/sv\/om-oss\/\"]}]},{\"@type\":\"ImageObject\",\"inLanguage\":\"sv-SE\",\"@id\":\"https:\/\/ebenezer-oe.org\/sv\/om-oss\/#primaryimage\",\"url\":\"https:\/\/ebenezer-oe.org\/wp-content\/uploads\/2021\/04\/Untitled-design-27.png\",\"contentUrl\":\"https:\/\/ebenezer-oe.org\/wp-content\/uploads\/2021\/04\/Untitled-design-27.png\"},{\"@type\":\"BreadcrumbList\",\"@id\":\"https:\/\/ebenezer-oe.org\/sv\/om-oss\/#breadcrumb\",\"itemListElement\":[{\"@type\":\"ListItem\",\"position\":1,\"name\":\"Home\",\"item\":\"https:\/\/ebenezer-oe.org\/sv\/\"},{\"@type\":\"ListItem\",\"position\":2,\"name\":\"Om oss\"}]},{\"@type\":\"WebSite\",\"@id\":\"https:\/\/ebenezer-oe.org\/#website\",\"url\":\"https:\/\/ebenezer-oe.org\/\",\"name\":\"Ebenezer - Operation Exodus\",\"description\":\"\",\"publisher\":{\"@id\":\"https:\/\/ebenezer-oe.org\/#organization\"},\"potentialAction\":[{\"@type\":\"SearchAction\",\"target\":{\"@type\":\"EntryPoint\",\"urlTemplate\":\"https:\/\/ebenezer-oe.org\/?s={search_term_string}\"},\"query-input\":{\"@type\":\"PropertyValueSpecification\",\"valueRequired\":true,\"valueName\":\"search_term_string\"}}],\"inLanguage\":\"sv-SE\"},{\"@type\":\"Organization\",\"@id\":\"https:\/\/ebenezer-oe.org\/#organization\",\"name\":\"Ebenezer - Operation Exodus\",\"url\":\"https:\/\/ebenezer-oe.org\/\",\"logo\":{\"@type\":\"ImageObject\",\"inLanguage\":\"sv-SE\",\"@id\":\"https:\/\/ebenezer-oe.org\/#\/schema\/logo\/image\/\",\"url\":\"https:\/\/ebenezeroe.wpengine.com\/wp-content\/uploads\/2020\/09\/Logo_EOE_EN_Colour-Horizontal.png\",\"contentUrl\":\"https:\/\/ebenezeroe.wpengine.com\/wp-content\/uploads\/2020\/09\/Logo_EOE_EN_Colour-Horizontal.png\",\"width\":1922,\"height\":928,\"caption\":\"Ebenezer - Operation Exodus\"},\"image\":{\"@id\":\"https:\/\/ebenezer-oe.org\/#\/schema\/logo\/image\/\"},\"sameAs\":[\"https:\/\/www.facebook.com\/EbenezerInt\",\"https:\/\/www.instagram.com\/ebenezer_oe_eng\/\",\"https:\/\/www.youtube.com\/channel\/UC6qGHrKKeamFVz95Vd8LR1g\"]}]}<\/script>\n<!-- \/ Yoast SEO plugin. -->","yoast_head_json":{"title":"Om oss - Ebenezer Operation Exodus","robots":{"index":"index","follow":"follow","max-snippet":"max-snippet:-1","max-image-preview":"max-image-preview:large","max-video-preview":"max-video-preview:-1"},"canonical":"https:\/\/ebenezer-oe.org\/sv\/om-oss\/","og_locale":"sv_SE","og_type":"article","og_title":"Om oss - Ebenezer Operation Exodus","og_description":"Vilka vi \u00e4r V\u00e5r vision \u00e4r att vara Herrens tj\u00e4nare och f\u00f6rebedjare f\u00f6r att hj\u00e4lpa det judiska folket att \u00e5terv\u00e4nda till Israel fr\u00e5n alla nationer &#8211; och att f\u00f6rkunna Guds syften med deras \u00e5terv\u00e4ndande. L\u00e4s v\u00e5r trosbek\u00e4nnelse Expand VI TROR ATT: Gud \u00e4r en och best\u00e5r av Fader, Son och Helig Ande Markus 12:29, Matteus&hellip;","og_url":"https:\/\/ebenezer-oe.org\/sv\/om-oss\/","og_site_name":"Ebenezer Operation Exodus","article_publisher":"https:\/\/www.facebook.com\/EbenezerInt","article_modified_time":"2023-07-26T08:49:21+00:00","og_image":[{"url":"https:\/\/ebenezer-oe.org\/wp-content\/uploads\/2021\/04\/Untitled-design-27.png","type":"","width":"","height":""}],"twitter_card":"summary_large_image","twitter_misc":{"Ber\u00e4knad l\u00e4stid":"2 minuter"},"schema":{"@context":"https:\/\/schema.org","@graph":[{"@type":"WebPage","@id":"https:\/\/ebenezer-oe.org\/sv\/om-oss\/","url":"https:\/\/ebenezer-oe.org\/sv\/om-oss\/","name":"Om oss - Ebenezer Operation Exodus","isPartOf":{"@id":"https:\/\/ebenezer-oe.org\/#website"},"primaryImageOfPage":{"@id":"https:\/\/ebenezer-oe.org\/sv\/om-oss\/#primaryimage"},"image":{"@id":"https:\/\/ebenezer-oe.org\/sv\/om-oss\/#primaryimage"},"thumbnailUrl":"https:\/\/ebenezer-oe.org\/wp-content\/uploads\/2021\/04\/Untitled-design-27.png","datePublished":"2021-10-14T15:13:00+00:00","dateModified":"2023-07-26T08:49:21+00:00","breadcrumb":{"@id":"https:\/\/ebenezer-oe.org\/sv\/om-oss\/#breadcrumb"},"inLanguage":"sv-SE","potentialAction":[{"@type":"ReadAction","target":["https:\/\/ebenezer-oe.org\/sv\/om-oss\/"]}]},{"@type":"ImageObject","inLanguage":"sv-SE","@id":"https:\/\/ebenezer-oe.org\/sv\/om-oss\/#primaryimage","url":"https:\/\/ebenezer-oe.org\/wp-content\/uploads\/2021\/04\/Untitled-design-27.png","contentUrl":"https:\/\/ebenezer-oe.org\/wp-content\/uploads\/2021\/04\/Untitled-design-27.png"},{"@type":"BreadcrumbList","@id":"https:\/\/ebenezer-oe.org\/sv\/om-oss\/#breadcrumb","itemListElement":[{"@type":"ListItem","position":1,"name":"Home","item":"https:\/\/ebenezer-oe.org\/sv\/"},{"@type":"ListItem","position":2,"name":"Om oss"}]},{"@type":"WebSite","@id":"https:\/\/ebenezer-oe.org\/#website","url":"https:\/\/ebenezer-oe.org\/","name":"Ebenezer - Operation Exodus","description":"","publisher":{"@id":"https:\/\/ebenezer-oe.org\/#organization"},"potentialAction":[{"@type":"SearchAction","target":{"@type":"EntryPoint","urlTemplate":"https:\/\/ebenezer-oe.org\/?s={search_term_string}"},"query-input":{"@type":"PropertyValueSpecification","valueRequired":true,"valueName":"search_term_string"}}],"inLanguage":"sv-SE"},{"@type":"Organization","@id":"https:\/\/ebenezer-oe.org\/#organization","name":"Ebenezer - Operation Exodus","url":"https:\/\/ebenezer-oe.org\/","logo":{"@type":"ImageObject","inLanguage":"sv-SE","@id":"https:\/\/ebenezer-oe.org\/#\/schema\/logo\/image\/","url":"https:\/\/ebenezeroe.wpengine.com\/wp-content\/uploads\/2020\/09\/Logo_EOE_EN_Colour-Horizontal.png","contentUrl":"https:\/\/ebenezeroe.wpengine.com\/wp-content\/uploads\/2020\/09\/Logo_EOE_EN_Colour-Horizontal.png","width":1922,"height":928,"caption":"Ebenezer - Operation Exodus"},"image":{"@id":"https:\/\/ebenezer-oe.org\/#\/schema\/logo\/image\/"},"sameAs":["https:\/\/www.facebook.com\/EbenezerInt","https:\/\/www.instagram.com\/ebenezer_oe_eng\/","https:\/\/www.youtube.com\/channel\/UC6qGHrKKeamFVz95Vd8LR1g"]}]}},"_links":{"self":[{"href":"https:\/\/ebenezer-oe.org\/sv\/wp-json\/wp\/v2\/pages\/43963","targetHints":{"allow":["GET"]}}],"collection":[{"href":"https:\/\/ebenezer-oe.org\/sv\/wp-json\/wp\/v2\/pages"}],"about":[{"href":"https:\/\/ebenezer-oe.org\/sv\/wp-json\/wp\/v2\/types\/page"}],"author":[{"embeddable":true,"href":"https:\/\/ebenezer-oe.org\/sv\/wp-json\/wp\/v2\/users\/1"}],"replies":[{"embeddable":true,"href":"https:\/\/ebenezer-oe.org\/sv\/wp-json\/wp\/v2\/comments?post=43963"}],"version-history":[{"count":0,"href":"https:\/\/ebenezer-oe.org\/sv\/wp-json\/wp\/v2\/pages\/43963\/revisions"}],"wp:attachment":[{"href":"https:\/\/ebenezer-oe.org\/sv\/wp-json\/wp\/v2\/media?parent=43963"}],"curies":[{"name":"wp","href":"https:\/\/api.w.org\/{rel}","templated":true}]}}