{"id":44125,"date":"2021-10-14T15:18:40","date_gmt":"2021-10-14T15:18:40","guid":{"rendered":"https:\/\/ebenezer-oe.org\/donera\/"},"modified":"2024-02-19T09:18:50","modified_gmt":"2024-02-19T09:18:50","slug":"donera","status":"publish","type":"page","link":"https:\/\/ebenezer-oe.org\/sv\/donera\/","title":{"rendered":"Donera"},"content":{"rendered":"\n\n\t<h2>Donera<\/h2>\n\t<p>&nbsp;<\/p>\n<p>&nbsp;<\/p>\n\t<p>V\u00e5rt arbete finns p\u00e5 alla kontinenter och i \u00f6ver 55 l\u00e4nder.<\/p>\n<p>Om du vill samarbeta med oss genom att ge ekonomisk support \u00e4r vi mycket tacksamma.<\/p>\n\t<p>Du kan g\u00f6ra detta p\u00e5 flera s\u00e4tt:.<\/p>\n\t\t<h3><a href=\"https:\/\/www.paypal.com\/donate?token=VlI0Sg6zXkYiT2CSdhpZMff9szrsGZOzeOsavd6MzdVzp__VwgdIIdboSYnBS_EGM9vhCNVeD0VHCCDR\" target=\"_self\" rel=\"noopener\">Paypal &amp; Kort<\/a><\/h3><p>Ge via Paypal eller ditt bankkort<\/p>\n<p>Om du vill ha g\u00e5vohj\u00e4lp (endast i Storbritannien), g\u00f6r en anteckning i de s\u00e4rskilda instruktionerna.<\/p>\n\t\t\t<a href=\"https:\/\/www.paypal.com\/donate?hosted_button_id=LYA8PTHMA4ZGN\" target=\"_blank\" rel=\"noopener\">\n\t\t\t\t\t\t\t&#8217;Ge idag&#8217;\n\t\t\t\t\t<\/a>\n\t\t<h3><a href=\"https:\/\/ebenezeroe.wpengine.com\/contact-us\/\" target=\"_self\" rel=\"noopener\">Bank\u00f6verf\u00f6ring<\/a><\/h3><p>Beg\u00e4r v\u00e5r bankinformation.<\/p>\n<p>&nbsp;<\/p>\n\t\t\t<a href=\"https:\/\/ebenezer-oe.org\/sv\/kontakta-oss\/\" target=\"_self\" rel=\"noopener\">\n\t\t\t\t\t\t\tBeg\u00e4r \u00f6verf\u00f6ring\n\t\t\t\t\t<\/a>\n\t\t<h3><a href=\"https:\/\/secured.israelgives.org\/donate\/Operation_Exodus_Israel?_branch_match_id=486075015344824811\" target=\"_self\" rel=\"noopener\">Israel ger<\/a><\/h3><p>Klicka p\u00e5 knappen nedan f\u00f6ra att g\u00e5 till sidan f\u00f6r Israel ger.<\/p>\n\t\t\t<a href=\"https:\/\/secured.israelgives.org\/donate\/Operation_Exodus_Israel?_branch_match_id=486075015344824811\" target=\"_blank\" rel=\"noopener\">\n\t\t\t\t\t\t\tIsrael ger\n\t\t\t\t\t<\/a>\n\t<p>Om du \u00e4r skattebetalare i Storbritannien och vill ge ditt bidrag som g\u00e5vobidrag kan du \u00f6ka det belopp du ger utan extra kostnad f\u00f6r dig sj\u00e4lv&#8230;<\/p>\n\t\t<h3><a href=\"https:\/\/www.cafonline.org\/my-personal-giving\/start-giving\/donate-now\" target=\"_self\" rel=\"noopener\">CAF<\/a><\/h3><p>Ge din g\u00e5va med hj\u00e4lp av systemet f\u00f6r g\u00e5vobist\u00e5nd. F\u00f6lj l\u00e4nken och s\u00f6k efter Ebenezer Aid Fund.<\/p>\n\t\t\t<a href=\"https:\/\/www.cafonline.org\/my-personal-giving\/start-giving\/donate-now\" target=\"_blank\" rel=\"noopener\">\n\t\t\t\t\t\t\tDonera\n\t\t\t\t\t<\/a>\n\n","protected":false},"excerpt":{"rendered":"<p>Donera &nbsp; &nbsp; V\u00e5rt arbete finns p\u00e5 alla kontinenter och i \u00f6ver 55 l\u00e4nder. Om du vill samarbeta med oss genom att ge ekonomisk support \u00e4r vi mycket tacksamma. Du kan g\u00f6ra detta p\u00e5 flera s\u00e4tt:. Paypal &amp; Kort Ge via Paypal eller ditt bankkort Om du vill ha g\u00e5vohj\u00e4lp (endast i Storbritannien), g\u00f6r en&hellip;<\/p>\n","protected":false},"author":1,"featured_media":0,"parent":0,"menu_order":0,"comment_status":"closed","ping_status":"closed","template":"","meta":{"footnotes":""},"class_list":["post-44125","page","type-page","status-publish","hentry"],"yoast_head":"<!-- This site is optimized with the Yoast SEO plugin v27.2 - https:\/\/yoast.com\/product\/yoast-seo-wordpress\/ -->\n<title>Donera - Ebenezer Operation Exodus<\/title>\n<meta name=\"robots\" content=\"index, follow, max-snippet:-1, max-image-preview:large, max-video-preview:-1\" \/>\n<link rel=\"canonical\" href=\"https:\/\/ebenezer-oe.org\/sv\/donera\/\" \/>\n<meta property=\"og:locale\" content=\"sv_SE\" \/>\n<meta property=\"og:type\" content=\"article\" \/>\n<meta property=\"og:title\" content=\"Donera - Ebenezer Operation Exodus\" \/>\n<meta property=\"og:description\" content=\"Donera &nbsp; &nbsp; V\u00e5rt arbete finns p\u00e5 alla kontinenter och i \u00f6ver 55 l\u00e4nder. Om du vill samarbeta med oss genom att ge ekonomisk support \u00e4r vi mycket tacksamma. Du kan g\u00f6ra detta p\u00e5 flera s\u00e4tt:. Paypal &amp; Kort Ge via Paypal eller ditt bankkort Om du vill ha g\u00e5vohj\u00e4lp (endast i Storbritannien), g\u00f6r en&hellip;\" \/>\n<meta property=\"og:url\" content=\"https:\/\/ebenezer-oe.org\/sv\/donera\/\" \/>\n<meta property=\"og:site_name\" content=\"Ebenezer Operation Exodus\" \/>\n<meta property=\"article:publisher\" content=\"https:\/\/www.facebook.com\/EbenezerInt\" \/>\n<meta property=\"article:modified_time\" content=\"2024-02-19T09:18:50+00:00\" \/>\n<meta name=\"twitter:card\" content=\"summary_large_image\" \/>\n<meta name=\"twitter:label1\" content=\"Ber\u00e4knad l\u00e4stid\" \/>\n\t<meta name=\"twitter:data1\" content=\"1 minut\" \/>\n<script type=\"application\/ld+json\" class=\"yoast-schema-graph\">{\"@context\":\"https:\/\/schema.org\",\"@graph\":[{\"@type\":\"WebPage\",\"@id\":\"https:\/\/ebenezer-oe.org\/sv\/donera\/\",\"url\":\"https:\/\/ebenezer-oe.org\/sv\/donera\/\",\"name\":\"Donera - Ebenezer Operation Exodus\",\"isPartOf\":{\"@id\":\"https:\/\/ebenezer-oe.org\/#website\"},\"datePublished\":\"2021-10-14T15:18:40+00:00\",\"dateModified\":\"2024-02-19T09:18:50+00:00\",\"breadcrumb\":{\"@id\":\"https:\/\/ebenezer-oe.org\/sv\/donera\/#breadcrumb\"},\"inLanguage\":\"sv-SE\",\"potentialAction\":[{\"@type\":\"ReadAction\",\"target\":[\"https:\/\/ebenezer-oe.org\/sv\/donera\/\"]}]},{\"@type\":\"BreadcrumbList\",\"@id\":\"https:\/\/ebenezer-oe.org\/sv\/donera\/#breadcrumb\",\"itemListElement\":[{\"@type\":\"ListItem\",\"position\":1,\"name\":\"Home\",\"item\":\"https:\/\/ebenezer-oe.org\/sv\/\"},{\"@type\":\"ListItem\",\"position\":2,\"name\":\"Donera\"}]},{\"@type\":\"WebSite\",\"@id\":\"https:\/\/ebenezer-oe.org\/#website\",\"url\":\"https:\/\/ebenezer-oe.org\/\",\"name\":\"Ebenezer - Operation Exodus\",\"description\":\"\",\"publisher\":{\"@id\":\"https:\/\/ebenezer-oe.org\/#organization\"},\"potentialAction\":[{\"@type\":\"SearchAction\",\"target\":{\"@type\":\"EntryPoint\",\"urlTemplate\":\"https:\/\/ebenezer-oe.org\/?s={search_term_string}\"},\"query-input\":{\"@type\":\"PropertyValueSpecification\",\"valueRequired\":true,\"valueName\":\"search_term_string\"}}],\"inLanguage\":\"sv-SE\"},{\"@type\":\"Organization\",\"@id\":\"https:\/\/ebenezer-oe.org\/#organization\",\"name\":\"Ebenezer - Operation Exodus\",\"url\":\"https:\/\/ebenezer-oe.org\/\",\"logo\":{\"@type\":\"ImageObject\",\"inLanguage\":\"sv-SE\",\"@id\":\"https:\/\/ebenezer-oe.org\/#\/schema\/logo\/image\/\",\"url\":\"https:\/\/ebenezeroe.wpengine.com\/wp-content\/uploads\/2020\/09\/Logo_EOE_EN_Colour-Horizontal.png\",\"contentUrl\":\"https:\/\/ebenezeroe.wpengine.com\/wp-content\/uploads\/2020\/09\/Logo_EOE_EN_Colour-Horizontal.png\",\"width\":1922,\"height\":928,\"caption\":\"Ebenezer - Operation Exodus\"},\"image\":{\"@id\":\"https:\/\/ebenezer-oe.org\/#\/schema\/logo\/image\/\"},\"sameAs\":[\"https:\/\/www.facebook.com\/EbenezerInt\",\"https:\/\/www.instagram.com\/ebenezer_oe_eng\/\",\"https:\/\/www.youtube.com\/channel\/UC6qGHrKKeamFVz95Vd8LR1g\"]}]}<\/script>\n<!-- \/ Yoast SEO plugin. -->","yoast_head_json":{"title":"Donera - Ebenezer Operation Exodus","robots":{"index":"index","follow":"follow","max-snippet":"max-snippet:-1","max-image-preview":"max-image-preview:large","max-video-preview":"max-video-preview:-1"},"canonical":"https:\/\/ebenezer-oe.org\/sv\/donera\/","og_locale":"sv_SE","og_type":"article","og_title":"Donera - Ebenezer Operation Exodus","og_description":"Donera &nbsp; &nbsp; V\u00e5rt arbete finns p\u00e5 alla kontinenter och i \u00f6ver 55 l\u00e4nder. Om du vill samarbeta med oss genom att ge ekonomisk support \u00e4r vi mycket tacksamma. Du kan g\u00f6ra detta p\u00e5 flera s\u00e4tt:. Paypal &amp; Kort Ge via Paypal eller ditt bankkort Om du vill ha g\u00e5vohj\u00e4lp (endast i Storbritannien), g\u00f6r en&hellip;","og_url":"https:\/\/ebenezer-oe.org\/sv\/donera\/","og_site_name":"Ebenezer Operation Exodus","article_publisher":"https:\/\/www.facebook.com\/EbenezerInt","article_modified_time":"2024-02-19T09:18:50+00:00","twitter_card":"summary_large_image","twitter_misc":{"Ber\u00e4knad l\u00e4stid":"1 minut"},"schema":{"@context":"https:\/\/schema.org","@graph":[{"@type":"WebPage","@id":"https:\/\/ebenezer-oe.org\/sv\/donera\/","url":"https:\/\/ebenezer-oe.org\/sv\/donera\/","name":"Donera - Ebenezer Operation Exodus","isPartOf":{"@id":"https:\/\/ebenezer-oe.org\/#website"},"datePublished":"2021-10-14T15:18:40+00:00","dateModified":"2024-02-19T09:18:50+00:00","breadcrumb":{"@id":"https:\/\/ebenezer-oe.org\/sv\/donera\/#breadcrumb"},"inLanguage":"sv-SE","potentialAction":[{"@type":"ReadAction","target":["https:\/\/ebenezer-oe.org\/sv\/donera\/"]}]},{"@type":"BreadcrumbList","@id":"https:\/\/ebenezer-oe.org\/sv\/donera\/#breadcrumb","itemListElement":[{"@type":"ListItem","position":1,"name":"Home","item":"https:\/\/ebenezer-oe.org\/sv\/"},{"@type":"ListItem","position":2,"name":"Donera"}]},{"@type":"WebSite","@id":"https:\/\/ebenezer-oe.org\/#website","url":"https:\/\/ebenezer-oe.org\/","name":"Ebenezer - Operation Exodus","description":"","publisher":{"@id":"https:\/\/ebenezer-oe.org\/#organization"},"potentialAction":[{"@type":"SearchAction","target":{"@type":"EntryPoint","urlTemplate":"https:\/\/ebenezer-oe.org\/?s={search_term_string}"},"query-input":{"@type":"PropertyValueSpecification","valueRequired":true,"valueName":"search_term_string"}}],"inLanguage":"sv-SE"},{"@type":"Organization","@id":"https:\/\/ebenezer-oe.org\/#organization","name":"Ebenezer - Operation Exodus","url":"https:\/\/ebenezer-oe.org\/","logo":{"@type":"ImageObject","inLanguage":"sv-SE","@id":"https:\/\/ebenezer-oe.org\/#\/schema\/logo\/image\/","url":"https:\/\/ebenezeroe.wpengine.com\/wp-content\/uploads\/2020\/09\/Logo_EOE_EN_Colour-Horizontal.png","contentUrl":"https:\/\/ebenezeroe.wpengine.com\/wp-content\/uploads\/2020\/09\/Logo_EOE_EN_Colour-Horizontal.png","width":1922,"height":928,"caption":"Ebenezer - Operation Exodus"},"image":{"@id":"https:\/\/ebenezer-oe.org\/#\/schema\/logo\/image\/"},"sameAs":["https:\/\/www.facebook.com\/EbenezerInt","https:\/\/www.instagram.com\/ebenezer_oe_eng\/","https:\/\/www.youtube.com\/channel\/UC6qGHrKKeamFVz95Vd8LR1g"]}]}},"_links":{"self":[{"href":"https:\/\/ebenezer-oe.org\/sv\/wp-json\/wp\/v2\/pages\/44125","targetHints":{"allow":["GET"]}}],"collection":[{"href":"https:\/\/ebenezer-oe.org\/sv\/wp-json\/wp\/v2\/pages"}],"about":[{"href":"https:\/\/ebenezer-oe.org\/sv\/wp-json\/wp\/v2\/types\/page"}],"author":[{"embeddable":true,"href":"https:\/\/ebenezer-oe.org\/sv\/wp-json\/wp\/v2\/users\/1"}],"replies":[{"embeddable":true,"href":"https:\/\/ebenezer-oe.org\/sv\/wp-json\/wp\/v2\/comments?post=44125"}],"version-history":[{"count":0,"href":"https:\/\/ebenezer-oe.org\/sv\/wp-json\/wp\/v2\/pages\/44125\/revisions"}],"wp:attachment":[{"href":"https:\/\/ebenezer-oe.org\/sv\/wp-json\/wp\/v2\/media?parent=44125"}],"curies":[{"name":"wp","href":"https:\/\/api.w.org\/{rel}","templated":true}]}}