{"id":47921,"date":"2021-12-06T09:46:30","date_gmt":"2021-12-06T09:46:30","guid":{"rendered":"https:\/\/ebenezer-oe.org\/i-ditt-land\/"},"modified":"2025-08-05T13:56:05","modified_gmt":"2025-08-05T13:56:05","slug":"i-ditt-land","status":"publish","type":"page","link":"https:\/\/ebenezer-oe.org\/sv\/i-ditt-land\/","title":{"rendered":"I Ditt Land"},"content":{"rendered":"\n<h2>\n\t\t\tI Ditt Land\t<\/h2>\n\t<p>Se vad som h\u00e4nder i ditt land.<\/p>\n\t<p>V\u00e5rt arbete har varit internationellt \u00e4nda sedan starten i Jerusalem 1991. D\u00e5 var 120 f\u00f6rebedjare fr\u00e5n flera olika nationer samlade f\u00f6r att tillsammans be f\u00f6r Israel.<\/p>\n\t<p>Vi arbetar i cirka 60 l\u00e4nder \u00f6ver 6 kontinenter och jobbar med att bygga relationer mellan dessa l\u00e4nder.<\/p>\n<h2>\n\t\t\tEuropa\t<\/h2>\n\t\t\t\t<a href=\"https:\/\/ebenezer.be\"  target=\"_blank\" rel=\"noopener\"  itemprop=\"url\">\n\t\t\t\t<img decoding=\"async\" data-src=\"https:\/\/ebenezer-oe.org\/wp-content\/uploads\/2023\/09\/belgium.png\" alt=\"belgium\" itemprop=\"image\" height=\"1080\" width=\"1080\" title=\"belgium\" onerror=\"this.style.display='none'\" src=\"data:image\/svg+xml;base64,PHN2ZyB3aWR0aD0iMSIgaGVpZ2h0PSIxIiB4bWxucz0iaHR0cDovL3d3dy53My5vcmcvMjAwMC9zdmciPjwvc3ZnPg==\" class=\"lazyload\" style=\"--smush-placeholder-width: 1080px; --smush-placeholder-aspect-ratio: 1080\/1080;\" \/>\n\t\t\t\t<\/a>\n<h2>\n\t\t\tBelgien\t<\/h2>\n\t\t\t\t<a href=\"https:\/\/ebenezer-oe.org\/cyprus\/\"  target=\"_self\" itemprop=\"url\">\n\t\t\t\t<img decoding=\"async\" data-src=\"https:\/\/ebenezer-oe.org\/wp-content\/uploads\/2022\/11\/Website-Transparent-background-13.png\" alt=\"Website Transparent background-13\" itemprop=\"image\" height=\"1080\" width=\"1080\" title=\"Website Transparent background-13\" onerror=\"this.style.display='none'\" src=\"data:image\/svg+xml;base64,PHN2ZyB3aWR0aD0iMSIgaGVpZ2h0PSIxIiB4bWxucz0iaHR0cDovL3d3dy53My5vcmcvMjAwMC9zdmciPjwvc3ZnPg==\" class=\"lazyload\" style=\"--smush-placeholder-width: 1080px; --smush-placeholder-aspect-ratio: 1080\/1080;\" \/>\n\t\t\t\t<\/a>\n<h2>\n\t\t<a href=\"https:\/\/ebenezeroe.wpengine.com\/cyprus\/\" title=\"Cypern\"  target=\"_self\">\n\t\t\tCypern\t\t<\/a>\n\t<\/h2>\n\t\t\t\t<a href=\"http:\/\/alyah.net\"  target=\"_blank\" rel=\"noopener\"  itemprop=\"url\">\n\t\t\t\t<img decoding=\"async\" data-src=\"https:\/\/ebenezeroe.wpengine.com\/wp-content\/uploads\/2021\/08\/9.png\" alt=\"9\" itemprop=\"image\" title=\"9\" onerror=\"this.style.display='none'\" src=\"data:image\/svg+xml;base64,PHN2ZyB3aWR0aD0iMSIgaGVpZ2h0PSIxIiB4bWxucz0iaHR0cDovL3d3dy53My5vcmcvMjAwMC9zdmciPjwvc3ZnPg==\" class=\"lazyload\" \/>\n\t\t\t\t<\/a>\n<h2>\n\t\t\tFrankrike\t<\/h2>\n\t\t\t\t<a href=\"http:\/\/ebenezer-oe.org\/nl\/nederland\/\"  target=\"_self\" itemprop=\"url\">\n\t\t\t\t<img decoding=\"async\" data-src=\"https:\/\/ebenezer-oe.org\/wp-content\/uploads\/2022\/11\/Website-Transparent-background-14.png\" alt=\"Website Transparent background-14\" itemprop=\"image\" height=\"1080\" width=\"1080\" title=\"Website Transparent background-14\" onerror=\"this.style.display='none'\" src=\"data:image\/svg+xml;base64,PHN2ZyB3aWR0aD0iMSIgaGVpZ2h0PSIxIiB4bWxucz0iaHR0cDovL3d3dy53My5vcmcvMjAwMC9zdmciPjwvc3ZnPg==\" class=\"lazyload\" style=\"--smush-placeholder-width: 1080px; --smush-placeholder-aspect-ratio: 1080\/1080;\" \/>\n\t\t\t\t<\/a>\n<h2>\n\t\t\tNederl\u00e4nderna\t<\/h2>\n\t\t\t\t<a href=\"https:\/\/sites.google.com\/view\/ebenezer-emergenzy-fund-norge\/start\"  target=\"_blank\" rel=\"noopener\"  itemprop=\"url\">\n\t\t\t\t<img decoding=\"async\" data-src=\"https:\/\/ebenezeroe.wpengine.com\/wp-content\/uploads\/2021\/10\/Website-Transparent-background.png\" alt=\"Website Transparent background\" itemprop=\"image\" title=\"Website Transparent background\" onerror=\"this.style.display='none'\" src=\"data:image\/svg+xml;base64,PHN2ZyB3aWR0aD0iMSIgaGVpZ2h0PSIxIiB4bWxucz0iaHR0cDovL3d3dy53My5vcmcvMjAwMC9zdmciPjwvc3ZnPg==\" class=\"lazyload\" \/>\n\t\t\t\t<\/a>\n<h2>\n\t\t\tNorge\t<\/h2>\n\t\t\t\t<a href=\"https:\/\/ebenezer-oe.org\/de\/schweiz\/\"  target=\"_self\" itemprop=\"url\">\n\t\t\t\t<img decoding=\"async\" data-src=\"https:\/\/ebenezer-oe.org\/wp-content\/uploads\/2023\/09\/switzerland-2.png\" alt=\"switzerland-2\" itemprop=\"image\" height=\"1080\" width=\"1080\" title=\"switzerland-2\" onerror=\"this.style.display='none'\" src=\"data:image\/svg+xml;base64,PHN2ZyB3aWR0aD0iMSIgaGVpZ2h0PSIxIiB4bWxucz0iaHR0cDovL3d3dy53My5vcmcvMjAwMC9zdmciPjwvc3ZnPg==\" class=\"lazyload\" style=\"--smush-placeholder-width: 1080px; --smush-placeholder-aspect-ratio: 1080\/1080;\" \/>\n\t\t\t\t<\/a>\n<h2>\n\t\t\tSchweiz\t<\/h2>\n\t\t\t\t<a href=\"https:\/\/ebenezer-oe.org\/uk\/\"  target=\"_self\" itemprop=\"url\">\n\t\t\t\t<img decoding=\"async\" data-src=\"https:\/\/ebenezer-oe.org\/wp-content\/uploads\/2021\/06\/Untitled-design-51.png\" alt=\"Untitled design-51\" itemprop=\"image\" height=\"1080\" width=\"1080\" title=\"Untitled design-51\" onerror=\"this.style.display='none'\" src=\"data:image\/svg+xml;base64,PHN2ZyB3aWR0aD0iMSIgaGVpZ2h0PSIxIiB4bWxucz0iaHR0cDovL3d3dy53My5vcmcvMjAwMC9zdmciPjwvc3ZnPg==\" class=\"lazyload\" style=\"--smush-placeholder-width: 1080px; --smush-placeholder-aspect-ratio: 1080\/1080;\" \/>\n\t\t\t\t<\/a>\n<h2>\n\t\t\tStorbritannien och Irland\t<\/h2>\n\t\t\t\t<a href=\"https:\/\/ebenezer-oe.org\/de\/deutschland\/\"  target=\"_self\" itemprop=\"url\">\n\t\t\t\t<img decoding=\"async\" data-src=\"https:\/\/ebenezer-oe.org\/wp-content\/uploads\/2023\/10\/germany-.png\" alt=\"germany\" itemprop=\"image\" height=\"1080\" width=\"1080\" title=\"germany\" onerror=\"this.style.display='none'\" src=\"data:image\/svg+xml;base64,PHN2ZyB3aWR0aD0iMSIgaGVpZ2h0PSIxIiB4bWxucz0iaHR0cDovL3d3dy53My5vcmcvMjAwMC9zdmciPjwvc3ZnPg==\" class=\"lazyload\" style=\"--smush-placeholder-width: 1080px; --smush-placeholder-aspect-ratio: 1080\/1080;\" \/>\n\t\t\t\t<\/a>\n<h2>\n\t\t\tTyskland\t<\/h2>\n\t\t\t\t<a href=\"https:\/\/ebenezer-oe.org\/sv\/sverige\/\"  target=\"_self\" itemprop=\"url\">\n\t\t\t\t<img decoding=\"async\" data-src=\"https:\/\/ebenezer-oe.org\/wp-content\/uploads\/2025\/08\/Sweden.png\" alt=\"Sweden\" itemprop=\"image\" height=\"1080\" width=\"1080\" title=\"Sweden\" onerror=\"this.style.display='none'\" src=\"data:image\/svg+xml;base64,PHN2ZyB3aWR0aD0iMSIgaGVpZ2h0PSIxIiB4bWxucz0iaHR0cDovL3d3dy53My5vcmcvMjAwMC9zdmciPjwvc3ZnPg==\" class=\"lazyload\" style=\"--smush-placeholder-width: 1080px; --smush-placeholder-aspect-ratio: 1080\/1080;\" \/>\n\t\t\t\t<\/a>\n<h2>\n\t\t<a href=\"https:\/\/ebenezer-oe.org\/sverige\/\" title=\"Sverige\"  target=\"_self\">\n\t\t\tSverige\t\t<\/a>\n\t<\/h2>\n<h2>\n\t\t\tNord- och Sydamerika\t<\/h2>\n\t\t\t\t<a href=\"https:\/\/operationexodus.ca\"  target=\"_blank\" rel=\"noopener\"  itemprop=\"url\">\n\t\t\t\t<img decoding=\"async\" data-src=\"https:\/\/ebenezeroe.wpengine.com\/wp-content\/uploads\/2021\/08\/4.png\" alt=\"4\" itemprop=\"image\" title=\"4\" onerror=\"this.style.display='none'\" src=\"data:image\/svg+xml;base64,PHN2ZyB3aWR0aD0iMSIgaGVpZ2h0PSIxIiB4bWxucz0iaHR0cDovL3d3dy53My5vcmcvMjAwMC9zdmciPjwvc3ZnPg==\" class=\"lazyload\" \/>\n\t\t\t\t<\/a>\n<h2>\n\t\t\tKanada\t<\/h2>\n\t\t\t\t<a href=\"https:\/\/ebenezer-oe.org\/es\/america-latina\/\"  target=\"_self\" itemprop=\"url\">\n\t\t\t\t<img decoding=\"async\" data-src=\"https:\/\/ebenezer-oe.org\/wp-content\/uploads\/2023\/09\/Website-Transparent-background-3.png\" alt=\"Website Transparent background-3\" itemprop=\"image\" height=\"1080\" width=\"1080\" title=\"Website Transparent background-3\" onerror=\"this.style.display='none'\" src=\"data:image\/svg+xml;base64,PHN2ZyB3aWR0aD0iMSIgaGVpZ2h0PSIxIiB4bWxucz0iaHR0cDovL3d3dy53My5vcmcvMjAwMC9zdmciPjwvc3ZnPg==\" class=\"lazyload\" style=\"--smush-placeholder-width: 1080px; --smush-placeholder-aspect-ratio: 1080\/1080;\" \/>\n\t\t\t\t<\/a>\n<h2>\n\t\t\tLatinamerika\t<\/h2>\n\t\t\t\t<a href=\"https:\/\/ebenezer-oe.org\/es\/mexico\/\"  target=\"_self\" itemprop=\"url\">\n\t\t\t\t<img decoding=\"async\" data-src=\"https:\/\/ebenezer-oe.org\/wp-content\/uploads\/2022\/10\/Website-Transparent-background-8.png\" alt=\"Website Transparent background-8\" itemprop=\"image\" height=\"1080\" width=\"1080\" title=\"Website Transparent background-8\" onerror=\"this.style.display='none'\" src=\"data:image\/svg+xml;base64,PHN2ZyB3aWR0aD0iMSIgaGVpZ2h0PSIxIiB4bWxucz0iaHR0cDovL3d3dy53My5vcmcvMjAwMC9zdmciPjwvc3ZnPg==\" class=\"lazyload\" style=\"--smush-placeholder-width: 1080px; --smush-placeholder-aspect-ratio: 1080\/1080;\" \/>\n\t\t\t\t<\/a>\n<h2>\n\t\t\tMexiko\t<\/h2>\n\t\t\t\t<a href=\"https:\/\/operationexodususa.org\"  target=\"_blank\" rel=\"noopener\"  itemprop=\"url\">\n\t\t\t\t<img decoding=\"async\" data-src=\"https:\/\/ebenezeroe.wpengine.com\/wp-content\/uploads\/2021\/08\/5.png\" alt=\"5\" itemprop=\"image\" title=\"5\" onerror=\"this.style.display='none'\" src=\"data:image\/svg+xml;base64,PHN2ZyB3aWR0aD0iMSIgaGVpZ2h0PSIxIiB4bWxucz0iaHR0cDovL3d3dy53My5vcmcvMjAwMC9zdmciPjwvc3ZnPg==\" class=\"lazyload\" \/>\n\t\t\t\t<\/a>\n<h2>\n\t\t\tUSA\t<\/h2>\n<h2>\n\t\t\tIsrael\t<\/h2>\n\t\t\t\t<a href=\"https:\/\/ebenezer.org.il\"  target=\"_blank\" rel=\"noopener\"  itemprop=\"url\">\n\t\t\t\t<img decoding=\"async\" data-src=\"https:\/\/ebenezeroe.wpengine.com\/wp-content\/uploads\/2021\/12\/Website-Transparent-background-3.png\" alt=\"Website Transparent background-3\" itemprop=\"image\" title=\"Website Transparent background-3\" onerror=\"this.style.display='none'\" src=\"data:image\/svg+xml;base64,PHN2ZyB3aWR0aD0iMSIgaGVpZ2h0PSIxIiB4bWxucz0iaHR0cDovL3d3dy53My5vcmcvMjAwMC9zdmciPjwvc3ZnPg==\" class=\"lazyload\" \/>\n\t\t\t\t<\/a>\n<h2>\n\t\t\tIsrael\t<\/h2>\n<h2>\n\t\t\tAsien och Stillahavsomr\u00e5det\t<\/h2>\n\t\t\t\t<a href=\"https:\/\/www.eoeaspac.org\/australia-1\"  target=\"_blank\" rel=\"noopener\"  itemprop=\"url\">\n\t\t\t\t<img decoding=\"async\" data-src=\"https:\/\/ebenezeroe.wpengine.com\/wp-content\/uploads\/2021\/08\/6.png\" alt=\"6\" itemprop=\"image\" title=\"6\" onerror=\"this.style.display='none'\" src=\"data:image\/svg+xml;base64,PHN2ZyB3aWR0aD0iMSIgaGVpZ2h0PSIxIiB4bWxucz0iaHR0cDovL3d3dy53My5vcmcvMjAwMC9zdmciPjwvc3ZnPg==\" class=\"lazyload\" \/>\n\t\t\t\t<\/a>\n<h2>\n\t\t\tAustralien\t<\/h2>\n\t\t\t\t<a href=\"https:\/\/www.eoeaspac.org\/new-zealand\"  target=\"_blank\" rel=\"noopener\"  itemprop=\"url\">\n\t\t\t\t<img decoding=\"async\" data-src=\"https:\/\/ebenezeroe.wpengine.com\/wp-content\/uploads\/2021\/08\/7.png\" alt=\"7\" itemprop=\"image\" title=\"7\" onerror=\"this.style.display='none'\" src=\"data:image\/svg+xml;base64,PHN2ZyB3aWR0aD0iMSIgaGVpZ2h0PSIxIiB4bWxucz0iaHR0cDovL3d3dy53My5vcmcvMjAwMC9zdmciPjwvc3ZnPg==\" class=\"lazyload\" \/>\n\t\t\t\t<\/a>\n<h2>\n\t\t\tNya Zeeland\t<\/h2>\n\t\t\t\t<a href=\"https:\/\/www.eoeaspac.org\/singapore\"  target=\"_blank\" rel=\"noopener\"  itemprop=\"url\">\n\t\t\t\t<img decoding=\"async\" data-src=\"https:\/\/ebenezeroe.wpengine.com\/wp-content\/uploads\/2021\/08\/8.png\" alt=\"8\" itemprop=\"image\" title=\"8\" onerror=\"this.style.display='none'\" src=\"data:image\/svg+xml;base64,PHN2ZyB3aWR0aD0iMSIgaGVpZ2h0PSIxIiB4bWxucz0iaHR0cDovL3d3dy53My5vcmcvMjAwMC9zdmciPjwvc3ZnPg==\" class=\"lazyload\" \/>\n\t\t\t\t<\/a>\n<h2>\n\t\t\tSingapore\t<\/h2>\n\t\t\t\t<a href=\"https:\/\/www.eoeaspac.org\/philippines\"  target=\"_blank\" rel=\"noopener\"  itemprop=\"url\">\n\t\t\t\t<img decoding=\"async\" data-src=\"https:\/\/ebenezer-oe.org\/wp-content\/uploads\/2023\/09\/phillipines.png\" alt=\"phillipines\" itemprop=\"image\" height=\"1080\" width=\"1080\" title=\"phillipines\" onerror=\"this.style.display='none'\" src=\"data:image\/svg+xml;base64,PHN2ZyB3aWR0aD0iMSIgaGVpZ2h0PSIxIiB4bWxucz0iaHR0cDovL3d3dy53My5vcmcvMjAwMC9zdmciPjwvc3ZnPg==\" class=\"lazyload\" style=\"--smush-placeholder-width: 1080px; --smush-placeholder-aspect-ratio: 1080\/1080;\" \/>\n\t\t\t\t<\/a>\n<h2>\n\t\t\tFilippinerna\t<\/h2>\n\t\t\t\t<a href=\"https:\/\/www.eoeaspac.org\/asia-pacific\"  target=\"_blank\" rel=\"noopener\"  itemprop=\"url\">\n\t\t\t\t<img decoding=\"async\" data-src=\"https:\/\/ebenezer-oe.org\/wp-content\/uploads\/2023\/09\/asia-pacific.png\" alt=\"asia pacific\" itemprop=\"image\" height=\"1080\" width=\"1080\" title=\"asia pacific\" onerror=\"this.style.display='none'\" src=\"data:image\/svg+xml;base64,PHN2ZyB3aWR0aD0iMSIgaGVpZ2h0PSIxIiB4bWxucz0iaHR0cDovL3d3dy53My5vcmcvMjAwMC9zdmciPjwvc3ZnPg==\" class=\"lazyload\" style=\"--smush-placeholder-width: 1080px; --smush-placeholder-aspect-ratio: 1080\/1080;\" \/>\n\t\t\t\t<\/a>\n<h2>\n\t\t\t\u00d6vriga Asien-Stillahavsomr\u00e5det\t<\/h2>\n<h2>\n\t\t\tAfrika\t<\/h2>\n\t\t\t\t<a href=\"https:\/\/ebenezer-oe.org\/southafrica\/\"  target=\"_self\" itemprop=\"url\">\n\t\t\t\t<img decoding=\"async\" data-src=\"https:\/\/ebenezer-oe.org\/wp-content\/uploads\/2023\/04\/Website-Transparent-background-17.png\" alt=\"Website Transparent background-17\" itemprop=\"image\" height=\"1080\" width=\"1080\" title=\"Website Transparent background-17\" onerror=\"this.style.display='none'\" src=\"data:image\/svg+xml;base64,PHN2ZyB3aWR0aD0iMSIgaGVpZ2h0PSIxIiB4bWxucz0iaHR0cDovL3d3dy53My5vcmcvMjAwMC9zdmciPjwvc3ZnPg==\" class=\"lazyload\" style=\"--smush-placeholder-width: 1080px; --smush-placeholder-aspect-ratio: 1080\/1080;\" \/>\n\t\t\t\t<\/a>\n<h2>\n\t\t<a href=\"https:\/\/ebenezer-oe.org\/southafrica\/\" title=\"Sydafrika\"  target=\"_self\">\n\t\t\tSydafrika\t\t<\/a>\n\t<\/h2>\n\t\t\t\t<a href=\"https:\/\/ebenezer-oe.org\/fr\/drcongo\/\"  target=\"_self\" itemprop=\"url\">\n\t\t\t\t<img decoding=\"async\" data-src=\"https:\/\/ebenezer-oe.org\/wp-content\/uploads\/2023\/10\/DRC.png\" alt=\"DRC\" itemprop=\"image\" height=\"1080\" width=\"1080\" title=\"DRC\" onerror=\"this.style.display='none'\" src=\"data:image\/svg+xml;base64,PHN2ZyB3aWR0aD0iMSIgaGVpZ2h0PSIxIiB4bWxucz0iaHR0cDovL3d3dy53My5vcmcvMjAwMC9zdmciPjwvc3ZnPg==\" class=\"lazyload\" style=\"--smush-placeholder-width: 1080px; --smush-placeholder-aspect-ratio: 1080\/1080;\" \/>\n\t\t\t\t<\/a>\n<h2>\n\t\t<a href=\"https:\/\/ebenezer-oe.org\/fr\/drcongo\/\" title=\"Demokratiska republiken Kongo\"  target=\"_self\">\n\t\t\tDemokratiska republiken Kongo\t\t<\/a>\n\t<\/h2>\n\n","protected":false},"excerpt":{"rendered":"<p>I Ditt Land Se vad som h\u00e4nder i ditt land. V\u00e5rt arbete har varit internationellt \u00e4nda sedan starten i Jerusalem 1991. D\u00e5 var 120 f\u00f6rebedjare fr\u00e5n flera olika nationer samlade f\u00f6r att tillsammans be f\u00f6r Israel. Vi arbetar i cirka 60 l\u00e4nder \u00f6ver 6 kontinenter och jobbar med att bygga relationer mellan dessa l\u00e4nder. Europa&hellip;<\/p>\n","protected":false},"author":1,"featured_media":0,"parent":0,"menu_order":0,"comment_status":"closed","ping_status":"closed","template":"","meta":{"footnotes":""},"class_list":["post-47921","page","type-page","status-publish","hentry"],"yoast_head":"<!-- This site is optimized with the Yoast SEO plugin v27.2 - https:\/\/yoast.com\/product\/yoast-seo-wordpress\/ -->\n<title>I Ditt Land - Ebenezer Operation Exodus<\/title>\n<meta name=\"robots\" content=\"index, follow, max-snippet:-1, max-image-preview:large, max-video-preview:-1\" \/>\n<link rel=\"canonical\" href=\"https:\/\/ebenezer-oe.org\/sv\/i-ditt-land\/\" \/>\n<meta property=\"og:locale\" content=\"sv_SE\" \/>\n<meta property=\"og:type\" content=\"article\" \/>\n<meta property=\"og:title\" content=\"I Ditt Land - Ebenezer Operation Exodus\" \/>\n<meta property=\"og:description\" content=\"I Ditt Land Se vad som h\u00e4nder i ditt land. V\u00e5rt arbete har varit internationellt \u00e4nda sedan starten i Jerusalem 1991. D\u00e5 var 120 f\u00f6rebedjare fr\u00e5n flera olika nationer samlade f\u00f6r att tillsammans be f\u00f6r Israel. Vi arbetar i cirka 60 l\u00e4nder \u00f6ver 6 kontinenter och jobbar med att bygga relationer mellan dessa l\u00e4nder. Europa&hellip;\" \/>\n<meta property=\"og:url\" content=\"https:\/\/ebenezer-oe.org\/sv\/i-ditt-land\/\" \/>\n<meta property=\"og:site_name\" content=\"Ebenezer Operation Exodus\" \/>\n<meta property=\"article:publisher\" content=\"https:\/\/www.facebook.com\/EbenezerInt\" \/>\n<meta property=\"article:modified_time\" content=\"2025-08-05T13:56:05+00:00\" \/>\n<meta property=\"og:image\" content=\"https:\/\/ebenezer-oe.org\/wp-content\/uploads\/2023\/09\/belgium.png\" \/>\n<meta name=\"twitter:card\" content=\"summary_large_image\" \/>\n<script type=\"application\/ld+json\" class=\"yoast-schema-graph\">{\"@context\":\"https:\/\/schema.org\",\"@graph\":[{\"@type\":\"WebPage\",\"@id\":\"https:\/\/ebenezer-oe.org\/sv\/i-ditt-land\/\",\"url\":\"https:\/\/ebenezer-oe.org\/sv\/i-ditt-land\/\",\"name\":\"I Ditt Land - Ebenezer Operation Exodus\",\"isPartOf\":{\"@id\":\"https:\/\/ebenezer-oe.org\/#website\"},\"primaryImageOfPage\":{\"@id\":\"https:\/\/ebenezer-oe.org\/sv\/i-ditt-land\/#primaryimage\"},\"image\":{\"@id\":\"https:\/\/ebenezer-oe.org\/sv\/i-ditt-land\/#primaryimage\"},\"thumbnailUrl\":\"https:\/\/ebenezer-oe.org\/wp-content\/uploads\/2023\/09\/belgium.png\",\"datePublished\":\"2021-12-06T09:46:30+00:00\",\"dateModified\":\"2025-08-05T13:56:05+00:00\",\"breadcrumb\":{\"@id\":\"https:\/\/ebenezer-oe.org\/sv\/i-ditt-land\/#breadcrumb\"},\"inLanguage\":\"sv-SE\",\"potentialAction\":[{\"@type\":\"ReadAction\",\"target\":[\"https:\/\/ebenezer-oe.org\/sv\/i-ditt-land\/\"]}]},{\"@type\":\"ImageObject\",\"inLanguage\":\"sv-SE\",\"@id\":\"https:\/\/ebenezer-oe.org\/sv\/i-ditt-land\/#primaryimage\",\"url\":\"https:\/\/ebenezer-oe.org\/wp-content\/uploads\/2023\/09\/belgium.png\",\"contentUrl\":\"https:\/\/ebenezer-oe.org\/wp-content\/uploads\/2023\/09\/belgium.png\"},{\"@type\":\"BreadcrumbList\",\"@id\":\"https:\/\/ebenezer-oe.org\/sv\/i-ditt-land\/#breadcrumb\",\"itemListElement\":[{\"@type\":\"ListItem\",\"position\":1,\"name\":\"Home\",\"item\":\"https:\/\/ebenezer-oe.org\/sv\/\"},{\"@type\":\"ListItem\",\"position\":2,\"name\":\"I Ditt Land\"}]},{\"@type\":\"WebSite\",\"@id\":\"https:\/\/ebenezer-oe.org\/#website\",\"url\":\"https:\/\/ebenezer-oe.org\/\",\"name\":\"Ebenezer - Operation Exodus\",\"description\":\"\",\"publisher\":{\"@id\":\"https:\/\/ebenezer-oe.org\/#organization\"},\"potentialAction\":[{\"@type\":\"SearchAction\",\"target\":{\"@type\":\"EntryPoint\",\"urlTemplate\":\"https:\/\/ebenezer-oe.org\/?s={search_term_string}\"},\"query-input\":{\"@type\":\"PropertyValueSpecification\",\"valueRequired\":true,\"valueName\":\"search_term_string\"}}],\"inLanguage\":\"sv-SE\"},{\"@type\":\"Organization\",\"@id\":\"https:\/\/ebenezer-oe.org\/#organization\",\"name\":\"Ebenezer - Operation Exodus\",\"url\":\"https:\/\/ebenezer-oe.org\/\",\"logo\":{\"@type\":\"ImageObject\",\"inLanguage\":\"sv-SE\",\"@id\":\"https:\/\/ebenezer-oe.org\/#\/schema\/logo\/image\/\",\"url\":\"https:\/\/ebenezeroe.wpengine.com\/wp-content\/uploads\/2020\/09\/Logo_EOE_EN_Colour-Horizontal.png\",\"contentUrl\":\"https:\/\/ebenezeroe.wpengine.com\/wp-content\/uploads\/2020\/09\/Logo_EOE_EN_Colour-Horizontal.png\",\"width\":1922,\"height\":928,\"caption\":\"Ebenezer - Operation Exodus\"},\"image\":{\"@id\":\"https:\/\/ebenezer-oe.org\/#\/schema\/logo\/image\/\"},\"sameAs\":[\"https:\/\/www.facebook.com\/EbenezerInt\",\"https:\/\/www.instagram.com\/ebenezer_oe_eng\/\",\"https:\/\/www.youtube.com\/channel\/UC6qGHrKKeamFVz95Vd8LR1g\"]}]}<\/script>\n<!-- \/ Yoast SEO plugin. -->","yoast_head_json":{"title":"I Ditt Land - Ebenezer Operation Exodus","robots":{"index":"index","follow":"follow","max-snippet":"max-snippet:-1","max-image-preview":"max-image-preview:large","max-video-preview":"max-video-preview:-1"},"canonical":"https:\/\/ebenezer-oe.org\/sv\/i-ditt-land\/","og_locale":"sv_SE","og_type":"article","og_title":"I Ditt Land - Ebenezer Operation Exodus","og_description":"I Ditt Land Se vad som h\u00e4nder i ditt land. V\u00e5rt arbete har varit internationellt \u00e4nda sedan starten i Jerusalem 1991. D\u00e5 var 120 f\u00f6rebedjare fr\u00e5n flera olika nationer samlade f\u00f6r att tillsammans be f\u00f6r Israel. Vi arbetar i cirka 60 l\u00e4nder \u00f6ver 6 kontinenter och jobbar med att bygga relationer mellan dessa l\u00e4nder. Europa&hellip;","og_url":"https:\/\/ebenezer-oe.org\/sv\/i-ditt-land\/","og_site_name":"Ebenezer Operation Exodus","article_publisher":"https:\/\/www.facebook.com\/EbenezerInt","article_modified_time":"2025-08-05T13:56:05+00:00","og_image":[{"url":"https:\/\/ebenezer-oe.org\/wp-content\/uploads\/2023\/09\/belgium.png","type":"","width":"","height":""}],"twitter_card":"summary_large_image","schema":{"@context":"https:\/\/schema.org","@graph":[{"@type":"WebPage","@id":"https:\/\/ebenezer-oe.org\/sv\/i-ditt-land\/","url":"https:\/\/ebenezer-oe.org\/sv\/i-ditt-land\/","name":"I Ditt Land - Ebenezer Operation Exodus","isPartOf":{"@id":"https:\/\/ebenezer-oe.org\/#website"},"primaryImageOfPage":{"@id":"https:\/\/ebenezer-oe.org\/sv\/i-ditt-land\/#primaryimage"},"image":{"@id":"https:\/\/ebenezer-oe.org\/sv\/i-ditt-land\/#primaryimage"},"thumbnailUrl":"https:\/\/ebenezer-oe.org\/wp-content\/uploads\/2023\/09\/belgium.png","datePublished":"2021-12-06T09:46:30+00:00","dateModified":"2025-08-05T13:56:05+00:00","breadcrumb":{"@id":"https:\/\/ebenezer-oe.org\/sv\/i-ditt-land\/#breadcrumb"},"inLanguage":"sv-SE","potentialAction":[{"@type":"ReadAction","target":["https:\/\/ebenezer-oe.org\/sv\/i-ditt-land\/"]}]},{"@type":"ImageObject","inLanguage":"sv-SE","@id":"https:\/\/ebenezer-oe.org\/sv\/i-ditt-land\/#primaryimage","url":"https:\/\/ebenezer-oe.org\/wp-content\/uploads\/2023\/09\/belgium.png","contentUrl":"https:\/\/ebenezer-oe.org\/wp-content\/uploads\/2023\/09\/belgium.png"},{"@type":"BreadcrumbList","@id":"https:\/\/ebenezer-oe.org\/sv\/i-ditt-land\/#breadcrumb","itemListElement":[{"@type":"ListItem","position":1,"name":"Home","item":"https:\/\/ebenezer-oe.org\/sv\/"},{"@type":"ListItem","position":2,"name":"I Ditt Land"}]},{"@type":"WebSite","@id":"https:\/\/ebenezer-oe.org\/#website","url":"https:\/\/ebenezer-oe.org\/","name":"Ebenezer - Operation Exodus","description":"","publisher":{"@id":"https:\/\/ebenezer-oe.org\/#organization"},"potentialAction":[{"@type":"SearchAction","target":{"@type":"EntryPoint","urlTemplate":"https:\/\/ebenezer-oe.org\/?s={search_term_string}"},"query-input":{"@type":"PropertyValueSpecification","valueRequired":true,"valueName":"search_term_string"}}],"inLanguage":"sv-SE"},{"@type":"Organization","@id":"https:\/\/ebenezer-oe.org\/#organization","name":"Ebenezer - Operation Exodus","url":"https:\/\/ebenezer-oe.org\/","logo":{"@type":"ImageObject","inLanguage":"sv-SE","@id":"https:\/\/ebenezer-oe.org\/#\/schema\/logo\/image\/","url":"https:\/\/ebenezeroe.wpengine.com\/wp-content\/uploads\/2020\/09\/Logo_EOE_EN_Colour-Horizontal.png","contentUrl":"https:\/\/ebenezeroe.wpengine.com\/wp-content\/uploads\/2020\/09\/Logo_EOE_EN_Colour-Horizontal.png","width":1922,"height":928,"caption":"Ebenezer - Operation Exodus"},"image":{"@id":"https:\/\/ebenezer-oe.org\/#\/schema\/logo\/image\/"},"sameAs":["https:\/\/www.facebook.com\/EbenezerInt","https:\/\/www.instagram.com\/ebenezer_oe_eng\/","https:\/\/www.youtube.com\/channel\/UC6qGHrKKeamFVz95Vd8LR1g"]}]}},"_links":{"self":[{"href":"https:\/\/ebenezer-oe.org\/sv\/wp-json\/wp\/v2\/pages\/47921","targetHints":{"allow":["GET"]}}],"collection":[{"href":"https:\/\/ebenezer-oe.org\/sv\/wp-json\/wp\/v2\/pages"}],"about":[{"href":"https:\/\/ebenezer-oe.org\/sv\/wp-json\/wp\/v2\/types\/page"}],"author":[{"embeddable":true,"href":"https:\/\/ebenezer-oe.org\/sv\/wp-json\/wp\/v2\/users\/1"}],"replies":[{"embeddable":true,"href":"https:\/\/ebenezer-oe.org\/sv\/wp-json\/wp\/v2\/comments?post=47921"}],"version-history":[{"count":0,"href":"https:\/\/ebenezer-oe.org\/sv\/wp-json\/wp\/v2\/pages\/47921\/revisions"}],"wp:attachment":[{"href":"https:\/\/ebenezer-oe.org\/sv\/wp-json\/wp\/v2\/media?parent=47921"}],"curies":[{"name":"wp","href":"https:\/\/api.w.org\/{rel}","templated":true}]}}