{"id":47941,"date":"2021-12-06T10:07:56","date_gmt":"2021-12-06T10:07:56","guid":{"rendered":"https:\/\/ebenezer-oe.org\/resources\/ordlista\/"},"modified":"2022-02-10T11:51:42","modified_gmt":"2022-02-10T11:51:42","slug":"ordlista","status":"publish","type":"page","link":"https:\/\/ebenezer-oe.org\/sv\/resurser\/ordlista\/","title":{"rendered":"Ordlista"},"content":{"rendered":"\n<h2>\n\t\tOrdf\u00f6rklaringar\n\t<\/h2>\n\t\t<h3>Aliyah \u05e2\u05dc\u05d9\u05d4<\/h3>\t\t\n\t\t\t<p>Aliyah \u00e4r ordet f\u00f6r invandring av det judiska folket fr\u00e5n diasporan till Israel. Ordet betyder &#8221;uppstigning&#8221; p\u00e5 hebreiska och betyder att &#8221;g\u00e5 upp&#8221; &#8211; i riktning mot Jerusalem. <\/p>\n<p>&nbsp;<\/p>\n<p>&nbsp;<\/p>\n\t\t<h3>Ebenezer Emergency Fund International (EEFI)<\/h3>\t\t\n\t\t\t<p>En internationell kristen organisation som samarbetar med the Jewish Agency f\u00f6r att hj\u00e4lpa judar att \u00e5terv\u00e4nda till Israel. Ordet &#8221;Ebenezer&#8221; betyder &#8221;hj\u00e4lpsten&#8221; p\u00e5 hebreiska (1 Samuel 7:12). &#8221;\u00c4nda till nu har Herren hj\u00e4lpt oss.&#8221; \u00e4r EEFIs vittnesb\u00f6rd.<\/p>\n\t\t<h3>Diaspora \u05ea\u05e4\u05d5\u05e6\u05d4<\/h3>\t\t\n\t\t\t<p>N\u00e4r det g\u00e4ller det judiska folket; 1. Skringrandet av det judiska folket till l\u00e4nder utanf\u00f6r deras utlovade land. 2. De judar som lever i l\u00e4nder utanf\u00f6r Israel. 3. Alla l\u00e4nder i v\u00e4rlden, f\u00f6rutom Israel, dit judar skingrats. &#8221;Judarnas \u00e5terv\u00e4ndande\u00a0fr\u00e5n diasporan&#8221;.<\/p>\n\t\t<h3>Ebenezer Operation Exodus<\/h3>\t\t\n\t\t\t<p>Ett annat namn f\u00f6r Ebenezer Emergency Fund, som syftar p\u00e5 det operativa arbetet: att uppmuntra och hj\u00e4lpa det judiska folket att \u00e5terv\u00e4nda till Israel och att proklamera Guds rikes syften f\u00f6r deras \u00e5terv\u00e4ndande.<\/p>\n<p>&nbsp;<\/p>\n\t\t<h3>Sefardiska judar<\/h3>\t\t\n\t\t\t<p>Betyder bokstavligen &#8221;spanska judar&#8221; som utvisades och skingrades fr\u00e5n den Iberiska halv\u00f6n (Spanien och Portugal), &#8221;Sefardisk&#8221; anv\u00e4nds ibland i en bredare mening f\u00f6r alla judar som inte har har Ashkenasisk bakgrund. Sefardiska judar utg\u00f6r den n\u00e4st st\u00f6rsta gruppen judar i v\u00e4rlden.<\/p>\n<p>&nbsp;<\/p>\n\t\t<h3>\u00c5terkomstlagen<\/h3>\t\t\n\t\t\t<p>Lagstiftning som s\u00e4kerst\u00e4ller r\u00e4tten f\u00f6r judar att f\u00e5 hj\u00e4lp med immigration och bos\u00e4ttning i Israel, s\u00e5v\u00e4l som ett automatiskt medborgarskap i Israel. Dessa r\u00e4ttigheter str\u00e4cker sig \u00e4ven till ett barn, ett barnbarn, en make\/maka till en judisk person, eller en make\/maka till ett barn eller barnbarn till en judisk person.<\/p>\n\t\t<h3>fSU<\/h3>\t\t\n\t\t\t<p>&#8221;Forna Sovjetunionen&#8221; (Ryssland och alla de l\u00e4nder som blev sj\u00e4lvst\u00e4ndiga fr\u00e5n Sovjetunionen 1991-92)<\/p>\n\t\t<h3>Olim (plural), Oleh (singular m.) \u05e2\u05d5\u05dc\u05d4, Olah (f. singular)<\/h3>\t\t\n\t\t\t<p>Det hebreiska ordet f\u00f6r judar som immigrerar till Israel.<\/p>\n\t\t<h3>\u00c5terv\u00e4ndare<\/h3>\t\t\n\t\t\t<p>Judar som f\u00f6rbereder sig f\u00f6r att g\u00f6ra Aliyah eller som har gjort Aliyah.<\/p>\n\t\t<h3>Ashkenaziska judar<\/h3>\t\t\n\t\t\t<p>Betyder bokstavligen &#8221;tyska judar&#8221;, vilka\u00a0ocks\u00e5 flyttat f\u00f6r att forma gemenskaper i Ungern, Polen, Ryssland, \u00d6steuropa. &#8221;Ashkenazer&#8221; kan ocks\u00e5 vara ett uttryck f\u00f6r alla judar med europeisk bakgrund. Ungef\u00e4r 80% av v\u00e4rldens judar \u00e4r Ashkenaziska judar.<\/p>\n\t\t<h3>Nefesh B&#8217;Nefesh \u05e0\u05e4\u05e9 \u05d1\u05e0\u05e4\u05e9<\/h3>\t\t\n\t\t\t<p>En judisk aliyah-organisation som fr\u00e4mst arbetar i Nordamerika och England f\u00f6r att uppmuntra till immigration till Israel. NBN chartrar gruppflyg f\u00f6r Aliyah och arbetar f\u00f6r att \u00f6ka Aliyah genom att ta bort s\u00e5dant som st\u00e5r i v\u00e4gen f\u00f6r potentiella Olim.<\/p>\n<p>&nbsp;<\/p>\n\t\t<h3>Jewish Agency for Israel (JA)<\/h3>\t\t\n\t\t\t<p>JA, som \u00e4r t\u00e4tt knutet till den israeliska myndigheten, har hj\u00e4lpt 3 miljoner judar att g\u00f6ra Aliyah och att integreras i det israeliska samh\u00e4llet. JA kan som enda organisation utanf\u00f6r Israel, ge tillst\u00e5nd f\u00f6r att g\u00f6ra Aliyah, i enlighet med Israels &#8221;lag om \u00e5terv\u00e4ndande&#8221;.<\/p>\n<p>&nbsp;<\/p>\n\t\t<h3>Sochnut<\/h3>\t\t\n\t\t\t<p>Sochnut \u00e4r synonymt med JA. De har kontor ut\u00f6ver hela fSU och tillhandah\u00e5ller vanligtvis flyg till judar som g\u00f6r Aliyah. Ebenezer Operation Exoudus samarbetar med Sochnut &#8211; och &#8221;fiskar&#8221; efter judiska personer som ska \u00e5terv\u00e4nda till Israel och hj\u00e4lper dem med transporter till flygplatser och annan slags support.<\/p>\n\t\t<h3>Klitah<\/h3>\t\t\n\t\t\t<p>Klithah handlar om upptagandet av Olim efter deras ankomst till Israel, vilket innefattar allt som beh\u00f6vs f\u00f6r att integreras i samh\u00e4llet, s\u00e5som att l\u00e4ra sig hebreiska, f\u00e5 anst\u00e4llning och boende, skolg\u00e5ng och att g\u00f6ra milit\u00e4rtj\u00e4nstg\u00f6ring i IDF (Israel Defens Forces)<\/p>\n\t\t<h3>Shaliach, Shlichim (plural)<\/h3>\t\t\n\t\t\t<p>Representanter f\u00f6r Jewish Agency utanf\u00f6r Israel som ger information och st\u00f6d till personer som \u00e4r intresserade av att g\u00f6ra Aliyah.<\/p>\n\t\t<h3>Eretz Israel \u05d0\u05e8\u05e5 \u05d9\u05e9\u05e8\u05d0\u05dc<\/h3>\t\t\n\t\t\t<p>Hebreiska f\u00f6r &#8221;Landet Israel&#8221;.<\/p>\n\t\t<h3>JOINT<\/h3>\t\t\n\t\t\t<p>En amerikansk-judiska v\u00e4lg\u00f6renhetsorganisation som ger ett omfattande humanit\u00e4rt bist\u00e5nd till judar \u00f6ver hela fSU. JOINT har ett n\u00e4ra samarbete med Chesed.<\/p>\n\t\t<h3>Chesed (hebreiska f\u00f6r &#8221;n\u00e5d&#8221;) \u05d7\u05e1\u05d3<\/h3>\t\t\n\t\t\t<p>En judisk v\u00e4lg\u00f6renhetsorganisation med ett omfattande arbete \u00f6ver hela fSU f\u00f6r att etablera judiska samlingslokaler. Chesed g\u00f6r ett fantastiskt arbete med att se till\u00a0behoven, hos framf\u00f6r allt\u00a0\u00e4ldre judar.<\/p>\n\n","protected":false},"excerpt":{"rendered":"<p>Ordf\u00f6rklaringar Aliyah \u05e2\u05dc\u05d9\u05d4 Aliyah \u00e4r ordet f\u00f6r invandring av det judiska folket fr\u00e5n diasporan till Israel. Ordet betyder &#8221;uppstigning&#8221; p\u00e5 hebreiska och betyder att &#8221;g\u00e5 upp&#8221; &#8211; i riktning mot Jerusalem. &nbsp; &nbsp; Ebenezer Emergency Fund International (EEFI) En internationell kristen organisation som samarbetar med the Jewish Agency f\u00f6r att hj\u00e4lpa judar att \u00e5terv\u00e4nda till&hellip;<\/p>\n","protected":false},"author":1,"featured_media":0,"parent":45474,"menu_order":0,"comment_status":"closed","ping_status":"closed","template":"","meta":{"footnotes":""},"class_list":["post-47941","page","type-page","status-publish","hentry"],"yoast_head":"<!-- This site is optimized with the Yoast SEO plugin v27.4 - https:\/\/yoast.com\/product\/yoast-seo-wordpress\/ -->\n<title>Ordlista - Ebenezer Operation Exodus<\/title>\n<meta name=\"robots\" content=\"index, follow, max-snippet:-1, max-image-preview:large, max-video-preview:-1\" \/>\n<link rel=\"canonical\" href=\"https:\/\/ebenezer-oe.org\/sv\/resurser\/ordlista\/\" \/>\n<meta property=\"og:locale\" content=\"sv_SE\" \/>\n<meta property=\"og:type\" content=\"article\" \/>\n<meta property=\"og:title\" content=\"Ordlista - Ebenezer Operation Exodus\" \/>\n<meta property=\"og:description\" content=\"Ordf\u00f6rklaringar Aliyah \u05e2\u05dc\u05d9\u05d4 Aliyah \u00e4r ordet f\u00f6r invandring av det judiska folket fr\u00e5n diasporan till Israel. Ordet betyder &#8221;uppstigning&#8221; p\u00e5 hebreiska och betyder att &#8221;g\u00e5 upp&#8221; &#8211; i riktning mot Jerusalem. &nbsp; &nbsp; Ebenezer Emergency Fund International (EEFI) En internationell kristen organisation som samarbetar med the Jewish Agency f\u00f6r att hj\u00e4lpa judar att \u00e5terv\u00e4nda till&hellip;\" \/>\n<meta property=\"og:url\" content=\"https:\/\/ebenezer-oe.org\/sv\/resurser\/ordlista\/\" \/>\n<meta property=\"og:site_name\" content=\"Ebenezer Operation Exodus\" \/>\n<meta property=\"article:publisher\" content=\"https:\/\/www.facebook.com\/EbenezerInt\" \/>\n<meta property=\"article:modified_time\" content=\"2022-02-10T11:51:42+00:00\" \/>\n<meta name=\"twitter:card\" content=\"summary_large_image\" \/>\n<meta name=\"twitter:label1\" content=\"Ber\u00e4knad l\u00e4stid\" \/>\n\t<meta name=\"twitter:data1\" content=\"4 minuter\" \/>\n<script type=\"application\/ld+json\" class=\"yoast-schema-graph\">{\"@context\":\"https:\\\/\\\/schema.org\",\"@graph\":[{\"@type\":\"WebPage\",\"@id\":\"https:\\\/\\\/ebenezer-oe.org\\\/sv\\\/resurser\\\/ordlista\\\/\",\"url\":\"https:\\\/\\\/ebenezer-oe.org\\\/sv\\\/resurser\\\/ordlista\\\/\",\"name\":\"Ordlista - Ebenezer Operation Exodus\",\"isPartOf\":{\"@id\":\"https:\\\/\\\/ebenezer-oe.org\\\/#website\"},\"datePublished\":\"2021-12-06T10:07:56+00:00\",\"dateModified\":\"2022-02-10T11:51:42+00:00\",\"breadcrumb\":{\"@id\":\"https:\\\/\\\/ebenezer-oe.org\\\/sv\\\/resurser\\\/ordlista\\\/#breadcrumb\"},\"inLanguage\":\"sv-SE\",\"potentialAction\":[{\"@type\":\"ReadAction\",\"target\":[\"https:\\\/\\\/ebenezer-oe.org\\\/sv\\\/resurser\\\/ordlista\\\/\"]}]},{\"@type\":\"BreadcrumbList\",\"@id\":\"https:\\\/\\\/ebenezer-oe.org\\\/sv\\\/resurser\\\/ordlista\\\/#breadcrumb\",\"itemListElement\":[{\"@type\":\"ListItem\",\"position\":1,\"name\":\"Home\",\"item\":\"https:\\\/\\\/ebenezer-oe.org\\\/sv\\\/\"},{\"@type\":\"ListItem\",\"position\":2,\"name\":\"Resurser\",\"item\":\"https:\\\/\\\/ebenezer-oe.org\\\/sv\\\/resurser\\\/\"},{\"@type\":\"ListItem\",\"position\":3,\"name\":\"Ordlista\"}]},{\"@type\":\"WebSite\",\"@id\":\"https:\\\/\\\/ebenezer-oe.org\\\/#website\",\"url\":\"https:\\\/\\\/ebenezer-oe.org\\\/\",\"name\":\"Ebenezer - Operation Exodus\",\"description\":\"\",\"publisher\":{\"@id\":\"https:\\\/\\\/ebenezer-oe.org\\\/#organization\"},\"potentialAction\":[{\"@type\":\"SearchAction\",\"target\":{\"@type\":\"EntryPoint\",\"urlTemplate\":\"https:\\\/\\\/ebenezer-oe.org\\\/?s={search_term_string}\"},\"query-input\":{\"@type\":\"PropertyValueSpecification\",\"valueRequired\":true,\"valueName\":\"search_term_string\"}}],\"inLanguage\":\"sv-SE\"},{\"@type\":\"Organization\",\"@id\":\"https:\\\/\\\/ebenezer-oe.org\\\/#organization\",\"name\":\"Ebenezer - Operation Exodus\",\"url\":\"https:\\\/\\\/ebenezer-oe.org\\\/\",\"logo\":{\"@type\":\"ImageObject\",\"inLanguage\":\"sv-SE\",\"@id\":\"https:\\\/\\\/ebenezer-oe.org\\\/#\\\/schema\\\/logo\\\/image\\\/\",\"url\":\"https:\\\/\\\/ebenezeroe.wpengine.com\\\/wp-content\\\/uploads\\\/2020\\\/09\\\/Logo_EOE_EN_Colour-Horizontal.png\",\"contentUrl\":\"https:\\\/\\\/ebenezeroe.wpengine.com\\\/wp-content\\\/uploads\\\/2020\\\/09\\\/Logo_EOE_EN_Colour-Horizontal.png\",\"width\":1922,\"height\":928,\"caption\":\"Ebenezer - Operation Exodus\"},\"image\":{\"@id\":\"https:\\\/\\\/ebenezer-oe.org\\\/#\\\/schema\\\/logo\\\/image\\\/\"},\"sameAs\":[\"https:\\\/\\\/www.facebook.com\\\/EbenezerInt\",\"https:\\\/\\\/www.instagram.com\\\/ebenezer_oe_eng\\\/\",\"https:\\\/\\\/www.youtube.com\\\/channel\\\/UC6qGHrKKeamFVz95Vd8LR1g\"]}]}<\/script>\n<!-- \/ Yoast SEO plugin. -->","yoast_head_json":{"title":"Ordlista - Ebenezer Operation Exodus","robots":{"index":"index","follow":"follow","max-snippet":"max-snippet:-1","max-image-preview":"max-image-preview:large","max-video-preview":"max-video-preview:-1"},"canonical":"https:\/\/ebenezer-oe.org\/sv\/resurser\/ordlista\/","og_locale":"sv_SE","og_type":"article","og_title":"Ordlista - Ebenezer Operation Exodus","og_description":"Ordf\u00f6rklaringar Aliyah \u05e2\u05dc\u05d9\u05d4 Aliyah \u00e4r ordet f\u00f6r invandring av det judiska folket fr\u00e5n diasporan till Israel. Ordet betyder &#8221;uppstigning&#8221; p\u00e5 hebreiska och betyder att &#8221;g\u00e5 upp&#8221; &#8211; i riktning mot Jerusalem. &nbsp; &nbsp; Ebenezer Emergency Fund International (EEFI) En internationell kristen organisation som samarbetar med the Jewish Agency f\u00f6r att hj\u00e4lpa judar att \u00e5terv\u00e4nda till&hellip;","og_url":"https:\/\/ebenezer-oe.org\/sv\/resurser\/ordlista\/","og_site_name":"Ebenezer Operation Exodus","article_publisher":"https:\/\/www.facebook.com\/EbenezerInt","article_modified_time":"2022-02-10T11:51:42+00:00","twitter_card":"summary_large_image","twitter_misc":{"Ber\u00e4knad l\u00e4stid":"4 minuter"},"schema":{"@context":"https:\/\/schema.org","@graph":[{"@type":"WebPage","@id":"https:\/\/ebenezer-oe.org\/sv\/resurser\/ordlista\/","url":"https:\/\/ebenezer-oe.org\/sv\/resurser\/ordlista\/","name":"Ordlista - Ebenezer Operation Exodus","isPartOf":{"@id":"https:\/\/ebenezer-oe.org\/#website"},"datePublished":"2021-12-06T10:07:56+00:00","dateModified":"2022-02-10T11:51:42+00:00","breadcrumb":{"@id":"https:\/\/ebenezer-oe.org\/sv\/resurser\/ordlista\/#breadcrumb"},"inLanguage":"sv-SE","potentialAction":[{"@type":"ReadAction","target":["https:\/\/ebenezer-oe.org\/sv\/resurser\/ordlista\/"]}]},{"@type":"BreadcrumbList","@id":"https:\/\/ebenezer-oe.org\/sv\/resurser\/ordlista\/#breadcrumb","itemListElement":[{"@type":"ListItem","position":1,"name":"Home","item":"https:\/\/ebenezer-oe.org\/sv\/"},{"@type":"ListItem","position":2,"name":"Resurser","item":"https:\/\/ebenezer-oe.org\/sv\/resurser\/"},{"@type":"ListItem","position":3,"name":"Ordlista"}]},{"@type":"WebSite","@id":"https:\/\/ebenezer-oe.org\/#website","url":"https:\/\/ebenezer-oe.org\/","name":"Ebenezer - Operation Exodus","description":"","publisher":{"@id":"https:\/\/ebenezer-oe.org\/#organization"},"potentialAction":[{"@type":"SearchAction","target":{"@type":"EntryPoint","urlTemplate":"https:\/\/ebenezer-oe.org\/?s={search_term_string}"},"query-input":{"@type":"PropertyValueSpecification","valueRequired":true,"valueName":"search_term_string"}}],"inLanguage":"sv-SE"},{"@type":"Organization","@id":"https:\/\/ebenezer-oe.org\/#organization","name":"Ebenezer - Operation Exodus","url":"https:\/\/ebenezer-oe.org\/","logo":{"@type":"ImageObject","inLanguage":"sv-SE","@id":"https:\/\/ebenezer-oe.org\/#\/schema\/logo\/image\/","url":"https:\/\/ebenezeroe.wpengine.com\/wp-content\/uploads\/2020\/09\/Logo_EOE_EN_Colour-Horizontal.png","contentUrl":"https:\/\/ebenezeroe.wpengine.com\/wp-content\/uploads\/2020\/09\/Logo_EOE_EN_Colour-Horizontal.png","width":1922,"height":928,"caption":"Ebenezer - Operation Exodus"},"image":{"@id":"https:\/\/ebenezer-oe.org\/#\/schema\/logo\/image\/"},"sameAs":["https:\/\/www.facebook.com\/EbenezerInt","https:\/\/www.instagram.com\/ebenezer_oe_eng\/","https:\/\/www.youtube.com\/channel\/UC6qGHrKKeamFVz95Vd8LR1g"]}]}},"_links":{"self":[{"href":"https:\/\/ebenezer-oe.org\/sv\/wp-json\/wp\/v2\/pages\/47941","targetHints":{"allow":["GET"]}}],"collection":[{"href":"https:\/\/ebenezer-oe.org\/sv\/wp-json\/wp\/v2\/pages"}],"about":[{"href":"https:\/\/ebenezer-oe.org\/sv\/wp-json\/wp\/v2\/types\/page"}],"author":[{"embeddable":true,"href":"https:\/\/ebenezer-oe.org\/sv\/wp-json\/wp\/v2\/users\/1"}],"replies":[{"embeddable":true,"href":"https:\/\/ebenezer-oe.org\/sv\/wp-json\/wp\/v2\/comments?post=47941"}],"version-history":[{"count":0,"href":"https:\/\/ebenezer-oe.org\/sv\/wp-json\/wp\/v2\/pages\/47941\/revisions"}],"up":[{"embeddable":true,"href":"https:\/\/ebenezer-oe.org\/sv\/wp-json\/wp\/v2\/pages\/45474"}],"wp:attachment":[{"href":"https:\/\/ebenezer-oe.org\/sv\/wp-json\/wp\/v2\/media?parent=47941"}],"curies":[{"name":"wp","href":"https:\/\/api.w.org\/{rel}","templated":true}]}}