{"id":47943,"date":"2021-12-06T10:25:49","date_gmt":"2021-12-06T10:25:49","guid":{"rendered":"https:\/\/ebenezer-oe.org\/bli-samarbetspartner\/volontararbeta\/"},"modified":"2025-12-09T13:44:41","modified_gmt":"2025-12-09T13:44:41","slug":"volontararbeta","status":"publish","type":"page","link":"https:\/\/ebenezer-oe.org\/sv\/bli-samarbetspartner\/volontararbeta\/","title":{"rendered":"Volont\u00e4rarbeta"},"content":{"rendered":"\n<h1>\n\t\t\tM\u00f6jligheter till Volont\u00e4rarbete\t<\/h1>\n\t<p><em>Tj\u00e4na varandra, var och en med den n\u00e5deg\u00e5va han har f\u00e5tt, som goda f\u00f6rvaltare av Guds m\u00e5ngfaldiga n\u00e5d <\/em><\/p>\n<p><em>(1 Petrus 4:10)<\/em><\/p>\n\t<h2>Det finns m\u00e5nga m\u00f6jligheter i olika delar av v\u00e4rlden f\u00f6r de som \u00e4r kallade att tj\u00e4na som volont\u00e4rer.<\/h2>\n\t<p>Varje \u00e5r g\u00f6r tiotusentals judar fr\u00e5n hela v\u00e4rlden det betydelsfulla beslutet att l\u00e4mna sitt land och flytta till Israel eller &#8217;g\u00f6ra Aliyah&#8217; som det \u00e4r ocks\u00e5 kallas.<\/p>\n<p>Det kan vara en sv\u00e5r process, s\u00e4rskilt i vissa delar av v\u00e4rlden. F\u00f6r att bist\u00e5 dem finns v\u00e5ra volont\u00e4rer vid deras sida f\u00f6r att hj\u00e4lpa till p\u00e5 olika s\u00e4tt. <\/p>\n\t<p>N\u00e4r du v\u00e4ljer att arbeta med Ebenezer Operation Exodus kommer du f\u00e5 m\u00f6jlighet att anv\u00e4nda dina Gudagivna g\u00e5vor och talanger till att vara involverad i det judiska folkets Aliyah p\u00e5 n\u00e4ra h\u00e5ll. Det \u00e4r en fantastisk tid och m\u00e5nga ser att deras liv har f\u00f6r\u00e4ndrats p\u00e5 s\u00e4tt som de knappt kunnat f\u00f6rest\u00e4lla sig, \u00e4ven om det ofta kr\u00e4vs uth\u00e5llighet n\u00e4r uppgifter \u00e4r tr\u00f6ttande eller n\u00e4r v\u00e4ckarklockan ringer p\u00e5 obekv\u00e4ma tider.<\/p>\n<p>Dessutom \u00e4r det sj\u00e4lvklart att du m\u00e5ste ha f\u00f6rm\u00e5gan och vara villig att jobba i team.<\/p>\n<h2>\n\t\t\tVittnesb\u00f6rd\t<\/h2>\n\t\t\t\t<img decoding=\"async\" data-src=\"https:\/\/ebenezeroe.wpengine.com\/wp-content\/uploads\/2021\/05\/vol-mex-daniela-150x150.jpg\" alt=\"vol-mex-daniela\" itemprop=\"image\" title=\"vol-mex-daniela\" onerror=\"this.style.display='none'\" src=\"data:image\/svg+xml;base64,PHN2ZyB3aWR0aD0iMSIgaGVpZ2h0PSIxIiB4bWxucz0iaHR0cDovL3d3dy53My5vcmcvMjAwMC9zdmciPjwvc3ZnPg==\" class=\"lazyload\" style=\"--smush-placeholder-width: 150px; --smush-placeholder-aspect-ratio: 150\/150;\" \/>\n\t<p>Daniela<\/p>\n\t<p>Volont\u00e4rarbetare i Argentina<\/p>\n\t<p>&#8221;<i>Jag tillbringade 6 m\u00e5nader i det vackra Argentina och talade i kyrkor och med judar om Aliyah. Jag v\u00e4xte i f\u00f6rst\u00e5elsen av Guds k\u00e4rlek till sitt folk. Jag \u00e4r mexikan s\u00e5 jag trodde att det skulle vara enkelt att vara i ett spansktalande land &#8211; det fanns utmaningar, men de fick mig att inse att praktisk k\u00e4rlek f\u00f6r\u00e4ndrar m\u00e4nniskor. Hans k\u00e4rlek till det judiska folket f\u00f6r\u00e4ndrade \u00e4ven mig.&#8221;<\/i><\/p>\n\t\t\t\t<img decoding=\"async\" data-src=\"https:\/\/ebenezeroe.wpengine.com\/wp-content\/uploads\/2021\/05\/vol-scot-guy-150x150.jpg\" alt=\"vol-scot-guy\" itemprop=\"image\" title=\"vol-scot-guy\" onerror=\"this.style.display='none'\" src=\"data:image\/svg+xml;base64,PHN2ZyB3aWR0aD0iMSIgaGVpZ2h0PSIxIiB4bWxucz0iaHR0cDovL3d3dy53My5vcmcvMjAwMC9zdmciPjwvc3ZnPg==\" class=\"lazyload\" style=\"--smush-placeholder-width: 150px; --smush-placeholder-aspect-ratio: 150\/150;\" \/>\n\t<p>Guy<\/p>\n\t<p>Volont\u00e4rarbetare i Ukraina<\/p>\n\t<p>&#8221;<i>Min tid som volont\u00e4r uppenbarade heligheten och andliga saker hos Gud som bara kan uppt\u00e4ckas genom praktiska, som kan se ut som vanliga vardagliga uppgifter; som att hj\u00e4lpa judar vid en flygplats. Du p\u00e5verkar andra bara genom att vara ett k\u00e4rl f\u00f6r Herren och visa Hans k\u00e4rlek och natur genom dina handlingar. Bara att vara &#8217;d\u00e4r&#8217; \u00e4r allt Herren beh\u00f6ver f\u00f6r att verka.<\/i>&#8221;<\/p>\n\t\t\t\t<img decoding=\"async\" data-src=\"https:\/\/ebenezeroe.wpengine.com\/wp-content\/uploads\/2021\/05\/vol-fr-sarah-150x150.jpg\" alt=\"vol-fr-sarah\" itemprop=\"image\" title=\"vol-fr-sarah\" onerror=\"this.style.display='none'\" src=\"data:image\/svg+xml;base64,PHN2ZyB3aWR0aD0iMSIgaGVpZ2h0PSIxIiB4bWxucz0iaHR0cDovL3d3dy53My5vcmcvMjAwMC9zdmciPjwvc3ZnPg==\" class=\"lazyload\" style=\"--smush-placeholder-width: 150px; --smush-placeholder-aspect-ratio: 150\/150;\" \/>\n\t<p>Sarah<\/p>\n\t<p>Volont\u00e4rarbetare i FSU<\/p>\n\t<p>&#8221;<i>Jag h\u00f6rde en teammedlem tala om sitt arbete med en s\u00e5dan gl\u00e4dje och jag f\u00f6rstod att jag var tvungen att hj\u00e4lpa till! Trots m\u00e5nga fr\u00e5gor visste jag att vad jag ville g\u00f6ra och Gud bekr\u00e4ftade det. Jag k\u00e4nde mig n\u00e4rmare Honom f\u00f6r varje dag. Min resa f\u00f6r\u00e4ndrade mitt liv fullst\u00e4ndigt &#8211; Gud blev min f\u00f6rsta prioritet och nu n\u00e4r jag l\u00e4ser min Bibel s\u00e5 f\u00f6rst\u00e5r jag Hans plan f\u00f6r det judiska folket, f\u00f6r jag har sett det med egna \u00f6gon!&#8221;<\/i><\/p>\n<h1>\n\t\t\tVi vill g\u00e4rna komma i kontakt med dig.\t<\/h1>\n\t<p>Om du skulle vilja involvera dig och k\u00e4nner Guds kallelse till att ge lite tid till volont\u00e4rarbete, kontakta oss g\u00e4rna. Ber\u00e4tta kort ditt vittnesb\u00f6rd om hur Gud har talat till ditt hj\u00e4rta och vad du skulle kunna bidra med.<\/p>\n\t\t\t<a href=\"https:\/\/ebenezer-oe.org\/sv\/kontakta-oss\/\" target=\"_self\">\n\t\t\t\t\t\t\tVolont\u00e4rarbeta\n\t\t\t\t\t<\/a>\n\t<p>(P\u00e5 grund av reserestriktioner i samband med pandemin kommer vi inledningsvis f\u00f6rmodligen bara erbjuda dig en placering i ditt hemland, \u00e4ven om vi hoppas att det snart ska \u00e4ndras. Kolla g\u00e4rna med oss hur den nuvarande situationen ser ut n\u00e4r du <a href=\"https:\/\/ebenezeroe.wpengine.com\/sv\/kontakta-oss\/\">kontaktar oss<\/a>.)<\/p>\n\n","protected":false},"excerpt":{"rendered":"<p>M\u00f6jligheter till Volont\u00e4rarbete Tj\u00e4na varandra, var och en med den n\u00e5deg\u00e5va han har f\u00e5tt, som goda f\u00f6rvaltare av Guds m\u00e5ngfaldiga n\u00e5d (1 Petrus 4:10) Det finns m\u00e5nga m\u00f6jligheter i olika delar av v\u00e4rlden f\u00f6r de som \u00e4r kallade att tj\u00e4na som volont\u00e4rer. Varje \u00e5r g\u00f6r tiotusentals judar fr\u00e5n hela v\u00e4rlden det betydelsfulla beslutet att l\u00e4mna&hellip;<\/p>\n","protected":false},"author":1,"featured_media":0,"parent":43811,"menu_order":2,"comment_status":"closed","ping_status":"closed","template":"","meta":{"footnotes":""},"class_list":["post-47943","page","type-page","status-publish","hentry"],"yoast_head":"<!-- This site is optimized with the Yoast SEO plugin v27.4 - https:\/\/yoast.com\/product\/yoast-seo-wordpress\/ -->\n<title>Volont\u00e4rarbeta - Ebenezer Operation Exodus<\/title>\n<meta name=\"robots\" content=\"index, follow, max-snippet:-1, max-image-preview:large, max-video-preview:-1\" \/>\n<link rel=\"canonical\" href=\"https:\/\/ebenezer-oe.org\/sv\/bli-samarbetspartner\/volontararbeta\/\" \/>\n<meta property=\"og:locale\" content=\"sv_SE\" \/>\n<meta property=\"og:type\" content=\"article\" \/>\n<meta property=\"og:title\" content=\"Volont\u00e4rarbeta - Ebenezer Operation Exodus\" \/>\n<meta property=\"og:description\" content=\"M\u00f6jligheter till Volont\u00e4rarbete Tj\u00e4na varandra, var och en med den n\u00e5deg\u00e5va han har f\u00e5tt, som goda f\u00f6rvaltare av Guds m\u00e5ngfaldiga n\u00e5d (1 Petrus 4:10) Det finns m\u00e5nga m\u00f6jligheter i olika delar av v\u00e4rlden f\u00f6r de som \u00e4r kallade att tj\u00e4na som volont\u00e4rer. Varje \u00e5r g\u00f6r tiotusentals judar fr\u00e5n hela v\u00e4rlden det betydelsfulla beslutet att l\u00e4mna&hellip;\" \/>\n<meta property=\"og:url\" content=\"https:\/\/ebenezer-oe.org\/sv\/bli-samarbetspartner\/volontararbeta\/\" \/>\n<meta property=\"og:site_name\" content=\"Ebenezer Operation Exodus\" \/>\n<meta property=\"article:publisher\" content=\"https:\/\/www.facebook.com\/EbenezerInt\" \/>\n<meta property=\"article:modified_time\" content=\"2025-12-09T13:44:41+00:00\" \/>\n<meta property=\"og:image\" content=\"https:\/\/ebenezeroe.wpengine.com\/wp-content\/uploads\/2021\/05\/vol-mex-daniela-150x150.jpg\" \/>\n<meta name=\"twitter:card\" content=\"summary_large_image\" \/>\n<meta name=\"twitter:label1\" content=\"Ber\u00e4knad l\u00e4stid\" \/>\n\t<meta name=\"twitter:data1\" content=\"3 minuter\" \/>\n<script type=\"application\/ld+json\" class=\"yoast-schema-graph\">{\"@context\":\"https:\\\/\\\/schema.org\",\"@graph\":[{\"@type\":\"WebPage\",\"@id\":\"https:\\\/\\\/ebenezer-oe.org\\\/sv\\\/bli-samarbetspartner\\\/volontararbeta\\\/\",\"url\":\"https:\\\/\\\/ebenezer-oe.org\\\/sv\\\/bli-samarbetspartner\\\/volontararbeta\\\/\",\"name\":\"Volont\u00e4rarbeta - Ebenezer Operation Exodus\",\"isPartOf\":{\"@id\":\"https:\\\/\\\/ebenezer-oe.org\\\/#website\"},\"primaryImageOfPage\":{\"@id\":\"https:\\\/\\\/ebenezer-oe.org\\\/sv\\\/bli-samarbetspartner\\\/volontararbeta\\\/#primaryimage\"},\"image\":{\"@id\":\"https:\\\/\\\/ebenezer-oe.org\\\/sv\\\/bli-samarbetspartner\\\/volontararbeta\\\/#primaryimage\"},\"thumbnailUrl\":\"https:\\\/\\\/ebenezeroe.wpengine.com\\\/wp-content\\\/uploads\\\/2021\\\/05\\\/vol-mex-daniela-150x150.jpg\",\"datePublished\":\"2021-12-06T10:25:49+00:00\",\"dateModified\":\"2025-12-09T13:44:41+00:00\",\"breadcrumb\":{\"@id\":\"https:\\\/\\\/ebenezer-oe.org\\\/sv\\\/bli-samarbetspartner\\\/volontararbeta\\\/#breadcrumb\"},\"inLanguage\":\"sv-SE\",\"potentialAction\":[{\"@type\":\"ReadAction\",\"target\":[\"https:\\\/\\\/ebenezer-oe.org\\\/sv\\\/bli-samarbetspartner\\\/volontararbeta\\\/\"]}]},{\"@type\":\"ImageObject\",\"inLanguage\":\"sv-SE\",\"@id\":\"https:\\\/\\\/ebenezer-oe.org\\\/sv\\\/bli-samarbetspartner\\\/volontararbeta\\\/#primaryimage\",\"url\":\"https:\\\/\\\/ebenezeroe.wpengine.com\\\/wp-content\\\/uploads\\\/2021\\\/05\\\/vol-mex-daniela-150x150.jpg\",\"contentUrl\":\"https:\\\/\\\/ebenezeroe.wpengine.com\\\/wp-content\\\/uploads\\\/2021\\\/05\\\/vol-mex-daniela-150x150.jpg\"},{\"@type\":\"BreadcrumbList\",\"@id\":\"https:\\\/\\\/ebenezer-oe.org\\\/sv\\\/bli-samarbetspartner\\\/volontararbeta\\\/#breadcrumb\",\"itemListElement\":[{\"@type\":\"ListItem\",\"position\":1,\"name\":\"Home\",\"item\":\"https:\\\/\\\/ebenezer-oe.org\\\/sv\\\/\"},{\"@type\":\"ListItem\",\"position\":2,\"name\":\"Bli samarbetspartner\",\"item\":\"https:\\\/\\\/ebenezer-oe.org\\\/sv\\\/bli-samarbetspartner\\\/\"},{\"@type\":\"ListItem\",\"position\":3,\"name\":\"Volont\u00e4rarbeta\"}]},{\"@type\":\"WebSite\",\"@id\":\"https:\\\/\\\/ebenezer-oe.org\\\/#website\",\"url\":\"https:\\\/\\\/ebenezer-oe.org\\\/\",\"name\":\"Ebenezer - Operation Exodus\",\"description\":\"\",\"publisher\":{\"@id\":\"https:\\\/\\\/ebenezer-oe.org\\\/#organization\"},\"potentialAction\":[{\"@type\":\"SearchAction\",\"target\":{\"@type\":\"EntryPoint\",\"urlTemplate\":\"https:\\\/\\\/ebenezer-oe.org\\\/?s={search_term_string}\"},\"query-input\":{\"@type\":\"PropertyValueSpecification\",\"valueRequired\":true,\"valueName\":\"search_term_string\"}}],\"inLanguage\":\"sv-SE\"},{\"@type\":\"Organization\",\"@id\":\"https:\\\/\\\/ebenezer-oe.org\\\/#organization\",\"name\":\"Ebenezer - Operation Exodus\",\"url\":\"https:\\\/\\\/ebenezer-oe.org\\\/\",\"logo\":{\"@type\":\"ImageObject\",\"inLanguage\":\"sv-SE\",\"@id\":\"https:\\\/\\\/ebenezer-oe.org\\\/#\\\/schema\\\/logo\\\/image\\\/\",\"url\":\"https:\\\/\\\/ebenezeroe.wpengine.com\\\/wp-content\\\/uploads\\\/2020\\\/09\\\/Logo_EOE_EN_Colour-Horizontal.png\",\"contentUrl\":\"https:\\\/\\\/ebenezeroe.wpengine.com\\\/wp-content\\\/uploads\\\/2020\\\/09\\\/Logo_EOE_EN_Colour-Horizontal.png\",\"width\":1922,\"height\":928,\"caption\":\"Ebenezer - Operation Exodus\"},\"image\":{\"@id\":\"https:\\\/\\\/ebenezer-oe.org\\\/#\\\/schema\\\/logo\\\/image\\\/\"},\"sameAs\":[\"https:\\\/\\\/www.facebook.com\\\/EbenezerInt\",\"https:\\\/\\\/www.instagram.com\\\/ebenezer_oe_eng\\\/\",\"https:\\\/\\\/www.youtube.com\\\/channel\\\/UC6qGHrKKeamFVz95Vd8LR1g\"]}]}<\/script>\n<!-- \/ Yoast SEO plugin. -->","yoast_head_json":{"title":"Volont\u00e4rarbeta - Ebenezer Operation Exodus","robots":{"index":"index","follow":"follow","max-snippet":"max-snippet:-1","max-image-preview":"max-image-preview:large","max-video-preview":"max-video-preview:-1"},"canonical":"https:\/\/ebenezer-oe.org\/sv\/bli-samarbetspartner\/volontararbeta\/","og_locale":"sv_SE","og_type":"article","og_title":"Volont\u00e4rarbeta - Ebenezer Operation Exodus","og_description":"M\u00f6jligheter till Volont\u00e4rarbete Tj\u00e4na varandra, var och en med den n\u00e5deg\u00e5va han har f\u00e5tt, som goda f\u00f6rvaltare av Guds m\u00e5ngfaldiga n\u00e5d (1 Petrus 4:10) Det finns m\u00e5nga m\u00f6jligheter i olika delar av v\u00e4rlden f\u00f6r de som \u00e4r kallade att tj\u00e4na som volont\u00e4rer. Varje \u00e5r g\u00f6r tiotusentals judar fr\u00e5n hela v\u00e4rlden det betydelsfulla beslutet att l\u00e4mna&hellip;","og_url":"https:\/\/ebenezer-oe.org\/sv\/bli-samarbetspartner\/volontararbeta\/","og_site_name":"Ebenezer Operation Exodus","article_publisher":"https:\/\/www.facebook.com\/EbenezerInt","article_modified_time":"2025-12-09T13:44:41+00:00","og_image":[{"url":"https:\/\/ebenezeroe.wpengine.com\/wp-content\/uploads\/2021\/05\/vol-mex-daniela-150x150.jpg","type":"","width":"","height":""}],"twitter_card":"summary_large_image","twitter_misc":{"Ber\u00e4knad l\u00e4stid":"3 minuter"},"schema":{"@context":"https:\/\/schema.org","@graph":[{"@type":"WebPage","@id":"https:\/\/ebenezer-oe.org\/sv\/bli-samarbetspartner\/volontararbeta\/","url":"https:\/\/ebenezer-oe.org\/sv\/bli-samarbetspartner\/volontararbeta\/","name":"Volont\u00e4rarbeta - Ebenezer Operation Exodus","isPartOf":{"@id":"https:\/\/ebenezer-oe.org\/#website"},"primaryImageOfPage":{"@id":"https:\/\/ebenezer-oe.org\/sv\/bli-samarbetspartner\/volontararbeta\/#primaryimage"},"image":{"@id":"https:\/\/ebenezer-oe.org\/sv\/bli-samarbetspartner\/volontararbeta\/#primaryimage"},"thumbnailUrl":"https:\/\/ebenezeroe.wpengine.com\/wp-content\/uploads\/2021\/05\/vol-mex-daniela-150x150.jpg","datePublished":"2021-12-06T10:25:49+00:00","dateModified":"2025-12-09T13:44:41+00:00","breadcrumb":{"@id":"https:\/\/ebenezer-oe.org\/sv\/bli-samarbetspartner\/volontararbeta\/#breadcrumb"},"inLanguage":"sv-SE","potentialAction":[{"@type":"ReadAction","target":["https:\/\/ebenezer-oe.org\/sv\/bli-samarbetspartner\/volontararbeta\/"]}]},{"@type":"ImageObject","inLanguage":"sv-SE","@id":"https:\/\/ebenezer-oe.org\/sv\/bli-samarbetspartner\/volontararbeta\/#primaryimage","url":"https:\/\/ebenezeroe.wpengine.com\/wp-content\/uploads\/2021\/05\/vol-mex-daniela-150x150.jpg","contentUrl":"https:\/\/ebenezeroe.wpengine.com\/wp-content\/uploads\/2021\/05\/vol-mex-daniela-150x150.jpg"},{"@type":"BreadcrumbList","@id":"https:\/\/ebenezer-oe.org\/sv\/bli-samarbetspartner\/volontararbeta\/#breadcrumb","itemListElement":[{"@type":"ListItem","position":1,"name":"Home","item":"https:\/\/ebenezer-oe.org\/sv\/"},{"@type":"ListItem","position":2,"name":"Bli samarbetspartner","item":"https:\/\/ebenezer-oe.org\/sv\/bli-samarbetspartner\/"},{"@type":"ListItem","position":3,"name":"Volont\u00e4rarbeta"}]},{"@type":"WebSite","@id":"https:\/\/ebenezer-oe.org\/#website","url":"https:\/\/ebenezer-oe.org\/","name":"Ebenezer - Operation Exodus","description":"","publisher":{"@id":"https:\/\/ebenezer-oe.org\/#organization"},"potentialAction":[{"@type":"SearchAction","target":{"@type":"EntryPoint","urlTemplate":"https:\/\/ebenezer-oe.org\/?s={search_term_string}"},"query-input":{"@type":"PropertyValueSpecification","valueRequired":true,"valueName":"search_term_string"}}],"inLanguage":"sv-SE"},{"@type":"Organization","@id":"https:\/\/ebenezer-oe.org\/#organization","name":"Ebenezer - Operation Exodus","url":"https:\/\/ebenezer-oe.org\/","logo":{"@type":"ImageObject","inLanguage":"sv-SE","@id":"https:\/\/ebenezer-oe.org\/#\/schema\/logo\/image\/","url":"https:\/\/ebenezeroe.wpengine.com\/wp-content\/uploads\/2020\/09\/Logo_EOE_EN_Colour-Horizontal.png","contentUrl":"https:\/\/ebenezeroe.wpengine.com\/wp-content\/uploads\/2020\/09\/Logo_EOE_EN_Colour-Horizontal.png","width":1922,"height":928,"caption":"Ebenezer - Operation Exodus"},"image":{"@id":"https:\/\/ebenezer-oe.org\/#\/schema\/logo\/image\/"},"sameAs":["https:\/\/www.facebook.com\/EbenezerInt","https:\/\/www.instagram.com\/ebenezer_oe_eng\/","https:\/\/www.youtube.com\/channel\/UC6qGHrKKeamFVz95Vd8LR1g"]}]}},"_links":{"self":[{"href":"https:\/\/ebenezer-oe.org\/sv\/wp-json\/wp\/v2\/pages\/47943","targetHints":{"allow":["GET"]}}],"collection":[{"href":"https:\/\/ebenezer-oe.org\/sv\/wp-json\/wp\/v2\/pages"}],"about":[{"href":"https:\/\/ebenezer-oe.org\/sv\/wp-json\/wp\/v2\/types\/page"}],"author":[{"embeddable":true,"href":"https:\/\/ebenezer-oe.org\/sv\/wp-json\/wp\/v2\/users\/1"}],"replies":[{"embeddable":true,"href":"https:\/\/ebenezer-oe.org\/sv\/wp-json\/wp\/v2\/comments?post=47943"}],"version-history":[{"count":0,"href":"https:\/\/ebenezer-oe.org\/sv\/wp-json\/wp\/v2\/pages\/47943\/revisions"}],"up":[{"embeddable":true,"href":"https:\/\/ebenezer-oe.org\/sv\/wp-json\/wp\/v2\/pages\/43811"}],"wp:attachment":[{"href":"https:\/\/ebenezer-oe.org\/sv\/wp-json\/wp\/v2\/media?parent=47943"}],"curies":[{"name":"wp","href":"https:\/\/api.w.org\/{rel}","templated":true}]}}