{"id":53862,"date":"2022-02-09T16:45:50","date_gmt":"2022-02-09T16:45:50","guid":{"rendered":"https:\/\/ebenezer-oe.org\/om-oss\/grundad-i-bon\/"},"modified":"2023-07-26T08:51:50","modified_gmt":"2023-07-26T08:51:50","slug":"grundad-i-bon","status":"publish","type":"page","link":"https:\/\/ebenezer-oe.org\/sv\/om-oss\/grundad-i-bon\/","title":{"rendered":"GRUNDAD I B\u00d6N"},"content":{"rendered":"\n<h1>\n\t\tGrundad I B\u00f6n\n\t<\/h1>\n\t<p>Sedan dagen d\u00e5 Ebenezer Operation Exodus blev till har det varit en f\u00f6rebedjarverksamhet med en profetisk uppgift.<\/p>\n\t<p>Efter det mirakul\u00f6sa fallet av J\u00e4rnrid\u00e5n ledde Herren oss mellan 1991-2000 att be f\u00f6r judar fr\u00e5n forna Sovjetunionen och att hj\u00e4lpa dem med skepp p\u00e5 deras resa hem till Israel. Detta har sedan breddats till att innefatta \u00e5terv\u00e4ndandet av judar till Israel fr\u00e5n hela v\u00e4rlden <em>(Aliyah p\u00e5 hebreiska)<\/em>. Detta har endast blivit m\u00f6jligt genom b\u00f6n och f\u00f6rb\u00f6n.<\/p>\n\t<p><em>&#8217;P\u00e5 dina murar, Jerusalem, har jag st\u00e4llt v\u00e4ktare. Varken dag eller natt f\u00e5r den n\u00e5gonsin tystna. Ni som ropar till HERREN, unna er ingen ro, och ge honom ingen ro f\u00f6rr\u00e4n han uppr\u00e4ttar Jerusalem och g\u00f6r det till en lovs\u00e5ng p\u00e5 jorden.&#8217;<\/em><\/p>\n<p>Jesaja 62:6-7<\/p>\n<h4>\n\t\tF\u00f6rb\u00f6n \u00e4r en identifierande b\u00f6n.\n\t<\/h4>\n\t<p>Den kopplas genom b\u00f6n med det \u00e4mne eller den person som f\u00e5r f\u00f6rb\u00f6n. Den svarar p\u00e5 den Helige Andes ledning och identifierar Guds hj\u00e4rta och planer. Bibeln s\u00e4ger faktiskt att Jesu tj\u00e4nst just nu \u00e4r att v\u00e4dja f\u00f6r oss; <i>&#8221;Kristus Jesus \u00e4r den som har d\u00f6tt, ja, \u00e4n mer, den som blivit uppv\u00e4ckt och som sitter p\u00e5 Guds h\u00f6gra sida och v\u00e4djar f\u00f6r oss.&#8221;<\/i> (Romarbrevet 8:34) <\/p>\n\t<meta itemprop=\"url\" content=\"https:\/\/ebenezer-oe.org\/wp-content\/uploads\/2021\/05\/Prayer.mp4\" \/><div style=\"width: 640px;\" class=\"wp-video\"><video muted class=\"wp-video-shortcode\" id=\"video-53862-1\" width=\"640\" height=\"360\" poster=\"https:\/\/ebenezeroe.wpengine.com\/wp-content\/uploads\/2021\/02\/pray.png\" loop autoplay preload=\"none\" controls=\"controls\"><source type=\"video\/mp4\" src=\"https:\/\/ebenezer-oe.org\/wp-content\/uploads\/2021\/05\/Prayer.mp4?_=1\" \/><a href=\"https:\/\/ebenezer-oe.org\/wp-content\/uploads\/2021\/05\/Prayer.mp4\">https:\/\/ebenezer-oe.org\/wp-content\/uploads\/2021\/05\/Prayer.mp4<\/a><\/video><\/div>\n\t<p>Daniel var ocks\u00e5 en f\u00f6rebedjare. Han f\u00f6rstod utifr\u00e5n Jeremias profetia att den 70-\u00e5riga babyloniska f\u00e5ngenskapen snart skulle vara slut och identifierade sig med Israels nation och v\u00e4djade i b\u00f6n f\u00f6r deras frihet och uppr\u00e4ttelse (Daniel 9:1-3). Daniel f\u00f6rstod Guds hj\u00e4rta, men f\u00f6rstod att b\u00f6n var det som beh\u00f6vdes f\u00f6r att profetian skulle uppfyllas. Jesus bekr\u00e4ftade detta n\u00e4r han l\u00e4rde oss v\u00e5rt m\u00e5l \u00e4r att be att Guds vilja ska ske, f\u00f6r att Hans namn ska bli \u00e4rat. (Matteus 6:9-10)<\/p>\n\t\t\t<img decoding=\"async\" data-src=\"https:\/\/ebenezeroe.wpengine.com\/wp-content\/uploads\/2021\/05\/13.png\" alt=\"\" src=\"data:image\/svg+xml;base64,PHN2ZyB3aWR0aD0iMSIgaGVpZ2h0PSIxIiB4bWxucz0iaHR0cDovL3d3dy53My5vcmcvMjAwMC9zdmciPjwvc3ZnPg==\" class=\"lazyload\" \/>\t\t\t\n\t\t\t<img decoding=\"async\" data-src=\"https:\/\/ebenezeroe.wpengine.com\/wp-content\/uploads\/2021\/05\/14.png\" alt=\"\" src=\"data:image\/svg+xml;base64,PHN2ZyB3aWR0aD0iMSIgaGVpZ2h0PSIxIiB4bWxucz0iaHR0cDovL3d3dy53My5vcmcvMjAwMC9zdmciPjwvc3ZnPg==\" class=\"lazyload\" \/>\t\t\t\n\t<p>Dr Kingsley fr\u00e5n Wales Bible College var en k\u00e4r v\u00e4n till Gustav och f\u00f6rebedjare f\u00f6r Ebenezer Operation Exodus under m\u00e5nga \u00e5r. I ett unikt brev om v\u00e5r kallelse att be f\u00f6r \u00e5terv\u00e4ndandet av det judiska folket till Israel skriver han: <\/p>\n\t<p>&#8221;Den helige Ande anv\u00e4nder &#8217;Operation Exodus&#8217; f\u00f6r att skaffa sig en f\u00f6rb\u00f6nsposition f\u00f6r judarnas \u00e5terv\u00e4ndande fr\u00e5n alla delar av v\u00e4rlden. \u00c4ven om det \u00e4r tydligt f\u00f6rutsagt i Skriften och med total visshet kommer att fullbordas, s\u00e5 kommer det inte att ske automatiskt. Gud f\u00f6rutsade genom Jeremia att judarna skulle \u00e5terv\u00e4nda fr\u00e5n Babylon efter sjuttio \u00e5r, men Daniels f\u00f6rb\u00f6ner var n\u00f6dv\u00e4ndiga n\u00e4r tiden var inne f\u00f6r att det skulle g\u00e5 i fullbordan. &#8221;<\/p>\n<p>Dr Kingsley Priddy<\/p>\n\t<p>P\u00e5 det h\u00e4r s\u00e4ttet har Gud kallat oss att verka &#8211; att st\u00e5 p\u00e5 de l\u00f6ften i Guds ord som handlar om Israel och det judiska folket och att be f\u00f6r att de ska g\u00e5 i fullbordan. D\u00e4rf\u00f6r str\u00e4var vi efter att vara ledda av den helige Ande i h\u00e4ngiven b\u00f6n och f\u00f6rb\u00f6n f\u00f6r Aliyah.<\/p>\n<p>&nbsp;<\/p>\n<h2>\n\t\tNyckelverser\n\t<\/h2>\n<h3>\n\t\t01\n\t<\/h3>\n<h3>\n\t\tJesaja 62:10\n\t<\/h3>\n\t<p><em>&#8221;G\u00e5 fram, fram genom portarna,bana v\u00e4g f\u00f6r folket! R\u00f6j, r\u00f6j en v\u00e4g och rensa bort stenarna, res ett baner f\u00f6r folken!&#8221;<\/em> <\/p>\n<h3>\n\t\t02\n\t<\/h3>\n<h3>\n\t\tJesaja 62:6-7\n\t<\/h3>\n\t<p><em>&#8221;P\u00e5 dina murar, Jerusalem, har jag st\u00e4llt v\u00e4ktare. Varken dag eller natt f\u00e5r de n\u00e5gonsin tystna. Ni som ropar till Herren, unna er ingen ro, och ge honom ingen ro f\u00f6rr\u00e4n han uppr\u00e4ttar Jerusalem och g\u00f6r det till en lovs\u00e5ng p\u00e5 jorden.&#8221;<\/em><\/p>\n<h3>\n\t\t03\n\t<\/h3>\n<h3>\n\t\tJeremia 32:41\n\t<\/h3>\n\t<p><em>&#8221;Jag ska gl\u00e4dja mig \u00f6ver dem och g\u00f6ra dem gott och plantera dem i detta land med trofasthet, av hela mitt hj\u00e4rta och hela min sj\u00e4l.&#8221;<\/em><\/p>\n<h2>\n\t\tV\u00e5ra riktlinjer f\u00f6r effektiva b\u00f6nestunder\n\t<\/h2>\n\t<p><em>F\u00f6re vi samlas b\u00f6r vi rannsaka oss sj\u00e4lva f\u00f6r att se om det finns n\u00e5got vi beh\u00f6ver st\u00e4lla till r\u00e4tta med Gud eller med n\u00e5gon annan.<\/em><\/p>\n\t<p><em>Vi inleder med <\/em><\/p>\n\t<p><em>Vi l\u00e4mnar v\u00e5ra personliga agendor \u00e5t sidan f\u00f6r att kunna tj\u00e4na Herren i f\u00f6rb\u00f6n.<\/em><\/p>\n\t<p><em>Vi tar tid f\u00f6r att lyssna p\u00e5 Herren, och s\u00f6ker ledning fr\u00e5n den helige Ande hur vi ska be.<\/em><\/p>\n\t<p><em>Vi har en erk\u00e4nd ledare som \u00e4r k\u00e4nslig f\u00f6r den helige Andes ledning och vi st\u00e4ller oss under hans eller hennes ledarskap.<\/em><\/p>\n\t<p><em>Tillsammans bek\u00e4nner vi att Jesus \u00e4r Herren \u00f6ver v\u00e5r b\u00f6nestund.<\/em><\/p>\n\t<p><em>Vi k\u00e4nsliga f\u00f6r den Herrens ledning men ber, profeterar och delar frimodigt utifr\u00e5n den helige Andes ledning.<\/em><\/p>\n\t<p><em>V\u00e5ra b\u00f6ner \u00e4r effektiva n\u00e4r vi \u00e4r enade.<\/em><\/p>\n\t<p>G\u00e5 med i Ebenezers b\u00f6nearbete<\/p>\n\t<p>Om du vill g\u00e5 med i v\u00e5rt b\u00f6nearbete och bli en b\u00f6nepartner \u00e4r du v\u00e4lkommen att kontakt oss.<\/p>\n\t\t\t<a href=\"https:\/\/www.ebenezer-oe.org\/sw\/bon\" target=\"_self\" rel=\"noopener\">\n\t\t\t\t\t\t\tKontakta oss\n\t\t\t\t\t<\/a>\n\n","protected":false},"excerpt":{"rendered":"<p>Grundad I B\u00f6n Sedan dagen d\u00e5 Ebenezer Operation Exodus blev till har det varit en f\u00f6rebedjarverksamhet med en profetisk uppgift. Efter det mirakul\u00f6sa fallet av J\u00e4rnrid\u00e5n ledde Herren oss mellan 1991-2000 att be f\u00f6r judar fr\u00e5n forna Sovjetunionen och att hj\u00e4lpa dem med skepp p\u00e5 deras resa hem till Israel. Detta har sedan breddats till&hellip;<\/p>\n","protected":false},"author":1,"featured_media":0,"parent":43963,"menu_order":3,"comment_status":"closed","ping_status":"closed","template":"","meta":{"footnotes":""},"class_list":["post-53862","page","type-page","status-publish","hentry"],"yoast_head":"<!-- This site is optimized with the Yoast SEO plugin v27.4 - https:\/\/yoast.com\/product\/yoast-seo-wordpress\/ -->\n<title>GRUNDAD I B\u00d6N - Ebenezer Operation Exodus<\/title>\n<meta name=\"robots\" content=\"index, follow, max-snippet:-1, max-image-preview:large, max-video-preview:-1\" \/>\n<link rel=\"canonical\" href=\"https:\/\/ebenezer-oe.org\/sv\/om-oss\/grundad-i-bon\/\" \/>\n<meta property=\"og:locale\" content=\"sv_SE\" \/>\n<meta property=\"og:type\" content=\"article\" \/>\n<meta property=\"og:title\" content=\"GRUNDAD I B\u00d6N - Ebenezer Operation Exodus\" \/>\n<meta property=\"og:description\" content=\"Grundad I B\u00f6n Sedan dagen d\u00e5 Ebenezer Operation Exodus blev till har det varit en f\u00f6rebedjarverksamhet med en profetisk uppgift. Efter det mirakul\u00f6sa fallet av J\u00e4rnrid\u00e5n ledde Herren oss mellan 1991-2000 att be f\u00f6r judar fr\u00e5n forna Sovjetunionen och att hj\u00e4lpa dem med skepp p\u00e5 deras resa hem till Israel. Detta har sedan breddats till&hellip;\" \/>\n<meta property=\"og:url\" content=\"https:\/\/ebenezer-oe.org\/sv\/om-oss\/grundad-i-bon\/\" \/>\n<meta property=\"og:site_name\" content=\"Ebenezer Operation Exodus\" \/>\n<meta property=\"article:publisher\" content=\"https:\/\/www.facebook.com\/EbenezerInt\" \/>\n<meta property=\"article:modified_time\" content=\"2023-07-26T08:51:50+00:00\" \/>\n<meta property=\"og:image\" content=\"https:\/\/ebenezeroe.wpengine.com\/wp-content\/uploads\/2021\/05\/13.png\" \/>\n<meta name=\"twitter:card\" content=\"summary_large_image\" \/>\n<meta name=\"twitter:label1\" content=\"Ber\u00e4knad l\u00e4stid\" \/>\n\t<meta name=\"twitter:data1\" content=\"4 minuter\" \/>\n<script type=\"application\/ld+json\" class=\"yoast-schema-graph\">{\"@context\":\"https:\\\/\\\/schema.org\",\"@graph\":[{\"@type\":\"WebPage\",\"@id\":\"https:\\\/\\\/ebenezer-oe.org\\\/sv\\\/om-oss\\\/grundad-i-bon\\\/\",\"url\":\"https:\\\/\\\/ebenezer-oe.org\\\/sv\\\/om-oss\\\/grundad-i-bon\\\/\",\"name\":\"GRUNDAD I B\u00d6N - Ebenezer Operation Exodus\",\"isPartOf\":{\"@id\":\"https:\\\/\\\/ebenezer-oe.org\\\/#website\"},\"primaryImageOfPage\":{\"@id\":\"https:\\\/\\\/ebenezer-oe.org\\\/sv\\\/om-oss\\\/grundad-i-bon\\\/#primaryimage\"},\"image\":{\"@id\":\"https:\\\/\\\/ebenezer-oe.org\\\/sv\\\/om-oss\\\/grundad-i-bon\\\/#primaryimage\"},\"thumbnailUrl\":\"https:\\\/\\\/ebenezeroe.wpengine.com\\\/wp-content\\\/uploads\\\/2021\\\/05\\\/13.png\",\"datePublished\":\"2022-02-09T16:45:50+00:00\",\"dateModified\":\"2023-07-26T08:51:50+00:00\",\"breadcrumb\":{\"@id\":\"https:\\\/\\\/ebenezer-oe.org\\\/sv\\\/om-oss\\\/grundad-i-bon\\\/#breadcrumb\"},\"inLanguage\":\"sv-SE\",\"potentialAction\":[{\"@type\":\"ReadAction\",\"target\":[\"https:\\\/\\\/ebenezer-oe.org\\\/sv\\\/om-oss\\\/grundad-i-bon\\\/\"]}]},{\"@type\":\"ImageObject\",\"inLanguage\":\"sv-SE\",\"@id\":\"https:\\\/\\\/ebenezer-oe.org\\\/sv\\\/om-oss\\\/grundad-i-bon\\\/#primaryimage\",\"url\":\"https:\\\/\\\/ebenezeroe.wpengine.com\\\/wp-content\\\/uploads\\\/2021\\\/05\\\/13.png\",\"contentUrl\":\"https:\\\/\\\/ebenezeroe.wpengine.com\\\/wp-content\\\/uploads\\\/2021\\\/05\\\/13.png\"},{\"@type\":\"BreadcrumbList\",\"@id\":\"https:\\\/\\\/ebenezer-oe.org\\\/sv\\\/om-oss\\\/grundad-i-bon\\\/#breadcrumb\",\"itemListElement\":[{\"@type\":\"ListItem\",\"position\":1,\"name\":\"Home\",\"item\":\"https:\\\/\\\/ebenezer-oe.org\\\/sv\\\/\"},{\"@type\":\"ListItem\",\"position\":2,\"name\":\"Om oss\",\"item\":\"https:\\\/\\\/ebenezer-oe.org\\\/sv\\\/om-oss\\\/\"},{\"@type\":\"ListItem\",\"position\":3,\"name\":\"GRUNDAD I B\u00d6N\"}]},{\"@type\":\"WebSite\",\"@id\":\"https:\\\/\\\/ebenezer-oe.org\\\/#website\",\"url\":\"https:\\\/\\\/ebenezer-oe.org\\\/\",\"name\":\"Ebenezer - Operation Exodus\",\"description\":\"\",\"publisher\":{\"@id\":\"https:\\\/\\\/ebenezer-oe.org\\\/#organization\"},\"potentialAction\":[{\"@type\":\"SearchAction\",\"target\":{\"@type\":\"EntryPoint\",\"urlTemplate\":\"https:\\\/\\\/ebenezer-oe.org\\\/?s={search_term_string}\"},\"query-input\":{\"@type\":\"PropertyValueSpecification\",\"valueRequired\":true,\"valueName\":\"search_term_string\"}}],\"inLanguage\":\"sv-SE\"},{\"@type\":\"Organization\",\"@id\":\"https:\\\/\\\/ebenezer-oe.org\\\/#organization\",\"name\":\"Ebenezer - Operation Exodus\",\"url\":\"https:\\\/\\\/ebenezer-oe.org\\\/\",\"logo\":{\"@type\":\"ImageObject\",\"inLanguage\":\"sv-SE\",\"@id\":\"https:\\\/\\\/ebenezer-oe.org\\\/#\\\/schema\\\/logo\\\/image\\\/\",\"url\":\"https:\\\/\\\/ebenezeroe.wpengine.com\\\/wp-content\\\/uploads\\\/2020\\\/09\\\/Logo_EOE_EN_Colour-Horizontal.png\",\"contentUrl\":\"https:\\\/\\\/ebenezeroe.wpengine.com\\\/wp-content\\\/uploads\\\/2020\\\/09\\\/Logo_EOE_EN_Colour-Horizontal.png\",\"width\":1922,\"height\":928,\"caption\":\"Ebenezer - Operation Exodus\"},\"image\":{\"@id\":\"https:\\\/\\\/ebenezer-oe.org\\\/#\\\/schema\\\/logo\\\/image\\\/\"},\"sameAs\":[\"https:\\\/\\\/www.facebook.com\\\/EbenezerInt\",\"https:\\\/\\\/www.instagram.com\\\/ebenezer_oe_eng\\\/\",\"https:\\\/\\\/www.youtube.com\\\/channel\\\/UC6qGHrKKeamFVz95Vd8LR1g\"]}]}<\/script>\n<!-- \/ Yoast SEO plugin. -->","yoast_head_json":{"title":"GRUNDAD I B\u00d6N - Ebenezer Operation Exodus","robots":{"index":"index","follow":"follow","max-snippet":"max-snippet:-1","max-image-preview":"max-image-preview:large","max-video-preview":"max-video-preview:-1"},"canonical":"https:\/\/ebenezer-oe.org\/sv\/om-oss\/grundad-i-bon\/","og_locale":"sv_SE","og_type":"article","og_title":"GRUNDAD I B\u00d6N - Ebenezer Operation Exodus","og_description":"Grundad I B\u00f6n Sedan dagen d\u00e5 Ebenezer Operation Exodus blev till har det varit en f\u00f6rebedjarverksamhet med en profetisk uppgift. Efter det mirakul\u00f6sa fallet av J\u00e4rnrid\u00e5n ledde Herren oss mellan 1991-2000 att be f\u00f6r judar fr\u00e5n forna Sovjetunionen och att hj\u00e4lpa dem med skepp p\u00e5 deras resa hem till Israel. Detta har sedan breddats till&hellip;","og_url":"https:\/\/ebenezer-oe.org\/sv\/om-oss\/grundad-i-bon\/","og_site_name":"Ebenezer Operation Exodus","article_publisher":"https:\/\/www.facebook.com\/EbenezerInt","article_modified_time":"2023-07-26T08:51:50+00:00","og_image":[{"url":"https:\/\/ebenezeroe.wpengine.com\/wp-content\/uploads\/2021\/05\/13.png","type":"","width":"","height":""}],"twitter_card":"summary_large_image","twitter_misc":{"Ber\u00e4knad l\u00e4stid":"4 minuter"},"schema":{"@context":"https:\/\/schema.org","@graph":[{"@type":"WebPage","@id":"https:\/\/ebenezer-oe.org\/sv\/om-oss\/grundad-i-bon\/","url":"https:\/\/ebenezer-oe.org\/sv\/om-oss\/grundad-i-bon\/","name":"GRUNDAD I B\u00d6N - Ebenezer Operation Exodus","isPartOf":{"@id":"https:\/\/ebenezer-oe.org\/#website"},"primaryImageOfPage":{"@id":"https:\/\/ebenezer-oe.org\/sv\/om-oss\/grundad-i-bon\/#primaryimage"},"image":{"@id":"https:\/\/ebenezer-oe.org\/sv\/om-oss\/grundad-i-bon\/#primaryimage"},"thumbnailUrl":"https:\/\/ebenezeroe.wpengine.com\/wp-content\/uploads\/2021\/05\/13.png","datePublished":"2022-02-09T16:45:50+00:00","dateModified":"2023-07-26T08:51:50+00:00","breadcrumb":{"@id":"https:\/\/ebenezer-oe.org\/sv\/om-oss\/grundad-i-bon\/#breadcrumb"},"inLanguage":"sv-SE","potentialAction":[{"@type":"ReadAction","target":["https:\/\/ebenezer-oe.org\/sv\/om-oss\/grundad-i-bon\/"]}]},{"@type":"ImageObject","inLanguage":"sv-SE","@id":"https:\/\/ebenezer-oe.org\/sv\/om-oss\/grundad-i-bon\/#primaryimage","url":"https:\/\/ebenezeroe.wpengine.com\/wp-content\/uploads\/2021\/05\/13.png","contentUrl":"https:\/\/ebenezeroe.wpengine.com\/wp-content\/uploads\/2021\/05\/13.png"},{"@type":"BreadcrumbList","@id":"https:\/\/ebenezer-oe.org\/sv\/om-oss\/grundad-i-bon\/#breadcrumb","itemListElement":[{"@type":"ListItem","position":1,"name":"Home","item":"https:\/\/ebenezer-oe.org\/sv\/"},{"@type":"ListItem","position":2,"name":"Om oss","item":"https:\/\/ebenezer-oe.org\/sv\/om-oss\/"},{"@type":"ListItem","position":3,"name":"GRUNDAD I B\u00d6N"}]},{"@type":"WebSite","@id":"https:\/\/ebenezer-oe.org\/#website","url":"https:\/\/ebenezer-oe.org\/","name":"Ebenezer - Operation Exodus","description":"","publisher":{"@id":"https:\/\/ebenezer-oe.org\/#organization"},"potentialAction":[{"@type":"SearchAction","target":{"@type":"EntryPoint","urlTemplate":"https:\/\/ebenezer-oe.org\/?s={search_term_string}"},"query-input":{"@type":"PropertyValueSpecification","valueRequired":true,"valueName":"search_term_string"}}],"inLanguage":"sv-SE"},{"@type":"Organization","@id":"https:\/\/ebenezer-oe.org\/#organization","name":"Ebenezer - Operation Exodus","url":"https:\/\/ebenezer-oe.org\/","logo":{"@type":"ImageObject","inLanguage":"sv-SE","@id":"https:\/\/ebenezer-oe.org\/#\/schema\/logo\/image\/","url":"https:\/\/ebenezeroe.wpengine.com\/wp-content\/uploads\/2020\/09\/Logo_EOE_EN_Colour-Horizontal.png","contentUrl":"https:\/\/ebenezeroe.wpengine.com\/wp-content\/uploads\/2020\/09\/Logo_EOE_EN_Colour-Horizontal.png","width":1922,"height":928,"caption":"Ebenezer - Operation Exodus"},"image":{"@id":"https:\/\/ebenezer-oe.org\/#\/schema\/logo\/image\/"},"sameAs":["https:\/\/www.facebook.com\/EbenezerInt","https:\/\/www.instagram.com\/ebenezer_oe_eng\/","https:\/\/www.youtube.com\/channel\/UC6qGHrKKeamFVz95Vd8LR1g"]}]}},"_links":{"self":[{"href":"https:\/\/ebenezer-oe.org\/sv\/wp-json\/wp\/v2\/pages\/53862","targetHints":{"allow":["GET"]}}],"collection":[{"href":"https:\/\/ebenezer-oe.org\/sv\/wp-json\/wp\/v2\/pages"}],"about":[{"href":"https:\/\/ebenezer-oe.org\/sv\/wp-json\/wp\/v2\/types\/page"}],"author":[{"embeddable":true,"href":"https:\/\/ebenezer-oe.org\/sv\/wp-json\/wp\/v2\/users\/1"}],"replies":[{"embeddable":true,"href":"https:\/\/ebenezer-oe.org\/sv\/wp-json\/wp\/v2\/comments?post=53862"}],"version-history":[{"count":0,"href":"https:\/\/ebenezer-oe.org\/sv\/wp-json\/wp\/v2\/pages\/53862\/revisions"}],"up":[{"embeddable":true,"href":"https:\/\/ebenezer-oe.org\/sv\/wp-json\/wp\/v2\/pages\/43963"}],"wp:attachment":[{"href":"https:\/\/ebenezer-oe.org\/sv\/wp-json\/wp\/v2\/media?parent=53862"}],"curies":[{"name":"wp","href":"https:\/\/api.w.org\/{rel}","templated":true}]}}