{"id":53863,"date":"2022-02-09T16:53:28","date_gmt":"2022-02-09T16:53:28","guid":{"rendered":"https:\/\/ebenezer-oe.org\/om-oss\/vart-arbete\/"},"modified":"2023-07-26T08:53:57","modified_gmt":"2023-07-26T08:53:57","slug":"vart-arbete","status":"publish","type":"page","link":"https:\/\/ebenezer-oe.org\/sv\/om-oss\/vart-arbete\/","title":{"rendered":"V\u00e5rt Arbete"},"content":{"rendered":"\n<h1>\n\t\tV\u00e5rt Arbete\n\t<\/h1>\n<h2>\n\t\tV\u00e5rt arbete inneb\u00e4r bland annat att hj\u00e4lpa s\u00e5 m\u00e5nga judar som m\u00f6jligt att emigrera till Israel.\n\t<\/h2>\n\t<p>&nbsp;<\/p>\n<p>Vi ger ocks\u00e5 vid behov humanit\u00e4rt bist\u00e5nd samt ekonomisk och praktisk hj\u00e4lp i Aliyah-processen. I Israel hj\u00e4lper vi Olim som kan m\u00f6ta sv\u00e5righeter n\u00e4r de bos\u00e4tter sig i landet.<\/p>\n\t\t\t\t<img decoding=\"async\" data-src=\"https:\/\/ebenezeroe.wpengine.com\/wp-content\/uploads\/2021\/05\/Untitled-design-34.png\" alt=\"Untitled design-34\" itemprop=\"image\" title=\"Untitled design-34\" onerror=\"this.style.display='none'\" src=\"data:image\/svg+xml;base64,PHN2ZyB3aWR0aD0iMSIgaGVpZ2h0PSIxIiB4bWxucz0iaHR0cDovL3d3dy53My5vcmcvMjAwMC9zdmciPjwvc3ZnPg==\" class=\"lazyload\" \/>\n\t<p>I de l\u00e4nder som har judiska grupper tar vi kontakt med dem och ber\u00e4ttar f\u00f6r dem om m\u00f6jligheten att g\u00f6ra Aliyah, erbjuder vid behov humanit\u00e4rt bist\u00e5nd, mediciner och assistans. <\/p>\n<p>Detta g\u00f6r vi genom att bygga upp lokala team, inr\u00e4tta kontor i l\u00e4nderna, vid behov ge support och praktisk hj\u00e4lp, ekonomisk hj\u00e4lp att f\u00f6rbereda dokument och delta i m\u00f6ten med konsulat.<\/p>\n<h2>\n\t\t&#8221;Vi ser uppfyllandet av bibliska profetior&#8221;\n\t<\/h2>\n<h2>\n\t\tVi erbjuder ocks\u00e5 transport till flygplatsen f\u00f6r dem som beh\u00f6ver det.\n\t<\/h2>\n\t<p>En viktig del av arbetet \u00e4r b\u00f6n f\u00f6r de m\u00e5nga omr\u00e5dena av verksamheten och s\u00e4rskilt n\u00e4r det dyker upp specifika problem. Vi samarbetar ofta med Jewish Agency, en israelisk organisation som inr\u00e4ttats f\u00f6r att fr\u00e4mja Aliyah och hj\u00e4lpa dem i v\u00e5rt gemensamma m\u00e5l att uppmuntra till emigration till Israel.<\/p>\n\t<p>I alla l\u00e4nder d\u00e4r Ebenezer Exoudus finns representerade n\u00e5r vi inte bara ut till de lokala judiska grupperna utan undervisar ocks\u00e5 kristna kyrkor om det ansvar vi har har att erbjuda k\u00e4rlek och praktiskt hj\u00e4lp till judar. <\/p>\n<p>Vi p\u00e5minns om Jesajas uppmaning: <i>&#8221;Tr\u00f6sta, tr\u00f6sta mitt folk! S\u00e4ger er Gud. Tala till Jerusalems hj\u00e4rta&#8230;&#8221; (kapitel 40)<\/i><\/p>\n<h2>\n\t\tHj\u00e4lp till f\u00f6rintelse\u00f6verlevare\n\t<\/h2>\n\t<p>M\u00e5nga av de judiska grupperna i Europa och forna Sovjetunionen har p\u00e5verkats av F\u00f6rintelsen och n\u00e5gra av de \u00e4ldre lever med extremt pl\u00e5gsamma minnen av att ha f\u00f6rlorat f\u00f6r\u00e4ldrar och syskon n\u00e4r nazisterna tog \u00f6ver deras l\u00e4nder. Ibland \u00e4r dessa minnen f\u00f6r pl\u00e5gsamma att tala om och vi kan bara l\u00e4gga en tr\u00f6stande arm runt deras axlar, ge dem mat, kl\u00e4der eller medicin och tala f\u00f6rsiktigt om m\u00f6jligheten att flytta till Israel. Det blir enklare om det finns sl\u00e4ktingar som \u00f6nskar att flytta, men om en f\u00f6rintelse\u00f6verlevare \u00e4r ensam har en stor portion k\u00e4rlek och tr\u00f6st visat sig vara en uppmuntran f\u00f6r dem att g\u00f6ra en s\u00e5dan omv\u00e4lvande f\u00f6r\u00e4ndring av sina liv.<\/p>\n<h2>\n\t\tV\u00e4l p\u00e5 plats i Israel\n\t<\/h2>\n\t<p>V\u00e4l p\u00e5 plats i Israel forts\u00e4tter vi att ge st\u00f6d vid behov. Vi \u00f6ppnade v\u00e5rt kontor i Jerusalem 2006 av just denna anledning. Att g\u00f6ra Aliyah inneb\u00e4r en stor f\u00f6r\u00e4ndring i m\u00e4nniskors liv och att ha ett kontor bemannat med v\u00e4nlig, kunnig och flerspr\u00e5kig personal g\u00f6r all skillnad n\u00e4r Olim hamnar i initiala problem med att hitta boende och jobb eller har andra fr\u00e5gor i ett nytt land d\u00e4r man inte k\u00e4nner till systemet. Vid behov kan vi ocks\u00e5 f\u00f6rmedla hj\u00e4lp i form av matpaket, skolmateriel och barnskor samt \u00e4ven ekonomisk hj\u00e4lp till betalningar av abonnemangsfakturor.<\/p>\n<h2>\n\t\tHaifahuset\n\t<\/h2>\n\t<p>2019 \u00f6ppnade vi ett hus i Haifa som ett steg p\u00e5 v\u00e4gen f\u00f6r nyanl\u00e4nda Olim med s\u00e4rskilt sv\u00e5ra problem, s\u00e5som personer med akut eller l\u00e5ngvarig sjukdom, r\u00f6relsehinder samt \u00e4ldre personer d\u00e4ribland f\u00f6rintelse\u00f6verlevare utan sl\u00e4kt eller v\u00e4nner i Israel.<\/p>\n\t\t\t<a href=\"https:\/\/ebenezer-oe.org\/sv\/att-gora-aliyah\/\" target=\"_self\" rel=\"noopener\">\n\t\t\t\t\t\t\tL\u00e4s mer\n\t\t\t\t\t<\/a>\n<h2>\n\t\tK\u00e4nner du dig kallad att hj\u00e4lpa oss i detta arbete?\n\t<\/h2>\n\t<p>L\u00e4s mer om hur du kan bli involverad nedan:<\/p>\n\t\t\t\t\t\t\t\t<a href=\"https:\/\/ebenezeroe.wpengine.com\/sv\/bli-samarbetspartner\/var-med-i-bon\/\" target=\"_self\" rel=\"noopener\">\n\t\t\t\t\t\t<\/a>\n\t<h3><a href=\"https:\/\/ebenezeroe.wpengine.com\/sv\/bli-samarbetspartner\/var-med-i-bon\/\" target=\"_self\" rel=\"noopener\">B\u00f6n<\/a><\/h3>\t\t\n\t\t\tV\u00e5rt arbete f\u00f6ddes i b\u00f6n och ledarskapet anser att b\u00f6n m\u00e5ste vara grunden f\u00f6r allt vi g\u00f6r.<br \/>\n\n\t\t\t<a href=\"https:\/\/ebenezer-oe.org\/sv\/bli-samarbetspartner\/var-med-i-bon\/\" target=\"_self\" rel=\"noopener\">\n\t\t\t\t\t\t\tL\u00e4s mer\n\t\t\t\t\t<\/a>\n\t\t<h3>Donera<\/h3>\t\t\n\t\t\t<p>V\u00e5rt arbete finns p\u00e5 alla kontinenter och i \u00f6ver 55 l\u00e4nder. Om du vill bli en partner genom att bidra ekonomiskt \u00e4r vi mycket tacksamma. Det finns flera s\u00e4tt att g\u00f6ra det p\u00e5&#8230;<\/p>\n\t\t\t<a href=\"https:\/\/ebenezer-oe.org\/sv\/donera\/\" target=\"_self\" rel=\"noopener\">\n\t\t\t\t\t\t\tGive Today \n\t\t\t\t\t<\/a>\n\t\t\t\t\t\t\t\t<a href=\"https:\/\/ebenezeroe.wpengine.com\/partner-with-us\/serve-with-ebenezer\/\" target=\"_self\" rel=\"noopener\">\n\t\t\t\t\t\t<\/a>\n\t\t<h3><a href=\"https:\/\/ebenezeroe.wpengine.com\/partner-with-us\/serve-with-ebenezer\/\" target=\"_self\" rel=\"noopener\">Bli volont\u00e4r<\/a><\/h3>\t\t\n\t\t\t<p>F\u00f6r de som k\u00e4nner sig kallade att tj\u00e4na som volont\u00e4rer har vi m\u00e5nga m\u00f6jligheter i flera olika delar av v\u00e4rlden.<\/p>\n\t\t\t<a href=\"https:\/\/ebenezer-oe.org\/sv\/bli-samarbetspartner\/volontararbeta\/\" target=\"_self\" rel=\"noopener\">\n\t\t\t\t\t\t\tL\u00e4s mer\n\t\t\t\t\t<\/a>\n\n","protected":false},"excerpt":{"rendered":"<p>V\u00e5rt Arbete V\u00e5rt arbete inneb\u00e4r bland annat att hj\u00e4lpa s\u00e5 m\u00e5nga judar som m\u00f6jligt att emigrera till Israel. &nbsp; Vi ger ocks\u00e5 vid behov humanit\u00e4rt bist\u00e5nd samt ekonomisk och praktisk hj\u00e4lp i Aliyah-processen. I Israel hj\u00e4lper vi Olim som kan m\u00f6ta sv\u00e5righeter n\u00e4r de bos\u00e4tter sig i landet. I de l\u00e4nder som har judiska grupper&hellip;<\/p>\n","protected":false},"author":1,"featured_media":0,"parent":43963,"menu_order":4,"comment_status":"closed","ping_status":"closed","template":"","meta":{"footnotes":""},"class_list":["post-53863","page","type-page","status-publish","hentry"],"yoast_head":"<!-- This site is optimized with the Yoast SEO plugin v27.4 - https:\/\/yoast.com\/product\/yoast-seo-wordpress\/ -->\n<title>V\u00e5rt Arbete - Ebenezer Operation Exodus<\/title>\n<meta name=\"robots\" content=\"index, follow, max-snippet:-1, max-image-preview:large, max-video-preview:-1\" \/>\n<link rel=\"canonical\" href=\"https:\/\/ebenezer-oe.org\/sv\/om-oss\/vart-arbete\/\" \/>\n<meta property=\"og:locale\" content=\"sv_SE\" \/>\n<meta property=\"og:type\" content=\"article\" \/>\n<meta property=\"og:title\" content=\"V\u00e5rt Arbete - Ebenezer Operation Exodus\" \/>\n<meta property=\"og:description\" content=\"V\u00e5rt Arbete V\u00e5rt arbete inneb\u00e4r bland annat att hj\u00e4lpa s\u00e5 m\u00e5nga judar som m\u00f6jligt att emigrera till Israel. &nbsp; Vi ger ocks\u00e5 vid behov humanit\u00e4rt bist\u00e5nd samt ekonomisk och praktisk hj\u00e4lp i Aliyah-processen. I Israel hj\u00e4lper vi Olim som kan m\u00f6ta sv\u00e5righeter n\u00e4r de bos\u00e4tter sig i landet. I de l\u00e4nder som har judiska grupper&hellip;\" \/>\n<meta property=\"og:url\" content=\"https:\/\/ebenezer-oe.org\/sv\/om-oss\/vart-arbete\/\" \/>\n<meta property=\"og:site_name\" content=\"Ebenezer Operation Exodus\" \/>\n<meta property=\"article:publisher\" content=\"https:\/\/www.facebook.com\/EbenezerInt\" \/>\n<meta property=\"article:modified_time\" content=\"2023-07-26T08:53:57+00:00\" \/>\n<meta property=\"og:image\" content=\"https:\/\/ebenezeroe.wpengine.com\/wp-content\/uploads\/2021\/05\/Untitled-design-34.png\" \/>\n<meta name=\"twitter:card\" content=\"summary_large_image\" \/>\n<meta name=\"twitter:label1\" content=\"Ber\u00e4knad l\u00e4stid\" \/>\n\t<meta name=\"twitter:data1\" content=\"4 minuter\" \/>\n<script type=\"application\/ld+json\" class=\"yoast-schema-graph\">{\"@context\":\"https:\\\/\\\/schema.org\",\"@graph\":[{\"@type\":\"WebPage\",\"@id\":\"https:\\\/\\\/ebenezer-oe.org\\\/sv\\\/om-oss\\\/vart-arbete\\\/\",\"url\":\"https:\\\/\\\/ebenezer-oe.org\\\/sv\\\/om-oss\\\/vart-arbete\\\/\",\"name\":\"V\u00e5rt Arbete - Ebenezer Operation Exodus\",\"isPartOf\":{\"@id\":\"https:\\\/\\\/ebenezer-oe.org\\\/#website\"},\"primaryImageOfPage\":{\"@id\":\"https:\\\/\\\/ebenezer-oe.org\\\/sv\\\/om-oss\\\/vart-arbete\\\/#primaryimage\"},\"image\":{\"@id\":\"https:\\\/\\\/ebenezer-oe.org\\\/sv\\\/om-oss\\\/vart-arbete\\\/#primaryimage\"},\"thumbnailUrl\":\"https:\\\/\\\/ebenezeroe.wpengine.com\\\/wp-content\\\/uploads\\\/2021\\\/05\\\/Untitled-design-34.png\",\"datePublished\":\"2022-02-09T16:53:28+00:00\",\"dateModified\":\"2023-07-26T08:53:57+00:00\",\"breadcrumb\":{\"@id\":\"https:\\\/\\\/ebenezer-oe.org\\\/sv\\\/om-oss\\\/vart-arbete\\\/#breadcrumb\"},\"inLanguage\":\"sv-SE\",\"potentialAction\":[{\"@type\":\"ReadAction\",\"target\":[\"https:\\\/\\\/ebenezer-oe.org\\\/sv\\\/om-oss\\\/vart-arbete\\\/\"]}]},{\"@type\":\"ImageObject\",\"inLanguage\":\"sv-SE\",\"@id\":\"https:\\\/\\\/ebenezer-oe.org\\\/sv\\\/om-oss\\\/vart-arbete\\\/#primaryimage\",\"url\":\"https:\\\/\\\/ebenezeroe.wpengine.com\\\/wp-content\\\/uploads\\\/2021\\\/05\\\/Untitled-design-34.png\",\"contentUrl\":\"https:\\\/\\\/ebenezeroe.wpengine.com\\\/wp-content\\\/uploads\\\/2021\\\/05\\\/Untitled-design-34.png\"},{\"@type\":\"BreadcrumbList\",\"@id\":\"https:\\\/\\\/ebenezer-oe.org\\\/sv\\\/om-oss\\\/vart-arbete\\\/#breadcrumb\",\"itemListElement\":[{\"@type\":\"ListItem\",\"position\":1,\"name\":\"Home\",\"item\":\"https:\\\/\\\/ebenezer-oe.org\\\/sv\\\/\"},{\"@type\":\"ListItem\",\"position\":2,\"name\":\"Om oss\",\"item\":\"https:\\\/\\\/ebenezer-oe.org\\\/sv\\\/om-oss\\\/\"},{\"@type\":\"ListItem\",\"position\":3,\"name\":\"V\u00e5rt Arbete\"}]},{\"@type\":\"WebSite\",\"@id\":\"https:\\\/\\\/ebenezer-oe.org\\\/#website\",\"url\":\"https:\\\/\\\/ebenezer-oe.org\\\/\",\"name\":\"Ebenezer - Operation Exodus\",\"description\":\"\",\"publisher\":{\"@id\":\"https:\\\/\\\/ebenezer-oe.org\\\/#organization\"},\"potentialAction\":[{\"@type\":\"SearchAction\",\"target\":{\"@type\":\"EntryPoint\",\"urlTemplate\":\"https:\\\/\\\/ebenezer-oe.org\\\/?s={search_term_string}\"},\"query-input\":{\"@type\":\"PropertyValueSpecification\",\"valueRequired\":true,\"valueName\":\"search_term_string\"}}],\"inLanguage\":\"sv-SE\"},{\"@type\":\"Organization\",\"@id\":\"https:\\\/\\\/ebenezer-oe.org\\\/#organization\",\"name\":\"Ebenezer - Operation Exodus\",\"url\":\"https:\\\/\\\/ebenezer-oe.org\\\/\",\"logo\":{\"@type\":\"ImageObject\",\"inLanguage\":\"sv-SE\",\"@id\":\"https:\\\/\\\/ebenezer-oe.org\\\/#\\\/schema\\\/logo\\\/image\\\/\",\"url\":\"https:\\\/\\\/ebenezeroe.wpengine.com\\\/wp-content\\\/uploads\\\/2020\\\/09\\\/Logo_EOE_EN_Colour-Horizontal.png\",\"contentUrl\":\"https:\\\/\\\/ebenezeroe.wpengine.com\\\/wp-content\\\/uploads\\\/2020\\\/09\\\/Logo_EOE_EN_Colour-Horizontal.png\",\"width\":1922,\"height\":928,\"caption\":\"Ebenezer - Operation Exodus\"},\"image\":{\"@id\":\"https:\\\/\\\/ebenezer-oe.org\\\/#\\\/schema\\\/logo\\\/image\\\/\"},\"sameAs\":[\"https:\\\/\\\/www.facebook.com\\\/EbenezerInt\",\"https:\\\/\\\/www.instagram.com\\\/ebenezer_oe_eng\\\/\",\"https:\\\/\\\/www.youtube.com\\\/channel\\\/UC6qGHrKKeamFVz95Vd8LR1g\"]}]}<\/script>\n<!-- \/ Yoast SEO plugin. -->","yoast_head_json":{"title":"V\u00e5rt Arbete - Ebenezer Operation Exodus","robots":{"index":"index","follow":"follow","max-snippet":"max-snippet:-1","max-image-preview":"max-image-preview:large","max-video-preview":"max-video-preview:-1"},"canonical":"https:\/\/ebenezer-oe.org\/sv\/om-oss\/vart-arbete\/","og_locale":"sv_SE","og_type":"article","og_title":"V\u00e5rt Arbete - Ebenezer Operation Exodus","og_description":"V\u00e5rt Arbete V\u00e5rt arbete inneb\u00e4r bland annat att hj\u00e4lpa s\u00e5 m\u00e5nga judar som m\u00f6jligt att emigrera till Israel. &nbsp; Vi ger ocks\u00e5 vid behov humanit\u00e4rt bist\u00e5nd samt ekonomisk och praktisk hj\u00e4lp i Aliyah-processen. I Israel hj\u00e4lper vi Olim som kan m\u00f6ta sv\u00e5righeter n\u00e4r de bos\u00e4tter sig i landet. I de l\u00e4nder som har judiska grupper&hellip;","og_url":"https:\/\/ebenezer-oe.org\/sv\/om-oss\/vart-arbete\/","og_site_name":"Ebenezer Operation Exodus","article_publisher":"https:\/\/www.facebook.com\/EbenezerInt","article_modified_time":"2023-07-26T08:53:57+00:00","og_image":[{"url":"https:\/\/ebenezeroe.wpengine.com\/wp-content\/uploads\/2021\/05\/Untitled-design-34.png","type":"","width":"","height":""}],"twitter_card":"summary_large_image","twitter_misc":{"Ber\u00e4knad l\u00e4stid":"4 minuter"},"schema":{"@context":"https:\/\/schema.org","@graph":[{"@type":"WebPage","@id":"https:\/\/ebenezer-oe.org\/sv\/om-oss\/vart-arbete\/","url":"https:\/\/ebenezer-oe.org\/sv\/om-oss\/vart-arbete\/","name":"V\u00e5rt Arbete - Ebenezer Operation Exodus","isPartOf":{"@id":"https:\/\/ebenezer-oe.org\/#website"},"primaryImageOfPage":{"@id":"https:\/\/ebenezer-oe.org\/sv\/om-oss\/vart-arbete\/#primaryimage"},"image":{"@id":"https:\/\/ebenezer-oe.org\/sv\/om-oss\/vart-arbete\/#primaryimage"},"thumbnailUrl":"https:\/\/ebenezeroe.wpengine.com\/wp-content\/uploads\/2021\/05\/Untitled-design-34.png","datePublished":"2022-02-09T16:53:28+00:00","dateModified":"2023-07-26T08:53:57+00:00","breadcrumb":{"@id":"https:\/\/ebenezer-oe.org\/sv\/om-oss\/vart-arbete\/#breadcrumb"},"inLanguage":"sv-SE","potentialAction":[{"@type":"ReadAction","target":["https:\/\/ebenezer-oe.org\/sv\/om-oss\/vart-arbete\/"]}]},{"@type":"ImageObject","inLanguage":"sv-SE","@id":"https:\/\/ebenezer-oe.org\/sv\/om-oss\/vart-arbete\/#primaryimage","url":"https:\/\/ebenezeroe.wpengine.com\/wp-content\/uploads\/2021\/05\/Untitled-design-34.png","contentUrl":"https:\/\/ebenezeroe.wpengine.com\/wp-content\/uploads\/2021\/05\/Untitled-design-34.png"},{"@type":"BreadcrumbList","@id":"https:\/\/ebenezer-oe.org\/sv\/om-oss\/vart-arbete\/#breadcrumb","itemListElement":[{"@type":"ListItem","position":1,"name":"Home","item":"https:\/\/ebenezer-oe.org\/sv\/"},{"@type":"ListItem","position":2,"name":"Om oss","item":"https:\/\/ebenezer-oe.org\/sv\/om-oss\/"},{"@type":"ListItem","position":3,"name":"V\u00e5rt Arbete"}]},{"@type":"WebSite","@id":"https:\/\/ebenezer-oe.org\/#website","url":"https:\/\/ebenezer-oe.org\/","name":"Ebenezer - Operation Exodus","description":"","publisher":{"@id":"https:\/\/ebenezer-oe.org\/#organization"},"potentialAction":[{"@type":"SearchAction","target":{"@type":"EntryPoint","urlTemplate":"https:\/\/ebenezer-oe.org\/?s={search_term_string}"},"query-input":{"@type":"PropertyValueSpecification","valueRequired":true,"valueName":"search_term_string"}}],"inLanguage":"sv-SE"},{"@type":"Organization","@id":"https:\/\/ebenezer-oe.org\/#organization","name":"Ebenezer - Operation Exodus","url":"https:\/\/ebenezer-oe.org\/","logo":{"@type":"ImageObject","inLanguage":"sv-SE","@id":"https:\/\/ebenezer-oe.org\/#\/schema\/logo\/image\/","url":"https:\/\/ebenezeroe.wpengine.com\/wp-content\/uploads\/2020\/09\/Logo_EOE_EN_Colour-Horizontal.png","contentUrl":"https:\/\/ebenezeroe.wpengine.com\/wp-content\/uploads\/2020\/09\/Logo_EOE_EN_Colour-Horizontal.png","width":1922,"height":928,"caption":"Ebenezer - Operation Exodus"},"image":{"@id":"https:\/\/ebenezer-oe.org\/#\/schema\/logo\/image\/"},"sameAs":["https:\/\/www.facebook.com\/EbenezerInt","https:\/\/www.instagram.com\/ebenezer_oe_eng\/","https:\/\/www.youtube.com\/channel\/UC6qGHrKKeamFVz95Vd8LR1g"]}]}},"_links":{"self":[{"href":"https:\/\/ebenezer-oe.org\/sv\/wp-json\/wp\/v2\/pages\/53863","targetHints":{"allow":["GET"]}}],"collection":[{"href":"https:\/\/ebenezer-oe.org\/sv\/wp-json\/wp\/v2\/pages"}],"about":[{"href":"https:\/\/ebenezer-oe.org\/sv\/wp-json\/wp\/v2\/types\/page"}],"author":[{"embeddable":true,"href":"https:\/\/ebenezer-oe.org\/sv\/wp-json\/wp\/v2\/users\/1"}],"replies":[{"embeddable":true,"href":"https:\/\/ebenezer-oe.org\/sv\/wp-json\/wp\/v2\/comments?post=53863"}],"version-history":[{"count":0,"href":"https:\/\/ebenezer-oe.org\/sv\/wp-json\/wp\/v2\/pages\/53863\/revisions"}],"up":[{"embeddable":true,"href":"https:\/\/ebenezer-oe.org\/sv\/wp-json\/wp\/v2\/pages\/43963"}],"wp:attachment":[{"href":"https:\/\/ebenezer-oe.org\/sv\/wp-json\/wp\/v2\/media?parent=53863"}],"curies":[{"name":"wp","href":"https:\/\/api.w.org\/{rel}","templated":true}]}}