{"id":53867,"date":"2022-02-09T17:24:49","date_gmt":"2022-02-09T17:24:49","guid":{"rendered":"https:\/\/ebenezer-oe.org\/hem\/"},"modified":"2025-12-09T12:16:39","modified_gmt":"2025-12-09T12:16:39","slug":"hem","status":"publish","type":"page","link":"https:\/\/ebenezer-oe.org\/sv\/","title":{"rendered":"Hem"},"content":{"rendered":"\n<h2>\n\t\t\tHj\u00e4lper Hans Folk Hem\t<\/h2>\n<h4>\n\t\t\tEn kristen organisation som hj\u00e4lper det judiska folket att \u00e5terv\u00e4nda till Israel.\t<\/h4>\n<h2>\n\t\t\tAliyah\t<\/h2>\n\t<p>V\u00e5rt arbete \u00e4r centrerat kring det hebreiska ordet &#8217;Aliyah&#8217;. Dess bokstavliga betydelse \u00e4r &#8217;att g\u00e5 upp&#8217;. Att resa till Jerusalem inneb\u00e4r &#8217;att g\u00e5 upp&#8217; mot bergen fr\u00e5n sl\u00e4ttlandet nedanf\u00f6r.<\/p>\n<p>Av den anledningen har det judiska folket antagit detta begrepp n\u00e4r de talar om att \u00e5terv\u00e4nda till Israel fr\u00e5n v\u00e4rldens fyra h\u00f6rn.<\/p>\n\t\t\t<a href=\"https:\/\/ebenezer-oe.org\/sv\/om-oss\/varfor-aliyah\/\" target=\"_self\">\n\t\t\t\t\t\t\tVarf\u00f6r \u00e4r Aliyah s\u00e5 viktigt?\n\t\t\t\t\t<\/a>\n<h2>\n\t\t\tI tider av krig\t<\/h2>\n\t<p>In times of war<\/p>\n\t<p>Nu \u00e4r det dags att st\u00e5 upp f\u00f6r Israel. Nu \u00e4r det dags att st\u00f6dja Israel och det judiska folket. Nu \u00e4r det dags att tr\u00f6sta och st\u00e4rka Israels folk och nu \u00e4r det dags att be f\u00f6r Israel.<\/p>\n\t\t\t<a href=\"https:\/\/ebenezer-oe.org\/sv\/israel-at-war\/\" target=\"_self\">\n\t\t\t\t\t\t\tL\u00e4s mer\n\t\t\t\t\t<\/a>\n<h2>\n\t\t\tVad Vi G\u00f6r \t<\/h2>\n\t<h3>Aliyah<\/h3><p>Bekr\u00e4fta och svara praktiskt p\u00e5 Guds \u00f6nskan att judarna ska \u00e5terv\u00e4nda till Hans land. <\/p>\n\t<h3>Prayer<\/h3><p>Ge dem som k\u00e4nner sig kallade att be f\u00f6r Aliyah uppdaterade b\u00f6nepunkter och koppla dem samman med andra som ber.<\/p>\n\t<h3>Undervisning<\/h3><p>Att f\u00f6rkunna Guds syften ang\u00e5ende det judiska folket. <\/p>\n\t\t\t<h3> 5 Mosebok 30:4<\/h3> <p><i>&#8217;\u00c4ven om dina f\u00f6rdrivna skulle vara vid himlens \u00e4nde kommer Herren din Gud att samla dig d\u00e4rifr\u00e5n och h\u00e4mta dig d\u00e4rifr\u00e5n.&#8217;<\/i><\/p>\t\t\n\t\t\t<h3> Jesaja 49:22<\/h3> <p><i>&#8217;Se, jag ska lyfta min hand till folken, resa mitt baner f\u00f6r hednafolken. D\u00e5 ska de komma med dina s\u00f6ner i sin famn och b\u00e4ra dina d\u00f6ttrar p\u00e5 sina axlar.&#8217;<\/i><\/p>\t\t\n\t\t\t<h3> Jesaja 62:1<\/h3> <p><i>&#8217;F\u00f6r Sions skull vill jag inte tiga, f\u00f6r Jerusalems skull vill jag inte unna mig n\u00e5gon ro f\u00f6rr\u00e4n dess r\u00e4ttf\u00e4rdighet g\u00e5r upp som solens sken och dess fr\u00e4lsning som ett brinnande bloss.&#8217;<\/i><\/p>\t\t\n\t\t\t<h3> Jesaja 62:6-7<\/h3> <p>&#8217;<i>P\u00e5 dina murar, Jerusalem, har jag st\u00e4llt v\u00e4ktare. Varken dag eller natt f\u00e5r de n\u00e5gonsin tysnta. Ni som ropar till Herren, unna er ingen ro, och ge honom ingen ro f\u00f6rr\u00e4n han uppr\u00e4ttar Jerusalem och g\u00f6r det till en lovs\u00e5ng p\u00e5 jorden.&#8217;<\/i><\/p>\t\t\n\t\t\t<h3> Romarbrevet 11:29<\/h3> <p><i>&#8217;f\u00f6r Gud \u00e5ngrar inte sina g\u00e5vor och sin kallelse.&#8217;<\/i><\/p>\t\t\n\t\t\t<h3> Amos 9:14-15<\/h3> <p><em>&#8221;&#8230;I will restore the captivity of My people Israel, and they will rebuild the ruined cities and live in them. They will also plant vineyards and drink their wine, and make gardens and eat their fruit. I will also plant them on their land, and they will not again be rooted out from their land which I have given them,&#8221; says the Lord your God.<\/em><\/p>\t\t\n\t<h2>\n\t\t\tVi \u00e4r aktiva \u00e4ven i ditt land.\t<\/h2>\n\t\t\t<a href=\"https:\/\/ebenezer-oe.org\/sv\/i-ditt-land\/\" target=\"_self\">\n\t\t\t\t\t\t\tL\u00e4s mer\n\t\t\t\t\t<\/a>\n\t<p>Vi har st\u00e5tt med judiska folket i mer \u00e4n tre decennier.<\/p>\n<h2>\n\t\t\tEtt v\u00e4rldsvitt n\u00e4tverk\t<\/h2>\n\t<p>Ebenezer Operation Exodus bildades under det f\u00f6rsta Gulfkriget n\u00e4r grundaren, Gustav Scheller, deltog i den internationella b\u00f6nekonferensen i Jerusalem 1991. Han trodde redan att Gud vilja var att det judiska folket skulle \u00e5terv\u00e4nda till sitt hemland f\u00f6r att uppfylla de ur\u00e5ldriga bibliska profetiorna. Nu, n\u00e4r de var under attack och konferensdelegaterna bad i ett skyddsrum, k\u00e4nde Gustav att Gud manade honom att b\u00f6rja g\u00f6ra n\u00e5got praktiskt f\u00f6r att hj\u00e4lpa till med att f\u00f6ra hem dem.<\/p>\n\t\t\t\t<img decoding=\"async\" data-src=\"https:\/\/ebenezeroe.wpengine.com\/wp-content\/uploads\/2021\/04\/Untitled-design-24-1024x527.png\" alt=\"Untitled design-24\" itemprop=\"image\" title=\"Untitled design-24\" onerror=\"this.style.display='none'\" src=\"data:image\/svg+xml;base64,PHN2ZyB3aWR0aD0iMSIgaGVpZ2h0PSIxIiB4bWxucz0iaHR0cDovL3d3dy53My5vcmcvMjAwMC9zdmciPjwvc3ZnPg==\" class=\"lazyload\" style=\"--smush-placeholder-width: 1024px; --smush-placeholder-aspect-ratio: 1024\/527;\" \/>\n\t<p>Herren anv\u00e4nde Gustavs f\u00f6rm\u00e5gor som aff\u00e4rsman och de som delade hans visions gener\u00f6sa g\u00e5vor till att sponsra tre Jewish Agency-flyg fr\u00e5n Budapest till Tel Aviv som f\u00f6rde 720 Olim till Israel. Detta var ett betydelsefullt tillf\u00e4lle. N\u00e4sta \u00e5r chartrade Gustav och hans team ett skepp f\u00f6r tre seglatser fr\u00e5n Odessa i Ukraina till Haifa. Det var f\u00f6rsta g\u00e5ngen en direkt sj\u00f6fartsv\u00e4g hade uppr\u00e4ttats mellan Ukraina och Israel och det f\u00f6ljdes av m\u00e5nga fler seglatser under m\u00e5nga \u00e5r.<\/p>\n\t<p>1995 inleddes flygningar fr\u00e5n Kazakhstan och 1999 firade verksamheten att 100 seglatser hade f\u00f6rt Olim fr\u00e5n forna Sovjetunionen hem till Israel. Ytterligare expansion gjorde att 100.000 Olim \u00e5terv\u00e4nde fram till 2006, d\u00e5 ett kontor \u00f6ppnades i Jerusalem f\u00f6r att hj\u00e4lpa dem att bos\u00e4tta sig i sitt nya hemland.<\/p>\n<p>2007 inr\u00e4ttades regionala r\u00e5dgivande organ i forna Sovjetunionen f\u00f6r att hj\u00e4lpa f\u00f6rsamlingar att f\u00f6rst\u00e5 det profetiska Ordet och hj\u00e4lpa det judiska folket.<\/p>\n<p>I slutet av 2010 hade vi hj\u00e4lpt \u00f6ver 130.000 Olim och 2016 firade verksamheten 25 \u00e5rs aktivitet och \u00f6ppnade kontor i Buenos Aires, New York och Paris.  <\/p>\n<p>2019 hade \u00f6ver 185.000 judar f\u00e5tt hj\u00e4lp att \u00e5terv\u00e4nda till Israel och m\u00e5nga av v\u00e5ra projekt hj\u00e4lpte beh\u00f6vande judiska grupper i forna Sovjetunionen med mat och annat humanit\u00e4rt bist\u00e5nd.<\/p>\n<h3>\n\t\t\tEbenezer Operation Exodus startade 1991 med bara tre personer.\t<\/h3>\n\t<p>Idag finn representanter i \u00f6ver 55 l\u00e4nder v\u00e4rlden \u00f6ver. Det ger inte bara praktisk och ekonomisk hj\u00e4lp till de som \u00f6nskar att emigrera till Israel, utan f\u00f6rkunnar ocks\u00e5 sanningen till Kyrkan v\u00e4rlden \u00f6ver om Guds profetiska syften g\u00e4llande det judiska folket.<\/p>\n<h2>\n\t\t\tGe till Ebenezers arbete\t<\/h2>\n\t\t\t<a href=\"https:\/\/ebenezer-oe.org\/sv\/donera\/\" target=\"_self\">\n\t\t\t\t\t\t\tGe en g\u00e5va\n\t\t\t\t\t<\/a>\n<h2>\n\t\t\tF\u00f6tt Ur B\u00f6n\t<\/h2>\n\t<p>\u00c4nda sedan Gud l\u00e4t denna verksamhet bli till vid den Internationella b\u00f6nekonferensen i Jerusalem 1991 har b\u00f6n varit verksamhetens hj\u00e4rta. Dr Kingsley Priddy p\u00e5 the Bible College i Wales skrev vid den tiden till v\u00e5r grundare Gustav Scheller; <em>&#8217;f\u00f6rb\u00f6n \u00e4r inte b\u00f6n, inte ens v\u00e4ldigt intensiv b\u00f6n. Vem som helst kan be, och be uppriktigt om n\u00e5got, och \u00e4nd\u00e5 inte vara \u00f6verl\u00e5ten till att vara o\u00e5terkalleligt ansvarig f\u00f6r att till varje pris se det g\u00e5 i fullbordan. Men det \u00e4r en f\u00f6rebedjare.&#8217;<\/em> Kingsley Priddy visste vad han talade om f\u00f6r p\u00e5 the Bible College i Wales bodde Rees Howells, en mycket v\u00e4lk\u00e4nd f\u00f6rebedjare som var m\u00e4ktigt anv\u00e4nd av Gud att be under en av de mest strategiska slagen i Andra v\u00e4rldskriget: Slaget om Britannien 1940.<\/p>\n<p>Personalen p\u00e5 Bible College of Wales f\u00f6rstod Guds profetiska syften med det judiska folket. Dr Priddy f\u00f6rvissade Gustav Scheller om att <em>&#8217;Gud den Helige Ande, finns med i &#8217;Operation Exodus&#8217;<\/em>p\u00e5 ett unikt s\u00e4tt. Det \u00e4r Hans egen f\u00f6rb\u00f6nstj\u00e4nst f\u00f6r att v\u00e4rldens judar ska \u00e5terv\u00e4nda till Israel. Det \u00e4r Han, som genom denna tj\u00e4nst intar en position i f\u00f6rb\u00f6nen som kommer att beh\u00e5lla segern tills den sista kvarlevan h\u00e4mtas tillbaka hem fr\u00e5n jordens fyra h\u00f6rn&#8230;&#8217;<\/p>\n\t\t\t<a href=\"https:\/\/ebenezer-oe.org\/sv\/kontakta-oss\/\" target=\"_self\">\n\t\t\t\t\t\t\tBli en b\u00f6nepartner\n\t\t\t\t\t<\/a>\n<h2>\n\t\t\tVill du g\u00f6ra Aliyah?\t<\/h2>\n\t\t\t<a href=\"https:\/\/ebeneze-oe.org\/making-aliyah\/\" target=\"_self\">\n\t\t\t\t\t\t\tL\u00e4s mer\n\t\t\t\t\t<\/a>\n\n","protected":false},"excerpt":{"rendered":"<p>Hj\u00e4lper Hans Folk Hem En kristen organisation som hj\u00e4lper det judiska folket att \u00e5terv\u00e4nda till Israel. Aliyah V\u00e5rt arbete \u00e4r centrerat kring det hebreiska ordet &#8217;Aliyah&#8217;. Dess bokstavliga betydelse \u00e4r &#8217;att g\u00e5 upp&#8217;. Att resa till Jerusalem inneb\u00e4r &#8217;att g\u00e5 upp&#8217; mot bergen fr\u00e5n sl\u00e4ttlandet nedanf\u00f6r. Av den anledningen har det judiska folket antagit detta&hellip;<\/p>\n","protected":false},"author":1,"featured_media":0,"parent":0,"menu_order":0,"comment_status":"closed","ping_status":"closed","template":"","meta":{"footnotes":""},"class_list":["post-53867","page","type-page","status-publish","hentry"],"yoast_head":"<!-- This site is optimized with the Yoast SEO plugin v27.2 - https:\/\/yoast.com\/product\/yoast-seo-wordpress\/ -->\n<title>Hem - Ebenezer Operation Exodus<\/title>\n<meta name=\"robots\" content=\"index, follow, max-snippet:-1, max-image-preview:large, max-video-preview:-1\" \/>\n<link rel=\"canonical\" href=\"https:\/\/ebenezer-oe.org\/sv\/\" \/>\n<meta property=\"og:locale\" content=\"sv_SE\" \/>\n<meta property=\"og:type\" content=\"article\" \/>\n<meta property=\"og:title\" content=\"Hem - Ebenezer Operation Exodus\" \/>\n<meta property=\"og:description\" content=\"Hj\u00e4lper Hans Folk Hem En kristen organisation som hj\u00e4lper det judiska folket att \u00e5terv\u00e4nda till Israel. Aliyah V\u00e5rt arbete \u00e4r centrerat kring det hebreiska ordet &#8217;Aliyah&#8217;. Dess bokstavliga betydelse \u00e4r &#8217;att g\u00e5 upp&#8217;. Att resa till Jerusalem inneb\u00e4r &#8217;att g\u00e5 upp&#8217; mot bergen fr\u00e5n sl\u00e4ttlandet nedanf\u00f6r. Av den anledningen har det judiska folket antagit detta&hellip;\" \/>\n<meta property=\"og:url\" content=\"https:\/\/ebenezer-oe.org\/sv\/\" \/>\n<meta property=\"og:site_name\" content=\"Ebenezer Operation Exodus\" \/>\n<meta property=\"article:publisher\" content=\"https:\/\/www.facebook.com\/EbenezerInt\" \/>\n<meta property=\"article:modified_time\" content=\"2025-12-09T12:16:39+00:00\" \/>\n<meta property=\"og:image\" content=\"https:\/\/ebenezeroe.wpengine.com\/wp-content\/uploads\/2021\/04\/Untitled-design-24-1024x527.png\" \/>\n<meta name=\"twitter:card\" content=\"summary_large_image\" \/>\n<meta name=\"twitter:label1\" content=\"Ber\u00e4knad l\u00e4stid\" \/>\n\t<meta name=\"twitter:data1\" content=\"6 minuter\" \/>\n<script type=\"application\/ld+json\" class=\"yoast-schema-graph\">{\"@context\":\"https:\/\/schema.org\",\"@graph\":[{\"@type\":\"WebPage\",\"@id\":\"https:\/\/ebenezer-oe.org\/sv\/\",\"url\":\"https:\/\/ebenezer-oe.org\/sv\/\",\"name\":\"Hem - Ebenezer Operation Exodus\",\"isPartOf\":{\"@id\":\"https:\/\/ebenezer-oe.org\/#website\"},\"primaryImageOfPage\":{\"@id\":\"https:\/\/ebenezer-oe.org\/sv\/#primaryimage\"},\"image\":{\"@id\":\"https:\/\/ebenezer-oe.org\/sv\/#primaryimage\"},\"thumbnailUrl\":\"https:\/\/ebenezeroe.wpengine.com\/wp-content\/uploads\/2021\/04\/Untitled-design-24-1024x527.png\",\"datePublished\":\"2022-02-09T17:24:49+00:00\",\"dateModified\":\"2025-12-09T12:16:39+00:00\",\"breadcrumb\":{\"@id\":\"https:\/\/ebenezer-oe.org\/sv\/#breadcrumb\"},\"inLanguage\":\"sv-SE\",\"potentialAction\":[{\"@type\":\"ReadAction\",\"target\":[\"https:\/\/ebenezer-oe.org\/sv\/\"]}]},{\"@type\":\"ImageObject\",\"inLanguage\":\"sv-SE\",\"@id\":\"https:\/\/ebenezer-oe.org\/sv\/#primaryimage\",\"url\":\"https:\/\/ebenezeroe.wpengine.com\/wp-content\/uploads\/2021\/04\/Untitled-design-24-1024x527.png\",\"contentUrl\":\"https:\/\/ebenezeroe.wpengine.com\/wp-content\/uploads\/2021\/04\/Untitled-design-24-1024x527.png\"},{\"@type\":\"BreadcrumbList\",\"@id\":\"https:\/\/ebenezer-oe.org\/sv\/#breadcrumb\",\"itemListElement\":[{\"@type\":\"ListItem\",\"position\":1,\"name\":\"Home\",\"item\":\"https:\/\/ebenezer-oe.org\/sv\/\"},{\"@type\":\"ListItem\",\"position\":2,\"name\":\"Hem\"}]},{\"@type\":\"WebSite\",\"@id\":\"https:\/\/ebenezer-oe.org\/#website\",\"url\":\"https:\/\/ebenezer-oe.org\/\",\"name\":\"Ebenezer - Operation Exodus\",\"description\":\"\",\"publisher\":{\"@id\":\"https:\/\/ebenezer-oe.org\/#organization\"},\"potentialAction\":[{\"@type\":\"SearchAction\",\"target\":{\"@type\":\"EntryPoint\",\"urlTemplate\":\"https:\/\/ebenezer-oe.org\/?s={search_term_string}\"},\"query-input\":{\"@type\":\"PropertyValueSpecification\",\"valueRequired\":true,\"valueName\":\"search_term_string\"}}],\"inLanguage\":\"sv-SE\"},{\"@type\":\"Organization\",\"@id\":\"https:\/\/ebenezer-oe.org\/#organization\",\"name\":\"Ebenezer - Operation Exodus\",\"url\":\"https:\/\/ebenezer-oe.org\/\",\"logo\":{\"@type\":\"ImageObject\",\"inLanguage\":\"sv-SE\",\"@id\":\"https:\/\/ebenezer-oe.org\/#\/schema\/logo\/image\/\",\"url\":\"https:\/\/ebenezeroe.wpengine.com\/wp-content\/uploads\/2020\/09\/Logo_EOE_EN_Colour-Horizontal.png\",\"contentUrl\":\"https:\/\/ebenezeroe.wpengine.com\/wp-content\/uploads\/2020\/09\/Logo_EOE_EN_Colour-Horizontal.png\",\"width\":1922,\"height\":928,\"caption\":\"Ebenezer - Operation Exodus\"},\"image\":{\"@id\":\"https:\/\/ebenezer-oe.org\/#\/schema\/logo\/image\/\"},\"sameAs\":[\"https:\/\/www.facebook.com\/EbenezerInt\",\"https:\/\/www.instagram.com\/ebenezer_oe_eng\/\",\"https:\/\/www.youtube.com\/channel\/UC6qGHrKKeamFVz95Vd8LR1g\"]}]}<\/script>\n<!-- \/ Yoast SEO plugin. -->","yoast_head_json":{"title":"Hem - Ebenezer Operation Exodus","robots":{"index":"index","follow":"follow","max-snippet":"max-snippet:-1","max-image-preview":"max-image-preview:large","max-video-preview":"max-video-preview:-1"},"canonical":"https:\/\/ebenezer-oe.org\/sv\/","og_locale":"sv_SE","og_type":"article","og_title":"Hem - Ebenezer Operation Exodus","og_description":"Hj\u00e4lper Hans Folk Hem En kristen organisation som hj\u00e4lper det judiska folket att \u00e5terv\u00e4nda till Israel. Aliyah V\u00e5rt arbete \u00e4r centrerat kring det hebreiska ordet &#8217;Aliyah&#8217;. Dess bokstavliga betydelse \u00e4r &#8217;att g\u00e5 upp&#8217;. Att resa till Jerusalem inneb\u00e4r &#8217;att g\u00e5 upp&#8217; mot bergen fr\u00e5n sl\u00e4ttlandet nedanf\u00f6r. Av den anledningen har det judiska folket antagit detta&hellip;","og_url":"https:\/\/ebenezer-oe.org\/sv\/","og_site_name":"Ebenezer Operation Exodus","article_publisher":"https:\/\/www.facebook.com\/EbenezerInt","article_modified_time":"2025-12-09T12:16:39+00:00","og_image":[{"url":"https:\/\/ebenezeroe.wpengine.com\/wp-content\/uploads\/2021\/04\/Untitled-design-24-1024x527.png","type":"","width":"","height":""}],"twitter_card":"summary_large_image","twitter_misc":{"Ber\u00e4knad l\u00e4stid":"6 minuter"},"schema":{"@context":"https:\/\/schema.org","@graph":[{"@type":"WebPage","@id":"https:\/\/ebenezer-oe.org\/sv\/","url":"https:\/\/ebenezer-oe.org\/sv\/","name":"Hem - Ebenezer Operation Exodus","isPartOf":{"@id":"https:\/\/ebenezer-oe.org\/#website"},"primaryImageOfPage":{"@id":"https:\/\/ebenezer-oe.org\/sv\/#primaryimage"},"image":{"@id":"https:\/\/ebenezer-oe.org\/sv\/#primaryimage"},"thumbnailUrl":"https:\/\/ebenezeroe.wpengine.com\/wp-content\/uploads\/2021\/04\/Untitled-design-24-1024x527.png","datePublished":"2022-02-09T17:24:49+00:00","dateModified":"2025-12-09T12:16:39+00:00","breadcrumb":{"@id":"https:\/\/ebenezer-oe.org\/sv\/#breadcrumb"},"inLanguage":"sv-SE","potentialAction":[{"@type":"ReadAction","target":["https:\/\/ebenezer-oe.org\/sv\/"]}]},{"@type":"ImageObject","inLanguage":"sv-SE","@id":"https:\/\/ebenezer-oe.org\/sv\/#primaryimage","url":"https:\/\/ebenezeroe.wpengine.com\/wp-content\/uploads\/2021\/04\/Untitled-design-24-1024x527.png","contentUrl":"https:\/\/ebenezeroe.wpengine.com\/wp-content\/uploads\/2021\/04\/Untitled-design-24-1024x527.png"},{"@type":"BreadcrumbList","@id":"https:\/\/ebenezer-oe.org\/sv\/#breadcrumb","itemListElement":[{"@type":"ListItem","position":1,"name":"Home","item":"https:\/\/ebenezer-oe.org\/sv\/"},{"@type":"ListItem","position":2,"name":"Hem"}]},{"@type":"WebSite","@id":"https:\/\/ebenezer-oe.org\/#website","url":"https:\/\/ebenezer-oe.org\/","name":"Ebenezer - Operation Exodus","description":"","publisher":{"@id":"https:\/\/ebenezer-oe.org\/#organization"},"potentialAction":[{"@type":"SearchAction","target":{"@type":"EntryPoint","urlTemplate":"https:\/\/ebenezer-oe.org\/?s={search_term_string}"},"query-input":{"@type":"PropertyValueSpecification","valueRequired":true,"valueName":"search_term_string"}}],"inLanguage":"sv-SE"},{"@type":"Organization","@id":"https:\/\/ebenezer-oe.org\/#organization","name":"Ebenezer - Operation Exodus","url":"https:\/\/ebenezer-oe.org\/","logo":{"@type":"ImageObject","inLanguage":"sv-SE","@id":"https:\/\/ebenezer-oe.org\/#\/schema\/logo\/image\/","url":"https:\/\/ebenezeroe.wpengine.com\/wp-content\/uploads\/2020\/09\/Logo_EOE_EN_Colour-Horizontal.png","contentUrl":"https:\/\/ebenezeroe.wpengine.com\/wp-content\/uploads\/2020\/09\/Logo_EOE_EN_Colour-Horizontal.png","width":1922,"height":928,"caption":"Ebenezer - Operation Exodus"},"image":{"@id":"https:\/\/ebenezer-oe.org\/#\/schema\/logo\/image\/"},"sameAs":["https:\/\/www.facebook.com\/EbenezerInt","https:\/\/www.instagram.com\/ebenezer_oe_eng\/","https:\/\/www.youtube.com\/channel\/UC6qGHrKKeamFVz95Vd8LR1g"]}]}},"_links":{"self":[{"href":"https:\/\/ebenezer-oe.org\/sv\/wp-json\/wp\/v2\/pages\/53867","targetHints":{"allow":["GET"]}}],"collection":[{"href":"https:\/\/ebenezer-oe.org\/sv\/wp-json\/wp\/v2\/pages"}],"about":[{"href":"https:\/\/ebenezer-oe.org\/sv\/wp-json\/wp\/v2\/types\/page"}],"author":[{"embeddable":true,"href":"https:\/\/ebenezer-oe.org\/sv\/wp-json\/wp\/v2\/users\/1"}],"replies":[{"embeddable":true,"href":"https:\/\/ebenezer-oe.org\/sv\/wp-json\/wp\/v2\/comments?post=53867"}],"version-history":[{"count":0,"href":"https:\/\/ebenezer-oe.org\/sv\/wp-json\/wp\/v2\/pages\/53867\/revisions"}],"wp:attachment":[{"href":"https:\/\/ebenezer-oe.org\/sv\/wp-json\/wp\/v2\/media?parent=53867"}],"curies":[{"name":"wp","href":"https:\/\/api.w.org\/{rel}","templated":true}]}}